{"id":34959,"date":"2025-07-01T02:14:27","date_gmt":"2025-07-01T10:14:27","guid":{"rendered":"https:\/\/tangooled.com\/?post_type=product&#038;p=34959"},"modified":"2026-02-02T22:22:22","modified_gmt":"2026-02-03T06:22:22","slug":"recessed-20x10mmmm-led-strip-lighting-channel","status":"publish","type":"product","link":"https:\/\/tangooled.com\/fr\/product\/recessed-20x10mmmm-led-strip-lighting-channel\/","title":{"rendered":"profil\u00e9 lumineux LED encastr\u00e9 20x10mmmm"},"content":{"rendered":"<div class=\"wp-block-group is-vertical is-layout-flex wp-container-core-group-is-layout-d255d7c4 wp-block-group-is-layout-flex\" style=\"padding-top:var(--wp--preset--spacing--80);padding-bottom:var(--wp--preset--spacing--80)\">\n<p>Ce canal de lumi\u00e8re LED encastr\u00e9 RP20A-S pr\u00e9sente une largeur int\u00e9rieure de 20,0 mm, ce qui en fait un excellent choix pour les bandes LED haute densit\u00e9, COB et RGBW. Avec une hauteur de 10,0 mm, ce canal \u00e0 profil bas permet une installation sans couture dans des rainures de profondeur correspondante dans les murs en pl\u00e2tre, les plafonds ou les meubles sur mesure. Son design encastr\u00e9 cr\u00e9e un aspect propre et sans cadre, parfait pour l'\u00e9clairage lin\u00e9aire architectural dans les cuisines, les pr\u00e9sentoirs de vente au d\u00e9tail et les bureaux. Ce profil est id\u00e9al pour toute bande LED de moins de 20 mm de large.<\/p>\n<\/div>\n\n\n\n<div class=\"wp-block-group has-background\" style=\"background-color:#f1f1f1;padding-top:var(--wp--preset--spacing--80);padding-bottom:var(--wp--preset--spacing--80)\"><div class=\"wp-block-group__inner-container is-layout-constrained wp-block-group-is-layout-constrained\">\n<div class=\"wp-block-group is-vertical is-layout-flex wp-container-core-group-is-layout-8cf370e7 wp-block-group-is-layout-flex\">\n<h2 class=\"wp-block-heading\" style=\"padding-top:var(--wp--preset--spacing--40);padding-bottom:var(--wp--preset--spacing--40);font-size:25px;font-style:normal;font-weight:600;text-transform:capitalize\">Pourquoi choisir notre canal LED encastr\u00e9 20x10mm ?<\/h2>\n\n\n\n<ul class=\"wp-block-list\">\n<li>Montage sans couture et affleurant : Con\u00e7u pour s'adapter \u00e0 des cloisons s\u00e8ches, du bois ou des meubles afin qu'il semble int\u00e9gr\u00e9 et propre.<\/li>\n\n\n\n<li>Lumi\u00e8re sans points : Le diffuseur en polycarbonate d\u00e9poli\/opale qui l'accompagne transforme les spots LED en une lueur douce.<\/li>\n\n\n\n<li>Dissipation de chaleur : L'aluminium aide votre bande LED \u00e0 durer plus longtemps en agissant comme un dissipateur thermique.<\/li>\n\n\n\n<li>Robuste et protecteur : Prot\u00e8ge votre bande LED de la poussi\u00e8re et de l'humidit\u00e9.<\/li>\n<\/ul>\n<\/div>\n<\/div><\/div>\n\n\n\n<div class=\"wp-block-group\" style=\"padding-top:var(--wp--preset--spacing--60);padding-bottom:var(--wp--preset--spacing--60)\"><div class=\"wp-block-group__inner-container is-layout-constrained wp-block-group-is-layout-constrained\">\n<div class=\"wp-block-media-text has-media-on-the-right is-stacked-on-mobile\" style=\"grid-template-columns:auto 40%\"><div class=\"wp-block-media-text__content\">\n<h2 class=\"wp-block-heading\" style=\"padding-top:var(--wp--preset--spacing--40);padding-bottom:var(--wp--preset--spacing--40);font-size:25px;font-style:normal;font-weight:600;text-transform:capitalize\">Comment utiliser le canal LED encastr\u00e9 20x10mm<\/h2>\n\n\n\n<ul class=\"wp-block-list\">\n<li>D\u00e9coupez une rainure dans une cloison s\u00e8che, du bois ou des meubles d'une largeur de 20 mm et d'une hauteur de 10 mm.<\/li>\n\n\n\n<li>Ins\u00e9rez la bande lumineuse LED dans le canal. Il fonctionne avec des fabricants bien connus, y compris Samsung et les puces Cree.<\/li>\n\n\n\n<li>Placez le diffuseur d\u00e9poli pour obtenir une lumi\u00e8re lisse et sans points.<\/li>\n\n\n\n<li>Utilisez des clips de montage ou de la colle pour le maintenir en place.<\/li>\n\n\n\n<li>Ajoutez des bouchons d'extr\u00e9mit\u00e9 pour obtenir des sorties de c\u00e2bles soign\u00e9es et un aspect fini.&nbsp;<\/li>\n<\/ul>\n<\/div><figure class=\"wp-block-media-text__media\"><img loading=\"lazy\" decoding=\"async\" width=\"500\" height=\"500\" src=\"https:\/\/tangooled.com\/wp-content\/uploads\/2025\/07\/rp20a-ins.webp\" alt=\"profil\u00e9 lumineux LED encastr\u00e9 20x10mmmm\" class=\"wp-image-41756 size-full\" srcset=\"https:\/\/tangooled.com\/wp-content\/uploads\/2025\/07\/rp20a-ins.webp 500w, https:\/\/tangooled.com\/wp-content\/uploads\/2025\/07\/rp20a-ins-300x300.webp 300w, https:\/\/tangooled.com\/wp-content\/uploads\/2025\/07\/rp20a-ins-150x150.webp 150w\" sizes=\"auto, (max-width: 500px) 100vw, 500px\" \/><\/figure><\/div>\n<\/div><\/div>\n\n\n\n<div class=\"wp-block-group has-background\" style=\"background-color:#f1f1f1f2;padding-top:var(--wp--preset--spacing--80);padding-bottom:var(--wp--preset--spacing--80)\"><div class=\"wp-block-group__inner-container is-layout-constrained wp-block-group-is-layout-constrained\">\n<h2 class=\"wp-block-heading\" style=\"font-size:25px;font-style:normal;font-weight:600;text-transform:capitalize\">What&#8217;s in the kit?<\/h2>\n\n\n\n<ul class=\"wp-block-list\">\n<li>1x Profil\u00e9 en aluminium RP20A anodis\u00e9 encastr\u00e9 (longueur \u00e0 sp\u00e9cifier)<\/li>\n\n\n\n<li>1x Diffuseur en PC d\u00e9poli<\/li>\n\n\n\n<li>2x Bouchons d'extr\u00e9mit\u00e9<\/li>\n\n\n\n<li>2x Clips de montage<\/li>\n<\/ul>\n<\/div><\/div>\n\n\n\n<div class=\"wp-block-group\" style=\"padding-top:var(--wp--preset--spacing--80);padding-bottom:var(--wp--preset--spacing--80)\"><div class=\"wp-block-group__inner-container is-layout-constrained wp-block-group-is-layout-constrained\">\n<h2 class=\"wp-block-heading\" style=\"padding-top:var(--wp--preset--spacing--40);padding-bottom:var(--wp--preset--spacing--40);font-size:25px;font-style:normal;font-weight:600;text-transform:capitalize\">Le guide d'installation simple fonctionne pour diverses applications<\/h2>\n\n\n\n<ul class=\"wp-block-list\">\n<li>\u00c9clairage sous les armoires dans les cuisines ou les placards.<\/li>\n\n\n\n<li>\u00c9clairage architectural encastr\u00e9 dans les murs ou les plafonds.<\/li>\n\n\n\n<li>Ajout de meubles comme des \u00e9tag\u00e8res ou des placards.<\/li>\n\n\n\n<li>\u00c9clairage pour \u00e9tag\u00e8res de pr\u00e9sentation au d\u00e9tail.<\/li>\n<\/ul>\n<\/div><\/div>\n\n\n\n<div class=\"wp-block-group has-background is-vertical is-layout-flex wp-container-core-group-is-layout-b429018a wp-block-group-is-layout-flex\" style=\"background-color:#f1f1f1f2;padding-top:var(--wp--preset--spacing--70);padding-bottom:var(--wp--preset--spacing--70)\">\n<h2 class=\"wp-block-heading\" style=\"font-size:25px;font-style:normal;font-weight:600;text-transform:capitalize\">Explorez d'autres produits connexes pour compl\u00e9ter votre projet :<\/h2>\n\n\n\n<ul class=\"wp-block-list\">\n<li><a href=\"https:\/\/tangooled.com\/fr\/product\/black-led-profile-with-black-diffuser-for-10mm-led-strip-light\/\"><mark style=\"background-color:rgba(0, 0, 0, 0)\" class=\"has-inline-color has-vivid-red-color\">Profil LED noir avec diffuseur noir pour bande LED de 10 mm<\/mark><\/a><\/li>\n\n\n\n<li><a href=\"https:\/\/tangooled.com\/fr\/product\/surface-mount-led-profile-with-frosted-diffuser-for-10mm-rope-lights\/\"><mark style=\"background-color:rgba(0, 0, 0, 0)\" class=\"has-inline-color has-vivid-red-color\">Profil LED \u00e0 montage en surface avec diffuseur d\u00e9poli pour bandes de 10 mm<\/mark><\/a><\/li>\n\n\n\n<li><a href=\"https:\/\/tangooled.com\/fr\/product\/aluminum-led-strip-extrusion-diffuser-channel-for-5050-double-row-led-strip\/\"><mark style=\"background-color:rgba(0, 0, 0, 0)\" class=\"has-inline-color has-vivid-red-color\">Profil de diffuseur en aluminium pour bande LED 5050 \u00e0 double rang\u00e9e<\/mark><\/a><\/li>\n\n\n\n<li><a href=\"https:\/\/tangooled.com\/fr\/product\/recessed-led-aluminum-profile-up-and-down-lighting-channel-for-cabinet\/\"><mark style=\"background-color:rgba(0, 0, 0, 0)\" class=\"has-inline-color has-vivid-red-color\">Profil en aluminium LED encastr\u00e9 pour \u00e9clairage sup\u00e9rieur et inf\u00e9rieur pour meuble<\/mark><\/a><\/li>\n<\/ul>\n<\/div>\n\n\n\n<p><\/p>","protected":false},"featured_media":14342,"template":"","meta":{"_acf_changed":true,"_seopress_robots_primary_cat":"none","_seopress_titles_title":"20x10mm Recessed LED Channel Aluminum Profile | TANGOOLED","_seopress_titles_desc":"Upgrade your lighting with the 20x10mm recessed LED channel. This aluminum profile is designed for high-visibility linear lighting in ceilings and walls, offering easy installation and professional heat dissipation.","_seopress_robots_index":""},"pcb-width":[229],"product-cat":[193],"class_list":{"0":"post-34959","1":"product","2":"type-product","3":"status-publish","4":"has-post-thumbnail","6":"pcb-width-15-20mm","7":"product-cat-recessed-profile"},"acf":[],"_links":{"self":[{"href":"https:\/\/tangooled.com\/fr\/wp-json\/wp\/v2\/product\/34959","targetHints":{"allow":["GET"]}}],"collection":[{"href":"https:\/\/tangooled.com\/fr\/wp-json\/wp\/v2\/product"}],"about":[{"href":"https:\/\/tangooled.com\/fr\/wp-json\/wp\/v2\/types\/product"}],"wp:featuredmedia":[{"embeddable":true,"href":"https:\/\/tangooled.com\/fr\/wp-json\/wp\/v2\/media\/14342"}],"wp:attachment":[{"href":"https:\/\/tangooled.com\/fr\/wp-json\/wp\/v2\/media?parent=34959"}],"wp:term":[{"taxonomy":"pcb-width","embeddable":true,"href":"https:\/\/tangooled.com\/fr\/wp-json\/wp\/v2\/pcb-width?post=34959"},{"taxonomy":"product-cat","embeddable":true,"href":"https:\/\/tangooled.com\/fr\/wp-json\/wp\/v2\/product-cat?post=34959"}],"curies":[{"name":"wp","href":"https:\/\/api.w.org\/{rel}","templated":true}]}}