{"id":34957,"date":"2025-07-01T02:12:26","date_gmt":"2025-07-01T10:12:26","guid":{"rendered":"https:\/\/tangooled.com\/?post_type=product&#038;p=34957"},"modified":"2026-01-31T00:58:48","modified_gmt":"2026-01-31T08:58:48","slug":"recessed-17mm-led-profile-aluminum-channel-for-12mm-led-strips","status":"publish","type":"product","link":"https:\/\/tangooled.com\/fr\/product\/recessed-17mm-led-profile-aluminum-channel-for-12mm-led-strips\/","title":{"rendered":"canal en aluminium LED encastr\u00e9 de 17 mm pour bandes LED de 12 mm"},"content":{"rendered":"<div class=\"wp-block-group is-vertical is-layout-flex wp-container-core-group-is-layout-d255d7c4 wp-block-group-is-layout-flex\" style=\"padding-top:var(--wp--preset--spacing--80);padding-bottom:var(--wp--preset--spacing--80)\">\n<p>Our 17mm recessed LED profile is made for LED strips that are up to 12mm wide. It\u2019s great for hiding strip lights within walls, ceilings, or furniture without any seams. This recessed aluminum channel has an outer width of 25.2mm and an overall height of 23.2mm, with an internal width of 14.6mm.<br>Le canal est fabriqu\u00e9 en alliage d'aluminium extrud\u00e9 6063-T5 de haute qualit\u00e9 pour une excellente dissipation de la chaleur, prolongeant la dur\u00e9e de vie et la luminosit\u00e9 des LED. Le couvercle diffuseur opale inclus, en mat\u00e9riau PC (polycarbonate), assure une diffusion de lumi\u00e8re uniforme sans points. Les capuchons de finition et les clips de montage sont inclus dans le syst\u00e8me complet, facilitant l'installation et offrant un rendu \u00e0 ras.<\/p>\n<\/div>\n\n\n\n<div class=\"wp-block-group has-background is-vertical is-layout-flex wp-container-core-group-is-layout-d255d7c4 wp-block-group-is-layout-flex\" style=\"background-color:#f1f1f1;padding-top:var(--wp--preset--spacing--80);padding-bottom:var(--wp--preset--spacing--80)\">\n<div class=\"wp-block-group is-vertical is-layout-flex wp-container-core-group-is-layout-8cf370e7 wp-block-group-is-layout-flex\">\n<h2 class=\"wp-block-heading\" style=\"padding-top:var(--wp--preset--spacing--40);padding-bottom:var(--wp--preset--spacing--40);font-size:25px;font-style:normal;font-weight:600;text-transform:capitalize\">Pourquoi choisir notre profil LED encastr\u00e9 de 17 mm ?<\/h2>\n\n\n\n<ul class=\"wp-block-list\">\n<li>Design encastr\u00e9 sans couture : Le canal s'adapte parfaitement dans le placopl\u00e2tre, le bois ou le pl\u00e2tre pour un look propre.<\/li>\n\n\n\n<li>Compatible avec la plupart des bandes LED populaires et convient bien aux bandes LED de 12 mm.<\/li>\n\n\n\n<li>Dissipateur thermique en aluminium robuste : Maintient les LED au frais et prolongent leur dur\u00e9e de vie.<\/li>\n\n\n\n<li>Opal\/polycarbonate diffuser: Makes the light softer so it doesn&#8217;t have any dots.<\/li>\n\n\n\n<li>Facile \u00e0 assembler : Il est fourni avec des clips \u00e0 ressort, deux capuchons de finition et un couvercle qui s'enclenche.<\/li>\n\n\n\n<li>Plusieurs finitions : Vous pouvez choisir parmi de l'aluminium anodis\u00e9 argent\u00e9, noir mat ou blanc mat pour s'adapter \u00e0 votre d\u00e9cor.<\/li>\n<\/ul>\n<\/div>\n<\/div>\n\n\n\n<div class=\"wp-block-group\" style=\"padding-top:var(--wp--preset--spacing--60);padding-bottom:var(--wp--preset--spacing--60)\"><div class=\"wp-block-group__inner-container is-layout-constrained wp-block-group-is-layout-constrained\">\n<div class=\"wp-block-media-text has-media-on-the-right is-stacked-on-mobile\"><div class=\"wp-block-media-text__content\">\n<h2 class=\"wp-block-heading\" style=\"padding-top:var(--wp--preset--spacing--40);padding-bottom:var(--wp--preset--spacing--40);font-size:25px;text-transform:capitalize\">\u00c9tapes d'installation simples<\/h2>\n\n\n\n<ul class=\"wp-block-list\">\n<li>D\u00e9coupez une rainure dans le placopl\u00e2tre, le bois, le MDF ou le pl\u00e2tre \u00e0 l'endroit o\u00f9 vous souhaitez installer la lumi\u00e8re.<\/li>\n\n\n\n<li>Utilisez de la colle ou des clips \u00e0 ressort pour maintenir le canal \u00e0 ras dans la rainure.<\/li>\n\n\n\n<li>Placez votre bande LED de 12 mm \u00e0 l'int\u00e9rieur du canal.<\/li>\n\n\n\n<li>Placer le couvercle diffuseur sur le dessus et fixer les capuchons de finition pour terminer.<\/li>\n<\/ul>\n<\/div><figure class=\"wp-block-media-text__media\"><img loading=\"lazy\" decoding=\"async\" width=\"500\" height=\"500\" src=\"https:\/\/tangooled.com\/wp-content\/uploads\/2025\/07\/rp17-ins.webp\" alt=\"canal en aluminium LED encastr\u00e9 de 17 mm pour bandes LED de 12 mm\" class=\"wp-image-41679 size-full\" srcset=\"https:\/\/tangooled.com\/wp-content\/uploads\/2025\/07\/rp17-ins.webp 500w, https:\/\/tangooled.com\/wp-content\/uploads\/2025\/07\/rp17-ins-300x300.webp 300w, https:\/\/tangooled.com\/wp-content\/uploads\/2025\/07\/rp17-ins-150x150.webp 150w\" sizes=\"auto, (max-width: 500px) 100vw, 500px\" \/><\/figure><\/div>\n<\/div><\/div>\n\n\n\n<div class=\"wp-block-group has-background is-vertical is-layout-flex wp-container-core-group-is-layout-d255d7c4 wp-block-group-is-layout-flex\" style=\"background-color:#f1f1f1;padding-top:var(--wp--preset--spacing--80);padding-bottom:var(--wp--preset--spacing--80)\">\n<h2 class=\"wp-block-heading\" style=\"padding-top:var(--wp--preset--spacing--40);padding-bottom:var(--wp--preset--spacing--40);font-size:25px;font-style:normal;font-weight:600;text-transform:capitalize\">What\u2019s Inside the Box?<\/h2>\n\n\n\n<ul class=\"wp-block-list\">\n<li>1x canal en aluminium LED encastr\u00e9 de 17 mm de large<\/li>\n\n\n\n<li>1x couvercle diffuseur opale \u00e0 clipser<\/li>\n\n\n\n<li>2x clips \u00e0 ressort pour assurer un ajustement serr\u00e9<\/li>\n\n\n\n<li>2x capuchons de finition (1 solide, 1 avec trou pour le fil)<\/li>\n<\/ul>\n<\/div>\n\n\n\n<div class=\"wp-block-group\" style=\"padding-top:var(--wp--preset--spacing--80);padding-bottom:var(--wp--preset--spacing--80)\"><div class=\"wp-block-group__inner-container is-layout-constrained wp-block-group-is-layout-constrained\">\n<h2 class=\"wp-block-heading\" style=\"padding-top:var(--wp--preset--spacing--40);padding-bottom:var(--wp--preset--spacing--40);font-size:25px;font-style:normal;font-weight:600;text-transform:capitalize\">Excellentes utilisations de notre profil LED encastr\u00e9 de 17 mm<\/h2>\n\n\n\n<ul class=\"wp-block-list\">\n<li>\u00c9clairage sous les meubles : utilisez une lumi\u00e8re lisse et directe pour \u00e9clairer les plans de travail.<\/li>\n\n\n\n<li>Accents sur les murs et plafonds : Pour un effet moderne, cachez les lumi\u00e8res dans des rainures.<\/li>\n\n\n\n<li>\u00c9clairage pour les meubles : les \u00e9tag\u00e8res, les armoires et les placards b\u00e9n\u00e9ficient de lumi\u00e8res int\u00e9gr\u00e9es attractives.<\/li>\n\n\n\n<li>Vitrines et pr\u00e9sentations commerciales : mettez en valeur les produits de mani\u00e8re professionnelle.<\/li>\n<\/ul>\n<\/div><\/div>\n\n\n\n<div class=\"wp-block-group has-background is-vertical is-layout-flex wp-container-core-group-is-layout-b429018a wp-block-group-is-layout-flex\" style=\"background-color:#f1f1f1f2;padding-top:var(--wp--preset--spacing--70);padding-bottom:var(--wp--preset--spacing--70)\">\n<h2 class=\"wp-block-heading\" style=\"padding-top:var(--wp--preset--spacing--40);padding-bottom:var(--wp--preset--spacing--40);font-size:25px;font-style:normal;font-weight:600;text-transform:capitalize\">Consultez nos produits connexes<\/h2>\n\n\n\n<ul class=\"wp-block-list\">\n<li>Besoin d'un diffuseur noir ? Voir notre <a href=\"https:\/\/tangooled.com\/fr\/product\/black-led-diffuser-aluminum-channel-for-12mm-tape-lights\/\"><mark style=\"background-color:rgba(0, 0, 0, 0)\" class=\"has-inline-color has-vivid-red-color\">canal en aluminium diffuseur LED noir pour lumi\u00e8res \u00e0 bande de 12 mm<\/mark><\/a>. <\/li>\n\n\n\n<li>Pour le montage d'angle avec des bandes de 12 mm, visitez <a href=\"https:\/\/tangooled.com\/fr\/product\/18x18mm-led-strip-corner-profile-for-12mm-led-strips\/\"><mark style=\"background-color:rgba(0, 0, 0, 0)\" class=\"has-inline-color has-vivid-red-color\">Profil d\u2019angle 18x18 mm pour bandes LED de 12 mm<\/mark><\/a>.<\/li>\n\n\n\n<li>Explorer <a href=\"https:\/\/tangooled.com\/fr\/product\/black-aluminum-u-channel-profile-for-10mm-led-strips\/\"><mark style=\"background-color:rgba(0, 0, 0, 0)\" class=\"has-inline-color has-vivid-red-color\">profil en U en aluminium noir pour bandes LED de 10 mm<\/mark><\/a> pour des besoins d'\u00e9clairage ultra-plat.<\/li>\n<\/ul>\n<\/div>\n\n\n\n<p><\/p>","protected":false},"featured_media":14348,"template":"","meta":{"_acf_changed":false,"_seopress_robots_primary_cat":"none","_seopress_titles_title":"17mm Recessed LED Channel | Fits 12mm Wide LED Strips | TANGOOLED","_seopress_titles_desc":"The RP17 is a 17mm recessed LED profile specifically designed to accommodate 12mm wide LED strips. Featuring a flanged edge to hide cutouts, it\u2019s the ideal solution for high-power linear lighting.","_seopress_robots_index":""},"pcb-width":[229],"product-cat":[193],"class_list":{"0":"post-34957","1":"product","2":"type-product","3":"status-publish","4":"has-post-thumbnail","6":"pcb-width-15-20mm","7":"product-cat-recessed-profile"},"acf":[],"_links":{"self":[{"href":"https:\/\/tangooled.com\/fr\/wp-json\/wp\/v2\/product\/34957","targetHints":{"allow":["GET"]}}],"collection":[{"href":"https:\/\/tangooled.com\/fr\/wp-json\/wp\/v2\/product"}],"about":[{"href":"https:\/\/tangooled.com\/fr\/wp-json\/wp\/v2\/types\/product"}],"wp:featuredmedia":[{"embeddable":true,"href":"https:\/\/tangooled.com\/fr\/wp-json\/wp\/v2\/media\/14348"}],"wp:attachment":[{"href":"https:\/\/tangooled.com\/fr\/wp-json\/wp\/v2\/media?parent=34957"}],"wp:term":[{"taxonomy":"pcb-width","embeddable":true,"href":"https:\/\/tangooled.com\/fr\/wp-json\/wp\/v2\/pcb-width?post=34957"},{"taxonomy":"product-cat","embeddable":true,"href":"https:\/\/tangooled.com\/fr\/wp-json\/wp\/v2\/product-cat?post=34957"}],"curies":[{"name":"wp","href":"https:\/\/api.w.org\/{rel}","templated":true}]}}