{"id":34955,"date":"2025-07-01T02:09:53","date_gmt":"2025-07-01T10:09:53","guid":{"rendered":"https:\/\/tangooled.com\/?post_type=product&#038;p=34955"},"modified":"2026-01-25T18:33:21","modified_gmt":"2026-01-26T02:33:21","slug":"vertical-flange-recessed-led-channel-11mm-inner","status":"publish","type":"product","link":"https:\/\/tangooled.com\/fr\/product\/vertical-flange-recessed-led-channel-11mm-inner\/","title":{"rendered":"Profil\u00e9 LED encastr\u00e9 \u00e0 flanc vertical de 11 mm de largeur int\u00e9rieure"},"content":{"rendered":"<div class=\"wp-block-group\" style=\"padding-top:var(--wp--preset--spacing--80);padding-bottom:var(--wp--preset--spacing--80)\"><div class=\"wp-block-group__inner-container is-layout-constrained wp-block-group-is-layout-constrained\">\n<p>Ce profil\u00e9 LED encastr\u00e9 \u00e0 flanc vertical est fabriqu\u00e9 en aluminium anodis\u00e9 et a des dimensions exactes de 13 mm de largeur visible et 18 mm de hauteur, ce qui en fait un choix id\u00e9al pour l'\u00e9clairage \u00e0 bande LED. Le profil est livr\u00e9 avec un diffuseur opale qui s'ajuste parfaitement sur le dessus du profil\u00e9. Les capuchons de fin sont \u00e9galement inclus dans chaque ensemble pour lui donner un aspect soign\u00e9.<\/p>\n\n\n\n<p>The anodized aluminum channel is a superb heat drain, which is vital for keeping the LED&#8217;s brightness stable and extending its lifespan. The channel eliminates harsh LED dots when used with the opal diffuser, giving any room attractive, soft, and dot-free linear light.<\/p>\n<\/div><\/div>\n\n\n\n<div class=\"wp-block-group has-background\" style=\"background-color:#f1f1f1;padding-top:var(--wp--preset--spacing--80);padding-bottom:var(--wp--preset--spacing--80)\"><div class=\"wp-block-group__inner-container is-layout-constrained wp-block-group-is-layout-constrained\">\n<div class=\"wp-block-group is-vertical is-layout-flex wp-container-core-group-is-layout-8cf370e7 wp-block-group-is-layout-flex\">\n<h2 class=\"wp-block-heading\" style=\"padding-top:var(--wp--preset--spacing--40);padding-bottom:var(--wp--preset--spacing--40);font-size:25px;font-style:normal;font-weight:600;text-transform:capitalize\">Pourquoi choisir notre profil\u00e9 LED encastr\u00e9 \u00e0 flanc vertical ?<\/h2>\n\n\n\n<ul class=\"wp-block-list\">\n<li>La largeur int\u00e9rieure de 11 mm rend le profil adapt\u00e9 aux bandes LED de 8 mm et 10 mm.<\/li>\n\n\n\n<li>Fabriqu\u00e9 en aluminium anodis\u00e9 6063-T5 pour sa durabilit\u00e9 et une excellente dissipation thermique.<\/li>\n\n\n\n<li>Livr\u00e9 avec un couvercle diffuseur opale \u00e0 embo\u00eetement qui produit une lumi\u00e8re sans spots.<\/li>\n\n\n\n<li>Dispose d'un flanc vertical pour une installation int\u00e9gr\u00e9e, garantissant une finition lisse et discr\u00e8te.<\/li>\n<\/ul>\n<\/div>\n<\/div><\/div>\n\n\n\n<div class=\"wp-block-group\" style=\"padding-top:var(--wp--preset--spacing--60);padding-bottom:var(--wp--preset--spacing--60)\"><div class=\"wp-block-group__inner-container is-layout-constrained wp-block-group-is-layout-constrained\">\n<div class=\"wp-block-media-text has-media-on-the-right is-stacked-on-mobile\" style=\"grid-template-columns:auto 40%\"><div class=\"wp-block-media-text__content\">\n<h2 class=\"wp-block-heading\" style=\"padding-top:var(--wp--preset--spacing--40);padding-bottom:var(--wp--preset--spacing--40);font-size:25px;font-style:normal;font-weight:600;text-transform:capitalize\">Comment utiliser le profil\u00e9 LED encastr\u00e9 avec flanc vertical<\/h2>\n\n\n\n<ul class=\"wp-block-list\">\n<li>D\u00e9coupez soigneusement une rainure dans la surface (plafond, mur ou meuble) qui soit de la bonne taille pour le profil\u00e9 encastr\u00e9.<\/li>\n\n\n\n<li>Utilisez de la colle ou du ruban adh\u00e9sif pour fixer fermement le profil\u00e9 en aluminium \u00e0 la rainure d\u00e9coup\u00e9e.<\/li>\n\n\n\n<li>Retirez l'arri\u00e8re et placez la bande LED en toute s\u00e9curit\u00e9 dans le profil\u00e9. Ensuite, connectez les fils \u00e0 l'alimentation.<\/li>\n\n\n\n<li>Placez les capuchons de fin aux deux extr\u00e9mit\u00e9s du profil\u00e9 et passez les fils d'alimentation \u00e0 travers le capuchon de fin avec un trou.<\/li>\n\n\n\n<li>Pour prot\u00e9ger la bande LED et terminer le look propre et sans points, enclenchez le diffuseur dans le profil\u00e9.<\/li>\n<\/ul>\n<\/div><figure class=\"wp-block-media-text__media\"><img loading=\"lazy\" decoding=\"async\" width=\"500\" height=\"500\" src=\"https:\/\/tangooled.com\/wp-content\/uploads\/2025\/07\/rp1318-ins.webp\" alt=\"recessed led channel profile with vertical flange\u00a0inner width 11mm\" class=\"wp-image-41675 size-full\" srcset=\"https:\/\/tangooled.com\/wp-content\/uploads\/2025\/07\/rp1318-ins.webp 500w, https:\/\/tangooled.com\/wp-content\/uploads\/2025\/07\/rp1318-ins-300x300.webp 300w, https:\/\/tangooled.com\/wp-content\/uploads\/2025\/07\/rp1318-ins-150x150.webp 150w\" sizes=\"auto, (max-width: 500px) 100vw, 500px\" \/><\/figure><\/div>\n<\/div><\/div>\n\n\n\n<div class=\"wp-block-group has-background\" style=\"background-color:#f1f1f1f2;padding-top:var(--wp--preset--spacing--80);padding-bottom:var(--wp--preset--spacing--80)\"><div class=\"wp-block-group__inner-container is-layout-constrained wp-block-group-is-layout-constrained\">\n<h2 class=\"wp-block-heading\" style=\"padding-top:var(--wp--preset--spacing--40);padding-bottom:var(--wp--preset--spacing--40);font-size:25px;font-style:normal;font-weight:600;text-transform:capitalize\">What&#8217;s in the kit?<\/h2>\n\n\n\n<ul class=\"wp-block-list\">\n<li>1x Profil\u00e9 en aluminium anodis\u00e9<\/li>\n\n\n\n<li>1x Couvercle diffuseur opale<\/li>\n\n\n\n<li>Capuchons de fin (un avec trou, un sans trou)<\/li>\n<\/ul>\n<\/div><\/div>\n\n\n\n<div class=\"wp-block-group\" style=\"padding-top:var(--wp--preset--spacing--80);padding-bottom:var(--wp--preset--spacing--80)\"><div class=\"wp-block-group__inner-container is-layout-constrained wp-block-group-is-layout-constrained\">\n<h2 class=\"wp-block-heading\" style=\"padding-top:var(--wp--preset--spacing--40);padding-bottom:var(--wp--preset--spacing--40);font-size:25px;font-style:normal;font-weight:600;text-transform:capitalize\">Produits connexes qui pourraient vous int\u00e9resser<\/h2>\n\n\n\n<ul class=\"wp-block-list\">\n<li>Pour un profil\u00e9 LED noir \u00e9l\u00e9gant avec diffuseur noir pour bande LED de 10 mm, consultez ceci : <a href=\"https:\/\/tangooled.com\/fr\/product\/black-led-profile-with-black-diffuser-for-10mm-led-strip-light\/\"><mark style=\"background-color:rgba(0, 0, 0, 0)\" class=\"has-inline-color has-vivid-red-color\">Profil LED noir avec diffuseur noir<\/mark><\/a><\/li>\n\n\n\n<li>Besoin d'une option \u00e0 profil bas ? Essayez ceci <a href=\"https:\/\/tangooled.com\/fr\/product\/25x6mm-low-profile-led-strip-channel-for-10mm-led-strip-light\/\"><mark style=\"background-color:rgba(0, 0, 0, 0)\" class=\"has-inline-color has-vivid-red-color\">Ch\u00e2ssis de bande LED \u00e0 profil bas 25x6mm pour bande LED de 10mm<\/mark><\/a><\/li>\n\n\n\n<li>Pour un style de montage diff\u00e9rent, voir : <a href=\"https:\/\/tangooled.com\/fr\/product\/surface-mount-led-profile-with-frosted-diffuser-for-10mm-rope-lights\/\"><mark style=\"background-color:rgba(0, 0, 0, 0)\" class=\"has-inline-color has-vivid-red-color\">Profil\u00e9 LED \u00e0 montage en surface avec diffuseur d\u00e9poli pour lumi\u00e8re en corde de 10 mm<\/mark><\/a><\/li>\n<\/ul>\n<\/div><\/div>\n\n\n\n<p><\/p>","protected":false},"featured_media":14354,"template":"","meta":{"_acf_changed":true,"_seopress_robots_primary_cat":"none","_seopress_titles_title":"Vertical Flange Recessed LED Channel 11mm Inner Width | TANGOOLED","_seopress_titles_desc":"Our recessed LED channel profile features a unique vertical flange design and an 11mm inner width. Perfect for 8mm-10mm LED strips, it provides a specialized trim for architectural lighting and clean edge finishing.","_seopress_robots_index":""},"pcb-width":[228],"product-cat":[193],"class_list":{"0":"post-34955","1":"product","2":"type-product","3":"status-publish","4":"has-post-thumbnail","6":"pcb-width-6-12mm","7":"product-cat-recessed-profile"},"acf":[],"_links":{"self":[{"href":"https:\/\/tangooled.com\/fr\/wp-json\/wp\/v2\/product\/34955","targetHints":{"allow":["GET"]}}],"collection":[{"href":"https:\/\/tangooled.com\/fr\/wp-json\/wp\/v2\/product"}],"about":[{"href":"https:\/\/tangooled.com\/fr\/wp-json\/wp\/v2\/types\/product"}],"wp:featuredmedia":[{"embeddable":true,"href":"https:\/\/tangooled.com\/fr\/wp-json\/wp\/v2\/media\/14354"}],"wp:attachment":[{"href":"https:\/\/tangooled.com\/fr\/wp-json\/wp\/v2\/media?parent=34955"}],"wp:term":[{"taxonomy":"pcb-width","embeddable":true,"href":"https:\/\/tangooled.com\/fr\/wp-json\/wp\/v2\/pcb-width?post=34955"},{"taxonomy":"product-cat","embeddable":true,"href":"https:\/\/tangooled.com\/fr\/wp-json\/wp\/v2\/product-cat?post=34955"}],"curies":[{"name":"wp","href":"https:\/\/api.w.org\/{rel}","templated":true}]}}