{"id":34954,"date":"2025-07-01T02:03:54","date_gmt":"2025-07-01T10:03:54","guid":{"rendered":"https:\/\/tangooled.com\/?post_type=product&#038;p=34954"},"modified":"2026-01-24T03:30:17","modified_gmt":"2026-01-24T11:30:17","slug":"12x10mm-recessed-led-strip-channel-aluminum-profile","status":"publish","type":"product","link":"https:\/\/tangooled.com\/fr\/product\/12x10mm-recessed-led-strip-channel-aluminum-profile\/","title":{"rendered":"Profil en aluminium pour bande LED encastrable de 12x10mm"},"content":{"rendered":"<div class=\"wp-block-group\" style=\"padding-top:var(--wp--preset--spacing--80);padding-bottom:var(--wp--preset--spacing--80)\"><div class=\"wp-block-group__inner-container is-layout-constrained wp-block-group-is-layout-constrained\">\n<p>Ce profil en aluminium pour bande LED encastrable de 12x10mm est un excellent moyen de cr\u00e9er un \u00e9clairage lin\u00e9aire et mince. Le profil en aluminium est con\u00e7u pour maintenir vos bandes LED en place et garantir leur bon fonctionnement. Il s'int\u00e8gre facilement dans des rainures dans les murs ou les meubles, ce qui couvre la bande lumineuse et lui donne un bel aspect.<br>Le canal en aluminium anodis\u00e9 offre un excellent espace pour que la chaleur s'\u00e9chappe, ce qui garde les bandes LED au frais. Cela permet aux LED de briller et prolonge leur dur\u00e9e de vie. Le diffuseur en polycarbonate est \u00e9galement tr\u00e8s important, car il adoucit la lumi\u00e8re et \u00e9limine les spots LED durs.<br>This 12&#215;10 mm recessed channel is great for kitchens, stairs, retail displays, and other places where you want high-quality, hidden lighting. It&#8217;s the best approach to make your LED lights look better and last longer.<\/p>\n<\/div><\/div>\n\n\n\n<div class=\"wp-block-group has-background is-vertical is-layout-flex wp-container-core-group-is-layout-d255d7c4 wp-block-group-is-layout-flex\" style=\"background-color:#f1f1f1;padding-top:var(--wp--preset--spacing--80);padding-bottom:var(--wp--preset--spacing--80)\">\n<div class=\"wp-block-group is-vertical is-layout-flex wp-container-core-group-is-layout-8cf370e7 wp-block-group-is-layout-flex\">\n<h2 class=\"wp-block-heading\" style=\"padding-top:var(--wp--preset--spacing--40);padding-bottom:var(--wp--preset--spacing--40);font-size:25px;font-style:normal;font-weight:600;text-transform:capitalize\">Pourquoi choisir notre profil en aluminium pour bande LED encastrable de 12x10mm ?<\/h2>\n\n\n\n<ul class=\"wp-block-list\">\n<li>Design \u00e0 encastrer : Ce design s'int\u00e8gre dans les murs, les plafonds ou les meubles pour un look \u00e9pur\u00e9.<\/li>\n\n\n\n<li>Construction en aluminium robuste : \u00c9loigne la chaleur des LED pour prolonger leur dur\u00e9e de vie.<\/li>\n\n\n\n<li>Diffuseur d\u00e9poli : Cela rend la lumi\u00e8re plus douce, pour \u00e9viter les points ou les zones lumineuses.<\/li>\n\n\n\n<li>Compatible avec de nombreux types de LED, comme RGB,&nbsp;COB, et plus. Il s'adapte aux bandes LED de 8mm.<\/li>\n\n\n\n<li>Facile \u00e0 couper et \u00e0 installer : Vous pouvez le raccourcir pour l'adapter \u00e0 votre espace.<\/li>\n<\/ul>\n<\/div>\n<\/div>\n\n\n\n<div class=\"wp-block-group\" style=\"padding-top:var(--wp--preset--spacing--60);padding-bottom:var(--wp--preset--spacing--60)\"><div class=\"wp-block-group__inner-container is-layout-constrained wp-block-group-is-layout-constrained\">\n<div class=\"wp-block-media-text has-media-on-the-right is-stacked-on-mobile\" style=\"grid-template-columns:auto 40%\"><div class=\"wp-block-media-text__content\">\n<h2 class=\"wp-block-heading\" style=\"font-size:25px;font-style:normal;font-weight:600;text-transform:capitalize\">Comment installer votre profil en aluminium pour bande LED encastrable de 12x10mm<\/h2>\n\n\n\n<ul class=\"wp-block-list\">\n<li>Make a groove in your drywall, wood, or other surface that is the same size as the channel&#8217;s size.<\/li>\n\n\n\n<li>Ins\u00e9rez le canal en aluminium dans la rainure et fixez-le avec de la colle ou des clips de montage.<\/li>\n\n\n\n<li>Placez votre bande LED \u00e0 l'int\u00e9rieur du canal, qui peut mesurer jusqu'\u00e0 8mm de large.<\/li>\n\n\n\n<li>Pour finaliser le design, clipsez le couvercle diffuseur opale pour un \u00e9clairage doux.<\/li>\n<\/ul>\n<\/div><figure class=\"wp-block-media-text__media\"><img loading=\"lazy\" decoding=\"async\" width=\"500\" height=\"500\" src=\"https:\/\/tangooled.com\/wp-content\/uploads\/2025\/07\/rp10-ins.webp\" alt=\"12x10mm recessed led strip channel aluminum profile\" class=\"wp-image-41671 size-full\" srcset=\"https:\/\/tangooled.com\/wp-content\/uploads\/2025\/07\/rp10-ins.webp 500w, https:\/\/tangooled.com\/wp-content\/uploads\/2025\/07\/rp10-ins-300x300.webp 300w, https:\/\/tangooled.com\/wp-content\/uploads\/2025\/07\/rp10-ins-150x150.webp 150w\" sizes=\"auto, (max-width: 500px) 100vw, 500px\" \/><\/figure><\/div>\n<\/div><\/div>\n\n\n\n<div class=\"wp-block-group has-background\" style=\"background-color:#f1f1f1f2;padding-top:var(--wp--preset--spacing--80);padding-bottom:var(--wp--preset--spacing--80)\"><div class=\"wp-block-group__inner-container is-layout-constrained wp-block-group-is-layout-constrained\">\n<h2 class=\"wp-block-heading\" style=\"padding-top:var(--wp--preset--spacing--40);padding-bottom:var(--wp--preset--spacing--40);font-size:25px;font-style:normal;font-weight:600;text-transform:capitalize\">Applications courantes o\u00f9 elles sont utilis\u00e9es<\/h2>\n\n\n\n<ul class=\"wp-block-list\">\n<li>\u00c9clairage sous meuble : Ajoutez une lumi\u00e8re de travail \u00e9l\u00e9gante dans votre cuisine ou votre espace de travail. Utilisez un bo\u00eetier en aluminium durable&nbsp;pour prot\u00e9ger votre bande LED.<\/li>\n\n\n\n<li>Architectural Accent Lighting: Make smooth lines of light on walls, ceilings, or floors.\u2013 Great for putting in LED profiles that are plastered in or drywall LED channels.<\/li>\n\n\n\n<li>\u00c9clairage pour meubles et agencements : Utilisez-le dans des placards, des vitrines ou des \u00e9tag\u00e8res sur mesure pour cacher la lumi\u00e8re. Ajoute une douce lueur \u00e0 un d\u00e9cor moderne.<\/li>\n\n\n\n<li>\u00c9clairage de vente et de vitrine : Utilisez des syst\u00e8mes de rails pour bandes LED pour rendre les expositions plus lumineuses avec un \u00e9clairage uniforme.<\/li>\n<\/ul>\n<\/div><\/div>\n\n\n\n<div class=\"wp-block-group\" style=\"padding-top:var(--wp--preset--spacing--80);padding-bottom:var(--wp--preset--spacing--80)\"><div class=\"wp-block-group__inner-container is-layout-constrained wp-block-group-is-layout-constrained\">\n<h2 class=\"wp-block-heading\" style=\"padding-top:var(--wp--preset--spacing--40);padding-bottom:var(--wp--preset--spacing--40);font-size:25px;font-style:normal;font-weight:600;text-transform:capitalize\">En savoir plus sur les produits connexes<\/h2>\n\n\n\n<ul class=\"wp-block-list\">\n<li><a href=\"https:\/\/tangooled.com\/fr\/product\/black-led-profile-with-black-diffuser-for-10mm-led-strip-light\/\"><mark style=\"background-color:rgba(0, 0, 0, 0)\" class=\"has-inline-color has-vivid-red-color\">Profil LED noir avec diffuseur noir pour bande lumineuse LED de 10 mm<\/mark><\/a> pour des finitions sombres \u00e9l\u00e9gantes.<\/li>\n\n\n\n<li><a href=\"https:\/\/tangooled.com\/fr\/product\/surface-mount-led-profile-with-frosted-diffuser-for-10mm-rope-lights\/\"><mark style=\"background-color:rgba(0, 0, 0, 0)\" class=\"has-inline-color has-vivid-red-color\">Profil LED \u00e0 montage en surface avec diffuseur frosting pour lumi\u00e8res \u00e0 cordon de 10 mm<\/mark><\/a> pour montage en surface.<\/li>\n\n\n\n<li><a href=\"https:\/\/tangooled.com\/fr\/product\/led-strip-light-channel-aluminum-profile-with-diffused-cover-6mm-height\/\"><mark style=\"background-color:rgba(0, 0, 0, 0)\" class=\"has-inline-color has-vivid-red-color\">Profil en aluminium pour bande LED avec couvercle diffusant de 6 mm de hauteur<\/mark><\/a><mark style=\"background-color:rgba(0, 0, 0, 0)\" class=\"has-inline-color has-vivid-red-color\"> <\/mark>pour des espaces bas. <\/li>\n<\/ul>\n\n\n\n<p><\/p>\n<\/div><\/div>","protected":false},"featured_media":14359,"template":"","meta":{"_acf_changed":true,"_seopress_robots_primary_cat":"none","_seopress_titles_title":"12x10mm Recessed LED Profile Aluminum Channel | TANGOOLED","_seopress_titles_desc":"Shop our 12x10mm recessed led profile. This compact aluminum channel is perfect for slim furniture and wall accents, providing a professional flanged finish for 8mm LED strips.","_seopress_robots_index":""},"pcb-width":[228],"product-cat":[193],"class_list":{"0":"post-34954","1":"product","2":"type-product","3":"status-publish","4":"has-post-thumbnail","6":"pcb-width-6-12mm","7":"product-cat-recessed-profile"},"acf":[],"_links":{"self":[{"href":"https:\/\/tangooled.com\/fr\/wp-json\/wp\/v2\/product\/34954","targetHints":{"allow":["GET"]}}],"collection":[{"href":"https:\/\/tangooled.com\/fr\/wp-json\/wp\/v2\/product"}],"about":[{"href":"https:\/\/tangooled.com\/fr\/wp-json\/wp\/v2\/types\/product"}],"wp:featuredmedia":[{"embeddable":true,"href":"https:\/\/tangooled.com\/fr\/wp-json\/wp\/v2\/media\/14359"}],"wp:attachment":[{"href":"https:\/\/tangooled.com\/fr\/wp-json\/wp\/v2\/media?parent=34954"}],"wp:term":[{"taxonomy":"pcb-width","embeddable":true,"href":"https:\/\/tangooled.com\/fr\/wp-json\/wp\/v2\/pcb-width?post=34954"},{"taxonomy":"product-cat","embeddable":true,"href":"https:\/\/tangooled.com\/fr\/wp-json\/wp\/v2\/product-cat?post=34954"}],"curies":[{"name":"wp","href":"https:\/\/api.w.org\/{rel}","templated":true}]}}