{"id":34951,"date":"2025-07-01T02:00:29","date_gmt":"2025-07-01T10:00:29","guid":{"rendered":"https:\/\/tangooled.com\/?post_type=product&#038;p=34951"},"modified":"2026-02-02T22:26:29","modified_gmt":"2026-02-03T06:26:29","slug":"recessed-mini-8mm-led-strip-light-aluminum-channel","status":"publish","type":"product","link":"https:\/\/tangooled.com\/fr\/product\/recessed-mini-8mm-led-strip-light-aluminum-channel\/","title":{"rendered":"profil en aluminium pour bande LED mini encastr\u00e9e de 8 mm"},"content":{"rendered":"<div class=\"wp-block-group\" style=\"padding-top:var(--wp--preset--spacing--80);padding-bottom:var(--wp--preset--spacing--80)\"><div class=\"wp-block-group__inner-container is-layout-constrained wp-block-group-is-layout-constrained\">\n<p>Illuminez vos espaces avec notre profil en aluminium encastr\u00e9 de bande LED mini de 8 mm. L'ext\u00e9rieur de ce profil encastr\u00e9 mesure 8x11 mm, et l'int\u00e9rieur fait 6 mm de large. Ce produit est adapt\u00e9 aux bandes LED fines de 5 mm et vous offre un \u00e9clairage propre, plat et sans couture. Il est fabriqu\u00e9 en aluminium anodis\u00e9 r\u00e9sistant qui garde vos LED au frais et prot\u00e8ge contre la poussi\u00e8re et les chocs. Ce profil est un excellent choix si vous souhaitez illuminer vos \u00e9tag\u00e8res, vos meubles de cuisine ou vos murs.<\/p>\n<\/div><\/div>\n\n\n\n<div class=\"wp-block-group has-background is-vertical is-layout-flex wp-container-core-group-is-layout-d255d7c4 wp-block-group-is-layout-flex\" style=\"background-color:#f1f1f1;padding-top:var(--wp--preset--spacing--80);padding-bottom:var(--wp--preset--spacing--80)\">\n<div class=\"wp-block-group is-vertical is-layout-flex wp-container-core-group-is-layout-8cf370e7 wp-block-group-is-layout-flex\">\n<h2 class=\"wp-block-heading\" style=\"padding-top:var(--wp--preset--spacing--40);padding-bottom:var(--wp--preset--spacing--40);font-size:25px;font-style:normal;font-weight:600;text-transform:capitalize\">Pourquoi choisir notre profil en aluminium encastr\u00e9 de bande LED mini 8 mm ?<\/h2>\n\n\n\n<ul class=\"wp-block-list\">\n<li>Taille ultra-fine : Con\u00e7u pour des bandes LED de 5 mm, ce profil en aluminium s'ins\u00e8re dans des fentes \u00e9troites dans les murs, les armoires ou les plafonds.<\/li>\n\n\n\n<li>Design encastr\u00e9 : Pour un look moderne et \u00e9l\u00e9gant sans bordures, installez-le encastr\u00e9 dans des cloisons s\u00e8ches ou du bois.<\/li>\n\n\n\n<li>\u00c9clat de lumi\u00e8re impeccable : Il couvre des points LED brillants et diffuse la lumi\u00e8re uniform\u00e9ment avec un diffuseur opale ou d\u00e9poli.<\/li>\n\n\n\n<li>Dissipateur thermique performant : Le corps en aluminium \u00e9vacue la chaleur des LED, ce qui les fait durer plus longtemps et briller plus intens\u00e9ment.<\/li>\n\n\n\n<li>Prot\u00e8ge votre bande LED : Ce profil prot\u00e8ge vos bandes LED de la poussi\u00e8re, de l'eau et des chocs, garantissant leur s\u00e9curit\u00e9 et performance.<\/li>\n<\/ul>\n<\/div>\n<\/div>\n\n\n\n<div class=\"wp-block-group\" style=\"padding-top:var(--wp--preset--spacing--60);padding-bottom:var(--wp--preset--spacing--60)\"><div class=\"wp-block-group__inner-container is-layout-constrained wp-block-group-is-layout-constrained\">\n<div class=\"wp-block-media-text has-media-on-the-right is-stacked-on-mobile\"><div class=\"wp-block-media-text__content\">\n<h2 class=\"wp-block-heading\" style=\"padding-top:var(--wp--preset--spacing--40);padding-bottom:var(--wp--preset--spacing--40);font-size:25px;font-style:normal;font-weight:600;text-transform:capitalize\">comment installer<\/h2>\n\n\n\n<ul class=\"wp-block-list\">\n<li>R\u00e9alisez une rainure dans des cloisons s\u00e8ches, du bois ou d'autres surfaces propres.<\/li>\n\n\n\n<li>Placez le petit profil en aluminium LED de 8 mm dans la rainure.<\/li>\n\n\n\n<li>Utilisez de la colle ou du pl\u00e2tre pour le maintenir en place, ou couvrez les ailes avec du pl\u00e2tre pour une finition sans cadre.<\/li>\n\n\n\n<li>Ins\u00e9rez votre bande LED de 5 mm \u00e0 l'int\u00e9rieur.<\/li>\n\n\n\n<li>Mettez le couvercle sur le diffuseur.<\/li>\n\n\n\n<li>Branchez-le et profitez de la ligne lumineuse uniforme et brillante.<\/li>\n<\/ul>\n<\/div><figure class=\"wp-block-media-text__media\"><img loading=\"lazy\" decoding=\"async\" width=\"500\" height=\"500\" src=\"https:\/\/tangooled.com\/wp-content\/uploads\/2025\/07\/rp09-ins.webp\" alt=\"recessed mini 8mm led strip light aluminum channel\" class=\"wp-image-40794 size-full\" srcset=\"https:\/\/tangooled.com\/wp-content\/uploads\/2025\/07\/rp09-ins.webp 500w, https:\/\/tangooled.com\/wp-content\/uploads\/2025\/07\/rp09-ins-300x300.webp 300w, https:\/\/tangooled.com\/wp-content\/uploads\/2025\/07\/rp09-ins-150x150.webp 150w\" sizes=\"auto, (max-width: 500px) 100vw, 500px\" \/><\/figure><\/div>\n<\/div><\/div>\n\n\n\n<div class=\"wp-block-group has-background\" style=\"background-color:#f1f1f1;padding-top:var(--wp--preset--spacing--80);padding-bottom:var(--wp--preset--spacing--80)\"><div class=\"wp-block-group__inner-container is-layout-constrained wp-block-group-is-layout-constrained\">\n<h2 class=\"wp-block-heading\" style=\"font-size:25px;font-style:normal;font-weight:600;text-transform:capitalize\">Que pouvez-vous obtenir dans le kit<\/h2>\n\n\n\n<ul class=\"wp-block-list\">\n<li>Profil en aluminium anodis\u00e9.<\/li>\n\n\n\n<li>Couvercle diffuseur d\u00e9poli.<\/li>\n\n\n\n<li>Capuchons en plastique (un avec trou, un sans trou).<\/li>\n<\/ul>\n<\/div><\/div>\n\n\n\n<div class=\"wp-block-group\" style=\"padding-top:var(--wp--preset--spacing--80);padding-bottom:var(--wp--preset--spacing--80)\"><div class=\"wp-block-group__inner-container is-layout-constrained wp-block-group-is-layout-constrained\">\n<h2 class=\"wp-block-heading\" style=\"padding-top:var(--wp--preset--spacing--40);padding-bottom:var(--wp--preset--spacing--40);font-size:25px;font-style:normal;font-weight:600;text-transform:capitalize\">En savoir plus sur ce produit<\/h2>\n\n\n\n<p>Notre profil en aluminium encastr\u00e9 pour bande LED mini de 8 mm s'adapte parfaitement dans des espaces restreints, ce qui le rend excellent pour des sch\u00e9mas d'\u00e9clairage modernes et minimalistes. Le profil est fabriqu\u00e9 en aluminium extrud\u00e9 r\u00e9sistant qui sert de dissipateur thermique pour garder vos bandes LED fra\u00eeches et lumineuses. Utilisez le diffuseur en polycarbonate qui l'accompagne pour adoucir la lumi\u00e8re et \u00e9liminer les points chauds g\u00e9n\u00e9r\u00e9s par de petites puces LED.<\/p>\n\n\n\n<p>Ce produit est tr\u00e8s populaire pour l'\u00e9clairage d'accent dans l'architecture car il cr\u00e9e des luminaires lin\u00e9aires lisses pour les murs et les plafonds. Vous pouvez l'utiliser de mani\u00e8re s\u00e9curis\u00e9e et \u00e9l\u00e9gante pour encadrer l'\u00e9clairage indirect, l'\u00e9clairage des garde-robes.<\/p>\n<\/div><\/div>\n\n\n\n<h2 class=\"wp-block-heading\" style=\"padding-top:var(--wp--preset--spacing--40);padding-bottom:var(--wp--preset--spacing--40);font-size:25px;font-style:normal;font-weight:600;text-transform:capitalize\">produits associ\u00e9s<\/h2>\n\n\n\n<ul class=\"wp-block-list\">\n<li>Pour un th\u00e8me noir, essayez notre<a href=\"https:\/\/tangooled.com\/fr\/product\/black-led-profile-with-black-diffuser-for-10mm-led-strip-light\/\"> <mark style=\"background-color:rgba(0, 0, 0, 0)\" class=\"has-inline-color has-vivid-red-color\">profil LED noir avec diffuseur noir pour bande LED de 10 mm<\/mark>.<\/a><\/li>\n\n\n\n<li>Besoin d'une option \u00e0 faible profil ? Consultez le <mark style=\"background-color:rgba(0, 0, 0, 0)\" class=\"has-inline-color has-vivid-red-color\"><a href=\"https:\/\/tangooled.com\/fr\/product\/led-strip-light-channel-aluminum-profile-with-diffused-cover-6mm-height\/\">Profil en aluminium pour bande LED avec couvercle diffusant de 6 mm de hauteur<\/a>.<\/mark><\/li>\n\n\n\n<li>Pour le montage en surface, essayez le <a href=\"https:\/\/tangooled.com\/fr\/product\/surface-mount-led-profile-with-frosted-diffuser-for-10mm-rope-lights\/\"><mark style=\"background-color:rgba(0, 0, 0, 0)\" class=\"has-inline-color has-vivid-red-color\">profil LED \u00e0 monter en surface avec diffuseur d\u00e9poli pour \u00e9clairage \u00e0 corde de 10 mm<\/mark><\/a>.<\/li>\n\n\n\n<li>Vous voulez une option en forme de U ? Explorez le <a href=\"https:\/\/tangooled.com\/fr\/product\/surface-mount-led-profile-with-frosted-diffuser-for-10mm-rope-lights\/\"><mark style=\"background-color:rgba(0, 0, 0, 0)\" class=\"has-inline-color has-vivid-red-color\">profil en U en aluminium noir pour bandes LED de 10 mm<\/mark><\/a>.<\/li>\n\n\n\n<li>Pour des canaux plus larges, voyez le <a href=\"https:\/\/tangooled.com\/fr\/product\/led-light-diffuser-channel-aluminum-15x12mm-for-10mm-led-strips\/\"><mark style=\"background-color:rgba(0, 0, 0, 0)\" class=\"has-inline-color has-vivid-red-color\">Canal diffuseur de lumi\u00e8re LED en aluminium 15x12mm pour bandes LED de 10mm<\/mark><\/a>.<\/li>\n<\/ul>\n\n\n\n<p><\/p>","protected":false},"featured_media":14364,"template":"","meta":{"_acf_changed":true,"_seopress_robots_primary_cat":"none","_seopress_titles_title":"Mini 8mm Recessed LED Strip Channel | TANGOOLED","_seopress_titles_desc":"This mini 8mm recessed LED strip light channel is designed for precision accent lighting. Perfect for thin furniture, cabinets, and narrow architectural gaps. Achieve a clean, minimalist finish.","_seopress_robots_index":""},"pcb-width":[228],"product-cat":[193],"class_list":{"0":"post-34951","1":"product","2":"type-product","3":"status-publish","4":"has-post-thumbnail","6":"pcb-width-6-12mm","7":"product-cat-recessed-profile"},"acf":[],"_links":{"self":[{"href":"https:\/\/tangooled.com\/fr\/wp-json\/wp\/v2\/product\/34951","targetHints":{"allow":["GET"]}}],"collection":[{"href":"https:\/\/tangooled.com\/fr\/wp-json\/wp\/v2\/product"}],"about":[{"href":"https:\/\/tangooled.com\/fr\/wp-json\/wp\/v2\/types\/product"}],"wp:featuredmedia":[{"embeddable":true,"href":"https:\/\/tangooled.com\/fr\/wp-json\/wp\/v2\/media\/14364"}],"wp:attachment":[{"href":"https:\/\/tangooled.com\/fr\/wp-json\/wp\/v2\/media?parent=34951"}],"wp:term":[{"taxonomy":"pcb-width","embeddable":true,"href":"https:\/\/tangooled.com\/fr\/wp-json\/wp\/v2\/pcb-width?post=34951"},{"taxonomy":"product-cat","embeddable":true,"href":"https:\/\/tangooled.com\/fr\/wp-json\/wp\/v2\/product-cat?post=34951"}],"curies":[{"name":"wp","href":"https:\/\/api.w.org\/{rel}","templated":true}]}}