{"id":34949,"date":"2025-07-01T01:58:45","date_gmt":"2025-07-01T09:58:45","guid":{"rendered":"https:\/\/tangooled.com\/?post_type=product&#038;p=34949"},"modified":"2026-01-24T02:19:25","modified_gmt":"2026-01-24T10:19:25","slug":"recessed-aluminum-led-channel-with-ceiling-buckle-for-10mm-strip-light","status":"publish","type":"product","link":"https:\/\/tangooled.com\/fr\/product\/recessed-aluminum-led-channel-with-ceiling-buckle-for-10mm-strip-light\/","title":{"rendered":"canal LED en aluminium encastr\u00e9 avec boucle de plafond pour bande de 10 mm"},"content":{"rendered":"<div class=\"wp-block-group\" style=\"padding-top:var(--wp--preset--spacing--80);padding-bottom:var(--wp--preset--spacing--80)\"><div class=\"wp-block-group__inner-container is-layout-constrained wp-block-group-is-layout-constrained\">\n<p>The Recessed LED Channel with Ceiling Buckle is a professional and specialized solution to light up your space. The channel is composed of 6063 aluminum alloy and features a light diffuser made of PC. Because the finish is smooth and flush, it&#8217;s perfect for ceilings, furniture, and cabinets. It is made to fit LED strips that are 8mm or 10mm wide.<\/p>\n\n\n\n<p>Les capuchons d'extr\u00e9mit\u00e9 et les boucles de montage inclus facilitent et s\u00e9curisent l'installation du canal. Les clips de boucle de plafond maintiennent fermement le canal en place dans la rainure de montage. Cette fonction garantit un aspect parfait en \u00e9liminant les fissures et les bords rugueux, et en faisant en sorte que l'\u00e9clairage se fonde dans la surface.<\/p>\n\n\n\n<p>You can choose from four different diffusers to get the lighting effect you want: Opal gives the best dotless glow since it spreads the light out as much as possible. Frosted brings forth mellow, high-quality light. Clear makes the light as bright as it can be. Black gives a modern, discreet look that hides the light source while it&#8217;s off.<\/p>\n<\/div><\/div>\n\n\n\n<div class=\"wp-block-group has-background\" style=\"background-color:#f1f1f1;padding-top:var(--wp--preset--spacing--80);padding-bottom:var(--wp--preset--spacing--80)\"><div class=\"wp-block-group__inner-container is-layout-constrained wp-block-group-is-layout-constrained\">\n<div class=\"wp-block-group\" style=\"padding-top:0;padding-bottom:0\"><div class=\"wp-block-group__inner-container is-layout-constrained wp-block-group-is-layout-constrained\">\n<h2 class=\"wp-block-heading\" style=\"padding-top:var(--wp--preset--spacing--40);padding-bottom:var(--wp--preset--spacing--40);font-size:25px;font-style:normal;font-weight:600;text-transform:capitalize\">pourquoi choisir notre canal LED encastr\u00e9 avec boucle de plafond<\/h2>\n\n\n\n<p style=\"padding-right:var(--wp--preset--spacing--50);padding-left:var(--wp--preset--spacing--50)\">Notre canal LED encastr\u00e9 avec boucle de plafond facilite l'installation de votre \u00e9clairage et le rend esth\u00e9tique. Voici quelques raisons de choisir notre produit :<\/p>\n\n\n\n<ul class=\"wp-block-list\">\n<li>Fast and easy install with ceiling buckles \u2014 no screws in studs needed.<\/li>\n\n\n\n<li>Fits 10mm strips perfectly \u2014 good for Philips Hue, Govee, and other tapes.<\/li>\n\n\n\n<li>Lumi\u00e8re douce et sans points gr\u00e2ce au diffuseur d\u00e9poli.<\/li>\n\n\n\n<li>Dissipateur de chaleur robuste en aluminium anodis\u00e9 6063-T5 pour une dur\u00e9e de vie LEDs longue.<\/li>\n\n\n\n<li>Aspect affleurant avec un rebord pour cacher les d\u00e9coupes rugueuses de plaques de pl\u00e2tre.<\/li>\n\n\n\n<li>Prot\u00e8ge vos bandes LED de la poussi\u00e8re et des dommages.<\/li>\n<\/ul>\n<\/div><\/div>\n<\/div><\/div>\n\n\n\n<div class=\"wp-block-group\" style=\"padding-top:var(--wp--preset--spacing--60);padding-bottom:var(--wp--preset--spacing--60)\"><div class=\"wp-block-group__inner-container is-layout-constrained wp-block-group-is-layout-constrained\">\n<div class=\"wp-block-media-text has-media-on-the-right is-stacked-on-mobile\"><div class=\"wp-block-media-text__content\">\n<h2 class=\"wp-block-heading\" style=\"padding-top:var(--wp--preset--spacing--40);padding-bottom:var(--wp--preset--spacing--40);font-size:25px;font-style:normal;font-weight:600;text-transform:capitalize\">Comment installer le canal dans votre mur ou plafond<\/h2>\n\n\n\n<ul class=\"wp-block-list\">\n<li>Coupez une fente dans le mur ou le plafond pour le canal.<\/li>\n\n\n\n<li>Fixez les boucles de plafond \u00e0 l'arri\u00e8re du canal en aluminium.<\/li>\n\n\n\n<li>Poussez le canal dans la fente. Les boucles s'ouvriront sous le pl\u00e2tre pour le maintenir fermement en place.<\/li>\n\n\n\n<li>Ins\u00e9rez votre bande LED de 10 mm dans le canal.<\/li>\n\n\n\n<li>Clips sur la couverture du diffuseur givr\u00e9.<\/li>\n<\/ul>\n<\/div><figure class=\"wp-block-media-text__media\"><img loading=\"lazy\" decoding=\"async\" width=\"500\" height=\"500\" src=\"https:\/\/tangooled.com\/wp-content\/uploads\/2025\/07\/rp05-ins.webp\" alt=\"recessed aluminum led channel with ceiling buckle\" class=\"wp-image-40787 size-full\" srcset=\"https:\/\/tangooled.com\/wp-content\/uploads\/2025\/07\/rp05-ins.webp 500w, https:\/\/tangooled.com\/wp-content\/uploads\/2025\/07\/rp05-ins-300x300.webp 300w, https:\/\/tangooled.com\/wp-content\/uploads\/2025\/07\/rp05-ins-150x150.webp 150w\" sizes=\"auto, (max-width: 500px) 100vw, 500px\" \/><\/figure><\/div>\n<\/div><\/div>\n\n\n\n<div class=\"wp-block-group has-background\" style=\"background-color:#f1f1f1;padding-top:var(--wp--preset--spacing--80);padding-bottom:var(--wp--preset--spacing--80)\"><div class=\"wp-block-group__inner-container is-layout-constrained wp-block-group-is-layout-constrained\">\n<h2 class=\"wp-block-heading\" style=\"font-size:25px;font-style:normal;font-weight:600;text-transform:capitalize\">Qu'y a-t-il dans la bo\u00eete ?<\/h2>\n\n\n\n<ul class=\"wp-block-list\">\n<li>Canal en aluminium de la longueur choisie<\/li>\n\n\n\n<li>Couvercle de diffuseur d\u00e9poli pour une lumi\u00e8re douce<\/li>\n\n\n\n<li>Capuchons d'extr\u00e9mit\u00e9 (un avec un trou pour les fils, un sans)<\/li>\n\n\n\n<li>Boucles de plafond \u00e0 ressort pour le montage<\/li>\n<\/ul>\n<\/div><\/div>\n\n\n\n<div class=\"wp-block-group\" style=\"padding-top:var(--wp--preset--spacing--80);padding-bottom:var(--wp--preset--spacing--80)\"><div class=\"wp-block-group__inner-container is-layout-constrained wp-block-group-is-layout-constrained\">\n<h2 class=\"wp-block-heading\" style=\"padding-top:0;padding-bottom:0;font-size:25px;font-style:normal;font-weight:600;text-transform:capitalize\">O\u00f9 utiliser le canal LED encastr\u00e9 avec boucle de plafond<\/h2>\n\n\n\n<ul class=\"wp-block-list\">\n<li>Dans les maisons, ils peuvent \u00eatre trouv\u00e9s sous les armoires de cuisine, dans les placards, sur les \u00e9tag\u00e8res, dans les murs et au plafond.<\/li>\n\n\n\n<li>Bureaux : Couloirs, lieux de travail et salles de conf\u00e9rence avec des lignes de lumi\u00e8re propres.<\/li>\n\n\n\n<li>Magasins : Vitrines et \u00e9tag\u00e8res qui ont besoin de lumi\u00e8res brillantes et propres.<\/li>\n\n\n\n<li>H\u00f4tels et restaurants : Lumi\u00e8res de plafond douces et lumi\u00e8res d'ambiance.<\/li>\n\n\n\n<li>Escaliers : \u00c9clairage de bord s\u00fbr et lumineux qui est affleurant avec le mur.<\/li>\n<\/ul>\n<\/div><\/div>\n\n\n\n<div class=\"wp-block-group\" style=\"padding-top:var(--wp--preset--spacing--80);padding-bottom:var(--wp--preset--spacing--80)\"><div class=\"wp-block-group__inner-container is-layout-constrained wp-block-group-is-layout-constrained\">\n<h2 class=\"wp-block-heading\" style=\"font-size:25px;font-style:normal;font-weight:600;text-transform:capitalize\">produits connexes qui pourraient vous plaire<\/h2>\n\n\n\n<ul class=\"wp-block-list\">\n<li>Essayez le <a href=\"https:\/\/tangooled.com\/fr\/product\/black-led-profile-with-black-diffuser-for-10mm-led-strip-light\/\"><mark style=\"background-color:rgba(0, 0, 0, 0)\" class=\"has-inline-color has-vivid-red-color\">profil LED noir avec diffuseur noir pour bande lumineuse LED de 10 mm<\/mark><\/a><\/li>\n\n\n\n<li>D\u00e9couvrez le <a href=\"https:\/\/tangooled.com\/fr\/product\/25x6mm-low-profile-led-strip-channel-for-10mm-led-strip-light\/\"><mark style=\"background-color:rgba(0, 0, 0, 0)\" class=\"has-inline-color has-vivid-red-color\">Ch\u00e2ssis de bande LED \u00e0 profil bas 25x6mm pour bande LED de 10mm<\/mark><\/a><\/li>\n\n\n\n<li>Pour un montage en surface, consultez le <a href=\"https:\/\/tangooled.com\/fr\/product\/surface-mount-led-profile-with-frosted-diffuser-for-10mm-rope-lights\/\"><mark style=\"background-color:rgba(0, 0, 0, 0)\" class=\"has-inline-color has-vivid-red-color\">profil LED \u00e0 monter en surface avec diffuseur d\u00e9poli pour \u00e9clairage \u00e0 corde de 10 mm<\/mark><\/a><\/li>\n\n\n\n<li>Pour un canal en forme de U noir, visitez le <a href=\"https:\/\/tangooled.com\/fr\/product\/black-aluminum-u-channel-profile-for-10mm-led-strips\/\"><mark style=\"background-color:rgba(0, 0, 0, 0)\" class=\"has-inline-color has-vivid-red-color\">profil de canal en aluminium noir en U pour bandes LED de 10 mm<\/mark><\/a><\/li>\n<\/ul>\n<\/div><\/div>\n\n\n\n<p><\/p>","protected":false},"featured_media":14370,"template":"","meta":{"_acf_changed":true,"_seopress_robots_primary_cat":"none","_seopress_titles_title":"Recessed LED Channel with Ceiling Buckles | Easy-Install Profile | TANGOOLED","_seopress_titles_desc":"Simplify your installation with our recessed aluminum LED channel featuring heavy-duty ceiling buckles. Perfect for 10mm strip lights, this flanged profile ensures a secure, flush-mount fit in ceilings and drywall.","_seopress_robots_index":""},"pcb-width":[228],"product-cat":[193],"class_list":{"0":"post-34949","1":"product","2":"type-product","3":"status-publish","4":"has-post-thumbnail","6":"pcb-width-6-12mm","7":"product-cat-recessed-profile"},"acf":[],"_links":{"self":[{"href":"https:\/\/tangooled.com\/fr\/wp-json\/wp\/v2\/product\/34949","targetHints":{"allow":["GET"]}}],"collection":[{"href":"https:\/\/tangooled.com\/fr\/wp-json\/wp\/v2\/product"}],"about":[{"href":"https:\/\/tangooled.com\/fr\/wp-json\/wp\/v2\/types\/product"}],"wp:featuredmedia":[{"embeddable":true,"href":"https:\/\/tangooled.com\/fr\/wp-json\/wp\/v2\/media\/14370"}],"wp:attachment":[{"href":"https:\/\/tangooled.com\/fr\/wp-json\/wp\/v2\/media?parent=34949"}],"wp:term":[{"taxonomy":"pcb-width","embeddable":true,"href":"https:\/\/tangooled.com\/fr\/wp-json\/wp\/v2\/pcb-width?post=34949"},{"taxonomy":"product-cat","embeddable":true,"href":"https:\/\/tangooled.com\/fr\/wp-json\/wp\/v2\/product-cat?post=34949"}],"curies":[{"name":"wp","href":"https:\/\/api.w.org\/{rel}","templated":true}]}}