{"id":34948,"date":"2025-07-01T01:50:51","date_gmt":"2025-07-01T09:50:51","guid":{"rendered":"https:\/\/tangooled.com\/?post_type=product&#038;p=34948"},"modified":"2026-02-02T22:22:41","modified_gmt":"2026-02-03T06:22:41","slug":"recessed-black-light-diffuser-aluminum-channel-for-10mm-led-strips","status":"publish","type":"product","link":"https:\/\/tangooled.com\/fr\/product\/recessed-black-light-diffuser-aluminum-channel-for-10mm-led-strips\/","title":{"rendered":"profil\u00e9 en aluminium noir encastr\u00e9 pour diffuseurs de lumi\u00e8re pour bandes LED de 10 mm"},"content":{"rendered":"<div class=\"wp-block-group\" style=\"padding-top:var(--wp--preset--spacing--80);padding-bottom:var(--wp--preset--spacing--80)\"><div class=\"wp-block-group__inner-container is-layout-constrained wp-block-group-is-layout-constrained\">\n<p>Notre profil\u00e9 en aluminium noir encastr\u00e9 pour diffuseurs de lumi\u00e8re offre une solution de qualit\u00e9 professionnelle pour un \u00e9clairage encastr\u00e9 sans couture. Il fournit une finition propre et affleurante pour les plafonds, le travail du bois et les applications de mobilier.<\/p>\n\n\n\n<p>Le profil mesure 21,2 mm de large et 12,0 mm de haut et est fabriqu\u00e9 en aluminium extrud\u00e9 robuste. Il s'ins\u00e8re parfaitement dans une rainure de 15,2 mm de large et 12,0 mm de profondeur. La largeur int\u00e9rieure de 11,2 mm facilite l'installation des bandes LED de 10 mm ou moins de large. Le diffuseur noir en PC rend la lumi\u00e8re douce et de haute qualit\u00e9 en \u00e9liminant les points LED visibles. Les ailettes ext\u00e9rieures sur tout le corps aident \u00e0 g\u00e9rer la chaleur.<\/p>\n\n\n\n<p>Il existe trois couleurs diff\u00e9rentes pour le profil\u00e9 : noir, argent et blanc. Il a tout ce dont vous avez besoin pour l'installer en toute s\u00e9curit\u00e9 et sans poussi\u00e8re, ainsi qu'un moyen facile de connecter l'alimentation : le diffuseur en PC, les clips de montage en acier inoxydable et deux capuchons d'extr\u00e9mit\u00e9 (un solide et un avec un trou pour un fil).<\/p>\n<\/div><\/div>\n\n\n\n<div class=\"wp-block-group has-background is-vertical is-layout-flex wp-container-core-group-is-layout-d255d7c4 wp-block-group-is-layout-flex\" style=\"background-color:#f1f1f1;padding-top:var(--wp--preset--spacing--80);padding-bottom:var(--wp--preset--spacing--80)\">\n<div class=\"wp-block-group is-vertical is-layout-flex wp-container-core-group-is-layout-8cf370e7 wp-block-group-is-layout-flex\">\n<h2 class=\"wp-block-heading\" style=\"padding-top:var(--wp--preset--spacing--40);padding-bottom:var(--wp--preset--spacing--40);font-size:25px;font-style:normal;font-weight:600;text-transform:capitalize\">Pourquoi utiliser ce profil\u00e9 en aluminium noir encastr\u00e9 pour diffuseur de lumi\u00e8re ?<\/h2>\n\n\n\n<ul class=\"wp-block-list\">\n<li>Fonction du dissipateur thermique : L'aluminium aide \u00e0 \u00e9vacuer la chaleur de votre bande LED. Cela prolonge la dur\u00e9e de vie de votre bande LED.<\/li>\n\n\n\n<li>\u00c9clairage sans points : Le diffuseur fum\u00e9 diffuse la lumi\u00e8re LED en douceur. Il \u00e9limine les zones rugueuses et cr\u00e9e une lueur uniforme.<\/li>\n\n\n\n<li>Flush Finish: The recessed profile fits into walls, ceilings, cabinets, or staircases so the light looks like it&#8217;s part of the structure.<\/li>\n\n\n\n<li>Protection : Votre bande LED est prot\u00e9g\u00e9e des chocs, de la poussi\u00e8re et de l'eau.<\/li>\n\n\n\n<li>Aspect moderne : La teinte noire rend le profil\u00e9 pratiquement invisible sur les surfaces sombres mais ressort et a fi\u00e8re allure sur les surfaces claires.<\/li>\n\n\n\n<li>Utilisation polyvalente : \u00c9clairage LED sous les placards, sur les murs d'accentuation, sur les meubles, dans des vitrines.<\/li>\n<\/ul>\n<\/div>\n<\/div>\n\n\n\n<div class=\"wp-block-group\" style=\"padding-top:var(--wp--preset--spacing--60);padding-bottom:var(--wp--preset--spacing--60)\"><div class=\"wp-block-group__inner-container is-layout-constrained wp-block-group-is-layout-constrained\">\n<div class=\"wp-block-media-text has-media-on-the-right is-stacked-on-mobile\"><div class=\"wp-block-media-text__content\">\n<h2 class=\"wp-block-heading\" style=\"padding-top:var(--wp--preset--spacing--40);padding-bottom:var(--wp--preset--spacing--40);font-size:25px;font-style:normal;font-weight:600;text-transform:capitalize\">\u00c9tapes faciles pour l'installation<\/h2>\n\n\n\n<ul class=\"wp-block-list\">\n<li>Coupez la rainure : Faites une rainure dans le bois, le pl\u00e2tre ou le panneau de gypse.<\/li>\n\n\n\n<li>Fixez le profil\u00e9 : Utilisez de l'adh\u00e9sif ou des clips de montage pour maintenir le profil\u00e9 en aluminium dans la rainure.<\/li>\n\n\n\n<li>Installez votre bande LED : Mettez la bande LED de 10 mm \u00e0 l'int\u00e9rieur du profil\u00e9.<\/li>\n\n\n\n<li>Mettez le diffuseur : Clipssez le couvercle noir sur votre bande LED.<\/li>\n\n\n\n<li>Fixez les capuchons d'extr\u00e9mit\u00e9 : Utilisez les capuchons qui viennent avec les c\u00e2bles pour prot\u00e9ger les extr\u00e9mit\u00e9s.<\/li>\n<\/ul>\n<\/div><figure class=\"wp-block-media-text__media\"><img loading=\"lazy\" decoding=\"async\" width=\"500\" height=\"500\" src=\"https:\/\/tangooled.com\/wp-content\/uploads\/2025\/07\/irp04-ins.webp\" alt=\"recessed 15x12mm black light diffuser aluminum channel for 10mm led strips\" class=\"wp-image-41144 size-full\" srcset=\"https:\/\/tangooled.com\/wp-content\/uploads\/2025\/07\/irp04-ins.webp 500w, https:\/\/tangooled.com\/wp-content\/uploads\/2025\/07\/irp04-ins-300x300.webp 300w, https:\/\/tangooled.com\/wp-content\/uploads\/2025\/07\/irp04-ins-150x150.webp 150w\" sizes=\"auto, (max-width: 500px) 100vw, 500px\" \/><\/figure><\/div>\n<\/div><\/div>\n\n\n\n<div class=\"wp-block-group has-background\" style=\"background-color:#f1f1f1;padding-top:var(--wp--preset--spacing--80);padding-bottom:var(--wp--preset--spacing--80)\"><div class=\"wp-block-group__inner-container is-layout-constrained wp-block-group-is-layout-constrained\">\n<h2 class=\"wp-block-heading\" style=\"padding-top:var(--wp--preset--spacing--40);padding-bottom:var(--wp--preset--spacing--40);font-size:25px;font-style:normal;font-weight:600;text-transform:capitalize\">What\u2019s in the Box?<\/h2>\n\n\n\n<ul class=\"wp-block-list\">\n<li>1 x profil\u00e9 en aluminium noir encastr\u00e9 15x12 mm<\/li>\n\n\n\n<li>1 x diffuseur en polycarbonate noir fum\u00e9<\/li>\n\n\n\n<li>2 x capuchons d'extr\u00e9mit\u00e9 (1 avec un trou, 1 sans)<\/li>\n\n\n\n<li>2 x clips de montage pour une installation s\u00e9curis\u00e9e<\/li>\n<\/ul>\n<\/div><\/div>\n\n\n\n<div class=\"wp-block-group\" style=\"padding-top:var(--wp--preset--spacing--80);padding-bottom:var(--wp--preset--spacing--80)\"><div class=\"wp-block-group__inner-container is-layout-constrained wp-block-group-is-layout-constrained\">\n<h2 class=\"wp-block-heading\" style=\"padding-top:var(--wp--preset--spacing--40);padding-bottom:var(--wp--preset--spacing--40);font-size:25px;font-style:normal;font-weight:600;text-transform:capitalize\">O\u00f9 pouvez-vous utiliser ce canal diffuseur noir encastr\u00e9 ?<\/h2>\n\n\n\n<ul class=\"wp-block-list\">\n<li>\u00c9clairage sous les placards : Ajoute de la lumi\u00e8re pour les t\u00e2ches dans les cuisines ou les ateliers.<\/li>\n\n\n\n<li>\u00c9clairage mural ou au plafond : Cr\u00e9ez une lumi\u00e8re d'ambiance cach\u00e9e ou d'accentuation.<\/li>\n\n\n\n<li>Mobilier et \u00e9tag\u00e8res : Illuminez les \u00e9tag\u00e8res ou biblioth\u00e8ques sans fils visibles.<\/li>\n\n\n\n<li>Affichages de vente au d\u00e9tail : Utilisez des lignes lisses et brillantes pour mettre en valeur vos marchandises.<\/li>\n\n\n\n<li>\u00c9clairage architectural en cove : Parfait pour un look affleurant et sans cadre dans les coins ou sur les plafonds.<\/li>\n<\/ul>\n<\/div><\/div>\n\n\n\n<div class=\"wp-block-group has-background\" style=\"background-color:#f1f1f1;padding-top:var(--wp--preset--spacing--80);padding-bottom:var(--wp--preset--spacing--80)\"><div class=\"wp-block-group__inner-container is-layout-constrained wp-block-group-is-layout-constrained\">\n<h2 class=\"wp-block-heading\" style=\"padding-top:var(--wp--preset--spacing--40);padding-bottom:var(--wp--preset--spacing--40);font-size:20px\">R\u00e9sum\u00e9<\/h2>\n\n\n\n<p style=\"padding-right:var(--wp--preset--spacing--50);padding-left:var(--wp--preset--spacing--50)\">Ce canal de lumi\u00e8re LED diffuseur noir encastr\u00e9 est une solution id\u00e9ale pour attacher des bandes de mani\u00e8re professionnelle, propre et s\u00fbre. Il fonctionne avec toutes les bandes LED populaires de 10 mm, maintient vos LED au frais, prot\u00e8ge la bande et produit un \u00e9clairage doux et sans points gr\u00e2ce \u00e0 son diffuseur fum\u00e9. Installez-le dans vos murs, plafonds, escaliers, meubles ou vitrines pour un look d'\u00e9clairage architectural moderne.<\/p>\n<\/div><\/div>\n\n\n\n<p style=\"padding-top:var(--wp--preset--spacing--80);padding-bottom:var(--wp--preset--spacing--80)\">Commandez maintenant et obtenez tout ce dont vous avez besoin dans un seul kit ! Pour plus d'options, consultez notre <a href=\"https:\/\/tangooled.com\/fr\/product\/black-aluminum-u-channel-profile-for-10mm-led-strips\/\"><mark style=\"background-color:rgba(0, 0, 0, 0)\" class=\"has-inline-color has-vivid-red-color\">canal en aluminium noir en U pour bandes LED de 10 mm<\/mark><\/a> ou explorez <a href=\"https:\/\/tangooled.com\/fr\/product\/led-strip-light-channel-aluminum-profile-with-diffused-cover-6mm-height\/\"><mark style=\"background-color:rgba(0, 0, 0, 0)\" class=\"has-inline-color has-vivid-red-color\">des profils minces comme le canal de lumi\u00e8re de bande LED de 6 mm de hauteur<\/mark><\/a>.<\/p>","protected":false},"featured_media":41148,"template":"","meta":{"_acf_changed":false,"_seopress_robots_primary_cat":"none","_seopress_titles_title":"Black Recessed Light Diffuser Aluminum Channel | TANGOOLED","_seopress_titles_desc":"Create a stealthy lighting effect with our black recessed light diffuser channel. The black lens provides a seamless dark aesthetic when off, making it perfect for premium 10mm LED strip installations.","_seopress_robots_index":""},"pcb-width":[228],"product-cat":[193],"class_list":{"0":"post-34948","1":"product","2":"type-product","3":"status-publish","4":"has-post-thumbnail","6":"pcb-width-6-12mm","7":"product-cat-recessed-profile"},"acf":[],"_links":{"self":[{"href":"https:\/\/tangooled.com\/fr\/wp-json\/wp\/v2\/product\/34948","targetHints":{"allow":["GET"]}}],"collection":[{"href":"https:\/\/tangooled.com\/fr\/wp-json\/wp\/v2\/product"}],"about":[{"href":"https:\/\/tangooled.com\/fr\/wp-json\/wp\/v2\/types\/product"}],"wp:featuredmedia":[{"embeddable":true,"href":"https:\/\/tangooled.com\/fr\/wp-json\/wp\/v2\/media\/41148"}],"wp:attachment":[{"href":"https:\/\/tangooled.com\/fr\/wp-json\/wp\/v2\/media?parent=34948"}],"wp:term":[{"taxonomy":"pcb-width","embeddable":true,"href":"https:\/\/tangooled.com\/fr\/wp-json\/wp\/v2\/pcb-width?post=34948"},{"taxonomy":"product-cat","embeddable":true,"href":"https:\/\/tangooled.com\/fr\/wp-json\/wp\/v2\/product-cat?post=34948"}],"curies":[{"name":"wp","href":"https:\/\/api.w.org\/{rel}","templated":true}]}}