{"id":34947,"date":"2025-07-01T01:48:07","date_gmt":"2025-07-01T09:48:07","guid":{"rendered":"https:\/\/tangooled.com\/?post_type=product&#038;p=34947"},"modified":"2026-02-02T22:29:46","modified_gmt":"2026-02-03T06:29:46","slug":"recessed-5mm-black-led-channel-for-8mm-cob-strips","status":"publish","type":"product","link":"https:\/\/tangooled.com\/fr\/product\/recessed-5mm-black-led-channel-for-8mm-cob-strips\/","title":{"rendered":"canal LED noir encastr\u00e9 de 5 mm pour bandes cob de 8 mm"},"content":{"rendered":"<div class=\"wp-block-group is-vertical is-layout-flex wp-container-core-group-is-layout-d255d7c4 wp-block-group-is-layout-flex\" style=\"padding-top:var(--wp--preset--spacing--80);padding-bottom:var(--wp--preset--spacing--80)\">\n<p>Notre profil\u00e9 LED noir encastr\u00e9 de 5 mm est con\u00e7u pour des installations d\u2019\u00e9clairage haut de gamme. Il fonctionne bien avec le menuiserie, les plaques de pl\u00e2tre ou les meubles. Ce profil\u00e9 LED en aluminium est fabriqu\u00e9 en aluminium anodis\u00e9 de haute qualit\u00e9 et mesure environ 6,0 mm de hauteur et 21,2 mm de largeur.<\/p>\n\n\n\n<p>Le canal a une largeur int\u00e9rieure de 11,2 mm (0,44 po), ce qui est parfait pour les bandes LED COB de 8-10 mm. Lorsqu'il est utilis\u00e9 avec le couvercle diffuseur en PC durable, ces bandes cr\u00e9eront une ligne lumineuse propre, professionnelle et sans points. Le canal est disponible en noir, argent ou blanc et comprend un ensemble complet d'accessoires, tels que des clips de montage en acier inoxydable et des capuchons de terminaison, pour une installation s\u00fbre et sans poussi\u00e8re. Cela facilite \u00e9galement la connexion \u00e0 votre alimentation \u00e9lectrique DC, donnant \u00e0 tout projet d'\u00e9clairage un aspect haut de gamme et int\u00e9gr\u00e9.<\/p>\n<\/div>\n\n\n\n<div class=\"wp-block-group has-background is-vertical is-layout-flex wp-container-core-group-is-layout-d255d7c4 wp-block-group-is-layout-flex\" style=\"background-color:#f1f1f1;padding-top:var(--wp--preset--spacing--80);padding-bottom:var(--wp--preset--spacing--80)\">\n<div class=\"wp-block-group is-vertical is-layout-flex wp-container-core-group-is-layout-8cf370e7 wp-block-group-is-layout-flex\">\n<h2 class=\"wp-block-heading\" style=\"padding-top:var(--wp--preset--spacing--40);padding-bottom:var(--wp--preset--spacing--40);font-size:25px;font-style:normal;font-weight:600;text-transform:capitalize\">Pourquoi choisir notre profil\u00e9 LED noir encastr\u00e9 de 5 mm ?<\/h2>\n\n\n\n<ul class=\"wp-block-list\">\n<li>Le profil\u00e9 ultra-mince de 5 mm s'int\u00e8gre parfaitement dans des espaces restreints comme les plaques de pl\u00e2tre ou les placards qui ne font que 6 de profondeur.<\/li>\n\n\n\n<li>S'adapte parfaitement aux bandes LED COB de 8 mm, garantissant un \u00e9clairage constant sans points.<\/li>\n\n\n\n<li>La finition en aluminium anodis\u00e9 noir mat est de haute qualit\u00e9 et cache le canal, donnant un aspect propre sans cadre.<\/li>\n\n\n\n<li>Le diffuseur en polycarbonate d\u00e9poli cr\u00e9e une lumi\u00e8re douce et uniforme, sans points chauds.<\/li>\n\n\n\n<li>Livr\u00e9 avec des clips de montage et des capuchons de terminaison, ce qui rend l'installation rapide et facile.<\/li>\n\n\n\n<li>Con\u00e7u pour un \u00e9clairage encastr\u00e9 qui est de montage affleurant ou sans cadre.<\/li>\n\n\n\n<li>Compatible avec des bandes COB haute densit\u00e9 pour un \u00e9clairage lin\u00e9aire homog\u00e8ne.<\/li>\n<\/ul>\n<\/div>\n<\/div>\n\n\n\n<div class=\"wp-block-group\" style=\"padding-top:var(--wp--preset--spacing--60);padding-bottom:var(--wp--preset--spacing--60)\"><div class=\"wp-block-group__inner-container is-layout-constrained wp-block-group-is-layout-constrained\">\n<div class=\"wp-block-media-text has-media-on-the-right is-stacked-on-mobile\"><div class=\"wp-block-media-text__content\">\n<h2 class=\"wp-block-heading\" style=\"font-size:25px;font-style:normal;font-weight:600;text-transform:capitalize\">Conseils d'installation &amp; compatibilit\u00e9<\/h2>\n\n\n\n<ul class=\"wp-block-list\">\n<li>Utilisez une scie \u00e0 onglets \u00e0 dents fines pour couper le canal en douceur et obtenir des extr\u00e9mit\u00e9s et des onglets impeccables.<\/li>\n\n\n\n<li>Pour une installation affleurante, utilisez une d\u00e9fonceuse ou un ciseau pour r\u00e9aliser une rainure de 5 mm de profondeur et 15 mm de large.<\/li>\n\n\n\n<li>Pour la meilleure dissipation de chaleur et un bon alignement, retirez et placez votre bande COB de 8 mm dans le socle du canal.<\/li>\n\n\n\n<li>Compatible avec les bandes LED COB haute densit\u00e9, mais pas avec les bandes SMD basse densit\u00e9.<\/li>\n\n\n\n<li>Utilisez avec des drivers LED r\u00e9put\u00e9s des entreprises comme Mean Well et des variateurs qui fonctionnent avec eux.<\/li>\n<\/ul>\n<\/div><figure class=\"wp-block-media-text__media\"><img loading=\"lazy\" decoding=\"async\" width=\"500\" height=\"500\" src=\"https:\/\/tangooled.com\/wp-content\/uploads\/2025\/07\/irp03-ins.webp\" alt=\"canal LED noir encastr\u00e9 de 5 mm pour bandes cob de 8 mm\" class=\"wp-image-41137 size-full\" srcset=\"https:\/\/tangooled.com\/wp-content\/uploads\/2025\/07\/irp03-ins.webp 500w, https:\/\/tangooled.com\/wp-content\/uploads\/2025\/07\/irp03-ins-300x300.webp 300w, https:\/\/tangooled.com\/wp-content\/uploads\/2025\/07\/irp03-ins-150x150.webp 150w\" sizes=\"auto, (max-width: 500px) 100vw, 500px\" \/><\/figure><\/div>\n<\/div><\/div>\n\n\n\n<div class=\"wp-block-group has-background\" style=\"background-color:#f1f1f1f2;padding-top:var(--wp--preset--spacing--80);padding-bottom:var(--wp--preset--spacing--80)\"><div class=\"wp-block-group__inner-container is-layout-constrained wp-block-group-is-layout-constrained\">\n<h2 class=\"wp-block-heading\" style=\"padding-top:var(--wp--preset--spacing--40);padding-bottom:var(--wp--preset--spacing--40);font-size:25px;font-style:normal;font-weight:600\">What\u2019s Included?<\/h2>\n\n\n\n<ul class=\"wp-block-list\">\n<li>1x canal LED noir encastr\u00e9 en aluminium <\/li>\n\n\n\n<li>\u2022 1x opal polycarbonate diffuser snap-in cover<\/li>\n\n\n\n<li>\u2022 2x mounting clips for secure installation<\/li>\n\n\n\n<li>\u2022 2x end caps (1 with wire hole for cable exit, 1 solid)<\/li>\n<\/ul>\n<\/div><\/div>\n\n\n\n<div class=\"wp-block-group is-vertical is-layout-flex wp-container-core-group-is-layout-d255d7c4 wp-block-group-is-layout-flex\" style=\"padding-top:var(--wp--preset--spacing--80);padding-bottom:var(--wp--preset--spacing--80)\">\n<h2 class=\"wp-block-heading\" style=\"padding-top:var(--wp--preset--spacing--40);padding-bottom:var(--wp--preset--spacing--40);font-size:25px;font-style:normal;font-weight:600\">O\u00f9 utiliser le canal LED noir encastr\u00e9 de 5 mm<\/h2>\n\n\n\n<ul class=\"wp-block-list\">\n<li>Mobilier et menuiserie : Placez-le dans des \u00e9tag\u00e8res, des garde-robes et des ouvrages en bois sur mesure pour un \u00e9clairage d'accentuation qui correspond pr\u00e9cis\u00e9ment au grain du bois.<\/li>\n\n\n\n<li>\u00c9clairage sous-armoire : Illumine uniform\u00e9ment et clairement les comptoirs de cuisine, sans reflets ni points chauds.<\/li>\n\n\n\n<li>Plaques de pl\u00e2tre et drywall : R\u00e9alisez des canaux peu profonds pour des lumi\u00e8res modernes encastr\u00e9es au mur et au plafond ; la finition noire s'int\u00e8gre parfaitement avec le reste de la pi\u00e8ce.<\/li>\n\n\n\n<li>Vitrines de retail : Pour donner \u00e0 votre magasin une impression professionnelle, concentrez la lumi\u00e8re sur les produits et cachez le bo\u00eetier noir propre.<\/li>\n<\/ul>\n<\/div>\n\n\n\n<div class=\"wp-block-group is-vertical is-layout-flex wp-container-core-group-is-layout-d255d7c4 wp-block-group-is-layout-flex\" style=\"padding-top:var(--wp--preset--spacing--80);padding-bottom:var(--wp--preset--spacing--80)\">\n<p>D\u00e9couvrez la diff\u00e9rence d'un canal LED noir encastr\u00e9 de 5 mm propre pour vos bandes LED COB de 8 mm, \u00e0 partir de nos profils en aluminium premium. Apportez un \u00e9clairage moderne, \u00e9conome en \u00e9nergie et v\u00e9ritablement homog\u00e8ne \u00e0 votre maison ou projet en toute confiance et facilit\u00e9.<\/p>\n\n\n\n<ul class=\"wp-block-list\">\n<li><a href=\"https:\/\/tangooled.com\/fr\/product\/black-led-diffuser-aluminum-channel-for-12mm-tape-lights\/\"><mark style=\"background-color:rgba(0, 0, 0, 0)\" class=\"has-inline-color has-vivid-red-color\">Profil en aluminium avec diffuseur LED noir pour bandes de 12 mm<\/mark><\/a><\/li>\n\n\n\n<li><a href=\"https:\/\/tangooled.com\/fr\/product\/surface-mount-led-profile-with-frosted-diffuser-for-10mm-rope-lights\/\"><mark style=\"background-color:rgba(0, 0, 0, 0)\" class=\"has-inline-color has-vivid-red-color\">Profil LED \u00e0 montage en surface avec diffuseur d\u00e9poli pour bandes de 10 mm<\/mark><\/a><\/li>\n<\/ul>\n<\/div>\n\n\n\n<p><\/p>","protected":false},"featured_media":41140,"template":"","meta":{"_acf_changed":true,"_seopress_robots_primary_cat":"none","_seopress_titles_title":"Black 5mm Recessed LED Channel for 8mm COB Strips | TANGOOLED","_seopress_titles_desc":"Achieve a sleek, dot-free look with our black 5mm recessed LED channel. Specifically designed for 8mm COB strips, its ultra-narrow flange profile provides a seamless linear light effect in modern interiors.","_seopress_robots_index":""},"pcb-width":[228],"product-cat":[193],"class_list":{"0":"post-34947","1":"product","2":"type-product","3":"status-publish","4":"has-post-thumbnail","6":"pcb-width-6-12mm","7":"product-cat-recessed-profile"},"acf":[],"_links":{"self":[{"href":"https:\/\/tangooled.com\/fr\/wp-json\/wp\/v2\/product\/34947","targetHints":{"allow":["GET"]}}],"collection":[{"href":"https:\/\/tangooled.com\/fr\/wp-json\/wp\/v2\/product"}],"about":[{"href":"https:\/\/tangooled.com\/fr\/wp-json\/wp\/v2\/types\/product"}],"wp:featuredmedia":[{"embeddable":true,"href":"https:\/\/tangooled.com\/fr\/wp-json\/wp\/v2\/media\/41140"}],"wp:attachment":[{"href":"https:\/\/tangooled.com\/fr\/wp-json\/wp\/v2\/media?parent=34947"}],"wp:term":[{"taxonomy":"pcb-width","embeddable":true,"href":"https:\/\/tangooled.com\/fr\/wp-json\/wp\/v2\/pcb-width?post=34947"},{"taxonomy":"product-cat","embeddable":true,"href":"https:\/\/tangooled.com\/fr\/wp-json\/wp\/v2\/product-cat?post=34947"}],"curies":[{"name":"wp","href":"https:\/\/api.w.org\/{rel}","templated":true}]}}