{"id":34942,"date":"2025-07-01T01:37:31","date_gmt":"2025-07-01T09:37:31","guid":{"rendered":"https:\/\/tangooled.com\/?post_type=product&#038;p=34942"},"modified":"2026-02-02T22:21:03","modified_gmt":"2026-02-03T06:21:03","slug":"ultra-shallow-recessed-led-profile-15x6mm","status":"publish","type":"product","link":"https:\/\/tangooled.com\/fr\/product\/ultra-shallow-recessed-led-profile-15x6mm\/","title":{"rendered":"Profil\u00e9 LED en aluminium encastr\u00e9 ultra mince 15x6mm"},"content":{"rendered":"<div class=\"wp-block-group\" style=\"padding-top:var(--wp--preset--spacing--80);padding-bottom:var(--wp--preset--spacing--80)\"><div class=\"wp-block-group__inner-container is-layout-constrained wp-block-group-is-layout-constrained\">\n<p>Notre profil\u00e9 LED encastr\u00e9 ultra mince de 15x6mm est fabriqu\u00e9 \u00e0 partir d\u2019aluminium anodis\u00e9 argent\u00e9 de haute qualit\u00e9 et a une largeur int\u00e9rieure de 11,2mm. Il peut \u00eatre int\u00e9gr\u00e9 dans des meubles, des armoires, et plus encore, ce qui le rend parfait pour les bandes lumineuses LED de 8mm ou 10mm.<\/p>\n\n\n\n<p>The shallow LED aluminum profile, featuring an opal diffuser, ensures that the light is evenly distributed and the heat is spread evenly. You may get aluminum channels in silver, white, and black, so you can match them perfectly with your home&#8217;s decor.<\/p>\n\n\n\n<p>Ce profil\u00e9 LED ultra mince est livr\u00e9 avec des capuchons de fin et des clips de montage en acier inoxydable. Les capuchons de fin emp\u00eachent la poussi\u00e8re et les d\u00e9bris de p\u00e9n\u00e9trer dans la bande lumineuse LED et permettent \u00e0 celle-ci de se connecter \u00e0 une source d'alimentation LED pour une connexion \u00e9lectrique fluide. Les clips de montage facilitent l'installation du canal en aluminium de mani\u00e8re s\u00e9curis\u00e9e.<\/p>\n<\/div><\/div>\n\n\n\n<div class=\"wp-block-group has-background\" style=\"background-color:#f1f1f1;padding-top:var(--wp--preset--spacing--80);padding-bottom:var(--wp--preset--spacing--80)\"><div class=\"wp-block-group__inner-container is-layout-constrained wp-block-group-is-layout-constrained\">\n<div class=\"wp-block-group\"><div class=\"wp-block-group__inner-container is-layout-constrained wp-block-group-is-layout-constrained\">\n<h2 class=\"wp-block-heading\" style=\"padding-top:var(--wp--preset--spacing--40);padding-bottom:var(--wp--preset--spacing--40);font-size:25px;font-style:normal;font-weight:600;text-transform:capitalize\">Pourquoi choisir notre profil\u00e9 LED en aluminium encastr\u00e9 ultra mince de 15x6mm ?<\/h2>\n\n\n\n<ul class=\"wp-block-list\">\n<li>Convient \u00e0 toutes les bandes LED de 10mm de large, y compris les bandes LED \u00e0 haute densit\u00e9, les bandes LED COB, et les bandes SMD 5050, 2835.<\/li>\n\n\n\n<li>Fabriqu\u00e9 en aluminium anodis\u00e9 6063-T5, un excellent dissipateur thermique qui garde vos LED au frais.<\/li>\n\n\n\n<li>Est livr\u00e9 avec un diffuseur en polycarbonate d\u00e9poli ou en opale pour une lumi\u00e8re sans points, douce.<\/li>\n\n\n\n<li>Includes mounting clips, end caps, and diffuser \u2014 a full kit ready to install.<\/li>\n\n\n\n<li>S'int\u00e8gre facilement dans une rainure de 15mm de large et seulement 6mm de profondeur pour un look affleurant.<\/li>\n<\/ul>\n<\/div><\/div>\n<\/div><\/div>\n\n\n\n<div class=\"wp-block-group\" style=\"padding-top:var(--wp--preset--spacing--60);padding-bottom:var(--wp--preset--spacing--60)\"><div class=\"wp-block-group__inner-container is-layout-constrained wp-block-group-is-layout-constrained\">\n<div class=\"wp-block-media-text has-media-on-the-right is-stacked-on-mobile\"><div class=\"wp-block-media-text__content\">\n<h2 class=\"wp-block-heading\" style=\"padding-top:var(--wp--preset--spacing--40);padding-bottom:var(--wp--preset--spacing--40);font-size:25px;font-style:normal;font-weight:600;text-transform:capitalize\">Comment installer<\/h2>\n\n\n\n<ul class=\"wp-block-list\">\n<li>Suivez le plan de votre conception d'\u00e9clairage et d\u00e9coupez une rainure de 15,2x6mm dans le meuble en bois ou le plafond.<\/li>\n\n\n\n<li>Utilisez des vis ou du ruban adh\u00e9sif pour maintenir le canal en place.<\/li>\n\n\n\n<li>Placez votre bande lumineuse LED \u00e0 l'int\u00e9rieur du canal et branchez-la \u00e0 un driver LED.<\/li>\n\n\n\n<li>Embo\u00eetez le diffuseur et fixez les capuchons de fin des deux c\u00f4t\u00e9s.<\/li>\n<\/ul>\n<\/div><figure class=\"wp-block-media-text__media\"><img loading=\"lazy\" decoding=\"async\" width=\"500\" height=\"500\" src=\"https:\/\/tangooled.com\/wp-content\/uploads\/2025\/07\/rp03-ins.webp\" alt=\"recessed 15x6mm led strip aluminum profile for 10mm strips\" class=\"wp-image-40593 size-full\" srcset=\"https:\/\/tangooled.com\/wp-content\/uploads\/2025\/07\/rp03-ins.webp 500w, https:\/\/tangooled.com\/wp-content\/uploads\/2025\/07\/rp03-ins-300x300.webp 300w, https:\/\/tangooled.com\/wp-content\/uploads\/2025\/07\/rp03-ins-150x150.webp 150w\" sizes=\"auto, (max-width: 500px) 100vw, 500px\" \/><\/figure><\/div>\n<\/div><\/div>\n\n\n\n<div class=\"wp-block-group has-background\" style=\"background-color:#f1f1f1;padding-top:var(--wp--preset--spacing--80);padding-bottom:var(--wp--preset--spacing--80)\"><div class=\"wp-block-group__inner-container is-layout-constrained wp-block-group-is-layout-constrained\">\n<h2 class=\"wp-block-heading\" style=\"padding-top:var(--wp--preset--spacing--40);padding-bottom:var(--wp--preset--spacing--40);font-size:25px;font-style:normal;font-weight:600;text-transform:capitalize\">Que pouvez-vous obtenir dans le kit ?<\/h2>\n\n\n\n<ul class=\"wp-block-list\">\n<li>1x Canal en aluminium (coup\u00e9 \u00e0 la longueur de votre choix)<\/li>\n\n\n\n<li>1x Diffuseur en polycarbonate d\u00e9poli (embo\u00eetable)<\/li>\n\n\n\n<li>2x Capuchons de fin (un avec un trou pour le fil, un solide)<\/li>\n<\/ul>\n<\/div><\/div>\n\n\n\n<div class=\"wp-block-group\" style=\"padding-top:var(--wp--preset--spacing--80);padding-bottom:var(--wp--preset--spacing--80)\"><div class=\"wp-block-group__inner-container is-layout-constrained wp-block-group-is-layout-constrained\">\n<h2 class=\"wp-block-heading\" style=\"padding-top:var(--wp--preset--spacing--40);padding-bottom:var(--wp--preset--spacing--40);font-size:25px;font-style:normal;font-weight:600;text-transform:capitalize\">Sc\u00e9narios d'utilisation populaires<\/h2>\n\n\n\n<ul class=\"wp-block-list\">\n<li>\u00c9clairage sous les meubles et cuisine : Ce type d'\u00e9clairage illumine les surfaces de comptoir sans cr\u00e9er d'ombres.<\/li>\n\n\n\n<li>Armoires &amp; Placards : Illuminez \u00e9l\u00e9gamment les espaces sombres.<\/li>\n\n\n\n<li>\u00c9clairage de biblioth\u00e8que &amp; Vitrine : \u00c9clairez les objets pour un aspect professionnel.<\/li>\n\n\n\n<li>Accents architecturaux : Int\u00e9gr\u00e9 dans les murs ou les plafonds pour ajouter une belle lumi\u00e8re ambiante.<\/li>\n<\/ul>\n<\/div><\/div>\n\n\n\n<div class=\"wp-block-group has-background\" style=\"background-color:#f1f1f1f2;padding-top:var(--wp--preset--spacing--80);padding-bottom:var(--wp--preset--spacing--80)\"><div class=\"wp-block-group__inner-container is-layout-constrained wp-block-group-is-layout-constrained\">\n<h2 class=\"wp-block-heading\" style=\"font-size:25px;font-style:normal;font-weight:600;text-transform:capitalize\">Qu'est-ce qui rend ce canal LED encastr\u00e9 ultra mince sp\u00e9cial ?<\/h2>\n\n\n\n<ul class=\"wp-block-list\">\n<li>Protection et gestion des chaleurs renforc\u00e9es : Notre extrusion en aluminium garde votre bande LED au frais et prolonge sa dur\u00e9e de vie. Le diffuseur en polycarbonate prot\u00e8ge les LEDs de la poussi\u00e8re et des dommages. Cela aide \u00e0 \u00e9viter que les objets ne jaunissent ou ne s'assombrissent avec le temps.<\/li>\n\n\n\n<li>\u00c9clairage fluide et sans points : Gr\u00e2ce au diffuseur d\u00e9poli et \u00e0 la compatibilit\u00e9 avec les bandes LED COB, votre lumi\u00e8re sera brillante et continue. Pas de points ou de clignotements inesth\u00e9tiques ! Id\u00e9al pour l'\u00e9clairage de t\u00e2ches, les \u00e9tag\u00e8res et les vitrines.<\/li>\n\n\n\n<li>Profil\u00e9 mince, affleurant et facile \u00e0 installer : Le profil\u00e9 s\u2019int\u00e8gre dans une rainure fine de 6mm. Enfoncez-le dans votre cloison s\u00e8che ou la rainure de vos meubles pour un look d'\u00e9clairage moderne et \u00e9pur\u00e9. Pas de lumi\u00e8res encombrantes \u00e0 la surface. Utilisez un adh\u00e9sif r\u00e9sistant pour une installation facile.<\/li>\n\n\n\n<li>Longueur d\u00e9coupable :<\/li>\n\n\n\n<li>Pour n'importe quel espace, utilisez une scie \u00e0 dents fines pour couper le profil\u00e9. Cela s'int\u00e8gre dans des placards de cuisine aux \u00e9clairages architecturaux.<\/li>\n<\/ul>\n<\/div><\/div>\n\n\n\n<div class=\"wp-block-group\" style=\"padding-top:var(--wp--preset--spacing--80);padding-bottom:var(--wp--preset--spacing--80)\"><div class=\"wp-block-group__inner-container is-layout-constrained wp-block-group-is-layout-constrained\">\n<h2 class=\"wp-block-heading\" style=\"padding-top:0;padding-bottom:0;font-size:25px;font-style:normal;font-weight:600;text-transform:capitalize\">pour plus d'informations, explorez ces produits connexes<\/h2>\n\n\n\n<ul class=\"wp-block-list\">\n<li><a href=\"https:\/\/tangooled.com\/fr\/product\/led-light-diffuser-channel-aluminum-15x12mm-for-10mm-led-strips\/\"><mark style=\"background-color:rgba(0, 0, 0, 0)\" class=\"has-inline-color has-vivid-red-color\">Ch\u00e2ssis de bande LED \u00e0 profil bas 25x6mm pour bande LED de 10mm<\/mark><\/a><\/li>\n\n\n\n<li><a href=\"https:\/\/tangooled.com\/fr\/product\/25x6mm-low-profile-led-strip-channel-for-10mm-led-strip-light\/\"><mark style=\"background-color:rgba(0, 0, 0, 0)\" class=\"has-inline-color has-vivid-red-color\">Canal diffuseur de lumi\u00e8re LED en aluminium 15x12mm pour bandes LED de 10mm<\/mark><\/a><\/li>\n\n\n\n<li><mark style=\"background-color:rgba(0, 0, 0, 0)\" class=\"has-inline-color has-vivid-red-color\"><a href=\"https:\/\/tangooled.com\/fr\/product\/recessed-5mm-black-led-channel-for-8mm-cob-strips\/\">Canal LED encastr\u00e9 noir de 5mm pour bandes COB de 8mm<\/a><\/mark><\/li>\n<\/ul>\n<\/div><\/div>\n\n\n\n<p><\/p>","protected":false},"featured_media":14384,"template":"","meta":{"_acf_changed":true,"_seopress_robots_primary_cat":"none","_seopress_titles_title":"15x6mm Ultra Shallow Recessed LED Profile | Slim Aluminum Channel | TANGOOLED","_seopress_titles_desc":"At only 6mm deep, our 15x6mm ultra shallow recessed LED profile is perfect for thin surfaces and furniture. Features a flange design for easy, flush-mount installation in shallow cutouts.","_seopress_robots_index":""},"pcb-width":[228],"product-cat":[193],"class_list":{"0":"post-34942","1":"product","2":"type-product","3":"status-publish","4":"has-post-thumbnail","6":"pcb-width-6-12mm","7":"product-cat-recessed-profile"},"acf":[],"_links":{"self":[{"href":"https:\/\/tangooled.com\/fr\/wp-json\/wp\/v2\/product\/34942","targetHints":{"allow":["GET"]}}],"collection":[{"href":"https:\/\/tangooled.com\/fr\/wp-json\/wp\/v2\/product"}],"about":[{"href":"https:\/\/tangooled.com\/fr\/wp-json\/wp\/v2\/types\/product"}],"wp:featuredmedia":[{"embeddable":true,"href":"https:\/\/tangooled.com\/fr\/wp-json\/wp\/v2\/media\/14384"}],"wp:attachment":[{"href":"https:\/\/tangooled.com\/fr\/wp-json\/wp\/v2\/media?parent=34942"}],"wp:term":[{"taxonomy":"pcb-width","embeddable":true,"href":"https:\/\/tangooled.com\/fr\/wp-json\/wp\/v2\/pcb-width?post=34942"},{"taxonomy":"product-cat","embeddable":true,"href":"https:\/\/tangooled.com\/fr\/wp-json\/wp\/v2\/product-cat?post=34942"}],"curies":[{"name":"wp","href":"https:\/\/api.w.org\/{rel}","templated":true}]}}