{"id":34939,"date":"2025-07-01T01:34:20","date_gmt":"2025-07-01T09:34:20","guid":{"rendered":"https:\/\/tangooled.com\/?post_type=product&#038;p=34939"},"modified":"2026-02-02T22:25:27","modified_gmt":"2026-02-03T06:25:27","slug":"17x15mm-deep-recessed-led-strip-channel","status":"publish","type":"product","link":"https:\/\/tangooled.com\/fr\/product\/17x15mm-deep-recessed-led-strip-channel\/","title":{"rendered":"Canal d'\u00e9clairage LED encastr\u00e9 de 17x15mm"},"content":{"rendered":"<div class=\"wp-block-group is-vertical is-layout-flex wp-container-core-group-is-layout-d255d7c4 wp-block-group-is-layout-flex\" style=\"padding-top:var(--wp--preset--spacing--80);padding-bottom:var(--wp--preset--spacing--80)\">\n<p>Notre canal d'\u00e9clairage LED encastr\u00e9 de 17x15mm est con\u00e7u pour des bandes LED de 10mm. Il s'adapte dans des rainures de 17,2 mm de large et 13 mm de profondeur int\u00e9gr\u00e9es dans des murs, des plafonds, des meubles ou des armoires.<\/p>\n\n\n\n<p>Le canal \u00e0 brides fonctionne avec diff\u00e9rentes bandes LED, y compris les bandes LED de 8mm, 10mm et 12mm ainsi que les bandes LED COB. Il est \u00e9quip\u00e9 de bouchons d'extr\u00e9mit\u00e9 et de clips de montage pour une installation facile.<\/p>\n\n\n\n<p>Ce canal en aluminium encastr\u00e9 de 17x15mm offre un \u00e9clairage professionnel, propre et sans couture qui s'int\u00e8gre parfaitement avec les cloisons s\u00e8ches, le bois ou les ouvrages de menuiserie pour une int\u00e9gration architecturale des profils LED sans couture.<\/p>\n<\/div>\n\n\n\n<div class=\"wp-block-group has-background is-vertical is-layout-flex wp-container-core-group-is-layout-d255d7c4 wp-block-group-is-layout-flex\" style=\"background-color:#f1f1f1;padding-top:var(--wp--preset--spacing--80);padding-bottom:var(--wp--preset--spacing--80)\">\n<div class=\"wp-block-group\" style=\"padding-top:var(--wp--preset--spacing--80);padding-bottom:var(--wp--preset--spacing--80)\"><div class=\"wp-block-group__inner-container is-layout-constrained wp-block-group-is-layout-constrained\">\n<h2 class=\"wp-block-heading\" style=\"padding-top:var(--wp--preset--spacing--40);padding-bottom:var(--wp--preset--spacing--40);font-size:25px;font-style:normal;font-weight:600;text-transform:capitalize\">Pourquoi choisir notre canal encastr\u00e9 de 17x15mm ?<\/h2>\n\n\n\n<p style=\"padding-right:var(--wp--preset--spacing--50);padding-left:var(--wp--preset--spacing--50)\">Notre canal encastr\u00e9 de 17x15mm pour bandes LED de 10mm est fabriqu\u00e9 \u00e0 partir de mat\u00e9riaux de haute qualit\u00e9 et poss\u00e8de un design pratique qui facilite la r\u00e9alisation de vos projets d'\u00e9clairage :<\/p>\n\n\n\n<ul class=\"wp-block-list\">\n<li>Un bo\u00eetier de bande LED encastr\u00e9 qui cache votre bande LED dans le mur ou le meuble.<\/li>\n\n\n\n<li>Fabriqu\u00e9 en aluminium anodis\u00e9 pour une dissipation thermique professionnelle et une longue dur\u00e9e de vie de la bande LED.<\/li>\n\n\n\n<li>Il est livr\u00e9 avec un diffuseur en polycarbonate opale qui adoucit la lumi\u00e8re et \u00e9limine les points chauds.<\/li>\n\n\n\n<li>Il est \u00e9galement fourni avec des clips de montage et des bouchons d'extr\u00e9mit\u00e9 pour le maintenir en place et avoir un aspect soign\u00e9.<\/li>\n\n\n\n<li>Con\u00e7u sp\u00e9cifiquement pour des largeurs de bandes LED de 10mm, telles que les LEDs SMD 5050 et les bandes LED COB sans points.<\/li>\n\n\n\n<li>Id\u00e9al pour cr\u00e9er un \u00e9clairage personnalis\u00e9 pour les cuisines, les placards, les plafonds et les pr\u00e9sentoirs.<\/li>\n<\/ul>\n<\/div><\/div>\n<\/div>\n\n\n\n<div class=\"wp-block-group\" style=\"padding-top:var(--wp--preset--spacing--80);padding-bottom:var(--wp--preset--spacing--80)\"><div class=\"wp-block-group__inner-container is-layout-constrained wp-block-group-is-layout-constrained\">\n<div class=\"wp-block-media-text has-media-on-the-right is-stacked-on-mobile\"><div class=\"wp-block-media-text__content\">\n<h2 class=\"wp-block-heading\" style=\"padding-top:var(--wp--preset--spacing--40);padding-bottom:var(--wp--preset--spacing--40);font-size:25px;font-style:normal;font-weight:600;text-transform:capitalize\">Comment installer dans un mur sec ou en bois  <\/h2>\n\n\n\n<ul class=\"wp-block-list\">\n<li>Suivez le plan de votre conception d'\u00e9clairage et d\u00e9coupez une rainure de 17x13mm dans le mur sec ou le bois.<\/li>\n\n\n\n<li>Utilisez des vis, de la colle ou des clips de montage pour maintenir le canal \u00e0 sa place.<\/li>\n\n\n\n<li>(Optionnel) Appliquez un compos\u00e9 \u00e0 joint ou du pl\u00e2tre sur la bride pour une finition lisse et affleurante.<\/li>\n\n\n\n<li>Ins\u00e9rez votre bande LED de 10mm dans le canal et branchez-la sur un driver LED ou un aliment LED dimmable compatible.<\/li>\n\n\n\n<li>Embo\u00eetez le couvercle diffuseur opale pour adoucir la lumi\u00e8re et prot\u00e9ger la bande LED.<\/li>\n<\/ul>\n<\/div><figure class=\"wp-block-media-text__media\"><img loading=\"lazy\" decoding=\"async\" width=\"500\" height=\"500\" src=\"https:\/\/tangooled.com\/wp-content\/uploads\/2025\/07\/rp02-ins.webp\" alt=\"recessed led strip lighting channel 17x15mm for 10mm tape lights\" class=\"wp-image-40353 size-full\" srcset=\"https:\/\/tangooled.com\/wp-content\/uploads\/2025\/07\/rp02-ins.webp 500w, https:\/\/tangooled.com\/wp-content\/uploads\/2025\/07\/rp02-ins-300x300.webp 300w, https:\/\/tangooled.com\/wp-content\/uploads\/2025\/07\/rp02-ins-150x150.webp 150w\" sizes=\"auto, (max-width: 500px) 100vw, 500px\" \/><\/figure><\/div>\n<\/div><\/div>\n\n\n\n<div class=\"wp-block-group has-background\" style=\"background-color:#f1f1f2;padding-top:var(--wp--preset--spacing--80);padding-bottom:var(--wp--preset--spacing--80)\"><div class=\"wp-block-group__inner-container is-layout-constrained wp-block-group-is-layout-constrained\">\n<h2 class=\"wp-block-heading\" style=\"padding-top:var(--wp--preset--spacing--40);padding-bottom:var(--wp--preset--spacing--40);font-size:25px;font-style:normal;font-weight:600;text-transform:capitalize\">Utilisations id\u00e9ales pour le canal d'\u00e9clairage LED encastr\u00e9 17x15mm<\/h2>\n\n\n\n<ul class=\"wp-block-list\">\n<li>\u00c9clairage d'affichage au d\u00e9tail\u00a0: Cr\u00e9e des pr\u00e9sentations accrocheuses qui attirent l'attention des consommateurs.<\/li>\n<\/ul>\n\n\n\n<ul class=\"wp-block-list\">\n<li>\u00c9clairage sous les armoires de cuisine\u00a0: \u00c9clairez vos plans de travail pour faciliter la cuisson et la pr\u00e9paration.<\/li>\n<\/ul>\n\n\n\n<ul class=\"wp-block-list\">\n<li>\u00c9clairage de garde-robe et de placard : \u00c9clairez l'espace pour une meilleure visibilit\u00e9 et organisation.<\/li>\n<\/ul>\n\n\n\n<ul class=\"wp-block-list\">\n<li>\u00c9clairage r\u00e9sidentiel\u00a0: Cr\u00e9e des lignes de lumi\u00e8re d'accentuation propres dans les salons et les chambres.<\/li>\n<\/ul>\n\n\n\n<ul class=\"wp-block-list\">\n<li>Int\u00e9gration d'espaces commerciaux\u00a0: Un choix d'\u00e9clairage polyvalent pour les bureaux, les halls et les salles d'exposition.<\/li>\n<\/ul>\n\n\n\n<ul class=\"wp-block-list\">\n<li>Architectural feature enhancement: Highlights a building&#8217;s unique and interesting.<\/li>\n<\/ul>\n<\/div><\/div>\n\n\n\n<div class=\"wp-block-group\" style=\"padding-top:var(--wp--preset--spacing--80);padding-bottom:var(--wp--preset--spacing--80)\"><div class=\"wp-block-group__inner-container is-layout-constrained wp-block-group-is-layout-constrained\">\n<h2 class=\"wp-block-heading\" style=\"padding-top:var(--wp--preset--spacing--40);padding-bottom:var(--wp--preset--spacing--40);font-size:25px;font-style:normal;font-weight:600\">Produits connexes qui pourraient vous int\u00e9resser<\/h2>\n\n\n\n<ul class=\"wp-block-list\">\n<li>D\u00e9couvrez notre <a href=\"https:\/\/tangooled.com\/fr\/product\/black-led-profile-with-black-diffuser-for-10mm-led-strip-light\/\"><mark style=\"background-color:rgba(0, 0, 0, 0)\" class=\"has-inline-color has-vivid-red-color\">profil LED noir avec diffuseur noir pour bande lumineuse LED de 10 mm<\/mark><\/a> pour des finitions alternatives.<\/li>\n\n\n\n<li>Besoin d'une solution de montage en surface ? Consultez notre <a href=\"https:\/\/tangooled.com\/fr\/product\/surface-mount-led-profile-with-frosted-diffuser-for-10mm-rope-lights\/\"><mark style=\"background-color:rgba(0, 0, 0, 0)\" class=\"has-inline-color has-vivid-red-color\">profil LED \u00e0 monter en surface avec diffuseur d\u00e9poli pour \u00e9clairage \u00e0 corde de 10 mm<\/mark><\/a>.<\/li>\n\n\n\n<li>D\u00e9couvrez des options minces avec le <mark style=\"background-color:rgba(0, 0, 0, 0)\" class=\"has-inline-color has-vivid-red-color\"><a href=\"https:\/\/tangooled.com\/fr\/product\/led-light-diffuser-channel-aluminum-15x12mm-for-10mm-led-strips\/\">Canal diffuseur de lumi\u00e8re LED en aluminium 15x12mm pour bandes LED de 10mm<\/a><\/mark>.<\/li>\n<\/ul>\n\n\n\n<p><\/p>\n<\/div><\/div>\n\n\n\n<div class=\"wp-block-group has-background\" style=\"background-color:#f1f1f2;padding-top:var(--wp--preset--spacing--80);padding-bottom:var(--wp--preset--spacing--80)\"><div class=\"wp-block-group__inner-container is-layout-constrained wp-block-group-is-layout-constrained\">\n<h2 class=\"wp-block-heading\" style=\"padding-top:var(--wp--preset--spacing--40);padding-bottom:var(--wp--preset--spacing--40);font-size:25px;font-style:normal;font-weight:600;text-transform:capitalize\">Achetez votre canal LED encastr\u00e9 de 17x15mm aujourd'hui !<\/h2>\n\n\n\n<p style=\"padding-right:var(--wp--preset--spacing--50);padding-left:var(--wp--preset--spacing--50)\">Build clean, bright, and professional architectural LED profiles with our recessed LED strip lighting channel 17x15mm for 10mm tape lights. Perfect for indoor recessed linear lighting fixture projects, it\u2019s easy to install and delivers a dot-free, high CRI lighting experience wherever you need it. For more lighting accessories and aluminum profile options, browse our collection of <a href=\"https:\/\/tangooled.com\/fr\/product\/led-strip-light-channel-aluminum-profile-with-diffused-cover-6mm-height\/\"><mark style=\"background-color:rgba(0, 0, 0, 0)\" class=\"has-inline-color has-vivid-red-color\">Canaux de bande LED<\/mark><\/a> et <a href=\"https:\/\/tangooled.com\/fr\/product\/45-degree-corner-led-aluminum-channel-for-10mm-led-strips\/\"><mark style=\"background-color:rgba(0, 0, 0, 0)\" class=\"has-inline-color has-vivid-red-color\">Extrusions LED d'angle<\/mark><\/a> sur Tangooled.<\/p>\n\n\n\n<p><\/p>\n<\/div><\/div>","protected":false},"featured_media":14390,"template":"","meta":{"_acf_changed":true,"_seopress_robots_primary_cat":"none","_seopress_titles_title":"17x15mm Deep Recessed LED Channel Aluminum Profile | TANGOOLED","_seopress_titles_desc":"The 17x15mm deep recessed LED channel is designed for a flawless, dot-free lighting effect. Its extra depth provides superior heat dissipation and hides LED spots for a professional linear finish.","_seopress_robots_index":""},"pcb-width":[228],"product-cat":[193],"class_list":{"0":"post-34939","1":"product","2":"type-product","3":"status-publish","4":"has-post-thumbnail","6":"pcb-width-6-12mm","7":"product-cat-recessed-profile"},"acf":[],"_links":{"self":[{"href":"https:\/\/tangooled.com\/fr\/wp-json\/wp\/v2\/product\/34939","targetHints":{"allow":["GET"]}}],"collection":[{"href":"https:\/\/tangooled.com\/fr\/wp-json\/wp\/v2\/product"}],"about":[{"href":"https:\/\/tangooled.com\/fr\/wp-json\/wp\/v2\/types\/product"}],"wp:featuredmedia":[{"embeddable":true,"href":"https:\/\/tangooled.com\/fr\/wp-json\/wp\/v2\/media\/14390"}],"wp:attachment":[{"href":"https:\/\/tangooled.com\/fr\/wp-json\/wp\/v2\/media?parent=34939"}],"wp:term":[{"taxonomy":"pcb-width","embeddable":true,"href":"https:\/\/tangooled.com\/fr\/wp-json\/wp\/v2\/pcb-width?post=34939"},{"taxonomy":"product-cat","embeddable":true,"href":"https:\/\/tangooled.com\/fr\/wp-json\/wp\/v2\/product-cat?post=34939"}],"curies":[{"name":"wp","href":"https:\/\/api.w.org\/{rel}","templated":true}]}}