{"id":34937,"date":"2025-07-01T00:43:01","date_gmt":"2025-07-01T08:43:01","guid":{"rendered":"https:\/\/tangooled.com\/?post_type=product&#038;p=34937"},"modified":"2026-02-02T22:25:45","modified_gmt":"2026-02-03T06:25:45","slug":"recessed-led-aluminum-profile-17x8mm-for-strip-lighting","status":"publish","type":"product","link":"https:\/\/tangooled.com\/fr\/product\/recessed-led-aluminum-profile-17x8mm-for-strip-lighting\/","title":{"rendered":"profil en aluminium encastr\u00e9 de 17x8 mm pour \u00e9clairage LED"},"content":{"rendered":"<div class=\"wp-block-group\" style=\"padding-top:var(--wp--preset--spacing--80);padding-bottom:var(--wp--preset--spacing--80)\"><div class=\"wp-block-group__inner-container is-layout-constrained wp-block-group-is-layout-constrained\">\n<p>Notre profil\u00e9 en aluminium encastr\u00e9 de 17x8mm pour \u00e9clairage LED est con\u00e7u pour \u00eatre int\u00e9gr\u00e9 directement dans les murs, plafonds, meubles ou armoires. Le bo\u00eetier en aluminium s'adapte \u00e0 une large gamme de largeurs de bandes LED (jusqu'\u00e0 environ 12mm), y compris les bandes LED courantes de 8mm, 10mm et 12mm ainsi que des produits compatibles avec les bandes LED COB. Il s'ins\u00e8re dans des rainures de 17mm de large et 8mm de profondeur, ce qui lui donne l'apparence d'un \u00e9clairage architectural professionnel sans points lumineux.<\/p>\n\n\n\n<p>Le corps en aluminium anodis\u00e9 en fait un excellent dissipateur de chaleur pour LED qui garde vos LED au frais et prolonge leur dur\u00e9e de vie. Le diffuseur opale inclus cache les points LED, vous obtenant une lumi\u00e8re uniforme avec une lueur douce qui rend n'importe quel espace plus propre.<\/p>\n<\/div><\/div>\n\n\n\n<div class=\"wp-block-group has-background\" style=\"background-color:#f1f1f1;padding-top:var(--wp--preset--spacing--80);padding-bottom:var(--wp--preset--spacing--80)\"><div class=\"wp-block-group__inner-container is-layout-constrained wp-block-group-is-layout-constrained\">\n<div class=\"wp-block-group is-vertical is-layout-flex wp-container-core-group-is-layout-8cf370e7 wp-block-group-is-layout-flex\">\n<h2 class=\"wp-block-heading\" style=\"padding-top:var(--wp--preset--spacing--40);padding-bottom:var(--wp--preset--spacing--40);font-size:25px;font-style:normal;font-weight:600;text-transform:capitalize\">Pourquoi choisir ce profil\u00e9 LED encastr\u00e9 de 17x8mm ?<\/h2>\n\n\n\n<ul class=\"wp-block-list\">\n<li>Flush mount LED channel \u2013 for neat, low-profile install.<\/li>\n\n\n\n<li>Trimless lighting solution \u2013 perfect for drywall, furniture lighting integration, and kitchen cabinet accents.<\/li>\n\n\n\n<li>Strong heat sink \u2013 aluminum keeps LED tapes cool to avoid burnout.<\/li>\n\n\n\n<li>\u00c9clairage sans points \u2013 avec un diffuseur d\u00e9poli qui rend la lumi\u00e8re douce et uniforme sans points chauds.<\/li>\n\n\n\n<li>Protection \u2013 shields LED strips from dust, moisture, and damage.<\/li>\n\n\n\n<li>Easy to cut and install \u2013 use mounting clips or adhesive to fix in place.<\/li>\n<\/ul>\n<\/div>\n<\/div><\/div>\n\n\n\n<div class=\"wp-block-group is-vertical is-layout-flex wp-container-core-group-is-layout-d255d7c4 wp-block-group-is-layout-flex\" style=\"padding-top:var(--wp--preset--spacing--80);padding-bottom:var(--wp--preset--spacing--80)\">\n<div class=\"wp-block-group\" style=\"padding-top:var(--wp--preset--spacing--60);padding-right:0;padding-bottom:var(--wp--preset--spacing--60);padding-left:0\"><div class=\"wp-block-group__inner-container is-layout-constrained wp-container-core-group-is-layout-c4900166 wp-block-group-is-layout-constrained\">\n<div class=\"wp-block-media-text has-media-on-the-right is-stacked-on-mobile\"><div class=\"wp-block-media-text__content\">\n<h2 class=\"wp-block-heading\" style=\"padding-top:var(--wp--preset--spacing--40);padding-bottom:var(--wp--preset--spacing--40);font-size:25px;text-transform:capitalize\">Comment installer le canal en aluminium encastr\u00e9 de 17x8mm<\/h2>\n\n\n\n<ul class=\"wp-block-list\">\n<li>Coupez une rainure dans votre cloison s\u00e8che, bois ou MDF pour accueillir le profil\u00e9 (environ 17,5mm de large x 8mm de profondeur).<\/li>\n\n\n\n<li>Fixez l'extrusion en aluminium \u00e0 l'aide des clips de montage fournis ou d'un adh\u00e9sif de construction solide.<\/li>\n\n\n\n<li>Placez votre bande LED \u00e0 l'int\u00e9rieur du canal, en vous assurant que le ruban correspond \u00e0 la largeur interne (~12mm).<\/li>\n\n\n\n<li>Embo\u00eetez le couvercle du diffuseur opale pour une lumi\u00e8re douce et uniforme.<\/li>\n\n\n\n<li>Fixez des capuchons d'extr\u00e9mit\u00e9 pour sceller les extr\u00e9mit\u00e9s proprement (un capuchon avec un trou pour le fil d'alimentation).<\/li>\n<\/ul>\n<\/div><figure class=\"wp-block-media-text__media\"><img loading=\"lazy\" decoding=\"async\" width=\"500\" height=\"500\" src=\"https:\/\/tangooled.com\/wp-content\/uploads\/2025\/07\/rp01-ins.webp\" alt=\"recessed aluminum profile 17x8mm for led strip lighting\" class=\"wp-image-40336 size-full\" srcset=\"https:\/\/tangooled.com\/wp-content\/uploads\/2025\/07\/rp01-ins.webp 500w, https:\/\/tangooled.com\/wp-content\/uploads\/2025\/07\/rp01-ins-300x300.webp 300w, https:\/\/tangooled.com\/wp-content\/uploads\/2025\/07\/rp01-ins-150x150.webp 150w\" sizes=\"auto, (max-width: 500px) 100vw, 500px\" \/><\/figure><\/div>\n<\/div><\/div>\n\n\n\n<hr class=\"wp-block-separator has-alpha-channel-opacity\"\/>\n<\/div>\n\n\n\n<div class=\"wp-block-group has-background\" style=\"background-color:#f1f1f1;padding-top:var(--wp--preset--spacing--50);padding-bottom:var(--wp--preset--spacing--50)\"><div class=\"wp-block-group__inner-container is-layout-constrained wp-block-group-is-layout-constrained\">\n<h2 class=\"wp-block-heading\" style=\"padding-top:var(--wp--preset--spacing--40);padding-bottom:var(--wp--preset--spacing--40);font-size:25px;font-style:normal;font-weight:600\">Accessoires inclus<\/h2>\n\n\n\n<ul class=\"wp-block-list\">\n<li>Canal en aluminium anodis\u00e9<\/li>\n\n\n\n<li>Diffuseur d\u00e9poli (opale)<\/li>\n\n\n\n<li>Clips de montage (2 ou plus par m\u00e8tre)<\/li>\n\n\n\n<li>Capuchons d'extr\u00e9mit\u00e9 (un solide, un avec un trou pour le fil)<\/li>\n<\/ul>\n<\/div><\/div>\n\n\n\n<div class=\"wp-block-group\" style=\"padding-top:var(--wp--preset--spacing--80);padding-bottom:var(--wp--preset--spacing--80)\"><div class=\"wp-block-group__inner-container is-layout-constrained wp-block-group-is-layout-constrained\">\n<h2 class=\"wp-block-heading\" style=\"font-size:25px;font-style:normal;font-weight:600;text-transform:capitalize\">O\u00f9 pouvez-vous l'utiliser ? fa\u00e7ons courantes d'utiliser<\/h2>\n\n\n\n<ul class=\"wp-block-list\">\n<li>Cuisines : \u00c9clairage sous les armoires, \u00e9clairage des tiroirs, \u00e9tag\u00e8res de garde-manger.<\/li>\n\n\n\n<li>Salons : \u00c9clairage pour le plafond, biblioth\u00e8ques et escaliers.<\/li>\n\n\n\n<li>Espaces commerciaux : Vitrines, \u00e9clairage d'accent de bureau et r\u00e9ception d'h\u00f4tel.<\/li>\n\n\n\n<li>Mobilier sur mesure : \u00c9clairage encastr\u00e9 dans des commodes, vitrines et penderies.<\/li>\n<\/ul>\n\n\n\n<p style=\"padding-right:var(--wp--preset--spacing--50);padding-left:var(--wp--preset--spacing--50)\">Pour plus d'id\u00e9es sur les solutions de profil\u00e9s architecturaux, consultez notre <a href=\"https:\/\/tangooled.com\/fr\/product\/trimless-drywall-led-channel-for-15mm-led-strip-lights\/\"><mark style=\"background-color:rgba(0, 0, 0, 0)\" class=\"has-inline-color has-vivid-red-color\">canal LED en pl\u00e2tre sans bord pour bandes LED de 15mm<\/mark><em><mark style=\"background-color:rgba(0, 0, 0, 0)\" class=\"has-inline-color has-vivid-red-color\"><\/mark><\/em><\/a>ou parcourez notre s\u00e9lection de <mark style=\"background-color:rgba(0, 0, 0, 0)\" class=\"has-inline-color has-vivid-red-color\"><a href=\"https:\/\/tangooled.com\/fr\/product\/surface-mount-led-profile-with-frosted-diffuser-for-10mm-rope-lights\/\">profil LED \u00e0 monter en surface avec diffuseur d\u00e9poli pour \u00e9clairage \u00e0 corde de 10 mm<\/a><\/mark><\/p>\n<\/div><\/div>\n\n\n\n<div class=\"wp-block-group has-background\" style=\"background-color:#f1f1f2;padding-top:var(--wp--preset--spacing--80);padding-bottom:var(--wp--preset--spacing--80)\"><div class=\"wp-block-group__inner-container is-layout-constrained wp-block-group-is-layout-constrained\">\n<h2 class=\"wp-block-heading\" style=\"padding-top:var(--wp--preset--spacing--40);padding-bottom:var(--wp--preset--spacing--40);font-size:25px;font-style:normal;font-weight:600;text-transform:capitalize\">Pourquoi nos clients choisissent ce profil\u00e9<\/h2>\n\n\n\n<p style=\"padding-right:var(--wp--preset--spacing--50);padding-left:var(--wp--preset--spacing--50)\">Ce profil\u00e9 en aluminium encastr\u00e9 facilite la cr\u00e9ation d'\u00e9clairages lin\u00e9aires cach\u00e9s. Les dimensions fines et le montage affleurant permettent un canal discret int\u00e9gr\u00e9 parfaitement aux murs ou au bois. La finition professionnelle et l'extrusion en aluminium robuste emp\u00eachent les dommages et diminuent la chaleur, contrairement aux profil\u00e9s en plastique.<\/p>\n\n\n\n<p style=\"padding-right:var(--wp--preset--spacing--50);padding-left:var(--wp--preset--spacing--50)\">With the included opal diffuser, your LED strip light shines softly without glaring dots or uneven shadows. Perfect for furniture lighting integration, bookshelf lighting, or wardrobe lighting \u2014 even in high-use areas such as kitchens and retail displays.<\/p>\n\n\n\n<p style=\"padding-right:var(--wp--preset--spacing--50);padding-left:var(--wp--preset--spacing--50)\">Les clients ach\u00e8tent \u00e9galement ces profil\u00e9s pour les associer \u00e0 des alimentations dimmables et des pilotes LED, prolongeant le contr\u00f4le et la dur\u00e9e de vie de leurs installations LED. D\u00e9couvrez des accessoires compatibles comme le <mark style=\"background-color:rgba(0, 0, 0, 0)\" class=\"has-inline-color has-vivid-red-color\"><a href=\"https:\/\/tangooled.com\/fr\/product\/black-led-profile-with-black-diffuser-for-10mm-led-strip-light\/\">profil\u00e9 LED noir avec diffuseur noir pour bande LED de 10mm<\/a><em> <\/em><\/mark>ou consultez notre <a href=\"https:\/\/tangooled.com\/fr\/product\/17mm-led-strip-light-aluminum-channel-for-surface-mounting\/\"><mark style=\"background-color:rgba(0, 0, 0, 0)\" class=\"has-inline-color has-vivid-red-color\">canal en aluminium pour bandes LED de 17mm pour montage en surface<\/mark><\/a> pour des alternatives en montage en surface.<\/p>\n<\/div><\/div>\n\n\n\n<p><\/p>","protected":false},"featured_media":14394,"template":"","meta":{"_acf_changed":true,"_seopress_robots_primary_cat":"none","_seopress_titles_title":"17x8mm Recessed LED Profile Aluminum Channel | TANGOOLED","_seopress_titles_desc":"Buy professional 17x8mm recessed LED profile featuring a slim design. Ideal for 10mm-12mm LED strips, this aluminum channel hides cutout edges for a perfect flush-mount finish.","_seopress_robots_index":""},"pcb-width":[228],"product-cat":[193],"class_list":{"0":"post-34937","1":"product","2":"type-product","3":"status-publish","4":"has-post-thumbnail","6":"pcb-width-6-12mm","7":"product-cat-recessed-profile"},"acf":[],"_links":{"self":[{"href":"https:\/\/tangooled.com\/fr\/wp-json\/wp\/v2\/product\/34937","targetHints":{"allow":["GET"]}}],"collection":[{"href":"https:\/\/tangooled.com\/fr\/wp-json\/wp\/v2\/product"}],"about":[{"href":"https:\/\/tangooled.com\/fr\/wp-json\/wp\/v2\/types\/product"}],"wp:featuredmedia":[{"embeddable":true,"href":"https:\/\/tangooled.com\/fr\/wp-json\/wp\/v2\/media\/14394"}],"wp:attachment":[{"href":"https:\/\/tangooled.com\/fr\/wp-json\/wp\/v2\/media?parent=34937"}],"wp:term":[{"taxonomy":"pcb-width","embeddable":true,"href":"https:\/\/tangooled.com\/fr\/wp-json\/wp\/v2\/pcb-width?post=34937"},{"taxonomy":"product-cat","embeddable":true,"href":"https:\/\/tangooled.com\/fr\/wp-json\/wp\/v2\/product-cat?post=34937"}],"curies":[{"name":"wp","href":"https:\/\/api.w.org\/{rel}","templated":true}]}}