{"id":34933,"date":"2025-06-30T23:58:39","date_gmt":"2025-07-01T07:58:39","guid":{"rendered":"https:\/\/tangooled.com\/?post_type=product&#038;p=34933"},"modified":"2026-02-02T22:29:28","modified_gmt":"2026-02-03T06:29:28","slug":"recessed-triple-row-led-strip-light-channel-with-diffusers","status":"publish","type":"product","link":"https:\/\/tangooled.com\/fr\/product\/recessed-triple-row-led-strip-light-channel-with-diffusers\/","title":{"rendered":"canal de bande LED triple encastr\u00e9 avec diffuseurs"},"content":{"rendered":"<div class=\"wp-block-group is-vertical is-layout-flex wp-container-core-group-is-layout-d255d7c4 wp-block-group-is-layout-flex\" style=\"padding-top:var(--wp--preset--spacing--80);padding-bottom:var(--wp--preset--spacing--80)\">\n<p>Notre canal LED triple encastr\u00e9 RPT01 vous aidera \u00e0 obtenir une lumi\u00e8re brillante et homog\u00e8ne. Il y a trois canaux internes ind\u00e9pendants dans ce canal, chacun mesurant 11,2 mm de large, pouvant accueillir une bande LED et un diffuseur. Cela vous permet d'ajuster la lumi\u00e8re de diverses mani\u00e8res et d'obtenir beaucoup de lumi\u00e8re \u00e0 partir de celui-ci.<br>Les dimensions ext\u00e9rieures sont de 48,7 mm (largeur ext\u00e9rieure) par 8,4 mm (hauteur totale). Le profil est fabriqu\u00e9 en alliage d'aluminium extrud\u00e9 robuste 6063-T5, ce qui assure une excellente dissipation de la chaleur. Les diffuseurs en PC (polycarbonate) de haute qualit\u00e9 qui l'accompagnent garantissent que la lumi\u00e8re se r\u00e9partit uniform\u00e9ment et sans points. Vous pouvez facilement installer le syst\u00e8me en le vissant, comme illustr\u00e9, et il est livr\u00e9 avec tous les capots d'extr\u00e9mit\u00e9 n\u00e9cessaires.<br>Ce canal \u00e0 triple rang\u00e9e est adapt\u00e9 pour une utilisation int\u00e9rieure et est id\u00e9al pour des applications o\u00f9 une source encastr\u00e9e doit \u00e9mettre autant de lumi\u00e8re que possible. Quelques exemples incluent l'\u00e9clairage g\u00e9n\u00e9ral dans les cuisines ou les salles de bains, l'\u00e9clairage des armoires profondes, ou l'\u00e9clairage commercial pour les magasins et les bureaux avec de hauts plafonds.<\/p>\n<\/div>\n\n\n\n<div class=\"wp-block-group has-background is-vertical is-layout-flex wp-container-core-group-is-layout-d255d7c4 wp-block-group-is-layout-flex\" style=\"background-color:#f1f1f1;padding-top:var(--wp--preset--spacing--80);padding-bottom:var(--wp--preset--spacing--80)\">\n<div class=\"wp-block-group is-vertical is-layout-flex wp-container-core-group-is-layout-8cf370e7 wp-block-group-is-layout-flex\">\n<h2 class=\"wp-block-heading\" style=\"padding-top:var(--wp--preset--spacing--40);padding-bottom:var(--wp--preset--spacing--40);font-size:25px;font-style:normal;font-weight:600;text-transform:capitalize\">Pourquoi choisir notre canal LED triple encastr\u00e9 ?<\/h2>\n\n\n\n<ul class=\"wp-block-list\">\n<li>Luminosit\u00e9 et puissance : Il peut contenir trois bandes LED, ce qui vous offre une lumi\u00e8re brillante et homog\u00e8ne pour l'\u00e9clairage g\u00e9n\u00e9ral et de t\u00e2che.<\/li>\n\n\n\n<li>Aspect propre et affleurant : Le canal de bande LED triple encastr\u00e9 avec diffuseurs s'int\u00e8gre parfaitement au placopl\u00e2tre ou au plafond, donnant \u00e0 votre pi\u00e8ce un aspect soign\u00e9.<\/li>\n\n\n\n<li>Mat\u00e9riau durable : L'aluminium utilis\u00e9 pour fabriquer le canal est suffisamment robuste pour garder vos bandes LED au frais et en s\u00e9curit\u00e9.<\/li>\n\n\n\n<li>Lumi\u00e8re douce : Le canal diffuseur rend la lumi\u00e8re plus douce et \u00e9limine les points durs et les hotspots, ce qui donne un \u00e9clairage agr\u00e9able et homog\u00e8ne.<\/li>\n<\/ul>\n<\/div>\n<\/div>\n\n\n\n<div class=\"wp-block-group\" style=\"padding-top:var(--wp--preset--spacing--60);padding-bottom:var(--wp--preset--spacing--60)\"><div class=\"wp-block-group__inner-container is-layout-constrained wp-block-group-is-layout-constrained\">\n<div class=\"wp-block-media-text has-media-on-the-right is-stacked-on-mobile\"><div class=\"wp-block-media-text__content\">\n<h2 class=\"wp-block-heading\" style=\"padding-top:var(--wp--preset--spacing--40);padding-bottom:var(--wp--preset--spacing--40);font-size:25px;font-style:normal;font-weight:600;text-transform:capitalize\">Comment l'utiliser ?<\/h2>\n\n\n\n<ul class=\"wp-block-list\">\n<li>Coupez le canal LED triple \u00e0 la bonne longueur.<\/li>\n\n\n\n<li>Placez-le affleurant contre le placopl\u00e2tre, le plafond ou toute autre surface plane.<\/li>\n\n\n\n<li>Placez vos bandes LED dans le canal.<\/li>\n\n\n\n<li>Mettez le couvercle diffuseur pour cr\u00e9er une lumi\u00e8re douce et dissimuler les hotspots.<\/li>\n\n\n\n<li>Utilisez du ruban adh\u00e9sif et des capots d'extr\u00e9mit\u00e9 pour maintenir le tout en place pour une belle finition.<\/li>\n<\/ul>\n<\/div><figure class=\"wp-block-media-text__media\"><img loading=\"lazy\" decoding=\"async\" width=\"500\" height=\"500\" src=\"https:\/\/tangooled.com\/wp-content\/uploads\/2025\/06\/rpt01-ins.webp\" alt=\"canal de bande LED triple encastr\u00e9 avec diffuseurs\" class=\"wp-image-41819 size-full\" srcset=\"https:\/\/tangooled.com\/wp-content\/uploads\/2025\/06\/rpt01-ins.webp 500w, https:\/\/tangooled.com\/wp-content\/uploads\/2025\/06\/rpt01-ins-300x300.webp 300w, https:\/\/tangooled.com\/wp-content\/uploads\/2025\/06\/rpt01-ins-150x150.webp 150w\" sizes=\"auto, (max-width: 500px) 100vw, 500px\" \/><\/figure><\/div>\n<\/div><\/div>\n\n\n\n<div class=\"wp-block-group has-background\" style=\"background-color:#f1f1f1;padding-top:var(--wp--preset--spacing--80);padding-bottom:var(--wp--preset--spacing--80)\"><div class=\"wp-block-group__inner-container is-layout-constrained wp-block-group-is-layout-constrained\">\n<h2 class=\"wp-block-heading\" style=\"padding-top:var(--wp--preset--spacing--40);padding-bottom:var(--wp--preset--spacing--40);font-size:25px;font-style:normal;font-weight:600;text-transform:capitalize\">Parfait pour de nombreux espaces et utilisations<\/h2>\n\n\n\n<p style=\"padding-right:var(--wp--preset--spacing--50);padding-left:var(--wp--preset--spacing--50)\">Le canal de bande LED triple encastr\u00e9 avec diffuseurs donneront \u00e0 vos pi\u00e8ces un nouvel aspect \u00e9clair\u00e9. Il fonctionne bien pour :<\/p>\n\n\n\n<ul class=\"wp-block-list\">\n<li>Salons et chambres (\u00e9clairage g\u00e9n\u00e9ral et accents)<\/li>\n\n\n\n<li>\u00c9clairage pour t\u00e2ches et sous les armoires dans les cuisines, les garde-mangers et les placards<\/li>\n\n\n\n<li>Lieux d'affaires, tels que magasins et bureaux, o\u00f9 les lumi\u00e8res au plafond ont toutes la m\u00eame teinte<\/li>\n\n\n\n<li>Mobilier, armoires et \u00e9tag\u00e8res (avec \u00e9clairage personnalis\u00e9 int\u00e9gr\u00e9)<\/li>\n\n\n\n<li>Parties d'un b\u00e2timent, y compris murs et corniches, qui rendent les lignes de lumi\u00e8re lisses et uniformes<\/li>\n<\/ul>\n<\/div><\/div>\n\n\n\n<div class=\"wp-block-group\" style=\"padding-top:var(--wp--preset--spacing--80);padding-bottom:var(--wp--preset--spacing--80)\"><div class=\"wp-block-group__inner-container is-layout-constrained wp-block-group-is-layout-constrained\">\n<p style=\"font-size:20px\">D\u00e9couvrez comment ce canal se compare \u00e0 d'autres profils comme <mark style=\"background-color:rgba(0, 0, 0, 0)\" class=\"has-inline-color has-vivid-red-color\"><a href=\"https:\/\/tangooled.com\/fr\/product\/black-led-profile-with-black-diffuser-for-10mm-led-strip-light\/\">le profil LED noir avec diffuseur noir pour bande LED de 10 mm<\/a> <\/mark>ou le<a href=\"https:\/\/tangooled.com\/fr\/product\/led-strip-light-channel-aluminum-profile-with-diffused-cover-6mm-height\/\"><mark style=\"background-color:rgba(0, 0, 0, 0)\" class=\"has-inline-color has-vivid-red-color\"> profil en aluminium pour bande lumineuse LED avec couvercle diffusant de 6 mm de hauteur<\/mark><\/a> pour d'autres styles d'\u00e9clairage.<\/p>\n<\/div><\/div>\n\n\n\n<div class=\"wp-block-group has-background\" style=\"background-color:#f1f1f1;padding-top:var(--wp--preset--spacing--80);padding-bottom:var(--wp--preset--spacing--80)\"><div class=\"wp-block-group__inner-container is-layout-constrained wp-block-group-is-layout-constrained\">\n<h2 class=\"wp-block-heading\" style=\"padding-top:var(--wp--preset--spacing--40);padding-bottom:var(--wp--preset--spacing--40);font-size:25px;font-style:normal;font-weight:600;text-transform:capitalize\">Voir \u00e9galement ces produits associ\u00e9s<\/h2>\n\n\n\n<ul class=\"wp-block-list\">\n<li>Si vous recherchez des profils LED noirs, essayez le <a href=\"https:\/\/tangooled.com\/fr\/product\/black-led-diffuser-aluminum-channel-for-12mm-tape-lights\/\"><mark style=\"background-color:rgba(0, 0, 0, 0)\" class=\"has-inline-color has-vivid-red-color\">canal en aluminium diffuseur LED noir pour bandes de 12 mm<\/mark><\/a><\/li>\n\n\n\n<li>Si vous souhaitez installer le profil sur une surface, consultez le <a href=\"https:\/\/tangooled.com\/fr\/product\/surface-mount-led-profile-with-frosted-diffuser-for-10mm-rope-lights\/\"><mark style=\"background-color:rgba(0, 0, 0, 0)\" class=\"has-inline-color has-vivid-red-color\">profil LED \u00e0 monter en surface en forme de U avec diffuseur d\u00e9poli<\/mark><\/a><\/li>\n\n\n\n<li>Vous avez besoin d'une bande plus \u00e9troite ? Consultez le <a href=\"https:\/\/tangooled.com\/fr\/product\/25x6mm-low-profile-led-strip-channel-for-10mm-led-strip-light\/\"><mark style=\"background-color:rgba(0, 0, 0, 0)\" class=\"has-inline-color has-vivid-red-color\">canal LED \u00e0 profil bas pour bande LED de 10 mm<\/mark><\/a> <\/li>\n<\/ul>\n<\/div><\/div>\n\n\n\n<p><\/p>","protected":false},"featured_media":14317,"template":"","meta":{"_acf_changed":true,"_seopress_robots_primary_cat":"none","_seopress_titles_title":"Recessed Triple Row LED Channel | High Output Lighting | TANGOOLED","_seopress_titles_desc":"Source the RPT01 recessed triple row LED channel. Professional aluminum profile designed for triple row strips to achieve high-lumen, uniform lighting in commercial projects.","_seopress_robots_index":""},"pcb-width":[228],"product-cat":[193],"class_list":{"0":"post-34933","1":"product","2":"type-product","3":"status-publish","4":"has-post-thumbnail","6":"pcb-width-6-12mm","7":"product-cat-recessed-profile"},"acf":[],"_links":{"self":[{"href":"https:\/\/tangooled.com\/fr\/wp-json\/wp\/v2\/product\/34933","targetHints":{"allow":["GET"]}}],"collection":[{"href":"https:\/\/tangooled.com\/fr\/wp-json\/wp\/v2\/product"}],"about":[{"href":"https:\/\/tangooled.com\/fr\/wp-json\/wp\/v2\/types\/product"}],"wp:featuredmedia":[{"embeddable":true,"href":"https:\/\/tangooled.com\/fr\/wp-json\/wp\/v2\/media\/14317"}],"wp:attachment":[{"href":"https:\/\/tangooled.com\/fr\/wp-json\/wp\/v2\/media?parent=34933"}],"wp:term":[{"taxonomy":"pcb-width","embeddable":true,"href":"https:\/\/tangooled.com\/fr\/wp-json\/wp\/v2\/pcb-width?post=34933"},{"taxonomy":"product-cat","embeddable":true,"href":"https:\/\/tangooled.com\/fr\/wp-json\/wp\/v2\/product-cat?post=34933"}],"curies":[{"name":"wp","href":"https:\/\/api.w.org\/{rel}","templated":true}]}}