{"id":34906,"date":"2025-06-30T22:41:00","date_gmt":"2025-07-01T06:41:00","guid":{"rendered":"https:\/\/tangooled.com\/?post_type=product&#038;p=34906"},"modified":"2026-02-02T02:19:16","modified_gmt":"2026-02-02T10:19:16","slug":"30x30mm-corner-mount-black-led-profile-v-channel","status":"publish","type":"product","link":"https:\/\/tangooled.com\/fr\/product\/30x30mm-corner-mount-black-led-profile-v-channel\/","title":{"rendered":"Profil LED en aluminium noir pour montage en coin, canal en V 30x30 mm"},"content":{"rendered":"<div class=\"wp-block-group is-vertical is-layout-flex wp-container-core-group-is-layout-d255d7c4 wp-block-group-is-layout-flex\" style=\"padding-top:var(--wp--preset--spacing--80);padding-bottom:var(--wp--preset--spacing--80)\">\n<p>Notre canal de profil LED noir mont\u00e9 en coin de 30x30 mm&nbsp;rendra votre environnement&nbsp;plus lumineux. Ce canal en aluminium noir&nbsp;en forme de V est parfait pour installer des bandes LED dans les coins et le long des limites des pi\u00e8ces de mani\u00e8re intelligente et ordonn\u00e9e. Ce profil offre un bo\u00eetier robuste et solide pouvant accueillir des bandes LED jusqu'\u00e0 20,2 mm de large. Il mesure 30,0 mm de c\u00f4t\u00e9 ext\u00e9rieur. Le grand diffuseur incurv\u00e9 r\u00e9partit la lumi\u00e8re sur une large zone, donnant \u00e0 l'espace&nbsp;un aspect contemporain et architectural. Ce profil vous aide \u00e0 obtenir une lumi\u00e8re brillante et homog\u00e8ne sans spots ni \u00e9blouissement, que vous en ayez besoin pour un \u00e9clairage sous les armoires, des pr\u00e9sentoirs ou des mises en valeur architecturales. L'installation est facile et s\u00fbre, g\u00e9n\u00e9ralement en vissant le profil directement dans les murs de coin pour un ajustement parfait.<\/p>\n<\/div>\n\n\n\n<div class=\"wp-block-group has-background is-vertical is-layout-flex wp-container-core-group-is-layout-d255d7c4 wp-block-group-is-layout-flex\" style=\"background-color:#f1f1f1;padding-top:var(--wp--preset--spacing--80);padding-bottom:var(--wp--preset--spacing--80)\">\n<div class=\"wp-block-group is-vertical is-layout-flex wp-container-core-group-is-layout-8cf370e7 wp-block-group-is-layout-flex\">\n<h2 class=\"wp-block-heading\" style=\"padding-top:var(--wp--preset--spacing--40);padding-bottom:var(--wp--preset--spacing--40);font-size:25px;font-style:normal;font-weight:600;text-transform:capitalize\">Pourquoi choisir notre profil LED noir mont\u00e9 en coin 30x30 mm ?<\/h2>\n\n\n\n<ul class=\"wp-block-list\">\n<li>Le corps en aluminium noir est solide et \u00e9l\u00e9gant, et il prot\u00e8ge les bandes LED.<\/li>\n\n\n\n<li>Con\u00e7u pour s'adapter aux coins \u00e0 angles de 90 degr\u00e9s.<\/li>\n\n\n\n<li>Compatible avec les bandes LED de 20 mm de large ou moins.<\/li>\n\n\n\n<li>Livr\u00e9 avec un diffuseur opale qui adoucit la lumi\u00e8re et la r\u00e9partit uniform\u00e9ment.<\/li>\n\n\n\n<li>Id\u00e9al pour \u00e9clairer une corniche, un placard ou un pr\u00e9sentoir commercial.<\/li>\n\n\n\n<li>Comprend des vis et des capuchons de finition qui facilitent la fixation.<\/li>\n<\/ul>\n<\/div>\n<\/div>\n\n\n\n<div class=\"wp-block-group is-vertical is-layout-flex wp-container-core-group-is-layout-d255d7c4 wp-block-group-is-layout-flex\" style=\"padding-top:var(--wp--preset--spacing--80);padding-bottom:var(--wp--preset--spacing--80)\">\n<hr class=\"wp-block-separator has-alpha-channel-opacity\"\/>\n\n\n\n<div class=\"wp-block-media-text has-media-on-the-right is-stacked-on-mobile\" style=\"grid-template-columns:auto 40%\"><div class=\"wp-block-media-text__content\">\n<h2 class=\"wp-block-heading\" style=\"padding-top:var(--wp--preset--spacing--40);padding-bottom:var(--wp--preset--spacing--40);font-size:25px;font-style:normal;font-weight:600;text-transform:capitalize\">Comment installer facilement<\/h2>\n\n\n\n<ul class=\"wp-block-list\">\n<li>Utilisez des vis pour fixer ce canal dans le coin.<\/li>\n\n\n\n<li>Ins\u00e9rez la bande LED dans le canal.<\/li>\n\n\n\n<li>Appuyez sur le diffuseur LED pour faire rayonner la lumi\u00e8re uniform\u00e9ment.<\/li>\n\n\n\n<li>Mettez les capuchons de finition pour donner un aspect soign\u00e9.<\/li>\n<\/ul>\n<\/div><figure class=\"wp-block-media-text__media\"><img loading=\"lazy\" decoding=\"async\" width=\"500\" height=\"500\" src=\"https:\/\/tangooled.com\/wp-content\/uploads\/2025\/06\/la30b-ins.webp\" alt=\"Profil LED en aluminium noir pour montage en coin, canal en V 30x30 mm\" class=\"wp-image-41964 size-full\" srcset=\"https:\/\/tangooled.com\/wp-content\/uploads\/2025\/06\/la30b-ins.webp 500w, https:\/\/tangooled.com\/wp-content\/uploads\/2025\/06\/la30b-ins-300x300.webp 300w, https:\/\/tangooled.com\/wp-content\/uploads\/2025\/06\/la30b-ins-150x150.webp 150w\" sizes=\"auto, (max-width: 500px) 100vw, 500px\" \/><\/figure><\/div>\n<\/div>\n\n\n\n<div class=\"wp-block-group has-background is-vertical is-layout-flex wp-container-core-group-is-layout-b429018a wp-block-group-is-layout-flex\" style=\"background-color:#f1f1f1f2;padding-top:var(--wp--preset--spacing--70);padding-bottom:var(--wp--preset--spacing--70)\">\n<h2 class=\"wp-block-heading\" style=\"padding-top:var(--wp--preset--spacing--40);padding-bottom:var(--wp--preset--spacing--40);font-size:25px;font-style:normal;font-weight:600\">O\u00f9 utiliser ce profil LED noir mont\u00e9 en coin 30x30 mm<\/h2>\n\n\n\n<ul class=\"wp-block-list\">\n<li>\u00c9clairage sous les armoires pour \u00e9clairer les plans de travail et les zones de travail.<\/li>\n\n\n\n<li>Corniches architecturales et coins de plafond pour am\u00e9liorer l'ambiance de la pi\u00e8ce.<\/li>\n\n\n\n<li>Pr\u00e9sentoirs et vitrines de vente au d\u00e9tail qui illuminent parfaitement les produits.<\/li>\n\n\n\n<li>Garde-robes et placards pour \u00e9clairer les zones sombres des coins.<\/li>\n\n\n\n<li>\u00c9clairage de travail dans les bureaux et les espaces de travail pour une illumination claire et sans \u00e9blouissement.<\/li>\n<\/ul>\n<\/div>\n\n\n\n<div class=\"wp-block-group is-vertical is-layout-flex wp-container-core-group-is-layout-d255d7c4 wp-block-group-is-layout-flex\" style=\"padding-top:var(--wp--preset--spacing--80);padding-bottom:var(--wp--preset--spacing--80)\">\n<h2 class=\"wp-block-heading\" style=\"padding-top:var(--wp--preset--spacing--40);padding-bottom:var(--wp--preset--spacing--40);font-size:25px;font-style:normal;font-weight:600;text-transform:capitalize\">Comparer et explorer des profils connexes<\/h2>\n\n\n\n<p>V\u00e9rifiez ces options pour d'autres besoins d'\u00e9clairage :<\/p>\n\n\n\n<ul class=\"wp-block-list\">\n<li><a href=\"https:\/\/tangooled.com\/fr\/product\/surface-mount-led-profile-with-frosted-diffuser-for-10mm-rope-lights\/\"><mark style=\"background-color:rgba(0, 0, 0, 0)\" class=\"has-inline-color has-vivid-red-color\">Profil LED \u00e0 montage en surface avec diffuseur d\u00e9poli pour bandes de 10 mm<\/mark><\/a><\/li>\n\n\n\n<li><a href=\"https:\/\/tangooled.com\/fr\/product\/black-aluminum-u-channel-profile-for-10mm-led-strips\/\"><mark style=\"background-color:rgba(0, 0, 0, 0)\" class=\"has-inline-color has-vivid-red-color\">Profil\u00e9 canal en aluminium noir en U pour bandes LED de 10mm<\/mark><\/a><\/li>\n\n\n\n<li><a href=\"https:\/\/tangooled.com\/fr\/product\/25x14m-surface-mounted-led-light-aluminum-profile\/\"><mark style=\"background-color:rgba(0, 0, 0, 0)\" class=\"has-inline-color has-vivid-red-color\">Profil\u00e9 en aluminium pour lumi\u00e8re LED mont\u00e9 en surface 25x14mm<\/mark><\/a><\/li>\n\n\n\n<li><a href=\"https:\/\/tangooled.com\/fr\/product\/v-shape-diffuser-corner-aluminum-led-profile-inner-20mm\/\"><mark style=\"background-color:rgba(0, 0, 0, 0)\" class=\"has-inline-color has-vivid-red-color\">Diffuseur en V en aluminium pour profil LED d'angle int\u00e9rieur 20 mm<\/mark><\/a><\/li>\n<\/ul>\n<\/div>\n\n\n\n<div class=\"wp-block-group\" style=\"padding-top:var(--wp--preset--spacing--80);padding-bottom:var(--wp--preset--spacing--80)\"><div class=\"wp-block-group__inner-container is-layout-constrained wp-block-group-is-layout-constrained\">\n<h2 class=\"wp-block-heading\" style=\"padding-top:var(--wp--preset--spacing--40);padding-bottom:var(--wp--preset--spacing--40);font-size:25px;font-style:normal;font-weight:600;text-transform:capitalize\">R\u00e9sum\u00e9 : Con\u00e7u pour des coins lumineux<\/h2>\n\n\n\n<p>Notre profil LED noir mont\u00e9 en coin 30x30 mm est le choix parfait pour quiconque souhaite un \u00e9clairage LED propre et professionnel en coin. Le diffuseur opale, la finition noir mat et le canal en V en aluminium robuste fonctionnent tous ensemble pour offrir un bon aspect et une bonne performance. Vous pouvez l'utiliser dans les cuisines, bureaux, magasins de d\u00e9tail ou partout o\u00f9 un \u00e9clairage de coin lumineux et uniforme est n\u00e9cessaire.<\/p>\n<\/div><\/div>\n\n\n\n<p><\/p>","protected":false},"featured_media":14070,"template":"","meta":{"_acf_changed":true,"_seopress_robots_primary_cat":"none","_seopress_titles_title":"30x30mm Corner Mount Black LED Profile | V-Channel | TANGOOLED","_seopress_titles_desc":"Source the LA30B 30x30mm corner mount black led profile. Heavy-duty black aluminum V-channel for architectural corner lighting projects. Durable & sleek.","_seopress_robots_index":""},"pcb-width":[229],"product-cat":[196],"class_list":{"0":"post-34906","1":"product","2":"type-product","3":"status-publish","4":"has-post-thumbnail","6":"pcb-width-15-20mm","7":"product-cat-corner-profile"},"acf":[],"_links":{"self":[{"href":"https:\/\/tangooled.com\/fr\/wp-json\/wp\/v2\/product\/34906","targetHints":{"allow":["GET"]}}],"collection":[{"href":"https:\/\/tangooled.com\/fr\/wp-json\/wp\/v2\/product"}],"about":[{"href":"https:\/\/tangooled.com\/fr\/wp-json\/wp\/v2\/types\/product"}],"wp:featuredmedia":[{"embeddable":true,"href":"https:\/\/tangooled.com\/fr\/wp-json\/wp\/v2\/media\/14070"}],"wp:attachment":[{"href":"https:\/\/tangooled.com\/fr\/wp-json\/wp\/v2\/media?parent=34906"}],"wp:term":[{"taxonomy":"pcb-width","embeddable":true,"href":"https:\/\/tangooled.com\/fr\/wp-json\/wp\/v2\/pcb-width?post=34906"},{"taxonomy":"product-cat","embeddable":true,"href":"https:\/\/tangooled.com\/fr\/wp-json\/wp\/v2\/product-cat?post=34906"}],"curies":[{"name":"wp","href":"https:\/\/api.w.org\/{rel}","templated":true}]}}