{"id":34903,"date":"2025-06-30T22:27:09","date_gmt":"2025-07-01T06:27:09","guid":{"rendered":"https:\/\/tangooled.com\/?post_type=product&#038;p=34903"},"modified":"2026-02-02T02:18:42","modified_gmt":"2026-02-02T10:18:42","slug":"slim-corner-led-channel-for-5mm-strips-la05","status":"publish","type":"product","link":"https:\/\/tangooled.com\/fr\/product\/slim-corner-led-channel-for-5mm-strips-la05\/","title":{"rendered":"Profil de canal LED d'angle mince pour bande LED de 5 mm"},"content":{"rendered":"<div class=\"wp-block-group is-vertical is-layout-flex wp-container-core-group-is-layout-d255d7c4 wp-block-group-is-layout-flex\" style=\"padding-top:var(--wp--preset--spacing--80);padding-bottom:var(--wp--preset--spacing--80)\">\n<p>Notre profil de canal LED d'angle mince LA05 pour bandes LED de 5mm rendra votre \u00e9clairage lumineux et propre. C'est une mani\u00e8re intelligente et facile de prot\u00e9ger vos bandes LED et de les garder en excellent \u00e9tat dans des espaces restreints. Cette extrusion en aluminium a un profil extr\u00eamement bas et mesure seulement 20,8mm de large et 11,8mm de haut \u00e0 l'ext\u00e9rieur. La cavit\u00e9 int\u00e9rieure est de 8,6mm. Il a une apparence \u00e9l\u00e9gante et compacte qui lui permet de bien s'int\u00e9grer dans un coin et de diffuser la lumi\u00e8re en douceur sous un angle. Cela le rend adapt\u00e9 \u00e0 un \u00e9clairage fin, \u00e9troit ou \u00e0 un \u00e9clairage d'accent d\u00e9licat.<\/p>\n<\/div>\n\n\n\n<div class=\"wp-block-group has-background is-vertical is-layout-flex wp-container-core-group-is-layout-d255d7c4 wp-block-group-is-layout-flex\" style=\"background-color:#f1f1f1;padding-top:var(--wp--preset--spacing--80);padding-bottom:var(--wp--preset--spacing--80)\">\n<div class=\"wp-block-group is-vertical is-layout-flex wp-container-core-group-is-layout-8cf370e7 wp-block-group-is-layout-flex\">\n<h2 class=\"wp-block-heading\" style=\"padding-top:var(--wp--preset--spacing--40);padding-bottom:var(--wp--preset--spacing--40);font-size:25px;font-style:normal;font-weight:600;text-transform:capitalize\">Pourquoi choisir ce canal LED d'angle mince ?<\/h2>\n\n\n\n<ul class=\"wp-block-list\">\n<li>Fits in tight spaces: This little LED channel for corners fits where bigger channels can&#8217;t.<\/li>\n\n\n\n<li>Fabriqu\u00e9 en aluminium solide, il prot\u00e8ge vos bandes LED et fonctionne comme un dissipateur de chaleur.<\/li>\n\n\n\n<li>Livr\u00e9 avec un diffuseur d\u00e9poli qui rend la lumi\u00e8re brillante mais douce, sans bords tranchants.<\/li>\n\n\n\n<li>Facile \u00e0 assembler : Livr\u00e9 avec des vis et des capuchons de finition, vous pouvez le faire rapidement.<\/li>\n\n\n\n<li>Compatible avec les bandes LED de 5mm : S'adapte bien aux bandes LED \u00e9troites.<\/li>\n\n\n\n<li>Id\u00e9al pour l'int\u00e9rieur : Parfait pour illuminer les coins dans les maisons et autres endroits.<\/li>\n<\/ul>\n<\/div>\n<\/div>\n\n\n\n<div class=\"wp-block-group\" style=\"padding-top:var(--wp--preset--spacing--60);padding-bottom:var(--wp--preset--spacing--60)\"><div class=\"wp-block-group__inner-container is-layout-constrained wp-block-group-is-layout-constrained\">\n<div class=\"wp-block-media-text has-media-on-the-right is-stacked-on-mobile\" style=\"grid-template-columns:auto 40%\"><div class=\"wp-block-media-text__content\">\n<h2 class=\"wp-block-heading\" style=\"padding-top:var(--wp--preset--spacing--40);padding-bottom:var(--wp--preset--spacing--40);font-size:25px;font-style:normal;font-weight:600;text-transform:capitalize\">Comment l'assembler<\/h2>\n\n\n\n<ul class=\"wp-block-list\">\n<li>Utilisez les vis ou de la colle pour fixer le canal dans le coin.<\/li>\n\n\n\n<li>Placez la bande LED de 5mm \u00e0 l'int\u00e9rieur du canal \u00e9troit.<\/li>\n\n\n\n<li>Pour adoucir la lumi\u00e8re, mettez le couvercle diffuseur d\u00e9poli.<\/li>\n\n\n\n<li>Mettez des capuchons de finition pour que les bords paraissent soign\u00e9s.<\/li>\n<\/ul>\n<\/div><figure class=\"wp-block-media-text__media\"><img loading=\"lazy\" decoding=\"async\" width=\"500\" height=\"500\" src=\"https:\/\/tangooled.com\/wp-content\/uploads\/2025\/06\/la05-ins.webp\" alt=\"Profil de canal LED d&#039;angle mince pour bande LED de 5 mm\" class=\"wp-image-41944 size-full\" srcset=\"https:\/\/tangooled.com\/wp-content\/uploads\/2025\/06\/la05-ins.webp 500w, https:\/\/tangooled.com\/wp-content\/uploads\/2025\/06\/la05-ins-300x300.webp 300w, https:\/\/tangooled.com\/wp-content\/uploads\/2025\/06\/la05-ins-150x150.webp 150w\" sizes=\"auto, (max-width: 500px) 100vw, 500px\" \/><\/figure><\/div>\n<\/div><\/div>\n\n\n\n<div class=\"wp-block-group has-background is-vertical is-layout-flex wp-container-core-group-is-layout-b429018a wp-block-group-is-layout-flex\" style=\"background-color:#f1f1f1f2;padding-top:var(--wp--preset--spacing--70);padding-bottom:var(--wp--preset--spacing--70)\">\n<h2 class=\"wp-block-heading\" style=\"padding-top:var(--wp--preset--spacing--40);padding-bottom:var(--wp--preset--spacing--40);font-size:25px;font-style:normal;font-weight:600;text-transform:capitalize\">O\u00f9 pouvez-vous utiliser notre canal LED d'angle mince ?<\/h2>\n\n\n\n<p>Cette petite forme est id\u00e9ale pour de nombreux projets n\u00e9cessitant une lumi\u00e8re propre dans les coins, tels que :<\/p>\n\n\n\n<ul class=\"wp-block-list\">\n<li>\u00c9clairage sous les meubles de cuisine ou de travail<\/li>\n\n\n\n<li>\u00c9clairage dans les vitrines des magasins&nbsp;<\/li>\n\n\n\n<li>\u00c9clairage dans les placards et les vestiaires pour un acc\u00e8s facile<\/li>\n\n\n\n<li>\u00c9clairage indirect le long du bord d'une \u00e9tag\u00e8re<\/li>\n<\/ul>\n<\/div>\n\n\n\n<div class=\"wp-block-group is-vertical is-layout-flex wp-container-core-group-is-layout-d255d7c4 wp-block-group-is-layout-flex\" style=\"padding-top:var(--wp--preset--spacing--80);padding-bottom:var(--wp--preset--spacing--80)\">\n<h2 class=\"wp-block-heading\" style=\"padding-top:var(--wp--preset--spacing--40);padding-bottom:var(--wp--preset--spacing--40);font-size:25px;font-style:normal;font-weight:600;text-transform:capitalize\">En savoir plus sur les produits connexes<\/h2>\n\n\n\n<ul class=\"wp-block-list\">\n<li>Our black led profile with black diffuser for 10mm led strip light \u2014 a great choice for wider LED tapes.<\/li>\n\n\n\n<li>Le canal en aluminium pour bande LED avec couvercle diffus\u00e9 de 6mm de hauteur pour des installations \u00e0 profil bas.<\/li>\n\n\n\n<li>Ou essayez le canal en aluminium rigide de profil LED 8x9mm pour bandes LED de 5mm pour une taille et des caract\u00e9ristiques l\u00e9g\u00e8rement diff\u00e9rentes.<\/li>\n<\/ul>\n<\/div>\n\n\n\n<div class=\"wp-block-group has-background\" style=\"background-color:#f1f1f1;padding-top:var(--wp--preset--spacing--80);padding-bottom:var(--wp--preset--spacing--80)\"><div class=\"wp-block-group__inner-container is-layout-constrained wp-block-group-is-layout-constrained\">\n<h2 class=\"wp-block-heading\" style=\"padding-top:var(--wp--preset--spacing--40);padding-bottom:var(--wp--preset--spacing--40);font-size:25px;font-style:normal;font-weight:600;text-transform:capitalize\">R\u00e9sum\u00e9<\/h2>\n\n\n\n<p style=\"padding-right:var(--wp--preset--spacing--50);padding-left:var(--wp--preset--spacing--50)\">Le profil de canal LED d'angle mince pour bandes LED de 5mm est une m\u00e9thode utile et attrayante pour pr\u00e9server et mettre en valeur vos bandes LED \u00e9troites. Il transforme des coins durs en bords chauds et lumineux avec un design propre et simple et une construction robuste. Utilisez-le pour obtenir une belle lumi\u00e8re uniforme dans un \u00e9clairage d'int\u00e9rieur de qualit\u00e9 pour les coins, comme dans les cuisines et les vitrines.<\/p>\n<\/div><\/div>\n\n\n\n<p><\/p>","protected":false},"featured_media":14066,"template":"","meta":{"_acf_changed":true,"_seopress_robots_primary_cat":"none","_seopress_titles_title":"Slim Corner LED Channel for 5mm Strips LA05 | TANGOOLED","_seopress_titles_desc":"TANGOO's ultra-slim corner LED channel (LA05) specifically designed for 5mm LED strips. Ideal for minimalist lighting in tight spaces.","_seopress_robots_index":""},"pcb-width":[228],"product-cat":[196],"class_list":{"0":"post-34903","1":"product","2":"type-product","3":"status-publish","4":"has-post-thumbnail","6":"pcb-width-6-12mm","7":"product-cat-corner-profile"},"acf":[],"_links":{"self":[{"href":"https:\/\/tangooled.com\/fr\/wp-json\/wp\/v2\/product\/34903","targetHints":{"allow":["GET"]}}],"collection":[{"href":"https:\/\/tangooled.com\/fr\/wp-json\/wp\/v2\/product"}],"about":[{"href":"https:\/\/tangooled.com\/fr\/wp-json\/wp\/v2\/types\/product"}],"wp:featuredmedia":[{"embeddable":true,"href":"https:\/\/tangooled.com\/fr\/wp-json\/wp\/v2\/media\/14066"}],"wp:attachment":[{"href":"https:\/\/tangooled.com\/fr\/wp-json\/wp\/v2\/media?parent=34903"}],"wp:term":[{"taxonomy":"pcb-width","embeddable":true,"href":"https:\/\/tangooled.com\/fr\/wp-json\/wp\/v2\/pcb-width?post=34903"},{"taxonomy":"product-cat","embeddable":true,"href":"https:\/\/tangooled.com\/fr\/wp-json\/wp\/v2\/product-cat?post=34903"}],"curies":[{"name":"wp","href":"https:\/\/api.w.org\/{rel}","templated":true}]}}