{"id":34901,"date":"2025-06-30T22:24:57","date_gmt":"2025-07-01T06:24:57","guid":{"rendered":"https:\/\/tangooled.com\/?post_type=product&#038;p=34901"},"modified":"2026-02-02T22:26:04","modified_gmt":"2026-02-03T06:26:04","slug":"45-degree-corner-led-aluminum-channel","status":"publish","type":"product","link":"https:\/\/tangooled.com\/fr\/product\/45-degree-corner-led-aluminum-channel\/","title":{"rendered":"Canal en aluminium LED d'angle \u00e0 45 degr\u00e9s pour bandes LED de 10 mm"},"content":{"rendered":"<div class=\"wp-block-group is-vertical is-layout-flex wp-container-core-group-is-layout-d255d7c4 wp-block-group-is-layout-flex\" style=\"padding-top:var(--wp--preset--spacing--80);padding-bottom:var(--wp--preset--spacing--80)\">\n<p>Our 45-degree corner LED channel is designed for 10mm LED strips and will enhance your lighting project. This V-shaped aluminum channel fits nicely in any corner and provides smooth, even light while keeping your LED lights safe and cool. This corner channel measures 19.0mm by 19.0mm on the outside and 11.2mm on the inside. It gives you clean, brilliant light exactly where you want it, whether you&#8217;re lighting up a corner of the kitchen, a wardrobe, or a display case. The installation is safe and easy. First, use screws to attach the mounting clips to the surface. Then, snap the profile into the secured clips.<\/p>\n<\/div>\n\n\n\n<div class=\"wp-block-group has-background is-vertical is-layout-flex wp-container-core-group-is-layout-d255d7c4 wp-block-group-is-layout-flex\" style=\"background-color:#f1f1f1;padding-top:var(--wp--preset--spacing--80);padding-bottom:var(--wp--preset--spacing--80)\">\n<div class=\"wp-block-group is-vertical is-layout-flex wp-container-core-group-is-layout-8cf370e7 wp-block-group-is-layout-flex\">\n<h2 class=\"wp-block-heading\" style=\"padding-top:var(--wp--preset--spacing--40);padding-bottom:var(--wp--preset--spacing--40);font-size:25px;font-style:normal;font-weight:600;text-transform:capitalize\">Pourquoi choisir notre canal en aluminium LED \u00e0 angle de 45 degr\u00e9s ?<\/h2>\n\n\n\n<ul class=\"wp-block-list\">\n<li>Le design parfait pour un angle de 45 degr\u00e9s : notre extrusion LED inclin\u00e9e cr\u00e9e une ligne de lumi\u00e8re claire et nette dans n'importe quel coin \u00e0 90 degr\u00e9s. Le canal en aluminium en forme de V dirige le faisceau exactement \u00e0 45 degr\u00e9s, ce qui est id\u00e9al pour l'\u00e9clairage de cove et l'\u00e9clairage sous les meubles.<\/li>\n\n\n\n<li>Frosted Cover for Smooth Light Diffusion: The frosted diffuser cover that comes with it gets rid of the &#8220;dotted&#8221; aspect that uncovered strip lights have. This makes the light strip diffuser look dotless, which gives every space a soft glow.<\/li>\n\n\n\n<li>Protection solide et durable : Notre profil en aluminium robuste pour bandes LED gardera vos pr\u00e9cieuses bandes LED \u00e0 l'abri de la poussi\u00e8re, de l'humidit\u00e9 et des dommages physiques. Il garantit que la lumi\u00e8re dure longtemps sans perdre de luminosit\u00e9.<\/li>\n\n\n\n<li>Kit d'installation complet : Chaque bo\u00eete contient des clips de montage, des bouchons d'extr\u00e9mit\u00e9 (avec et sans trous pour c\u00e2bles), et la lentille opale pour le canal LED. C'est tout ce dont vous avez besoin pour une installation rapide et facile.<\/li>\n<\/ul>\n<\/div>\n<\/div>\n\n\n\n<div class=\"wp-block-group\" style=\"padding-top:var(--wp--preset--spacing--60);padding-bottom:var(--wp--preset--spacing--60)\"><div class=\"wp-block-group__inner-container is-layout-constrained wp-block-group-is-layout-constrained\">\n<div class=\"wp-block-media-text has-media-on-the-right is-stacked-on-mobile\" style=\"grid-template-columns:auto 40%\"><div class=\"wp-block-media-text__content\">\n<h2 class=\"wp-block-heading\" style=\"padding-top:var(--wp--preset--spacing--40);padding-bottom:var(--wp--preset--spacing--40);font-size:25px;font-style:normal;font-weight:600;text-transform:capitalize\">Comment l'installer<\/h2>\n\n\n\n<ul class=\"wp-block-list\">\n<li>Placez les clips dans le coin int\u00e9rieur o\u00f9 vous souhaitez que la lumi\u00e8re se trouve.<\/li>\n\n\n\n<li>Assurez-vous que le canal en aluminium s'ins\u00e8re bien dans les clips.<\/li>\n\n\n\n<li>Ins\u00e9rez votre bande LED de 10 mm dans le canal afin qu'elle s'adapte parfaitement.<\/li>\n\n\n\n<li>Placez le couvercle diffuseur givr\u00e9 par-dessus et terminez avec les bouchons d'extr\u00e9mit\u00e9 pour lui donner un aspect poli.<\/li>\n<\/ul>\n<\/div><figure class=\"wp-block-media-text__media\"><img loading=\"lazy\" decoding=\"async\" width=\"500\" height=\"500\" src=\"https:\/\/tangooled.com\/wp-content\/uploads\/2025\/06\/ila04-ins.webp\" alt=\"45 degree corner led aluminum channel for 10mm led strips\" class=\"wp-image-41941 size-full\" srcset=\"https:\/\/tangooled.com\/wp-content\/uploads\/2025\/06\/ila04-ins.webp 500w, https:\/\/tangooled.com\/wp-content\/uploads\/2025\/06\/ila04-ins-300x300.webp 300w, https:\/\/tangooled.com\/wp-content\/uploads\/2025\/06\/ila04-ins-150x150.webp 150w\" sizes=\"auto, (max-width: 500px) 100vw, 500px\" \/><\/figure><\/div>\n<\/div><\/div>\n\n\n\n<div class=\"wp-block-group has-background\" style=\"background-color:#f1f1f1;padding-top:var(--wp--preset--spacing--80);padding-bottom:var(--wp--preset--spacing--80)\"><div class=\"wp-block-group__inner-container is-layout-constrained wp-block-group-is-layout-constrained\">\n<h2 class=\"wp-block-heading\" style=\"padding-top:var(--wp--preset--spacing--40);padding-bottom:var(--wp--preset--spacing--40);font-size:25px;font-style:normal;font-weight:600;text-transform:capitalize\">what&#8217;s in the box?<\/h2>\n\n\n\n<ul class=\"wp-block-list\">\n<li>Un canal en aluminium anodis\u00e9<\/li>\n\n\n\n<li>Un couvercle diffuseur opale<\/li>\n\n\n\n<li>Deux clips de montage pour chaque m\u00e8tre<\/li>\n\n\n\n<li>Deux bouchons d'extr\u00e9mit\u00e9 (l'un scell\u00e9 et l'autre avec un trou pour un c\u00e2ble)<\/li>\n<\/ul>\n<\/div><\/div>\n\n\n\n<div class=\"wp-block-group\" style=\"padding-top:var(--wp--preset--spacing--80);padding-bottom:var(--wp--preset--spacing--80)\"><div class=\"wp-block-group__inner-container is-layout-constrained wp-block-group-is-layout-constrained\">\n<h2 class=\"wp-block-heading\" style=\"padding-top:var(--wp--preset--spacing--40);padding-bottom:var(--wp--preset--spacing--40);font-size:25px;font-style:normal;font-weight:600;text-transform:capitalize\">Mani\u00e8res courantes de l'utiliser<\/h2>\n\n\n\n<ul class=\"wp-block-list\">\n<li>\u00c9clairage sous les meubles et les plans de travail : Id\u00e9al pour installer des lumi\u00e8res brillantes et sans \u00e9blouissement dans les coins de cuisines et sous les plans de travail pour fournir un \u00e9clairage de t\u00e2che cibl\u00e9.<\/li>\n\n\n\n<li>\u00c9clairage pour le cove et les escaliers : Con\u00e7u sur mesure pour les designs de canaux d'\u00e9clairage de cove et les lumi\u00e8res d'escalier avec diffuseur de bande LED inclin\u00e9e pour la s\u00e9curit\u00e9 et le style.<\/li>\n\n\n\n<li>Lighting for Displays and Shelves: Use beautiful display case lighting that doesn&#8217;t create hotspots or harsh glare to draw attention to your products or decor.<\/li>\n\n\n\n<li>\u00c9clairage pour les placards et garde-robes : Le rail d'\u00e9clairage int\u00e9gr\u00e9 et propre avec un effet de luminaire LED lin\u00e9aire garantit qu'il n'y a pas de zones d'ombre.<\/li>\n<\/ul>\n<\/div><\/div>\n\n\n\n<div class=\"wp-block-group has-background\" style=\"background-color:#f1f1f1;padding-top:var(--wp--preset--spacing--80);padding-bottom:var(--wp--preset--spacing--80)\"><div class=\"wp-block-group__inner-container is-layout-constrained wp-block-group-is-layout-constrained\">\n<h2 class=\"wp-block-heading\" style=\"padding-top:var(--wp--preset--spacing--40);padding-bottom:var(--wp--preset--spacing--40);font-size:25px;font-style:normal;font-weight:600;text-transform:capitalize\">Bandes LED compatibles<\/h2>\n\n\n\n<p>Ce canal LED \u00e0 angle de 45 degr\u00e9s fonctionne avec les \u00e9l\u00e9ments suivants :<\/p>\n\n\n\n<ul class=\"wp-block-list\">\n<li>Bandes avec SMD 5050, SMD 2835, SMD 3528 et SMD 5630<\/li>\n\n\n\n<li>Des marques bien connues comme Philips Hue Lightstrip<\/li>\n\n\n\n<li>Bandes LED avec un PCB qui ne mesure pas plus de 10 mm de large<\/li>\n<\/ul>\n\n\n\n<p>D\u00e9couvrez d'autres solutions d'\u00e9clairage comme <a href=\"https:\/\/tangooled.com\/fr\/product\/led-strip-light-channel-aluminum-profile-with-diffused-cover-6mm-height\/\"><mark style=\"background-color:rgba(0, 0, 0, 0)\" class=\"has-inline-color has-vivid-red-color\">Profil en aluminium pour bande LED avec couverture diffusante de 6 mm de hauteur<\/mark><\/a> et <mark style=\"background-color:rgba(0, 0, 0, 0)\" class=\"has-inline-color has-vivid-red-color\"><a href=\"https:\/\/tangooled.com\/fr\/product\/led-diffuser-aluminum-profile-for-for-12mm-led-strip-lighting\/\">Canal en aluminium avec diffuseur LED noir pour bandes de 12mm<\/a> <\/mark>pour compl\u00e9ter votre projet d'\u00e9clairage.<\/p>\n<\/div><\/div>\n\n\n\n<p><\/p>","protected":false},"featured_media":14035,"template":"","meta":{"_acf_changed":false,"_seopress_robots_primary_cat":"none","_seopress_titles_title":"45 Degree Corner LED Channel for 10mm Strips | TANGOOLED","_seopress_titles_desc":"Professional 45 degree corner LED channel (ILA04) for 10mm strips. Angled aluminum extrusion designed for perfect under-cabinet & shelf lighting.","_seopress_robots_index":""},"pcb-width":[228],"product-cat":[196],"class_list":{"0":"post-34901","1":"product","2":"type-product","3":"status-publish","4":"has-post-thumbnail","6":"pcb-width-6-12mm","7":"product-cat-corner-profile"},"acf":[],"_links":{"self":[{"href":"https:\/\/tangooled.com\/fr\/wp-json\/wp\/v2\/product\/34901","targetHints":{"allow":["GET"]}}],"collection":[{"href":"https:\/\/tangooled.com\/fr\/wp-json\/wp\/v2\/product"}],"about":[{"href":"https:\/\/tangooled.com\/fr\/wp-json\/wp\/v2\/types\/product"}],"wp:featuredmedia":[{"embeddable":true,"href":"https:\/\/tangooled.com\/fr\/wp-json\/wp\/v2\/media\/14035"}],"wp:attachment":[{"href":"https:\/\/tangooled.com\/fr\/wp-json\/wp\/v2\/media?parent=34901"}],"wp:term":[{"taxonomy":"pcb-width","embeddable":true,"href":"https:\/\/tangooled.com\/fr\/wp-json\/wp\/v2\/pcb-width?post=34901"},{"taxonomy":"product-cat","embeddable":true,"href":"https:\/\/tangooled.com\/fr\/wp-json\/wp\/v2\/product-cat?post=34901"}],"curies":[{"name":"wp","href":"https:\/\/api.w.org\/{rel}","templated":true}]}}