{"id":34899,"date":"2025-06-30T22:21:50","date_gmt":"2025-07-01T06:21:50","guid":{"rendered":"https:\/\/tangooled.com\/?post_type=product&#038;p=34899"},"modified":"2026-02-02T02:17:44","modified_gmt":"2026-02-02T10:17:44","slug":"19x19mm-corner-mount-led-aluminum-profile-inner-width-11mm","status":"publish","type":"product","link":"https:\/\/tangooled.com\/fr\/product\/19x19mm-corner-mount-led-aluminum-profile-inner-width-11mm\/","title":{"rendered":"Profil LED en aluminium de montage en coin 19x19 mm largeur int\u00e9rieure 11 mm"},"content":{"rendered":"<div class=\"wp-block-group is-vertical is-layout-flex wp-container-core-group-is-layout-d255d7c4 wp-block-group-is-layout-flex\" style=\"padding-top:var(--wp--preset--spacing--80);padding-bottom:var(--wp--preset--spacing--80)\">\n<p>Vous voulez installer des lumi\u00e8res LED dans les coins de mani\u00e8re intelligente ? Le profil LED d'angle de 19x19mm est de la taille id\u00e9ale ! Ce profil en aluminium est con\u00e7u pour s'adapter parfaitement aux coins \u00e0 90 degr\u00e9s (ou \u00e0 angle de lumi\u00e8re de 45 degr\u00e9s), ce qui rend vos bandes LED \u00e9l\u00e9gantes et raffin\u00e9es. La largeur int\u00e9rieure du profil est de 11mm, ce qui est parfait pour la plupart des bandes LED \u00e9troites et lumineuses. Ce profil vous aide \u00e0 obtenir un \u00e9clairage uniforme, doux et agr\u00e9able dans les coins de votre maison ou de votre entreprise.<\/p>\n<\/div>\n\n\n\n<div class=\"wp-block-group has-background is-vertical is-layout-flex wp-container-core-group-is-layout-d255d7c4 wp-block-group-is-layout-flex\" style=\"background-color:#f1f1f1;padding-top:var(--wp--preset--spacing--80);padding-bottom:var(--wp--preset--spacing--80)\">\n<div class=\"wp-block-group is-vertical is-layout-flex wp-container-core-group-is-layout-8cf370e7 wp-block-group-is-layout-flex\">\n<h2 class=\"wp-block-heading\" style=\"padding-top:var(--wp--preset--spacing--40);padding-bottom:var(--wp--preset--spacing--40);font-size:25px;font-style:normal;font-weight:600;text-transform:capitalize\">Pourquoi choisir ce profil LED d'angle de 19x19mm ?<\/h2>\n\n\n\n<ul class=\"wp-block-list\">\n<li>Solide et l\u00e9ger : Fabriqu\u00e9 en aluminium durable (Aluminium A\u00e9ronautique 6063) qui dure longtemps.<\/li>\n\n\n\n<li>Compatible avec des bandes LED allant jusqu'\u00e0 11mm de large, adapt\u00e9 \u00e0 de nombreux types d'LED courants.<\/li>\n\n\n\n<li>Bon dissipateur de chaleur : Cela maintient les bandes LED au frais, ce qui prolonge leur dur\u00e9e de vie.<\/li>\n\n\n\n<li>Couverture claire ou givr\u00e9e : Vous pouvez choisir une couverture qui adoucit la lumi\u00e8re ou la rend claire.<\/li>\n\n\n\n<li>Facile \u00e0 installer : Il s'adapte pr\u00e9cis\u00e9ment dans les coins et cr\u00e9e des lignes de lumi\u00e8re nettes et claires.<\/li>\n\n\n\n<li>Fonctionne bien \u00e0 l'int\u00e9rieur : Utilisez-le dans les cuisines, les salles de bains, sur des \u00e9tag\u00e8res et dans des placards.<\/li>\n<\/ul>\n<\/div>\n<\/div>\n\n\n\n<div class=\"wp-block-group\" style=\"padding-top:var(--wp--preset--spacing--60);padding-bottom:var(--wp--preset--spacing--60)\"><div class=\"wp-block-group__inner-container is-layout-constrained wp-block-group-is-layout-constrained\">\n<div class=\"wp-block-media-text has-media-on-the-right is-stacked-on-mobile\" style=\"grid-template-columns:auto 40%\"><div class=\"wp-block-media-text__content\">\n<h2 class=\"wp-block-heading\" style=\"padding-top:var(--wp--preset--spacing--40);padding-bottom:var(--wp--preset--spacing--40);font-size:25px;font-style:normal;font-weight:600;text-transform:capitalize\">Simple \u00e0 installer et \u00e0 utiliser<\/h2>\n\n\n\n<ul class=\"wp-block-list\">\n<li>Placez-le dans le coin \u00e0 un angle de 45 degr\u00e9s.<\/li>\n\n\n\n<li>Placez votre bande LED \u00e0 l'int\u00e9rieur du canal.<\/li>\n\n\n\n<li>Mettez la couverture diffuseuse de votre choix.<\/li>\n\n\n\n<li>Utilisez des vis ou des clips de montage pour le maintenir en place.<\/li>\n<\/ul>\n<\/div><figure class=\"wp-block-media-text__media\"><img loading=\"lazy\" decoding=\"async\" width=\"500\" height=\"500\" src=\"https:\/\/tangooled.com\/wp-content\/uploads\/2025\/06\/la04-ins.webp\" alt=\"Profil LED en aluminium de montage en coin 19x19 mm largeur int\u00e9rieure 11 mm\" class=\"wp-image-41957 size-full\" srcset=\"https:\/\/tangooled.com\/wp-content\/uploads\/2025\/06\/la04-ins.webp 500w, https:\/\/tangooled.com\/wp-content\/uploads\/2025\/06\/la04-ins-300x300.webp 300w, https:\/\/tangooled.com\/wp-content\/uploads\/2025\/06\/la04-ins-150x150.webp 150w\" sizes=\"auto, (max-width: 500px) 100vw, 500px\" \/><\/figure><\/div>\n<\/div><\/div>\n\n\n\n<div class=\"wp-block-group has-background is-vertical is-layout-flex wp-container-core-group-is-layout-b429018a wp-block-group-is-layout-flex\" style=\"background-color:#f1f1f1f2;padding-top:var(--wp--preset--spacing--70);padding-bottom:var(--wp--preset--spacing--70)\">\n<h2 class=\"wp-block-heading\" style=\"padding-top:var(--wp--preset--spacing--40);padding-bottom:var(--wp--preset--spacing--40);font-size:25px;font-style:normal;font-weight:600\">\u00c0 quoi pouvez-vous l'utiliser ?<\/h2>\n\n\n\n<p>Il fonctionne bien dans de nombreux endroits, tels que :<\/p>\n\n\n\n<ul class=\"wp-block-list\">\n<li>Les coins de la maison : sous les meubles, dans les placards ou sur des \u00e9tag\u00e8res.<\/li>\n\n\n\n<li>Magasins : Utilisez un \u00e9clairage d'angle vif pour mettre en valeur vos produits.<\/li>\n\n\n\n<li>Bureaux : Utilisez une lumi\u00e8re propre pour \u00e9clairer les coins.<\/li>\n\n\n\n<li>H\u00f4tels et restaurants : Rendez les espaces tendance et accueillants.<\/li>\n<\/ul>\n<\/div>\n\n\n\n<div class=\"wp-block-group\" style=\"padding-top:var(--wp--preset--spacing--80);padding-bottom:var(--wp--preset--spacing--80)\"><div class=\"wp-block-group__inner-container is-layout-constrained wp-block-group-is-layout-constrained\">\n<h2 class=\"wp-block-heading\" style=\"padding-top:var(--wp--preset--spacing--40);padding-bottom:var(--wp--preset--spacing--40);font-size:25px;font-style:normal;font-weight:600;text-transform:capitalize\">Profils associ\u00e9s qui pourraient vous int\u00e9resser<\/h2>\n\n\n\n<ul class=\"wp-block-list\">\n<li><a href=\"https:\/\/tangooled.com\/fr\/product\/black-led-diffuser-aluminum-channel-for-12mm-tape-lights\/\"><mark style=\"background-color:rgba(0, 0, 0, 0)\" class=\"has-inline-color has-vivid-red-color\">Profil en aluminium avec diffuseur LED noir pour bandes de 12 mm<\/mark><\/a> \u2014 For wider LED strips.<\/li>\n\n\n\n<li><a href=\"https:\/\/tangooled.com\/fr\/product\/17mm-led-strip-light-aluminum-channel-for-surface-mounting\/\"><mark style=\"background-color:rgba(0, 0, 0, 0)\" class=\"has-inline-color has-vivid-red-color\">Canal en aluminium pour bande LED de 17 mm \u00e0 montage en surface<\/mark> <\/a>\u2014 Slim surface mount option.<\/li>\n\n\n\n<li><a href=\"https:\/\/tangooled.com\/fr\/product\/45-degree-corner-led-aluminum-channel-for-10mm-led-strips\/\"><mark style=\"background-color:rgba(0, 0, 0, 0)\" class=\"has-inline-color has-vivid-red-color\">Canal en aluminium LED d'angle \u00e0 45 degr\u00e9s pour bandes LED de 10mm<\/mark><\/a> \u2014 Slightly narrower but similar style.<\/li>\n<\/ul>\n\n\n\n<p>This 19x19mm corner LED profile is made\u00a0for 45-degree angles and can hold\u00a0strips up to 11mm wide. It delivers a seamless, dot-free glow. This is a wonderful choice for hotels, stores, and homes who desire bright, professional lighting. This profile provides you with a look that is both sleek and brilliant, making it perfect for corners that want both beauty and quality.<\/p>\n<\/div><\/div>\n\n\n\n<div class=\"wp-block-group has-background\" style=\"background-color:#f1f1f1;padding-top:var(--wp--preset--spacing--80);padding-bottom:var(--wp--preset--spacing--80)\"><div class=\"wp-block-group__inner-container is-layout-constrained wp-block-group-is-layout-constrained\">\n<h2 class=\"wp-block-heading\" style=\"padding-top:var(--wp--preset--spacing--40);padding-bottom:var(--wp--preset--spacing--40);font-size:25px;font-style:normal;font-weight:600;text-transform:capitalize\">r\u00e9sum\u00e9<\/h2>\n\n\n\n<p style=\"padding-right:var(--wp--preset--spacing--50);padding-left:var(--wp--preset--spacing--50)\">This 19x19mm corner LED profile is made\u00a0for 45-degree angles and can hold\u00a0strips up to 11mm wide. It delivers a seamless, dot-free glow. This is a wonderful choice for hotels, stores, and homes that desire bright, professional lighting. This profile provides you with a look that is both sleek and brilliant, making it perfect for corners that want both beauty and quality.<\/p>\n<\/div><\/div>","protected":false},"featured_media":14061,"template":"","meta":{"_acf_changed":true,"_seopress_robots_primary_cat":"none","_seopress_titles_title":"19x19mm Corner Mount LED Profile | 11mm Inner Width | TANGOOLED","_seopress_titles_desc":"19x19mm corner mount LED profile (LA04) with 11mm inner width. Durable aluminum housing for precise 90-degree corner lighting projects.","_seopress_robots_index":""},"pcb-width":[228],"product-cat":[196],"class_list":{"0":"post-34899","1":"product","2":"type-product","3":"status-publish","4":"has-post-thumbnail","6":"pcb-width-6-12mm","7":"product-cat-corner-profile"},"acf":[],"_links":{"self":[{"href":"https:\/\/tangooled.com\/fr\/wp-json\/wp\/v2\/product\/34899","targetHints":{"allow":["GET"]}}],"collection":[{"href":"https:\/\/tangooled.com\/fr\/wp-json\/wp\/v2\/product"}],"about":[{"href":"https:\/\/tangooled.com\/fr\/wp-json\/wp\/v2\/types\/product"}],"wp:featuredmedia":[{"embeddable":true,"href":"https:\/\/tangooled.com\/fr\/wp-json\/wp\/v2\/media\/14061"}],"wp:attachment":[{"href":"https:\/\/tangooled.com\/fr\/wp-json\/wp\/v2\/media?parent=34899"}],"wp:term":[{"taxonomy":"pcb-width","embeddable":true,"href":"https:\/\/tangooled.com\/fr\/wp-json\/wp\/v2\/pcb-width?post=34899"},{"taxonomy":"product-cat","embeddable":true,"href":"https:\/\/tangooled.com\/fr\/wp-json\/wp\/v2\/product-cat?post=34899"}],"curies":[{"name":"wp","href":"https:\/\/api.w.org\/{rel}","templated":true}]}}