{"id":34898,"date":"2025-06-30T22:19:00","date_gmt":"2025-07-01T06:19:00","guid":{"rendered":"https:\/\/tangooled.com\/?post_type=product&#038;p=34898"},"modified":"2026-02-02T02:17:08","modified_gmt":"2026-02-02T10:17:08","slug":"18x18mm-led-strip-corner-profile-for-12mm-led-strips","status":"publish","type":"product","link":"https:\/\/tangooled.com\/fr\/product\/18x18mm-led-strip-corner-profile-for-12mm-led-strips\/","title":{"rendered":"Profil\u00e9 d'angle pour bande LED de 12 mm"},"content":{"rendered":"<div class=\"wp-block-group is-vertical is-layout-flex wp-container-core-group-is-layout-d255d7c4 wp-block-group-is-layout-flex\" style=\"padding-top:var(--wp--preset--spacing--80);padding-bottom:var(--wp--preset--spacing--80)\">\n<p>The 18x18mm LED strip corner profile is an excellent way to light up corners in a tidy and sturdy way. This robust profile is 18.4mm by 18.4mm on the exterior and fits perfectly into 90-degree angles. It fits 12mm LED strips perfectly within, making it an outstanding option for neat, built-in corner lighting. This profile protects your LED lights and helps them live longer by letting heat escape freely. It&#8217;s simple and safe to set up. First, use screws to attach the mounting clips to the corner. After that, the profile fits tightly into the clips that are already there.<\/p>\n<\/div>\n\n\n\n<div class=\"wp-block-group has-background is-vertical is-layout-flex wp-container-core-group-is-layout-d255d7c4 wp-block-group-is-layout-flex\" style=\"background-color:#f1f1f1;padding-top:var(--wp--preset--spacing--80);padding-bottom:var(--wp--preset--spacing--80)\">\n<div class=\"wp-block-group is-vertical is-layout-flex wp-container-core-group-is-layout-8cf370e7 wp-block-group-is-layout-flex\">\n<h2 class=\"wp-block-heading\" style=\"padding-top:var(--wp--preset--spacing--40);padding-bottom:var(--wp--preset--spacing--40);font-size:25px;font-style:normal;font-weight:600;text-transform:capitalize\">Pourquoi choisir ce profil d'angle pour bande LED de 18x18 mm ?<\/h2>\n\n\n\n<ul class=\"wp-block-list\">\n<li>Compatible avec les bandes LED de 12 mm : cela fonctionne avec de nombreux types de bandes lumineuses LED, telles que RGB, RGBW, COB et des bandes rigides.<\/li>\n\n\n\n<li>Corps solide : Fabriqu\u00e9 en aluminium anodis\u00e9 de haute qualit\u00e9 6063-T5 qui garde les bandes LED au frais et r\u00e9siste \u00e0 la rouille.<\/li>\n\n\n\n<li>Lumi\u00e8re douce : Le diffuseur opale d\u00e9poli \u00e9limine les points lumineux et r\u00e9partit la lumi\u00e8re de mani\u00e8re uniforme et douce.<\/li>\n\n\n\n<li>It comes with end caps, a diffuser cover, and mounting clips, so it&#8217;s easy to put together.<\/li>\n<\/ul>\n<\/div>\n<\/div>\n\n\n\n<div class=\"wp-block-group is-vertical is-layout-flex wp-container-core-group-is-layout-d255d7c4 wp-block-group-is-layout-flex\" style=\"padding-top:var(--wp--preset--spacing--80);padding-bottom:var(--wp--preset--spacing--80)\">\n<hr class=\"wp-block-separator has-alpha-channel-opacity\"\/>\n\n\n\n<div class=\"wp-block-media-text has-media-on-the-right is-stacked-on-mobile\" style=\"grid-template-columns:auto 40%\"><div class=\"wp-block-media-text__content\">\n<h2 class=\"wp-block-heading\" style=\"padding-top:var(--wp--preset--spacing--40);padding-bottom:var(--wp--preset--spacing--40);font-size:25px;font-style:normal;font-weight:600;text-transform:capitalize\">comment installer le canal<\/h2>\n\n\n\n<ul class=\"wp-block-list\">\n<li>Utilisez des clips de montage pour le maintenir fermement dans les coins.<\/li>\n\n\n\n<li>Coupez l'extrusion pour s'adapter \u00e0 votre emplacement.<\/li>\n\n\n\n<li>Collez la bande LED \u00e0 l'int\u00e9rieur.<\/li>\n\n\n\n<li>Pour adoucir la lumi\u00e8re, fixez le diffuseur courb\u00e9.<\/li>\n\n\n\n<li>Utilisez des bouchons d'extr\u00e9mit\u00e9 pour prot\u00e9ger les c\u00e2bles et les rendre esth\u00e9tiques.<\/li>\n<\/ul>\n<\/div><figure class=\"wp-block-media-text__media\"><img loading=\"lazy\" decoding=\"async\" width=\"500\" height=\"500\" src=\"https:\/\/tangooled.com\/wp-content\/uploads\/2025\/06\/la03-ins.webp\" alt=\"18x18mm led strip corner profile for 12mm led strips\" class=\"wp-image-41953 size-full\" srcset=\"https:\/\/tangooled.com\/wp-content\/uploads\/2025\/06\/la03-ins.webp 500w, https:\/\/tangooled.com\/wp-content\/uploads\/2025\/06\/la03-ins-300x300.webp 300w, https:\/\/tangooled.com\/wp-content\/uploads\/2025\/06\/la03-ins-150x150.webp 150w\" sizes=\"auto, (max-width: 500px) 100vw, 500px\" \/><\/figure><\/div>\n<\/div>\n\n\n\n<div class=\"wp-block-group has-background is-vertical is-layout-flex wp-container-core-group-is-layout-b429018a wp-block-group-is-layout-flex\" style=\"background-color:#f1f1f1f2;padding-top:var(--wp--preset--spacing--70);padding-bottom:var(--wp--preset--spacing--70)\">\n<h2 class=\"wp-block-heading\" style=\"padding-top:var(--wp--preset--spacing--40);padding-bottom:var(--wp--preset--spacing--40);font-size:25px;font-style:normal;font-weight:600;text-transform:capitalize\">que contient la bo\u00eete ?<\/h2>\n\n\n\n<ul class=\"wp-block-list\">\n<li>1x Canal en aluminium (longueur que vous achetez)<\/li>\n\n\n\n<li>1x Couverture pour diffuseur opale<\/li>\n\n\n\n<li>2 clips de montage pour le maintenir en place<\/li>\n\n\n\n<li>Deux bouchons d'extr\u00e9mit\u00e9, un solide et un avec un trou pour un fil<\/li>\n<\/ul>\n<\/div>\n\n\n\n<div class=\"wp-block-group is-vertical is-layout-flex wp-container-core-group-is-layout-d255d7c4 wp-block-group-is-layout-flex\" style=\"padding-top:var(--wp--preset--spacing--80);padding-bottom:var(--wp--preset--spacing--80)\">\n<h2 class=\"wp-block-heading\" style=\"padding-top:var(--wp--preset--spacing--40);padding-bottom:var(--wp--preset--spacing--40);font-size:25px;font-style:normal;font-weight:600;text-transform:capitalize\">Utilisations courantes de notre profil d'angle pour bande LED de 18x18 mm<\/h2>\n\n\n\n<ul class=\"wp-block-list\">\n<li>\u00c9clairage pour la cuisine : Placez-le sous les meubles ou sur des \u00e9tag\u00e8res d'angle. Id\u00e9al pour rendre les plans de travail plus lumineux avec une lumi\u00e8re stable pour lire et cuisiner.<\/li>\n\n\n\n<li>\u00c9clairage de cove pour l'architecture : cr\u00e9e de belles lignes lumineuses sur les coins des plafonds ou des murs. Am\u00e9liorez l'apparence de n'importe quelle pi\u00e8ce et cr\u00e9ez une ambiance chaleureuse.<\/li>\n\n\n\n<li>Vitrine de magasin : Utilisez des bandes lumineuses d'angle \u00e9l\u00e9gantes pour attirer l'attention sur les produits et les faire ressortir.<\/li>\n\n\n\n<li>Mobilier et escaliers : Ajoutez-les aux placards, biblioth\u00e8ques et bords d'escaliers. Ajoute \u00e9l\u00e9gance et s\u00e9curit\u00e9 avec des lumi\u00e8res durables.<\/li>\n<\/ul>\n<\/div>\n\n\n\n<p>Pour plus de choix de profils d'\u00e9clairage et de guides DIY, visitez notre collection : <a href=\"https:\/\/tangooled.com\/fr\/product\/black-led-profile-with-black-diffuser-for-10mm-led-strip-light\/\"><mark style=\"background-color:rgba(0, 0, 0, 0)\" class=\"has-inline-color has-vivid-red-color\">Profil LED noir avec diffuseur noir pour bande LED de 10 mm<\/mark><\/a>, <a href=\"https:\/\/tangooled.com\/fr\/product\/led-strip-light-channel-aluminum-profile-with-diffused-cover-6mm-height\/\"><mark style=\"background-color:rgba(0, 0, 0, 0)\" class=\"has-inline-color has-vivid-red-color\">Profil en aluminium pour bande LED avec couvercle diffusant de 6 mm de hauteur<\/mark><\/a>, <a href=\"https:\/\/tangooled.com\/fr\/product\/surface-mount-led-profile-with-frosted-diffuser-for-10mm-rope-lights\/\"><mark style=\"background-color:rgba(0, 0, 0, 0)\" class=\"has-inline-color has-vivid-red-color\">Profil LED \u00e0 montage en surface avec diffuseur d\u00e9poli pour bandes de 10 mm<\/mark><\/a>. <\/p>\n\n\n\n<p>Ce profil d'angle pour bande LED de 18x18 mm vous offre un moyen soign\u00e9, facile et durable d'\u00e9clairer les coins. Rendez votre espace plus lumineux et plus s\u00fbr avec une lueur douce qui met en valeur vos meilleurs endroits.<\/p>","protected":false},"featured_media":14054,"template":"","meta":{"_acf_changed":true,"_seopress_robots_primary_cat":"none","_seopress_titles_title":"18x18mm LED Strip Corner Profile | Rigid Aluminum Channel | TANGOOLED","_seopress_titles_desc":"Premium 18x18mm LED strip corner profile (LA03) for 12mm strips. Durable aluminum corner channel for wide-angle lighting and heat dissipation.","_seopress_robots_index":""},"pcb-width":[228],"product-cat":[196],"class_list":{"0":"post-34898","1":"product","2":"type-product","3":"status-publish","4":"has-post-thumbnail","6":"pcb-width-6-12mm","7":"product-cat-corner-profile"},"acf":[],"_links":{"self":[{"href":"https:\/\/tangooled.com\/fr\/wp-json\/wp\/v2\/product\/34898","targetHints":{"allow":["GET"]}}],"collection":[{"href":"https:\/\/tangooled.com\/fr\/wp-json\/wp\/v2\/product"}],"about":[{"href":"https:\/\/tangooled.com\/fr\/wp-json\/wp\/v2\/types\/product"}],"wp:featuredmedia":[{"embeddable":true,"href":"https:\/\/tangooled.com\/fr\/wp-json\/wp\/v2\/media\/14054"}],"wp:attachment":[{"href":"https:\/\/tangooled.com\/fr\/wp-json\/wp\/v2\/media?parent=34898"}],"wp:term":[{"taxonomy":"pcb-width","embeddable":true,"href":"https:\/\/tangooled.com\/fr\/wp-json\/wp\/v2\/pcb-width?post=34898"},{"taxonomy":"product-cat","embeddable":true,"href":"https:\/\/tangooled.com\/fr\/wp-json\/wp\/v2\/product-cat?post=34898"}],"curies":[{"name":"wp","href":"https:\/\/api.w.org\/{rel}","templated":true}]}}