{"id":34896,"date":"2025-06-30T22:15:55","date_gmt":"2025-07-01T06:15:55","guid":{"rendered":"https:\/\/tangooled.com\/?post_type=product&#038;p=34896"},"modified":"2026-02-02T02:16:21","modified_gmt":"2026-02-02T10:16:21","slug":"16x16mm-led-corner-extrusion-curved-diffuser","status":"publish","type":"product","link":"https:\/\/tangooled.com\/fr\/product\/16x16mm-led-corner-extrusion-curved-diffuser\/","title":{"rendered":"diffuseur courb\u00e9 16x16mm extrusion LED d'angle pour bandes LED de 10mm"},"content":{"rendered":"<div class=\"wp-block-group is-vertical is-layout-flex wp-container-core-group-is-layout-d255d7c4 wp-block-group-is-layout-flex\" style=\"padding-top:var(--wp--preset--spacing--80);padding-bottom:var(--wp--preset--spacing--80)\">\n<p>Notre extrusion LED d'angle 16x16mm est excellente pour les bandes LED de 10mm. Elle offre une lumi\u00e8re propre, douce et s\u00e9curis\u00e9e. Ce profil mesure 16,2mm par 16,2mm \u00e0 l'ext\u00e9rieur et constitue une solution invisible et int\u00e9gr\u00e9e pour tout angle de 90 degr\u00e9s. Le design donne \u00e0 vos espaces une apparence \u00e9l\u00e9gante et moderne tout en fournissant une lumi\u00e8re sans \u00e9blouissement ni taches. L'installation est rapide et facile. Tout d'abord, utilisez des vis pour fixer de mani\u00e8re permanente les clips de montage \u00e0 la surface. Ensuite, il suffit d'enclencher le profil en aluminium dans les clips fixes.<\/p>\n<\/div>\n\n\n\n<div class=\"wp-block-group has-background is-vertical is-layout-flex wp-container-core-group-is-layout-d255d7c4 wp-block-group-is-layout-flex\" style=\"background-color:#f1f1f1;padding-top:var(--wp--preset--spacing--80);padding-bottom:var(--wp--preset--spacing--80)\">\n<div class=\"wp-block-group is-vertical is-layout-flex wp-container-core-group-is-layout-8cf370e7 wp-block-group-is-layout-flex\">\n<h2 class=\"wp-block-heading\" style=\"padding-top:var(--wp--preset--spacing--40);padding-bottom:var(--wp--preset--spacing--40);font-size:25px;font-style:normal;font-weight:600;text-transform:capitalize\">Pourquoi choisir notre extrusion LED d'angle 16x16mm ?<\/h2>\n\n\n\n<ul class=\"wp-block-list\">\n<li>Taille parfaite : 16mm x 16mm s'adapte parfaitement aux coins.<\/li>\n\n\n\n<li>Works with LED strips that are 10mm wide\u2014no loose fits.<\/li>\n\n\n\n<li>Le diffuseur courb\u00e9 rend la lumi\u00e8re douce et uniforme, sans points lumineux.<\/li>\n\n\n\n<li>Fabriqu\u00e9 en aluminium robuste et de haute qualit\u00e9 pour garder les LED au frais.<\/li>\n\n\n\n<li>Prot\u00e8ge les bandes LED de la poussi\u00e8re et des impacts.<\/li>\n\n\n\n<li>Livr\u00e9 avec des clips de montage et des embouts faciles \u00e0 assembler.<\/li>\n\n\n\n<li>Disponible en argent ou en noir pour un look \u00e9pur\u00e9.<\/li>\n<\/ul>\n<\/div>\n<\/div>\n\n\n\n<div class=\"wp-block-group\" style=\"padding-top:var(--wp--preset--spacing--60);padding-bottom:var(--wp--preset--spacing--60)\"><div class=\"wp-block-group__inner-container is-layout-constrained wp-block-group-is-layout-constrained\">\n<div class=\"wp-block-media-text has-media-on-the-right is-stacked-on-mobile\" style=\"grid-template-columns:auto 40%\"><div class=\"wp-block-media-text__content\">\n<h2 class=\"wp-block-heading\" style=\"padding-top:var(--wp--preset--spacing--40);padding-bottom:var(--wp--preset--spacing--40);font-size:25px;font-style:normal;font-weight:600;text-transform:capitalize\">Conseils pour l'installation<\/h2>\n\n\n\n<ul class=\"wp-block-list\">\n<li>Utilisez des clips de montage pour le maintenir fermement dans les coins.<\/li>\n\n\n\n<li>Coupez l'extrusion pour l'adapter \u00e0 votre emplacement.<\/li>\n\n\n\n<li>Ins\u00e9rez votre bande LED de 10mm \u00e0 l'int\u00e9rieur.<\/li>\n\n\n\n<li>Pour adoucir la lumi\u00e8re, fixez le diffuseur courb\u00e9.<\/li>\n\n\n\n<li>Utilisez des embouts pour prot\u00e9ger les c\u00e2bles et leur donner une belle apparence.<\/li>\n<\/ul>\n<\/div><figure class=\"wp-block-media-text__media\"><img loading=\"lazy\" decoding=\"async\" width=\"500\" height=\"500\" src=\"https:\/\/tangooled.com\/wp-content\/uploads\/2025\/06\/la02-ins.webp\" alt=\"curved diffuser led corner extrusion 16x16mm for 10mm led strips\" class=\"wp-image-41950 size-full\" srcset=\"https:\/\/tangooled.com\/wp-content\/uploads\/2025\/06\/la02-ins.webp 500w, https:\/\/tangooled.com\/wp-content\/uploads\/2025\/06\/la02-ins-300x300.webp 300w, https:\/\/tangooled.com\/wp-content\/uploads\/2025\/06\/la02-ins-150x150.webp 150w\" sizes=\"auto, (max-width: 500px) 100vw, 500px\" \/><\/figure><\/div>\n<\/div><\/div>\n\n\n\n<div class=\"wp-block-group has-background is-vertical is-layout-flex wp-container-core-group-is-layout-b429018a wp-block-group-is-layout-flex\" style=\"background-color:#f1f1f1f2;padding-top:var(--wp--preset--spacing--70);padding-bottom:var(--wp--preset--spacing--70)\">\n<h2 class=\"wp-block-heading\" style=\"padding-top:var(--wp--preset--spacing--40);padding-bottom:var(--wp--preset--spacing--40);font-size:25px;font-style:normal;font-weight:600\">Facile \u00e0 utiliser dans de nombreux endroits<\/h2>\n\n\n\n<p>Notre extrusion LED d'angle 16x16mm peut \u00eatre utilis\u00e9e de plusieurs fa\u00e7ons :<\/p>\n\n\n\n<ul class=\"wp-block-list\">\n<li>\u00c9clairage dans la maison : Lumi\u00e8re douce sous les armoires de cuisine. \u00c9clairage indirect dans les chambres et les espaces de vie.<\/li>\n\n\n\n<li>Placards et armoires : Lumi\u00e8re vive et uniforme \u00e0 l'int\u00e9rieur des placards et des \u00e9tag\u00e8res.<\/li>\n\n\n\n<li>Magasins et vitrines : Utilisez une lumi\u00e8re brillante et constante pour attirer l'attention sur les objets.<\/li>\n\n\n\n<li>Bureaux et espaces publics : Am\u00e9liorez l'apparence des couloirs, bureaux et espaces d'accueil.<\/li>\n\n\n\n<li>Caract\u00e9ristiques architecturales : Cr\u00e9ez des effets d'\u00e9clairage indirects int\u00e9ressants dans les coins.<\/li>\n<\/ul>\n<\/div>\n\n\n\n<div class=\"wp-block-group is-vertical is-layout-flex wp-container-core-group-is-layout-d255d7c4 wp-block-group-is-layout-flex\" style=\"padding-top:var(--wp--preset--spacing--80);padding-bottom:var(--wp--preset--spacing--80)\">\n<h2 class=\"wp-block-heading\" style=\"padding-top:var(--wp--preset--spacing--40);padding-bottom:var(--wp--preset--spacing--40);font-size:25px;font-style:normal;font-weight:600;text-transform:capitalize\">Comparer avec d'autres options<\/h2>\n\n\n\n<ul class=\"wp-block-list\">\n<li>Pour un profil LED noir avec diffuseur noir pour bande LED de 10mm, consultez ceci <a href=\"https:\/\/tangooled.com\/fr\/product\/black-led-profile-with-black-diffuser-for-10mm-led-strip-light\/\"><mark style=\"background-color:rgba(0, 0, 0, 0)\" class=\"has-inline-color has-vivid-red-color\">page<\/mark><\/a><\/li>\n\n\n\n<li>Pour un profil LED \u00e0 montage en surface avec diffuseur d\u00e9poli pour lumi\u00e8res \u00e0 corde de 10mm, v\u00e9rifiez <a href=\"https:\/\/tangooled.com\/fr\/product\/surface-mount-led-profile-with-frosted-diffuser-for-10mm-rope-lights\/\"><mark style=\"background-color:rgba(0, 0, 0, 0)\" class=\"has-inline-color has-vivid-red-color\">ici<\/mark><\/a>.<\/li>\n\n\n\n<li>Vous voulez d'autres styles d'angle ? Consultez le <a href=\"https:\/\/tangooled.com\/fr\/product\/45-degree-corner-led-aluminum-channel-for-10mm-led-strips\/\"><mark style=\"background-color:rgba(0, 0, 0, 0)\" class=\"has-inline-color has-vivid-red-color\">canal en aluminium pour coin \u00e0 45 degr\u00e9s pour bandes LED de 10mm<\/mark><\/a>.<\/li>\n<\/ul>\n\n\n\n<p>Faites briller vos coins de mani\u00e8re douce et \u00e9clatante avec la meilleure extrusion LED d'angle 16x16mm. Installation simple. Lumi\u00e8re magnifique !<\/p>\n<\/div>\n\n\n\n<p><\/p>","protected":false},"featured_media":14043,"template":"","meta":{"_acf_changed":true,"_seopress_robots_primary_cat":"none","_seopress_titles_title":"16x16mm LED Corner Extrusion with Curved Diffuser | TANGOOLED","_seopress_titles_desc":"16x16mm LED corner extrusion (LA02) with a curved diffuser for 10mm strips, offering smooth corner lighting and heat dissipation. Buy it from TANGOOLED now.","_seopress_robots_index":""},"pcb-width":[228],"product-cat":[196],"class_list":{"0":"post-34896","1":"product","2":"type-product","3":"status-publish","4":"has-post-thumbnail","6":"pcb-width-6-12mm","7":"product-cat-corner-profile"},"acf":[],"_links":{"self":[{"href":"https:\/\/tangooled.com\/fr\/wp-json\/wp\/v2\/product\/34896","targetHints":{"allow":["GET"]}}],"collection":[{"href":"https:\/\/tangooled.com\/fr\/wp-json\/wp\/v2\/product"}],"about":[{"href":"https:\/\/tangooled.com\/fr\/wp-json\/wp\/v2\/types\/product"}],"wp:featuredmedia":[{"embeddable":true,"href":"https:\/\/tangooled.com\/fr\/wp-json\/wp\/v2\/media\/14043"}],"wp:attachment":[{"href":"https:\/\/tangooled.com\/fr\/wp-json\/wp\/v2\/media?parent=34896"}],"wp:term":[{"taxonomy":"pcb-width","embeddable":true,"href":"https:\/\/tangooled.com\/fr\/wp-json\/wp\/v2\/pcb-width?post=34896"},{"taxonomy":"product-cat","embeddable":true,"href":"https:\/\/tangooled.com\/fr\/wp-json\/wp\/v2\/product-cat?post=34896"}],"curies":[{"name":"wp","href":"https:\/\/api.w.org\/{rel}","templated":true}]}}