{"id":34893,"date":"2025-06-30T22:14:01","date_gmt":"2025-07-01T06:14:01","guid":{"rendered":"https:\/\/tangooled.com\/?post_type=product&#038;p=34893"},"modified":"2026-02-02T02:15:56","modified_gmt":"2026-02-02T10:15:56","slug":"corner-mount-right-angle-diffuser-aluminum-led-extrusion-profile-inner-12mm","status":"publish","type":"product","link":"https:\/\/tangooled.com\/fr\/product\/corner-mount-right-angle-diffuser-aluminum-led-extrusion-profile-inner-12mm\/","title":{"rendered":"diffuseur en aluminium pour profil\u00e9 LED \u00e0 angle droit mont\u00e9 dans le coin int\u00e9rieur 12mm"},"content":{"rendered":"<div class=\"wp-block-group is-vertical is-layout-flex wp-container-core-group-is-layout-d255d7c4 wp-block-group-is-layout-flex\" style=\"padding-top:var(--wp--preset--spacing--80);padding-bottom:var(--wp--preset--spacing--80)\">\n<p>Le profil\u00e9 de diffuseur LED mont\u00e9 dans le coin \u00e0 angle droit est la meilleure fa\u00e7on d'\u00e9clairer les coins de votre maison ou de votre magasin. Ce profil s'adapte bien aux coins de 90 degr\u00e9s. Il mesure 16,2mm par 16,2mm \u00e0 l'ext\u00e9rieur et peut contenir des bandes LED allant jusqu'\u00e0 12,2mm de large \u00e0 l'int\u00e9rieur.<\/p>\n\n\n\n<p>The strong aluminum profile makes sure that heat escapes rapidly, and the diffuser cover spreads the light evenly and softly, getting rid of spots and rough edges for a bright, smooth light. It&#8217;s quick and safe to set up. First, use screws to attach the clips to the surface. After that, just snap the profile into the clips that are already there.<\/p>\n<\/div>\n\n\n\n<div class=\"wp-block-group has-background is-vertical is-layout-flex wp-container-core-group-is-layout-d255d7c4 wp-block-group-is-layout-flex\" style=\"background-color:#f1f1f1;padding-top:var(--wp--preset--spacing--80);padding-bottom:var(--wp--preset--spacing--80)\">\n<div class=\"wp-block-group is-vertical is-layout-flex wp-container-core-group-is-layout-8cf370e7 wp-block-group-is-layout-flex\">\n<h2 class=\"wp-block-heading\" style=\"padding-top:var(--wp--preset--spacing--40);padding-bottom:var(--wp--preset--spacing--40);font-size:25px;font-style:normal;font-weight:600;text-transform:capitalize\">Pourquoi choisir ce profil\u00e9 LED diffuseur \u00e0 angle droit mont\u00e9 dans le coin ?<\/h2>\n\n\n\n<ul class=\"wp-block-list\">\n<li>La forme en V s'adapte parfaitement aux coins de 90 degr\u00e9s, ce qui le rend utilisable dans les cuisines, les placards, sur les \u00e9tag\u00e8res, dans les vitrines de vente, et plus encore.<\/li>\n\n\n\n<li>Pas de points, juste une lumi\u00e8re douce : le diffuseur opale fait dispara\u00eetre les points LED, de sorte que la lumi\u00e8re a l'air lisse et propre.<\/li>\n\n\n\n<li>Dur\u00e9e de vie LED prolong\u00e9e : l'aluminium anodis\u00e9 refroidit la bande LED, ce qui la fait durer plus longtemps.<\/li>\n\n\n\n<li>Compatible avec la plupart des bandes LED, comme les lumi\u00e8res en bande SMD 5050, 3528, et 2835 de 12mm de large ou moins.<\/li>\n\n\n\n<li>Installation facile : il est fourni avec des clips de montage et un diffuseur qui s'enclenche, donc vous pouvez l'installer rapidement.<\/li>\n<\/ul>\n<\/div>\n<\/div>\n\n\n\n<div class=\"wp-block-group\" style=\"padding-top:var(--wp--preset--spacing--60);padding-bottom:var(--wp--preset--spacing--60)\"><div class=\"wp-block-group__inner-container is-layout-constrained wp-block-group-is-layout-constrained\">\n<div class=\"wp-block-media-text has-media-on-the-right is-stacked-on-mobile\" style=\"grid-template-columns:auto 40%\"><div class=\"wp-block-media-text__content\">\n<h2 class=\"wp-block-heading\" style=\"padding-top:var(--wp--preset--spacing--40);padding-bottom:var(--wp--preset--spacing--40);font-size:25px;font-style:normal;font-weight:600;text-transform:capitalize\">Comment installer<\/h2>\n\n\n\n<ul class=\"wp-block-list\">\n<li>Placez les clips dans les coins de vos murs.<\/li>\n\n\n\n<li>Placez le profil\u00e9 fermement dans les clips.<\/li>\n\n\n\n<li>Collez votre bande LED \u00e0 l'int\u00e9rieur du canal.<\/li>\n\n\n\n<li>Mettez le couvercle du diffuseur sur le profil\u00e9.<\/li>\n\n\n\n<li>Ajoutez des bouchons de fin pour un bel aspect.<\/li>\n<\/ul>\n<\/div><figure class=\"wp-block-media-text__media\"><img loading=\"lazy\" decoding=\"async\" width=\"500\" height=\"500\" src=\"https:\/\/tangooled.com\/wp-content\/uploads\/2025\/06\/la01-ins.webp\" alt=\"corner mount right angle diffuser aluminum led extrusion profile inner 12mm\" class=\"wp-image-41946 size-full\" srcset=\"https:\/\/tangooled.com\/wp-content\/uploads\/2025\/06\/la01-ins.webp 500w, https:\/\/tangooled.com\/wp-content\/uploads\/2025\/06\/la01-ins-300x300.webp 300w, https:\/\/tangooled.com\/wp-content\/uploads\/2025\/06\/la01-ins-150x150.webp 150w\" sizes=\"auto, (max-width: 500px) 100vw, 500px\" \/><\/figure><\/div>\n<\/div><\/div>\n\n\n\n<div class=\"wp-block-group has-background is-vertical is-layout-flex wp-container-core-group-is-layout-b429018a wp-block-group-is-layout-flex\" style=\"background-color:#f1f1f1f2;padding-top:var(--wp--preset--spacing--70);padding-bottom:var(--wp--preset--spacing--70)\">\n<h2 class=\"wp-block-heading\" style=\"padding-top:var(--wp--preset--spacing--40);padding-bottom:var(--wp--preset--spacing--40);font-size:25px;font-style:normal;font-weight:600\">O\u00f9 pouvez-vous l'utiliser ?<\/h2>\n\n\n\n<p>Vous pouvez utiliser ce profil\u00e9 diffuseur LED \u00e0 angle droit mont\u00e9 dans le coin dans de nombreux endroits. Essayez-le pour :<\/p>\n\n\n\n<ul class=\"wp-block-list\">\n<li>Plans de travail de cuisine et sous les meubles<\/li>\n\n\n\n<li>Coins de mur et plafonds pour un \u00e9clairage d'ambiance chaleureux<\/li>\n\n\n\n<li>\u00c9clairages d'\u00e9tag\u00e8res dans les magasins ou les maisons<\/li>\n\n\n\n<li>Vitrines et placards<\/li>\n<\/ul>\n<\/div>\n\n\n\n<div class=\"wp-block-group is-vertical is-layout-flex wp-container-core-group-is-layout-d255d7c4 wp-block-group-is-layout-flex\" style=\"padding-top:var(--wp--preset--spacing--80);padding-bottom:var(--wp--preset--spacing--80)\">\n<h2 class=\"wp-block-heading\" style=\"padding-top:var(--wp--preset--spacing--40);padding-bottom:var(--wp--preset--spacing--40);font-size:25px;font-style:normal;font-weight:600;text-transform:capitalize\">\u00c0 l'int\u00e9rieur de la bo\u00eete<\/h2>\n\n\n\n<p>Vous recevez tout ce dont vous avez besoin pour le monter rapidement :<\/p>\n\n\n\n<ul class=\"wp-block-list\">\n<li>Un canal en aluminium en forme de V<\/li>\n\n\n\n<li>Un couvercle de diffuseur d\u00e9poli<\/li>\n\n\n\n<li>Deux clips de montage pour chaque m\u00e8tre<\/li>\n\n\n\n<li>Deux bouchons d'extr\u00e9mit\u00e9 (l'un scell\u00e9 et l'autre avec un trou pour un c\u00e2ble)<\/li>\n<\/ul>\n<\/div>\n\n\n\n<div class=\"wp-block-group has-background\" style=\"background-color:#f1f1f1;padding-top:var(--wp--preset--spacing--80);padding-bottom:var(--wp--preset--spacing--80)\"><div class=\"wp-block-group__inner-container is-layout-constrained wp-block-group-is-layout-constrained\">\n<h2 class=\"wp-block-heading\" style=\"padding-top:var(--wp--preset--spacing--40);padding-bottom:var(--wp--preset--spacing--40);font-size:25px;font-style:normal;font-weight:600;text-transform:capitalize\">Conclusion : votre solution d'\u00e9clairage d'angle<\/h2>\n\n\n\n<p style=\"padding-right:var(--wp--preset--spacing--50);padding-left:var(--wp--preset--spacing--50)\">Si vous voulez une lumi\u00e8re vive dans les coins, ce profil\u00e9 diffuseur LED mont\u00e9 dans le coin est la solution intelligente et simple. Il garde votre LED en s\u00e9curit\u00e9 et rend votre lumi\u00e8re douce, sans spots. Le canal en aluminium reste frais et solide. Facile \u00e0 monter pour tout bricoleur ou installateur professionnel. D\u00e9couvrez d'autres profils LED pour trouver des ajustements parfaits pour votre projet : <\/p>\n\n\n\n<ul class=\"wp-block-list\">\n<li>Explorez le <a href=\"https:\/\/tangooled.com\/fr\/product\/black-led-diffuser-aluminum-channel-for-12mm-tape-lights\/\"><mark style=\"background-color:rgba(0, 0, 0, 0)\" class=\"has-inline-color has-vivid-red-color\">profil\u00e9 diffuseur LED noir en aluminium pour bandes de 12mm<\/mark> <\/a>pour un look \u00e9pur\u00e9.<\/li>\n\n\n\n<li>D\u00e9couvrez le <a href=\"https:\/\/tangooled.com\/fr\/product\/18x18mm-led-strip-corner-profile-for-12mm-led-strips\/\"><mark style=\"background-color:rgba(0, 0, 0, 0)\" class=\"has-inline-color has-vivid-red-color\">profil\u00e9 d'angle pour bande LED 18x18mm<\/mark><\/a> si vous souhaitez un profil plus grand.<\/li>\n\n\n\n<li>Essayez le <a href=\"https:\/\/tangooled.com\/fr\/product\/surface-mount-led-profile-with-frosted-diffuser-for-10mm-rope-lights\/\"><mark style=\"background-color:rgba(0, 0, 0, 0)\" class=\"has-inline-color has-vivid-red-color\">profil LED de montage en surface avec diffuseur d\u00e9poli<\/mark><\/a> pour des bandes plus fines.<\/li>\n<\/ul>\n<\/div><\/div>\n\n\n\n<p><\/p>","protected":false},"featured_media":14039,"template":"","meta":{"_acf_changed":true,"_seopress_robots_primary_cat":"none","_seopress_titles_title":"Corner Mount Right Angle LED Profile with Diffuser | TANGOOLED","_seopress_titles_desc":"Corner mount right angle diffuser LED profile for 12mm strips. LED extrusion (LA01) for 90-degree corner lighting & heat dissipation. Ideal for under-cabinet and professional corner lighting.","_seopress_robots_index":""},"pcb-width":[228],"product-cat":[196],"class_list":{"0":"post-34893","1":"product","2":"type-product","3":"status-publish","4":"has-post-thumbnail","6":"pcb-width-6-12mm","7":"product-cat-corner-profile"},"acf":[],"_links":{"self":[{"href":"https:\/\/tangooled.com\/fr\/wp-json\/wp\/v2\/product\/34893","targetHints":{"allow":["GET"]}}],"collection":[{"href":"https:\/\/tangooled.com\/fr\/wp-json\/wp\/v2\/product"}],"about":[{"href":"https:\/\/tangooled.com\/fr\/wp-json\/wp\/v2\/types\/product"}],"wp:featuredmedia":[{"embeddable":true,"href":"https:\/\/tangooled.com\/fr\/wp-json\/wp\/v2\/media\/14039"}],"wp:attachment":[{"href":"https:\/\/tangooled.com\/fr\/wp-json\/wp\/v2\/media?parent=34893"}],"wp:term":[{"taxonomy":"pcb-width","embeddable":true,"href":"https:\/\/tangooled.com\/fr\/wp-json\/wp\/v2\/pcb-width?post=34893"},{"taxonomy":"product-cat","embeddable":true,"href":"https:\/\/tangooled.com\/fr\/wp-json\/wp\/v2\/product-cat?post=34893"}],"curies":[{"name":"wp","href":"https:\/\/api.w.org\/{rel}","templated":true}]}}