{"id":34888,"date":"2025-06-30T22:07:20","date_gmt":"2025-07-01T06:07:20","guid":{"rendered":"https:\/\/tangooled.com\/?post_type=product&#038;p=34888"},"modified":"2026-02-02T01:54:35","modified_gmt":"2026-02-02T09:54:35","slug":"18mm-flexible-led-profile-for-12mm-led-strips","status":"publish","type":"product","link":"https:\/\/tangooled.com\/fr\/product\/18mm-flexible-led-profile-for-12mm-led-strips\/","title":{"rendered":"Profil LED flexible de 18 mm pour bandes LED de 12 mm"},"content":{"rendered":"<div class=\"wp-block-group is-vertical is-layout-flex wp-container-core-group-is-layout-d255d7c4 wp-block-group-is-layout-flex\" style=\"padding-top:var(--wp--preset--spacing--80);padding-bottom:var(--wp--preset--spacing--80)\">\n<p>This 18mm flexible LED profile is made to make lighting setups that are smooth, curved, and very brilliant. This flexible channel is made of strong, high-quality aluminum that bends easily. This makes it easy to install around corners, curves, and other circular architectural components. It is made to fit flexible LED strips that are 12mm wide. The profile features a soft, white cover (diffuser) that effectively hides the harsh, bright dots or &#8220;hotspots&#8221; from the LED strip. This makes sure that the light output is a perfectly even and diffused line. The channel also protects your LED lighting parts from dust and damage, which makes them last longer.<\/p>\n<\/div>\n\n\n\n<div class=\"wp-block-group has-background is-vertical is-layout-flex wp-container-core-group-is-layout-d255d7c4 wp-block-group-is-layout-flex\" style=\"background-color:#f1f1f1;padding-top:var(--wp--preset--spacing--80);padding-bottom:var(--wp--preset--spacing--80)\">\n<div class=\"wp-block-group is-vertical is-layout-flex wp-container-core-group-is-layout-8cf370e7 wp-block-group-is-layout-flex\">\n<h2 class=\"wp-block-heading\" style=\"padding-top:var(--wp--preset--spacing--40);padding-bottom:var(--wp--preset--spacing--40);font-size:25px;font-style:normal;font-weight:600;text-transform:capitalize\">Pourquoi choisir notre profil LED flexible de 18 mm ?<\/h2>\n\n\n\n<ul class=\"wp-block-list\">\n<li>Il fonctionne avec vos lumi\u00e8res : ce profil est compatible avec toute bande LED flexible de 12 mm de large ou moins.<\/li>\n\n\n\n<li>Il se plie et reste en place : l'aluminium est robuste mais flexible. Il se plie l\u00e0 o\u00f9 vous le souhaitez et reste ainsi.<\/li>\n\n\n\n<li>Prot\u00e8ge les lumi\u00e8res : le bo\u00eetier en aluminium emp\u00eache votre bande LED d'accumuler de la poussi\u00e8re ou d'\u00eatre touch\u00e9e.<\/li>\n\n\n\n<li>A l'air agr\u00e9able dans n'importe quel environnement : choisissez une finition qui correspond \u00e0 votre pi\u00e8ce, comme le argent, le noir ou le blanc.<\/li>\n\n\n\n<li>Livr\u00e9 avec tout ce dont vous avez besoin pour l'installer, comme des clips et des capuchons.<\/li>\n<\/ul>\n<\/div>\n<\/div>\n\n\n\n<div class=\"wp-block-group is-vertical is-layout-flex wp-container-core-group-is-layout-d255d7c4 wp-block-group-is-layout-flex\" style=\"padding-top:var(--wp--preset--spacing--80);padding-bottom:var(--wp--preset--spacing--80)\">\n<hr class=\"wp-block-separator has-alpha-channel-opacity\"\/>\n\n\n\n<div class=\"wp-block-media-text has-media-on-the-right is-stacked-on-mobile\" style=\"grid-template-columns:auto 40%\"><div class=\"wp-block-media-text__content\">\n<h2 class=\"wp-block-heading\" style=\"padding-top:var(--wp--preset--spacing--40);padding-bottom:var(--wp--preset--spacing--40);font-size:25px;font-style:normal;font-weight:600;text-transform:capitalize\">Comment l'installer<\/h2>\n\n\n\n<ul class=\"wp-block-list\">\n<li>Faites plier le profil dans la forme souhait\u00e9e.<\/li>\n\n\n\n<li>Placez votre bande LED de 12 mm \u00e0 l'int\u00e9rieur du canal.<\/li>\n\n\n\n<li>Mettez le couvercle doux et blanc sur le dessus.<\/li>\n\n\n\n<li>Utilisez des clips de montage pour fixer le profil au mur ou au plafond.<\/li>\n\n\n\n<li>Mettez les capuchons de finition pour donner un aspect soign\u00e9.<\/li>\n<\/ul>\n<\/div><figure class=\"wp-block-media-text__media\"><img loading=\"lazy\" decoding=\"async\" width=\"500\" height=\"500\" src=\"https:\/\/tangooled.com\/wp-content\/uploads\/2026\/01\/bp01-ins.webp\" alt=\"bp01 ins\" class=\"wp-image-46013 size-full\" srcset=\"https:\/\/tangooled.com\/wp-content\/uploads\/2026\/01\/bp01-ins.webp 500w, https:\/\/tangooled.com\/wp-content\/uploads\/2026\/01\/bp01-ins-300x300.webp 300w, https:\/\/tangooled.com\/wp-content\/uploads\/2026\/01\/bp01-ins-150x150.webp 150w\" sizes=\"auto, (max-width: 500px) 100vw, 500px\" \/><\/figure><\/div>\n<\/div>\n\n\n\n<div class=\"wp-block-group has-background is-vertical is-layout-flex wp-container-core-group-is-layout-b429018a wp-block-group-is-layout-flex\" style=\"background-color:#f1f1f1f2;padding-top:var(--wp--preset--spacing--70);padding-bottom:var(--wp--preset--spacing--70)\">\n<h2 class=\"wp-block-heading\" style=\"padding-top:var(--wp--preset--spacing--40);padding-bottom:var(--wp--preset--spacing--40);font-size:25px;font-style:normal;font-weight:600\">Utilisez-le pour ces id\u00e9es amusantes<\/h2>\n\n\n\n<ul class=\"wp-block-list\">\n<li>Lumi\u00e8res sur un mur qui courbe ou un bureau qui est rond.<\/li>\n\n\n\n<li>Lumi\u00e8res qui suivent une arche dans une porte.<\/li>\n\n\n\n<li>Lumi\u00e8res cach\u00e9es dans une niche au plafond.<\/li>\n\n\n\n<li>Lumi\u00e8res sous vos armoires de cuisine ou \u00e9tag\u00e8res.<\/li>\n\n\n\n<li>Lumi\u00e8res en formes cool et fluides pour un affichage en magasin.<\/li>\n<\/ul>\n<\/div>\n\n\n\n<div class=\"wp-block-group is-vertical is-layout-flex wp-container-core-group-is-layout-d255d7c4 wp-block-group-is-layout-flex\" style=\"padding-top:var(--wp--preset--spacing--80);padding-bottom:var(--wp--preset--spacing--80)\">\n<h2 class=\"wp-block-heading\" style=\"padding-top:var(--wp--preset--spacing--40);padding-bottom:var(--wp--preset--spacing--40);font-size:25px;font-style:normal;font-weight:600;text-transform:capitalize\">D\u00e9couvrez nos autres produits<\/h2>\n\n\n\n<p>Ce profil LED flexible de 18 mm fait partie d'une grande famille de produits d'\u00e9clairage. Si vous aimez cela, vous aimerez peut-\u00eatre aussi :<\/p>\n\n\n\n<ul class=\"wp-block-list\">\n<li><a href=\"https:\/\/tangooled.com\/fr\/product\/black-led-diffuser-aluminum-channel-for-12mm-tape-lights\/\"><mark style=\"background-color:rgba(0, 0, 0, 0)\" class=\"has-inline-color has-vivid-red-color\">Un canal en aluminium diffuseur LED noir pour lumi\u00e8res \u00e0 bande de 12 mm<\/mark> <\/a>pour un style tr\u00e8s moderne.<\/li>\n\n\n\n<li><a href=\"https:\/\/tangooled.com\/fr\/product\/surface-mount-led-profile-with-frosted-diffuser-for-10mm-rope-lights\/\"><mark style=\"background-color:rgba(0, 0, 0, 0)\" class=\"has-inline-color has-vivid-red-color\">Profil LED \u00e0 montage en surface avec diffuseur frosting pour lumi\u00e8res \u00e0 cordon de 10 mm<\/mark><\/a> si vous avez besoin d'une option droite sans courbure.<\/li>\n\n\n\n<li><a href=\"https:\/\/tangooled.com\/fr\/product\/black-led-diffuser-aluminum-channel-for-12mm-tape-lights\/\"><mark style=\"background-color:rgba(0, 0, 0, 0)\" class=\"has-inline-color has-vivid-red-color\">Canal en aluminium diffuseur LED noir pour lumi\u00e8res \u00e0 bande de 12 mm<\/mark><\/a> pour un look diff\u00e9rent qui est \u00e9galement excellent pour de nombreux projets.<\/li>\n<\/ul>\n<\/div>\n\n\n\n<p><\/p>","protected":false},"featured_media":13110,"template":"","meta":{"_acf_changed":true,"_seopress_robots_primary_cat":"none","_seopress_titles_title":"Bendable 18mm Flexible LED Profile for 12mm Strip Lights | TANGOOLED","_seopress_titles_desc":"High-quality 18mm flexible LED profile designed for 12mm LED strips. Perfect for curved lighting designs, furniture, and architectural DIY projects.","_seopress_robots_index":""},"pcb-width":[228],"product-cat":[203],"class_list":{"0":"post-34888","1":"product","2":"type-product","3":"status-publish","4":"has-post-thumbnail","6":"pcb-width-6-12mm","7":"product-cat-flexible-profile"},"acf":[],"_links":{"self":[{"href":"https:\/\/tangooled.com\/fr\/wp-json\/wp\/v2\/product\/34888","targetHints":{"allow":["GET"]}}],"collection":[{"href":"https:\/\/tangooled.com\/fr\/wp-json\/wp\/v2\/product"}],"about":[{"href":"https:\/\/tangooled.com\/fr\/wp-json\/wp\/v2\/types\/product"}],"wp:featuredmedia":[{"embeddable":true,"href":"https:\/\/tangooled.com\/fr\/wp-json\/wp\/v2\/media\/13110"}],"wp:attachment":[{"href":"https:\/\/tangooled.com\/fr\/wp-json\/wp\/v2\/media?parent=34888"}],"wp:term":[{"taxonomy":"pcb-width","embeddable":true,"href":"https:\/\/tangooled.com\/fr\/wp-json\/wp\/v2\/pcb-width?post=34888"},{"taxonomy":"product-cat","embeddable":true,"href":"https:\/\/tangooled.com\/fr\/wp-json\/wp\/v2\/product-cat?post=34888"}],"curies":[{"name":"wp","href":"https:\/\/api.w.org\/{rel}","templated":true}]}}