{"id":34702,"date":"2025-06-29T23:44:22","date_gmt":"2025-06-30T07:44:22","guid":{"rendered":"https:\/\/tangooled.com\/?post_type=product&#038;p=34702"},"modified":"2026-01-29T23:50:13","modified_gmt":"2026-01-30T07:50:13","slug":"aluminum-u-channel-with-curved-led-diffuser-inner-16mm","status":"publish","type":"product","link":"https:\/\/tangooled.com\/fr\/product\/aluminum-u-channel-with-curved-led-diffuser-inner-16mm\/","title":{"rendered":"profil U en aluminium avec diffuseur LED incurv\u00e9 int\u00e9rieur de 16 mm"},"content":{"rendered":"<div class=\"wp-block-group is-vertical is-layout-flex wp-container-core-group-is-layout-d255d7c4 wp-block-group-is-layout-flex\" style=\"padding-top:var(--wp--preset--spacing--80);padding-bottom:var(--wp--preset--spacing--80)\">\n<p>Our aluminum u channel with curved led diffuser inner 16mm is made for easy use. It has a wide 16.2mm inner width and a high-quality curved diffuser that makes sure the light is smooth and dot-free. This aluminum channel is meant to be mounted on the surface. It comes with matching end caps and mounting clips to make sure it looks professional. You can choose from silver, white, or black finishes to make sure they match your design&nbsp;exactly. It&#8217;s a safe, high-quality place to store your LED strips, whether you need it for personal or business use.<\/p>\n<\/div>\n\n\n\n<div class=\"wp-block-group has-background\" style=\"background-color:#f1f1f1;padding-top:var(--wp--preset--spacing--80);padding-bottom:var(--wp--preset--spacing--80)\"><div class=\"wp-block-group__inner-container is-layout-constrained wp-block-group-is-layout-constrained\">\n<div class=\"wp-block-group is-vertical is-layout-flex wp-container-core-group-is-layout-8cf370e7 wp-block-group-is-layout-flex\">\n<h2 class=\"wp-block-heading\" style=\"padding-top:var(--wp--preset--spacing--40);padding-bottom:var(--wp--preset--spacing--40);font-size:25px;font-style:normal;font-weight:600;text-transform:capitalize\">Pourquoi choisir notre profil\u00e9e en aluminium en U avec diffuseur LED incurv\u00e9 ?<\/h2>\n\n\n\n<ul class=\"wp-block-list\">\n<li>Compatible avec les bandes LED jusqu'\u00e0 16 mm de large. Fonctionne tr\u00e8s bien avec des bandes LED ayant une ou deux rang\u00e9es.<\/li>\n\n\n\n<li>Le canal est fabriqu\u00e9 en aluminium anodis\u00e9 durable 6063-T5, ce qui garde vos LEDs au frais, permettant une dur\u00e9e de vie plus longue.<\/li>\n\n\n\n<li>Le diffuseur en d\u00f4me incurv\u00e9 fournit une lumi\u00e8re douce, sans points et prot\u00e8ge vos LEDs de la poussi\u00e8re.<\/li>\n\n\n\n<li>Facile \u00e0 monter sur une surface avec les clips et capuchons fournis.<\/li>\n\n\n\n<li>Disponible en finitions argent\u00e9es, noires et blanches pour s'adapter \u00e0 votre espace.<\/li>\n\n\n\n<li>Vous pouvez obtenir des longueurs sur mesure (1m, 2m) d\u00e9coup\u00e9es pour votre projet.<\/li>\n<\/ul>\n<\/div>\n<\/div><\/div>\n\n\n\n<div class=\"wp-block-group is-vertical is-layout-flex wp-container-core-group-is-layout-d255d7c4 wp-block-group-is-layout-flex\" style=\"padding-top:var(--wp--preset--spacing--80);padding-bottom:var(--wp--preset--spacing--80)\">\n<hr class=\"wp-block-separator has-alpha-channel-opacity\"\/>\n\n\n\n<div class=\"wp-block-media-text has-media-on-the-right is-stacked-on-mobile\" style=\"grid-template-columns:auto 40%\"><div class=\"wp-block-media-text__content\">\n<h2 class=\"wp-block-heading\" style=\"padding-top:var(--wp--preset--spacing--40);padding-bottom:var(--wp--preset--spacing--40);font-size:25px;font-style:normal;font-weight:600;text-transform:capitalize\">Comment Installer<\/h2>\n\n\n\n<ul class=\"wp-block-list\">\n<li>Utilisez une scie \u00e0 m\u00e9taux pour couper le bo\u00eetier en aluminium extrud\u00e9 \u00e0 la bonne taille.<\/li>\n\n\n\n<li>Fixez les clips de montage pour le profil\u00e9 en aluminium \u00e0 la surface avec des vis ou de la colle.<\/li>\n\n\n\n<li>Retirez le support du ruban LED et placez-le \u00e0 l'int\u00e9rieur du tube en aluminium.<\/li>\n\n\n\n<li>Pour une lumi\u00e8re sans points, clipsez le diffuseur en lentille incurv\u00e9e.<\/li>\n\n\n\n<li>Utilisez les capuchons de finition fournis pour finaliser les bords.<\/li>\n<\/ul>\n<\/div><figure class=\"wp-block-media-text__media\"><img loading=\"lazy\" decoding=\"async\" width=\"500\" height=\"500\" src=\"https:\/\/tangooled.com\/wp-content\/uploads\/2025\/06\/lp02a-ins.webp\" alt=\"aluminum u channel with curved led diffuser inner 16mm\" class=\"wp-image-48300 size-full\" srcset=\"https:\/\/tangooled.com\/wp-content\/uploads\/2025\/06\/lp02a-ins.webp 500w, https:\/\/tangooled.com\/wp-content\/uploads\/2025\/06\/lp02a-ins-300x300.webp 300w, https:\/\/tangooled.com\/wp-content\/uploads\/2025\/06\/lp02a-ins-150x150.webp 150w\" sizes=\"auto, (max-width: 500px) 100vw, 500px\" \/><\/figure><\/div>\n<\/div>\n\n\n\n<div class=\"wp-block-group has-background is-vertical is-layout-flex wp-container-core-group-is-layout-b429018a wp-block-group-is-layout-flex\" style=\"background-color:#f1f1f1f2;padding-top:var(--wp--preset--spacing--70);padding-bottom:var(--wp--preset--spacing--70)\">\n<h2 class=\"wp-block-heading\" style=\"padding-top:var(--wp--preset--spacing--40);padding-bottom:var(--wp--preset--spacing--40);font-size:25px;font-style:normal;font-weight:600\">O\u00f9 pouvez-vous l'utiliser ?<\/h2>\n\n\n\n<p>Notre profil\u00e9e en aluminium en U avec diffuseur LED incurv\u00e9 int\u00e9rieur de 16 mm s'adapte \u00e0 de nombreux endroits :<\/p>\n\n\n\n<ul class=\"wp-block-list\">\n<li>Sous les armoires : Utilisez un \u00e9clairage doux pour illuminer les cuisines et les zones de travail.<\/li>\n\n\n\n<li>\u00c9clairage en cove : Faites briller uniform\u00e9ment les murs et les plafonds.<\/li>\n\n\n\n<li>Placards et \u00e9tag\u00e8res : Des lignes droites am\u00e9liorent l'esth\u00e9tique des meubles.<\/li>\n\n\n\n<li>Vitrines : Utilisez une lumi\u00e8re uniforme pour mettre en valeur les produits.<\/li>\n\n\n\n<li>Pour votre maison ou votre bureau, cr\u00e9ez des canaux de luminaires modernes pour leur donner un aspect \u00e9pur\u00e9.<\/li>\n\n\n\n<li>D\u00e9tails architecturaux : Utilis\u00e9 pour un \u00e9clairage \u00e0 la fois professionnel et d\u00e9coratif.<\/li>\n<\/ul>\n<\/div>\n\n\n\n<div class=\"wp-block-group is-vertical is-layout-flex wp-container-core-group-is-layout-d255d7c4 wp-block-group-is-layout-flex\" style=\"padding-top:var(--wp--preset--spacing--80);padding-bottom:var(--wp--preset--spacing--80)\">\n<h2 class=\"wp-block-heading\" style=\"padding-top:var(--wp--preset--spacing--40);padding-bottom:var(--wp--preset--spacing--40);font-size:25px;font-style:normal;font-weight:600;text-transform:capitalize\">Produits connexes et plus <\/h2>\n\n\n\n<ul class=\"wp-block-list\">\n<li><a href=\"https:\/\/tangooled.com\/fr\/product\/u-shape-aluminum-channel-with-square-diffuser-inner-16mm\/\"><mark style=\"background-color:rgba(0, 0, 0, 0)\" class=\"has-inline-color has-vivid-red-color\">Profil\u00e9 en aluminium en U avec diffuseur carr\u00e9 int\u00e9rieur de 16 mm<\/mark><\/a><\/li>\n\n\n\n<li><a href=\"https:\/\/tangooled.com\/fr\/product\/20x18mm-double-layer-led-channel-inner-16mm-with-curved-diffuser\/\"><mark style=\"background-color:rgba(0, 0, 0, 0)\" class=\"has-inline-color has-vivid-red-color\">Canal LED \u00e0 double couche de 20x18mm int\u00e9rieur de 16mm avec diffuseur incurv\u00e9<\/mark><\/a><\/li>\n\n\n\n<li><a href=\"https:\/\/tangooled.com\/fr\/product\/aluminum-led-strip-extrusion-diffuser-channel-for-5050-double-row-led-strip\/\"><mark style=\"background-color:rgba(0, 0, 0, 0)\" class=\"has-inline-color has-vivid-red-color\">Profil de diffuseur en aluminium pour bande LED 5050 \u00e0 double rang\u00e9e<\/mark><\/a><\/li>\n<\/ul>\n<\/div>\n\n\n\n<div class=\"wp-block-group has-background is-vertical is-layout-flex wp-container-core-group-is-layout-b429018a wp-block-group-is-layout-flex\" style=\"background-color:#f1f1f1f2;padding-top:var(--wp--preset--spacing--70);padding-bottom:var(--wp--preset--spacing--70)\">\n<p style=\"padding-right:var(--wp--preset--spacing--50);padding-left:var(--wp--preset--spacing--50)\">Obtenez le meilleur profil\u00e9 LED lin\u00e9aire en aluminium pour votre prochain projet d'\u00e9clairage. Notre dissipateur thermique en aluminium de qualit\u00e9 professionnelle avec diffuseur incurv\u00e9 est pr\u00eat \u00e0 vous aider \u00e0 cr\u00e9er une lumi\u00e8re propre, brillante et uniforme. Consultez les d\u00e9tails complets du produit et commandez d\u00e8s aujourd'hui chez Tangooled <mark style=\"background-color:rgba(0, 0, 0, 0)\" class=\"has-inline-color has-vivid-red-color\"><a href=\"https:\/\/tangooled.com\/fr\/led-profiles\/\">ici<\/a><\/mark>.<\/p>\n<\/div>\n\n\n\n<p><\/p>","protected":false},"featured_media":14090,"template":"","meta":{"_acf_changed":true,"_seopress_robots_primary_cat":"none","_seopress_titles_title":"Aluminum U Channel with Curved LED Diffuser Inner 16mm | TANGOOLED","_seopress_titles_desc":"Source the aluminum U channel LP02A. Featuring an inner 16mm width and a curved LED diffuser, this profile provides professional housing for flexible LED strips.","_seopress_robots_index":""},"pcb-width":[229],"product-cat":[192],"class_list":{"0":"post-34702","1":"product","2":"type-product","3":"status-publish","4":"has-post-thumbnail","6":"pcb-width-15-20mm","7":"product-cat-surface-led-profile"},"acf":[],"_links":{"self":[{"href":"https:\/\/tangooled.com\/fr\/wp-json\/wp\/v2\/product\/34702","targetHints":{"allow":["GET"]}}],"collection":[{"href":"https:\/\/tangooled.com\/fr\/wp-json\/wp\/v2\/product"}],"about":[{"href":"https:\/\/tangooled.com\/fr\/wp-json\/wp\/v2\/types\/product"}],"wp:featuredmedia":[{"embeddable":true,"href":"https:\/\/tangooled.com\/fr\/wp-json\/wp\/v2\/media\/14090"}],"wp:attachment":[{"href":"https:\/\/tangooled.com\/fr\/wp-json\/wp\/v2\/media?parent=34702"}],"wp:term":[{"taxonomy":"pcb-width","embeddable":true,"href":"https:\/\/tangooled.com\/fr\/wp-json\/wp\/v2\/pcb-width?post=34702"},{"taxonomy":"product-cat","embeddable":true,"href":"https:\/\/tangooled.com\/fr\/wp-json\/wp\/v2\/product-cat?post=34702"}],"curies":[{"name":"wp","href":"https:\/\/api.w.org\/{rel}","templated":true}]}}