{"id":34698,"date":"2025-06-29T23:37:27","date_gmt":"2025-06-30T07:37:27","guid":{"rendered":"https:\/\/tangooled.com\/?post_type=product&#038;p=34698"},"modified":"2026-01-29T19:06:13","modified_gmt":"2026-01-30T03:06:13","slug":"double-layer-led-channel-inner-16mm-with-curved-diffuser-lp01a","status":"publish","type":"product","link":"https:\/\/tangooled.com\/fr\/product\/double-layer-led-channel-inner-16mm-with-curved-diffuser-lp01a\/","title":{"rendered":"canal LED \u00e0 double couche int\u00e9rieur 16mm avec diffuseur incurv\u00e9 LP01A"},"content":{"rendered":"<div class=\"wp-block-group is-vertical is-layout-flex wp-container-core-group-is-layout-d255d7c4 wp-block-group-is-layout-flex\" style=\"padding-top:var(--wp--preset--spacing--80);padding-bottom:var(--wp--preset--spacing--80)\">\n<p>Utilisez notre canal LED \u00e0 double couche avec diffuseur incurv\u00e9 LP01A pour obtenir une lumi\u00e8re propre et uniforme. Ce profil\u00e9 en aluminium \u00e9l\u00e9gant mesure 20 mm de large et 18,8 mm de haut, et peut contenir des bandes LED jusqu'\u00e0 16 mm de large. Cela le rend id\u00e9al pour les bandes LED larges, \u00e0 double rang\u00e9e ou haut de gamme. Son diffuseur incurv\u00e9 offre une belle lueur sans points qui fonctionne bien dans les maisons modernes, les entreprises et les vitrines. L'installation se fait en deux \u00e9tapes : d'abord, fixez le canal de base \u00e0 la surface de montage. Ensuite, le canal sup\u00e9rieur, qui est fourni avec la bande LED et le diffuseur incurv\u00e9 d\u00e9j\u00e0 install\u00e9s, peut \u00eatre enclench\u00e9 dans la base fixe pour une finition professionnelle et s\u00fbre.<\/p>\n<\/div>\n\n\n\n<div class=\"wp-block-group has-background is-vertical is-layout-flex wp-container-core-group-is-layout-d255d7c4 wp-block-group-is-layout-flex\" style=\"background-color:#f1f1f1;padding-top:var(--wp--preset--spacing--80);padding-bottom:var(--wp--preset--spacing--80)\">\n<div class=\"wp-block-group is-vertical is-layout-flex wp-container-core-group-is-layout-8cf370e7 wp-block-group-is-layout-flex\">\n<h2 class=\"wp-block-heading\" style=\"padding-top:var(--wp--preset--spacing--40);padding-bottom:var(--wp--preset--spacing--40);font-size:25px;font-style:normal;font-weight:600;text-transform:capitalize\">Pourquoi choisir notre canal LED \u00e0 double couche 20x18mm ?<\/h2>\n\n\n\n<ul class=\"wp-block-list\">\n<li>Le large canal int\u00e9rieur peut contenir des bandes LED jusqu'\u00e0 16 mm de large, telles que Philips Hue et les bandes COB.<\/li>\n\n\n\n<li>Le couvercle du diffuseur incurv\u00e9 diffuse la lumi\u00e8re uniform\u00e9ment, \u00e9vitant ainsi les points vifs ou les zones chaudes.<\/li>\n\n\n\n<li>Deux couches d'aluminium anodis\u00e9 aident \u00e0 garder vos LED au frais et \u00e0 g\u00e9rer la chaleur de mani\u00e8re efficace.<\/li>\n\n\n\n<li>Le design puissant et \u00e9l\u00e9gant du profil est \u00e0 la fois attrayant et robuste.<\/li>\n\n\n\n<li>Vous pouvez choisir parmi des finitions en argent, en noir ou en blanc pour s'adapter \u00e0 tout style.<\/li>\n<\/ul>\n<\/div>\n<\/div>\n\n\n\n<div class=\"wp-block-group is-vertical is-layout-flex wp-container-core-group-is-layout-d255d7c4 wp-block-group-is-layout-flex\" style=\"padding-top:var(--wp--preset--spacing--80);padding-bottom:var(--wp--preset--spacing--80)\">\n<hr class=\"wp-block-separator has-alpha-channel-opacity\"\/>\n\n\n\n<div class=\"wp-block-media-text has-media-on-the-right is-stacked-on-mobile\" style=\"grid-template-columns:auto 40%\"><div class=\"wp-block-media-text__content\">\n<h2 class=\"wp-block-heading\" style=\"padding-top:var(--wp--preset--spacing--40);padding-bottom:var(--wp--preset--spacing--40);font-size:25px;font-style:normal;font-weight:600;text-transform:capitalize\">Les meilleures fa\u00e7ons d'utiliser le canal LED \u00e0 double couche<\/h2>\n\n\n\n<ul class=\"wp-block-list\">\n<li>\u00c9clairage lin\u00e9aire de qualit\u00e9 architecturale : Ce rail LED est parfait pour les maisons modernes et les entreprises qui exigent un \u00e9clairage puissant et uniforme gr\u00e2ce \u00e0 sa construction \u00e0 double couche large.<\/li>\n\n\n\n<li>\u00c9clairage sous cabinet et \u00e9clairage de travail : Rendez les cuisines et les espaces de travail plus lumineux avec une lueur douce et sans points.<\/li>\n\n\n\n<li>Retail and Display Shelving: Use professional lighting that won&#8217;t create bright spots to draw attention to your merchandise.<\/li>\n\n\n\n<li>\u00c9clairage de cove personnalis\u00e9 et \u00e9clairage des murs : Le diffuseur incurv\u00e9 permet de r\u00e9aliser de douces washes murales ou des coves au plafond.<\/li>\n<\/ul>\n<\/div><figure class=\"wp-block-media-text__media\"><img loading=\"lazy\" decoding=\"async\" width=\"500\" height=\"500\" src=\"https:\/\/tangooled.com\/wp-content\/uploads\/2025\/06\/lp01a-ins.webp\" alt=\"20x18mm double layer led channel inner 16mm with curved diffuser\" class=\"wp-image-41907 size-full\" srcset=\"https:\/\/tangooled.com\/wp-content\/uploads\/2025\/06\/lp01a-ins.webp 500w, https:\/\/tangooled.com\/wp-content\/uploads\/2025\/06\/lp01a-ins-300x300.webp 300w, https:\/\/tangooled.com\/wp-content\/uploads\/2025\/06\/lp01a-ins-150x150.webp 150w\" sizes=\"auto, (max-width: 500px) 100vw, 500px\" \/><\/figure><\/div>\n<\/div>\n\n\n\n<div class=\"wp-block-group has-background\" style=\"background-color:#f1f1f1;padding-top:var(--wp--preset--spacing--80);padding-bottom:var(--wp--preset--spacing--80)\"><div class=\"wp-block-group__inner-container is-layout-constrained wp-block-group-is-layout-constrained\">\n<h2 class=\"wp-block-heading\" style=\"padding-top:var(--wp--preset--spacing--40);padding-bottom:var(--wp--preset--spacing--40);font-size:25px;font-style:normal;font-weight:600;text-transform:capitalize\">Composants inclus pour vous aider \u00e0 d\u00e9marrer<\/h2>\n\n\n\n<ul class=\"wp-block-list\">\n<li>Deux canaux en aluminium, coup\u00e9s \u00e0 la longueur que vous souhaitez<\/li>\n\n\n\n<li>Un diffuseur incurv\u00e9 opale<\/li>\n\n\n\n<li>Les bouchons d'extr\u00e9mit\u00e9, dont l'un a un trou pour un fil afin de r\u00e9aliser des connexions propres.<\/li>\n<\/ul>\n<\/div><\/div>\n\n\n\n<div class=\"wp-block-group\" style=\"padding-top:var(--wp--preset--spacing--80);padding-bottom:var(--wp--preset--spacing--80)\"><div class=\"wp-block-group__inner-container is-layout-constrained wp-block-group-is-layout-constrained\">\n<h2 class=\"wp-block-heading\" style=\"padding-top:var(--wp--preset--spacing--40);padding-bottom:var(--wp--preset--spacing--40);font-size:25px;font-style:normal;font-weight:600;text-transform:capitalize\">r\u00e9sum\u00e9<\/h2>\n\n\n\n<p>Notre canal LED \u00e0 double couche 20x18mm avec un canal int\u00e9rieur de 16mm et un diffuseur incurv\u00e9 est appr\u00e9ci\u00e9 des architectes, designers et bricoleurs. Pour voir diff\u00e9rentes tailles de canaux stables et types de diffuseurs, consultez :<\/p>\n\n\n\n<ul class=\"wp-block-list\">\n<li><a href=\"https:\/\/tangooled.com\/fr\/product\/surface-mount-led-profile-with-frosted-diffuser-for-10mm-rope-lights\/\"><mark style=\"background-color:rgba(0, 0, 0, 0)\" class=\"has-inline-color has-vivid-red-color\">Profil LED \u00e0 montage en surface avec diffuseur d\u00e9poli pour bandes de 10 mm<\/mark><\/a><\/li>\n\n\n\n<li><a href=\"https:\/\/tangooled.com\/fr\/product\/aluminum-u-channel-with-curved-led-diffuser-inner-16mm\/\"><mark style=\"background-color:rgba(0, 0, 0, 0)\" class=\"has-inline-color has-vivid-red-color\">Profil\u00e9 U en aluminium avec diffuseur LED incurv\u00e9 int\u00e9rieur de 16 mm<\/mark><\/a><\/li>\n\n\n\n<li><a href=\"https:\/\/tangooled.com\/fr\/product\/20x19mm-double-layer-aluminum-extrusion-led-channel\/\"><mark style=\"background-color:rgba(0, 0, 0, 0)\" class=\"has-inline-color has-vivid-red-color\">canal LED en aluminium \u00e0 double couche 20x19mm<\/mark><\/a><\/li>\n<\/ul>\n<\/div><\/div>\n\n\n\n<p><\/p>","protected":false},"featured_media":14084,"template":"","meta":{"_acf_changed":true,"_seopress_robots_primary_cat":"none","_seopress_titles_title":"Double Layer LED Channel Inner 16mm Curved Diffuser LP01A | TANGOOLED","_seopress_titles_desc":"The LP01A is a premium double layer led channel with an inner 16mm width. Featuring a sleek curved diffuser for dot-free linear lighting. Perfect for modern cabinetry and architectural accents.","_seopress_robots_index":""},"pcb-width":[229],"product-cat":[192],"class_list":{"0":"post-34698","1":"product","2":"type-product","3":"status-publish","4":"has-post-thumbnail","6":"pcb-width-15-20mm","7":"product-cat-surface-led-profile"},"acf":[],"_links":{"self":[{"href":"https:\/\/tangooled.com\/fr\/wp-json\/wp\/v2\/product\/34698","targetHints":{"allow":["GET"]}}],"collection":[{"href":"https:\/\/tangooled.com\/fr\/wp-json\/wp\/v2\/product"}],"about":[{"href":"https:\/\/tangooled.com\/fr\/wp-json\/wp\/v2\/types\/product"}],"wp:featuredmedia":[{"embeddable":true,"href":"https:\/\/tangooled.com\/fr\/wp-json\/wp\/v2\/media\/14084"}],"wp:attachment":[{"href":"https:\/\/tangooled.com\/fr\/wp-json\/wp\/v2\/media?parent=34698"}],"wp:term":[{"taxonomy":"pcb-width","embeddable":true,"href":"https:\/\/tangooled.com\/fr\/wp-json\/wp\/v2\/pcb-width?post=34698"},{"taxonomy":"product-cat","embeddable":true,"href":"https:\/\/tangooled.com\/fr\/wp-json\/wp\/v2\/product-cat?post=34698"}],"curies":[{"name":"wp","href":"https:\/\/api.w.org\/{rel}","templated":true}]}}