{"id":34686,"date":"2025-06-29T23:11:41","date_gmt":"2025-06-30T07:11:41","guid":{"rendered":"https:\/\/tangooled.com\/?post_type=product&#038;p=34686"},"modified":"2026-01-21T18:51:40","modified_gmt":"2026-01-22T02:51:40","slug":"17mm-led-strip-light-aluminum-channel-for-surface-mounting","status":"publish","type":"product","link":"https:\/\/tangooled.com\/fr\/product\/17mm-led-strip-light-aluminum-channel-for-surface-mounting\/","title":{"rendered":"canal en aluminium pour bandes LED de 17mm pour montage en surface"},"content":{"rendered":"<div class=\"wp-block-group is-vertical is-layout-flex wp-container-core-group-is-layout-d255d7c4 wp-block-group-is-layout-flex\" style=\"padding-top:var(--wp--preset--spacing--80);padding-bottom:var(--wp--preset--spacing--80)\">\n<p>Utiliser notre canal de lumi\u00e8re LED de 17 mm est la meilleure fa\u00e7on de s'assurer que votre projet d'\u00e9clairage est professionnel et durable. Ce profil aluminium \u00e9l\u00e9gant et de montage en surface est con\u00e7u pour accueillir des bandes LED jusqu'\u00e0 12 mm de large. Il fournit un bo\u00eetier protecteur solide qui fonctionne \u00e9galement comme un dissipateur de chaleur pour prolonger la dur\u00e9e de vie de vos lumi\u00e8res. Le kit comprend des&nbsp;clips de montage qui facilitent le clipsage du canal sur n'importe quelle surface plane, y compris les meubles de cuisine ou les armoires. Pour parfaire l'apparence, des embouts assortis sont utilis\u00e9s pour sceller le profil. Cela cache les bords rugueux et emp\u00eache la poussi\u00e8re de s'accumuler.<br>Ce canal de lumi\u00e8re LED de 17 mm s'adapte bien \u00e0 de nombreux endroits int\u00e9rieurs comme les cuisines, les armoires et les magasins, rendant votre projet d'\u00e9clairage simple et soign\u00e9.<\/p>\n<\/div>\n\n\n\n<div class=\"wp-block-group has-background is-vertical is-layout-flex wp-container-core-group-is-layout-d255d7c4 wp-block-group-is-layout-flex\" style=\"background-color:#f1f1f1;padding-top:var(--wp--preset--spacing--80);padding-bottom:var(--wp--preset--spacing--80)\">\n<div class=\"wp-block-group is-vertical is-layout-flex wp-container-core-group-is-layout-8cf370e7 wp-block-group-is-layout-flex\">\n<h2 class=\"wp-block-heading\" style=\"padding-top:var(--wp--preset--spacing--40);padding-bottom:var(--wp--preset--spacing--40);font-size:25px;font-style:normal;font-weight:600;text-transform:capitalize\">Pourquoi choisir ce canal en aluminium pour bande LED de 17 mm ?<\/h2>\n<\/div>\n\n\n\n<ul class=\"wp-block-list\">\n<li>Fabriqu\u00e9 en aluminium anodis\u00e9, ce qui aide la LED \u00e0 durer plus longtemps en agissant comme un dissipateur de chaleur.<\/li>\n\n\n\n<li>Compatible avec la plupart des&nbsp;bandes LED populaires, comme les bandes SMD 5050, SMD 2835 et COB.<\/li>\n\n\n\n<li>Livr\u00e9 avec un diffuseur en polycarbonate (disponible en opale, d\u00e9poli ou transparent) pour cr\u00e9er un effet de lumi\u00e8re doux.<\/li>\n\n\n\n<li>Livr\u00e9 avec des clips de montage et des embouts pour une installation simple et s\u00e9curis\u00e9e sur une surface plate.<\/li>\n\n\n\n<li>Fonctionne dans divers endroits, y compris les cuisines, les magasins, les placards, les lieux de travail et plus encore.<\/li>\n<\/ul>\n<\/div>\n\n\n\n<div class=\"wp-block-group is-vertical is-layout-flex wp-container-core-group-is-layout-d255d7c4 wp-block-group-is-layout-flex\" style=\"padding-top:var(--wp--preset--spacing--80);padding-bottom:var(--wp--preset--spacing--80)\">\n<hr class=\"wp-block-separator has-alpha-channel-opacity\"\/>\n\n\n\n<div class=\"wp-block-media-text has-media-on-the-right is-stacked-on-mobile\" style=\"grid-template-columns:auto 40%\"><div class=\"wp-block-media-text__content\">\n<h2 class=\"wp-block-heading\" style=\"font-size:25px;font-style:normal;font-weight:600;text-transform:capitalize\">O\u00f9 utiliser le canal en aluminium pour bande LED de 17 mm<\/h2>\n\n\n\n<ul class=\"wp-block-list\">\n<li>Under-cabinet kitchen lighting: Light that is clean and doesn&#8217;t leave dots on surfaces<\/li>\n\n\n\n<li>Placards et armoires : Lumi\u00e8re douce et claire qui s'adapte aux bords des meubles<\/li>\n\n\n\n<li>Vitrine et magasins de d\u00e9tail : Mettez en valeur les produits avec un \u00e9clairage uniforme et constant<\/li>\n\n\n\n<li>\u00c9clairage de t\u00e2che dans les bureaux et ateliers : \u00c9clairage de travail clair et lumineux<\/li>\n<\/ul>\n<\/div><figure class=\"wp-block-media-text__media\"><img loading=\"lazy\" decoding=\"async\" width=\"535\" height=\"536\" src=\"https:\/\/tangooled.com\/wp-content\/uploads\/2026\/01\/fp17-ins.webp\" alt=\"canal en aluminium pour bandes LED de 17mm pour montage en surface\" class=\"wp-image-44714 size-full\" srcset=\"https:\/\/tangooled.com\/wp-content\/uploads\/2026\/01\/fp17-ins.webp 535w, https:\/\/tangooled.com\/wp-content\/uploads\/2026\/01\/fp17-ins-300x300.webp 300w, https:\/\/tangooled.com\/wp-content\/uploads\/2026\/01\/fp17-ins-150x150.webp 150w\" sizes=\"auto, (max-width: 535px) 100vw, 535px\" \/><\/figure><\/div>\n<\/div>\n\n\n\n<div class=\"wp-block-group has-background is-vertical is-layout-flex wp-container-core-group-is-layout-d255d7c4 wp-block-group-is-layout-flex\" style=\"background-color:#f1f1f1;padding-top:var(--wp--preset--spacing--80);padding-bottom:var(--wp--preset--spacing--80)\">\n<h2 class=\"wp-block-heading\" style=\"padding-top:var(--wp--preset--spacing--40);padding-bottom:var(--wp--preset--spacing--40);font-size:25px;font-style:normal;font-weight:600;text-transform:capitalize\">Tout ce dont vous avez besoin est inclus !<\/h2>\n\n\n\n<p>Lorsque vous achetez ce canal de lumi\u00e8re LED de 17 mm, vous obtenez :<\/p>\n\n\n\n<ul class=\"wp-block-list\">\n<li>1x canal d'extrusion en aluminium<\/li>\n\n\n\n<li>1x couvercle diffuseur pour les LEDs (choisir transparent, d\u00e9poli ou opale)<\/li>\n\n\n\n<li>Clips de montage (g\u00e9n\u00e9ralement deux par m\u00e8tre)<\/li>\n\n\n\n<li>Embouts (un solide et un avec un trou pour le passage du fil)<\/li>\n<\/ul>\n<\/div>\n\n\n\n<div class=\"wp-block-group is-vertical is-layout-flex wp-container-core-group-is-layout-d255d7c4 wp-block-group-is-layout-flex\" style=\"padding-top:var(--wp--preset--spacing--80);padding-bottom:var(--wp--preset--spacing--80)\">\n<h2 class=\"wp-block-heading\" style=\"padding-top:var(--wp--preset--spacing--40);padding-bottom:var(--wp--preset--spacing--40);font-size:25px;font-style:normal;font-weight:600;text-transform:capitalize\">Produits connexes qui pourraient vous int\u00e9resser<\/h2>\n\n\n\n<ul class=\"wp-block-list\">\n<li><a href=\"https:\/\/tangooled.com\/fr\/product\/black-led-diffuser-aluminum-channel-for-12mm-tape-lights\/\"><mark style=\"background-color:rgba(0, 0, 0, 0)\" class=\"has-inline-color has-vivid-red-color\">Profil en aluminium avec diffuseur LED noir pour bandes de 12 mm<\/mark><\/a><\/li>\n\n\n\n<li><a href=\"https:\/\/tangooled.com\/fr\/product\/surface-mount-led-profile-with-frosted-diffuser-for-10mm-rope-lights\/\"><mark style=\"background-color:rgba(0, 0, 0, 0)\" class=\"has-inline-color has-vivid-red-color\">Profil LED \u00e0 montage en surface avec diffuseur d\u00e9poli pour bandes de 10 mm<\/mark><\/a><\/li>\n\n\n\n<li><a href=\"https:\/\/tangooled.com\/fr\/product\/led-strip-light-channel-aluminum-profile-with-diffused-cover-6mm-height\/\"><mark style=\"background-color:rgba(0, 0, 0, 0)\" class=\"has-inline-color has-vivid-red-color\">Profil en aluminium pour bande LED avec couvercle diffusant de 6 mm de hauteur<\/mark><\/a><\/li>\n\n\n\n<li><a href=\"https:\/\/tangooled.com\/fr\/product\/black-aluminum-u-channel-profile-for-10mm-led-strips\/\"><mark style=\"background-color:rgba(0, 0, 0, 0)\" class=\"has-inline-color has-vivid-red-color\">Profil\u00e9 canal en aluminium noir en U pour bandes LED de 10mm<\/mark><\/a><\/li>\n<\/ul>\n<\/div>\n\n\n\n<div class=\"wp-block-group has-background is-vertical is-layout-flex wp-container-core-group-is-layout-d255d7c4 wp-block-group-is-layout-flex\" style=\"background-color:#f1f1f1;padding-top:var(--wp--preset--spacing--80);padding-bottom:var(--wp--preset--spacing--80)\">\n<h2 class=\"wp-block-heading\" style=\"padding-top:var(--wp--preset--spacing--40);padding-bottom:var(--wp--preset--spacing--40);font-size:25px;font-style:normal;font-weight:600;text-transform:capitalize\">r\u00e9sum\u00e9<\/h2>\n\n\n\n<p style=\"padding-right:var(--wp--preset--spacing--50);padding-left:var(--wp--preset--spacing--50)\">Le canal de lumi\u00e8re LED de 17 mm pour montage en surface est votre meilleur choix pour des installations de bande LED soign\u00e9es, durables et professionnelles. Ce profil en aluminium robuste fonctionne avec la plupart des types de bandes LED et diffuse une lumi\u00e8re douce, sans points. Vous pouvez l'utiliser pour l'\u00e9clairage de t\u00e2che dans la cuisine, les pr\u00e9sentations en magasin ou l'\u00e9clairage d'armoire.<\/p>\n<\/div>\n\n\n\n<p><\/p>","protected":false},"featured_media":13985,"template":"","meta":{"_acf_changed":true,"_seopress_robots_primary_cat":"none","_seopress_titles_title":"Aluminum 17mm LED Strip Light Channel | TANGOOLED","_seopress_titles_desc":"Source the 17mm LED strip light channel. This FP17 is designed for surface mounting, this aluminum profile ensures professional heat dissipation for flexible LED tapes.","_seopress_robots_index":""},"pcb-width":[228],"product-cat":[192],"class_list":{"0":"post-34686","1":"product","2":"type-product","3":"status-publish","4":"has-post-thumbnail","6":"pcb-width-6-12mm","7":"product-cat-surface-led-profile"},"acf":[],"_links":{"self":[{"href":"https:\/\/tangooled.com\/fr\/wp-json\/wp\/v2\/product\/34686","targetHints":{"allow":["GET"]}}],"collection":[{"href":"https:\/\/tangooled.com\/fr\/wp-json\/wp\/v2\/product"}],"about":[{"href":"https:\/\/tangooled.com\/fr\/wp-json\/wp\/v2\/types\/product"}],"wp:featuredmedia":[{"embeddable":true,"href":"https:\/\/tangooled.com\/fr\/wp-json\/wp\/v2\/media\/13985"}],"wp:attachment":[{"href":"https:\/\/tangooled.com\/fr\/wp-json\/wp\/v2\/media?parent=34686"}],"wp:term":[{"taxonomy":"pcb-width","embeddable":true,"href":"https:\/\/tangooled.com\/fr\/wp-json\/wp\/v2\/pcb-width?post=34686"},{"taxonomy":"product-cat","embeddable":true,"href":"https:\/\/tangooled.com\/fr\/wp-json\/wp\/v2\/product-cat?post=34686"}],"curies":[{"name":"wp","href":"https:\/\/api.w.org\/{rel}","templated":true}]}}