{"id":13209,"date":"2023-10-12T02:47:53","date_gmt":"2023-10-12T02:47:53","guid":{"rendered":"https:\/\/tangooled.com\/?post_type=product&#038;p=13209"},"modified":"2026-01-29T17:26:15","modified_gmt":"2026-01-30T01:26:15","slug":"black-led-profile-with-black-diffuser-for-10mm-led-strip-light","status":"publish","type":"product","link":"https:\/\/tangooled.com\/fr\/product\/black-led-profile-with-black-diffuser-for-10mm-led-strip-light\/","title":{"rendered":"profil\u00e9 LED noir avec diffuseur noir pour bande LED de 10mm"},"content":{"rendered":"<div class=\"wp-block-group\" style=\"padding-top:var(--wp--preset--spacing--80);padding-bottom:var(--wp--preset--spacing--80)\"><div class=\"wp-block-group__inner-container is-layout-constrained wp-block-group-is-layout-constrained\">\n<p>This black led profile with black diffuser is made of high-quality materials, including 6063-T5 anodized aluminum and polycarbonate covers that meet industry standards. Each kit comes with\u00a0everything you need for a professional installation, including mounting clips and end caps. This black LED channel adheres to the top standards on the market, so it works with standard 10mm LED strip lights, such as flexible LED tapes and rigid bar lights. This black LED profile with black diffuser is made just for 10mm LED profile strips. Both professionals and lighting enthusiasts trust it to make subtle, discreet, and attractive lighting effects.<\/p>\n<\/div><\/div>\n\n\n\n<div class=\"wp-block-group has-background\" style=\"background-color:#f2f2f2f2;padding-top:var(--wp--preset--spacing--80);padding-bottom:var(--wp--preset--spacing--80)\"><div class=\"wp-block-group__inner-container is-layout-constrained wp-block-group-is-layout-constrained\">\n<div class=\"wp-block-group is-vertical is-layout-flex wp-container-core-group-is-layout-8cf370e7 wp-block-group-is-layout-flex\">\n<h2 class=\"wp-block-heading\" style=\"padding-top:var(--wp--preset--spacing--40);padding-bottom:var(--wp--preset--spacing--40);font-size:25px;font-style:normal;font-weight:600;text-transform:capitalize\">Pourquoi choisir ce profil\u00e9 LED noir avec diffuseur noir ?<\/h2>\n\n\n\n<ul class=\"wp-block-list\">\n<li>Lorsque \u00e9teint, l'aluminium noir mat et le diffuseur se fondent harmonieusement avec des surfaces sombres telles que le bois noir, les meubles sombres ou les murs \u00e0 lattes.<\/li>\n\n\n\n<li>Pas de points visibles lorsque la lumi\u00e8re est allum\u00e9e : le diffuseur noir cache le motif de points lumineux des LED, de sorte que la lumi\u00e8re brille en ligne droite.<\/li>\n\n\n\n<li>Prot\u00e8ge les LED et les garde au frais : le canal LED noir prot\u00e8ge les bandes LED de la poussi\u00e8re et des dommages et contribue \u00e0 prolonger leur dur\u00e9e de vie en agissant comme un dissipateur de chaleur.<\/li>\n\n\n\n<li>Le diffuseur noir r\u00e9duit la luminosit\u00e9 de la lumi\u00e8re, vous offrant le parfait \u00e9clairage d'accentuation et d'ambiance sans \u00eatre trop intense.<\/li>\n\n\n\n<li>S'adapte parfaitement aux styles de montage en surface : id\u00e9al pour une installation rapide sur murs, \u00e9tag\u00e8res, meubles et plus.<\/li>\n<\/ul>\n<\/div>\n<\/div><\/div>\n\n\n\n<div class=\"wp-block-group\" style=\"padding-top:var(--wp--preset--spacing--80);padding-bottom:var(--wp--preset--spacing--80)\"><div class=\"wp-block-group__inner-container is-layout-constrained wp-block-group-is-layout-constrained\">\n<div class=\"wp-block-media-text has-media-on-the-right is-stacked-on-mobile\" style=\"padding-top:0;padding-bottom:0;grid-template-columns:auto 40%\"><div class=\"wp-block-media-text__content\">\n<h2 class=\"wp-block-heading\" style=\"font-size:25px;font-style:normal;font-weight:600;text-transform:capitalize\">Installation facile en 4 \u00e9tapes<\/h2>\n\n\n\n<ul class=\"wp-block-list\">\n<li>Coupez et mesurez : Utilisez une scie de pr\u00e9cision pour couper le profil\u00e9 en aluminium et le diffuseur \u00e0 la longueur d\u00e9sir\u00e9e.<\/li>\n\n\n\n<li>Fixez les clips : Utilisez les clips m\u00e9talliques fournis avec le produit pour les fixer \u00e0 la surface o\u00f9 vous souhaitez les installer.<\/li>\n\n\n\n<li>Placez la bande LED \u00e0 l'endroit souhait\u00e9 : Ins\u00e9rez votre bande LED de 10 mm dans le canal du profil\u00e9.<\/li>\n\n\n\n<li>Ajoutez des capuchons de fin et embo\u00eetez le couvercle diffuseur noir pour finir.<\/li>\n<\/ul>\n<\/div><figure class=\"wp-block-media-text__media\"><img loading=\"lazy\" decoding=\"async\" width=\"500\" height=\"500\" src=\"https:\/\/tangooled.com\/wp-content\/uploads\/2023\/10\/fp01-ins.webp\" alt=\"profil\u00e9 LED noir avec diffuseur noir pour bande LED de 10mm\" class=\"wp-image-36167 size-full\" srcset=\"https:\/\/tangooled.com\/wp-content\/uploads\/2023\/10\/fp01-ins.webp 500w, https:\/\/tangooled.com\/wp-content\/uploads\/2023\/10\/fp01-ins-300x300.webp 300w, https:\/\/tangooled.com\/wp-content\/uploads\/2023\/10\/fp01-ins-150x150.webp 150w\" sizes=\"auto, (max-width: 500px) 100vw, 500px\" \/><\/figure><\/div>\n<\/div><\/div>\n\n\n\n<div class=\"wp-block-group has-background\" style=\"background-color:#f2f2f2;padding-top:var(--wp--preset--spacing--80);padding-bottom:var(--wp--preset--spacing--80)\"><div class=\"wp-block-group__inner-container is-layout-constrained wp-block-group-is-layout-constrained\">\n<h2 class=\"wp-block-heading\" style=\"padding-top:var(--wp--preset--spacing--40);padding-bottom:var(--wp--preset--spacing--40);font-size:25px;font-style:normal;font-weight:600;text-transform:capitalize\">O\u00f9 utiliser ce profil\u00e9 LED noir avec diffuseur noir ?<\/h2>\n\n\n\n<ul class=\"wp-block-list\">\n<li>\u00c9clairage sous les meubles et dans la cuisine : Fonctionne tr\u00e8s bien sous des meubles ou des comptoirs noirs.<\/li>\n\n\n\n<li>Ambiance de salle de cin\u00e9ma \u00e0 domicile : Ajoute un \u00e9clairage doux et \u00e9vocateur sans distraire.<\/li>\n\n\n\n<li>\u00c9tag\u00e8res d'exposition et placards : Cache la source de lumi\u00e8re tout en mettant en valeur les objets.<\/li>\n\n\n\n<li>\u00c9clairage pour meubles : Facile \u00e0 installer sur les lits, bureaux et armoires.<\/li>\n<\/ul>\n<\/div><\/div>\n\n\n\n<div class=\"wp-block-group\" style=\"padding-top:var(--wp--preset--spacing--80);padding-bottom:var(--wp--preset--spacing--80)\"><div class=\"wp-block-group__inner-container is-layout-constrained wp-block-group-is-layout-constrained\">\n<h2 class=\"wp-block-heading\" style=\"padding-top:var(--wp--preset--spacing--40);padding-bottom:var(--wp--preset--spacing--40);font-size:25px;font-style:normal;font-weight:600;text-transform:capitalize\">Produits associ\u00e9s qui pourraient vous int\u00e9resser<\/h2>\n\n\n\n<ul class=\"wp-block-list\">\n<li><a href=\"https:\/\/tangooled.com\/fr\/product\/black-aluminum-u-channel-profile-for-10mm-led-strips\/\"><mark style=\"background-color:rgba(0, 0, 0, 0)\" class=\"has-inline-color has-vivid-red-color\">Profil de canal en aluminium noir en U pour bandes LED de 10mm <\/mark><\/a>\u2014 Sleek black led channel profile designed for durable, clean installations. <\/li>\n\n\n\n<li><a href=\"https:\/\/tangooled.com\/fr\/product\/led-light-diffuser-channel-aluminum-15x12mm-for-10mm-led-strips\/\"><mark style=\"background-color:rgba(0, 0, 0, 0)\" class=\"has-inline-color has-vivid-red-color\">Profil\u00e9 LED de montage en surface en forme de U avec diffuseur d\u00e9poli<\/mark><\/a> \u2014 Ideal for soft light effects with easy surface mount design. <\/li>\n\n\n\n<li><a href=\"https:\/\/tangooled.com\/fr\/product\/25x6mm-low-profile-led-strip-channel-for-10mm-led-strip-light\/\"><mark style=\"background-color:rgba(0, 0, 0, 0)\" class=\"has-inline-color has-vivid-red-color\">Canal LED \u00e0 profil bas pour bande LED de 10 mm<\/mark><\/a> \u2014 Perfect for narrow spaces, offering a slim and elegant solution.<\/li>\n<\/ul>\n<\/div><\/div>\n\n\n\n<div class=\"wp-block-group has-background\" style=\"background-color:#f2f2f2f2;padding-top:var(--wp--preset--spacing--80);padding-bottom:var(--wp--preset--spacing--80)\"><div class=\"wp-block-group__inner-container is-layout-constrained wp-block-group-is-layout-constrained\">\n<h2 class=\"wp-block-heading\" style=\"padding-top:var(--wp--preset--spacing--40);padding-bottom:var(--wp--preset--spacing--40);font-size:25px;font-style:normal;font-weight:600\">Pourquoi utiliser un profil\u00e9 LED noir avec diffuseur noir ?<\/h2>\n\n\n\n<p style=\"padding-right:var(--wp--preset--spacing--50);padding-left:var(--wp--preset--spacing--50)\">Vous pouvez obtenir un aspect d'\u00e9clairage architectural sans points LED brillants en utilisant un profil\u00e9 LED noir avec diffuseur noir. La finition noire se marie bien avec les int\u00e9rieurs sombres et cache effectivement la source de lumi\u00e8re, lui donnant une apparence soign\u00e9e. Le canal en aluminium prot\u00e8ge \u00e9galement votre bande LED et la garde au frais, ce qui prolonge sa dur\u00e9e de vie. Ce profil\u00e9 LED noir est une solution id\u00e9ale si vous souhaitez un fini professionnel haut de gamme et une installation facile de vos bandes lumineuses flexibles de 10 mm.<\/p>\n<\/div><\/div>\n\n\n\n<p><\/p>","protected":false},"featured_media":40748,"template":"","meta":{"_acf_changed":true,"_seopress_robots_primary_cat":"none","_seopress_titles_title":"Black LED Profile with Black Diffuser | 10mm LED Strip Channel | TANGOOLED","_seopress_titles_desc":"High-quality FP01 black LED profile with black diffuser. Designed for 10mm LED strip lights, this aluminum channel provides a seamless, modern \"dark light\" effect for architectural lighting.","_seopress_robots_index":""},"pcb-width":[228],"product-cat":[192],"class_list":{"0":"post-13209","1":"product","2":"type-product","3":"status-publish","4":"has-post-thumbnail","6":"pcb-width-6-12mm","7":"product-cat-surface-led-profile"},"acf":[],"_links":{"self":[{"href":"https:\/\/tangooled.com\/fr\/wp-json\/wp\/v2\/product\/13209","targetHints":{"allow":["GET"]}}],"collection":[{"href":"https:\/\/tangooled.com\/fr\/wp-json\/wp\/v2\/product"}],"about":[{"href":"https:\/\/tangooled.com\/fr\/wp-json\/wp\/v2\/types\/product"}],"wp:featuredmedia":[{"embeddable":true,"href":"https:\/\/tangooled.com\/fr\/wp-json\/wp\/v2\/media\/40748"}],"wp:attachment":[{"href":"https:\/\/tangooled.com\/fr\/wp-json\/wp\/v2\/media?parent=13209"}],"wp:term":[{"taxonomy":"pcb-width","embeddable":true,"href":"https:\/\/tangooled.com\/fr\/wp-json\/wp\/v2\/pcb-width?post=13209"},{"taxonomy":"product-cat","embeddable":true,"href":"https:\/\/tangooled.com\/fr\/wp-json\/wp\/v2\/product-cat?post=13209"}],"curies":[{"name":"wp","href":"https:\/\/api.w.org\/{rel}","templated":true}]}}