{"id":47916,"date":"2026-01-13T02:30:21","date_gmt":"2026-01-13T10:30:21","guid":{"rendered":"https:\/\/tangooled.com\/?post_type=product&#038;p=47916"},"modified":"2026-01-22T02:16:53","modified_gmt":"2026-01-22T10:16:53","slug":"surface-mount-triple-row-led-strip-aluminum-channel-fpt01","status":"publish","type":"product","link":"https:\/\/tangooled.com\/es\/product\/surface-mount-triple-row-led-strip-aluminum-channel-fpt01\/","title":{"rendered":"canal de aluminio de montaje superficial para tiras LED de triple fila FPT01"},"content":{"rendered":"<div class=\"wp-block-group is-vertical is-layout-flex wp-container-core-group-is-layout-d255d7c4 wp-block-group-is-layout-flex\" style=\"padding-top:var(--wp--preset--spacing--80);padding-bottom:var(--wp--preset--spacing--80)\">\n<p>El canal de aluminio LED de tres filas para montaje en superficie est\u00e1 dise\u00f1ado para sostener tres luces LED tipo tira lado a lado. El ancho interno de cada uno de los tres canales es de 11mm, por lo que pueden sostener tanto tiras LED de 8mm como de 10mm. Este canal es f\u00e1cil de instalar y protege y enfr\u00eda sus tiras LED, lo que ayuda a que duren m\u00e1s y mantengan su brillo suave.<\/p>\n<\/div>\n\n\n\n<div class=\"wp-block-group has-background\" style=\"background-color:#f1f1f1;padding-top:var(--wp--preset--spacing--80);padding-bottom:var(--wp--preset--spacing--80)\"><div class=\"wp-block-group__inner-container is-layout-constrained wp-block-group-is-layout-constrained\">\n<div class=\"wp-block-group is-vertical is-layout-flex wp-container-core-group-is-layout-8cf370e7 wp-block-group-is-layout-flex\">\n<h2 class=\"wp-block-heading\" style=\"padding-top:var(--wp--preset--spacing--40);padding-bottom:var(--wp--preset--spacing--40);font-size:25px;font-style:normal;font-weight:600;text-transform:capitalize\">\u00bfPor qu\u00e9 elegir nuestro canal de aluminio LED de tres filas para montaje en superficie?<\/h2>\n\n\n\n<ul class=\"wp-block-list\">\n<li>Canal LED de tres filas: Sostiene hasta tres filas de luces LED tipo cinta, ideal para alta luminosidad.<\/li>\n\n\n\n<li>Perfil LED de montaje en superficie: Este tipo de perfil LED se instala f\u00e1cilmente en superficies planas, como paredes y techos.<\/li>\n\n\n\n<li>Perfil de aluminio duradero: Hecho de una aleaci\u00f3n de aluminio de grado aeron\u00e1utico con doble anodizado para mayor resistencia.<\/li>\n\n\n\n<li>Distribuci\u00f3n uniforme de la luz: La lente difusora esmerilada hace que la luz sea suave y reduce los puntos calientes.<\/li>\n\n\n\n<li>Kit de instalaci\u00f3n completo: incluye un canal, tres difusores y tapas de extremo (una con un agujero para un cable).<\/li>\n<\/ul>\n<\/div>\n<\/div><\/div>\n\n\n\n<div class=\"wp-block-group is-vertical is-layout-flex wp-container-core-group-is-layout-d255d7c4 wp-block-group-is-layout-flex\" style=\"padding-top:var(--wp--preset--spacing--80);padding-bottom:var(--wp--preset--spacing--80)\">\n<hr class=\"wp-block-separator has-alpha-channel-opacity\"\/>\n\n\n\n<div class=\"wp-block-media-text has-media-on-the-right is-stacked-on-mobile\" style=\"grid-template-columns:auto 40%\"><div class=\"wp-block-media-text__content\">\n<h2 class=\"wp-block-heading\" style=\"padding-top:var(--wp--preset--spacing--40);padding-bottom:var(--wp--preset--spacing--40);font-size:25px;font-style:normal;font-weight:600;text-transform:capitalize\">Instalaci\u00f3n f\u00e1cil<\/h2>\n\n\n\n<p>Instalar este canal de iluminaci\u00f3n lineal montado en superficie es f\u00e1cil. Puedes usar cinta 3M o tornillos para fijar los perfiles LED a cualquier superficie, como madera, paneles de yeso o gabinetes. Instala las tapas de extremo en ambos extremos del perfil para proteger los cables de la tira LED y darle un aspecto limpio y pulido.<\/p>\n<\/div><figure class=\"wp-block-media-text__media\"><img loading=\"lazy\" decoding=\"async\" width=\"500\" height=\"500\" src=\"https:\/\/tangooled.com\/wp-content\/uploads\/2026\/01\/fpt01-ins.webp\" alt=\"surface mount triple row led strip aluminum channel for three led tape lights\" class=\"wp-image-48631 size-full\" srcset=\"https:\/\/tangooled.com\/wp-content\/uploads\/2026\/01\/fpt01-ins.webp 500w, https:\/\/tangooled.com\/wp-content\/uploads\/2026\/01\/fpt01-ins-300x300.webp 300w, https:\/\/tangooled.com\/wp-content\/uploads\/2026\/01\/fpt01-ins-150x150.webp 150w\" sizes=\"auto, (max-width: 500px) 100vw, 500px\" \/><\/figure><\/div>\n<\/div>\n\n\n\n<div class=\"wp-block-group has-background is-vertical is-layout-flex wp-container-core-group-is-layout-b429018a wp-block-group-is-layout-flex\" style=\"background-color:#f1f1f1f2;padding-top:var(--wp--preset--spacing--70);padding-bottom:var(--wp--preset--spacing--70)\">\n<h2 class=\"wp-block-heading\" style=\"padding-top:var(--wp--preset--spacing--40);padding-bottom:var(--wp--preset--spacing--40);font-size:25px;font-style:normal;font-weight:600;text-transform:capitalize\">\u00bfQu\u00e9 puedes hacer con el canal de aluminio LED de tres filas para montaje en superficie?<\/h2>\n\n\n\n<ul class=\"wp-block-list\">\n<li>Iluminaci\u00f3n comercial: Ilumina todo con una luz amplia y brillante.<\/li>\n\n\n\n<li>Iluminaci\u00f3n arquitect\u00f3nica: Hace que las paredes y otras cosas se destaquen.<\/li>\n\n\n\n<li>Luz general de habitaci\u00f3n: Este canal hace que toda la habitaci\u00f3n sea m\u00e1s brillante usando tres luces tipo tira.<\/li>\n<\/ul>\n<\/div>\n\n\n\n<div class=\"wp-block-group is-vertical is-layout-flex wp-container-core-group-is-layout-d255d7c4 wp-block-group-is-layout-flex\" style=\"padding-top:var(--wp--preset--spacing--80);padding-bottom:var(--wp--preset--spacing--80)\">\n<h2 class=\"wp-block-heading\" style=\"padding-top:var(--wp--preset--spacing--40);padding-bottom:var(--wp--preset--spacing--40);font-size:25px;font-style:normal;font-weight:600;text-transform:capitalize\">Resumen<\/h2>\n\n\n\n<p>Este canal de aluminio LED de tres filas montado en superficie facilita la iluminaci\u00f3n y es robusto. Sostiene de forma segura tres tiras LED y las mantiene frescas. Los difusores hacen que la luz se vea suave y limpia. Todas las piezas est\u00e1n incluidas, por lo que la instalaci\u00f3n es r\u00e1pida y sencilla. Este canal LED de tres filas para montaje en superficie, elegante y robusto, proporcionar\u00e1 a tu hogar o tienda el aspecto adecuado y una luz intensa.<\/p>\n<\/div>\n\n\n\n<p><\/p>","protected":false},"featured_media":15636,"template":"","meta":{"_acf_changed":true,"_seopress_robots_primary_cat":"none","_seopress_titles_title":"Surface Mount Triple Row LED Aluminum Channel | TANGOOLED","_seopress_titles_desc":"Source this surface mount triple row LED aluminum channel. Designed to fit three LED strips, it offers high-lumen output and excellent heat dissipation for large-scale lighting projects.","_seopress_robots_index":""},"pcb-width":[228],"product-cat":[192],"class_list":{"0":"post-47916","1":"product","2":"type-product","3":"status-publish","4":"has-post-thumbnail","6":"pcb-width-6-12mm","7":"product-cat-surface-led-profile"},"acf":[],"_links":{"self":[{"href":"https:\/\/tangooled.com\/es\/wp-json\/wp\/v2\/product\/47916","targetHints":{"allow":["GET"]}}],"collection":[{"href":"https:\/\/tangooled.com\/es\/wp-json\/wp\/v2\/product"}],"about":[{"href":"https:\/\/tangooled.com\/es\/wp-json\/wp\/v2\/types\/product"}],"wp:featuredmedia":[{"embeddable":true,"href":"https:\/\/tangooled.com\/es\/wp-json\/wp\/v2\/media\/15636"}],"wp:attachment":[{"href":"https:\/\/tangooled.com\/es\/wp-json\/wp\/v2\/media?parent=47916"}],"wp:term":[{"taxonomy":"pcb-width","embeddable":true,"href":"https:\/\/tangooled.com\/es\/wp-json\/wp\/v2\/pcb-width?post=47916"},{"taxonomy":"product-cat","embeddable":true,"href":"https:\/\/tangooled.com\/es\/wp-json\/wp\/v2\/product-cat?post=47916"}],"curies":[{"name":"wp","href":"https:\/\/api.w.org\/{rel}","templated":true}]}}