{"id":47891,"date":"2026-01-13T02:05:15","date_gmt":"2026-01-13T10:05:15","guid":{"rendered":"https:\/\/tangooled.com\/?post_type=product&#038;p=47891"},"modified":"2026-02-02T01:38:34","modified_gmt":"2026-02-02T09:38:34","slug":"led-square-diffuser-aluminum-channel-20x23mm-inner-17mm","status":"publish","type":"product","link":"https:\/\/tangooled.com\/es\/product\/led-square-diffuser-aluminum-channel-20x23mm-inner-17mm\/","title":{"rendered":"canal de aluminio con difusor cuadrado LED de 20x23mm y 17mm interno"},"content":{"rendered":"<div class=\"wp-block-group is-vertical is-layout-flex wp-container-core-group-is-layout-d255d7c4 wp-block-group-is-layout-flex\" style=\"padding-top:var(--wp--preset--spacing--80);padding-bottom:var(--wp--preset--spacing--80)\">\n<p>El LP20B es un canal de aluminio con difusor cuadrado LED de 20x23mm con un dise\u00f1o arquitect\u00f3nico elegante. El ancho interno de 17.4 mm y el dise\u00f1o de perfil profundo lo hacen ideal para tiras LED m\u00e1s anchas. Esto significa que puede manejar el calor de manera efectiva, y el difusor cuadrado hace que la luz sea suave y sin puntos. Puedes instalar f\u00e1cilmente y de manera segura el canal de aluminio en una superficie limpia con clips de montaje. Este canal viene con tapas de extremo coincidentes y oculta todos sus elementos internos, por lo que se ve ordenado en hogares, negocios o exhibiciones en tienda.<\/p>\n<\/div>\n\n\n\n<div class=\"wp-block-group has-background\" style=\"background-color:#f1f1f1;padding-top:var(--wp--preset--spacing--80);padding-bottom:var(--wp--preset--spacing--80)\"><div class=\"wp-block-group__inner-container is-layout-constrained wp-block-group-is-layout-constrained\">\n<div class=\"wp-block-group is-vertical is-layout-flex wp-container-core-group-is-layout-8cf370e7 wp-block-group-is-layout-flex\">\n<h2 class=\"wp-block-heading\" style=\"padding-top:var(--wp--preset--spacing--40);padding-bottom:var(--wp--preset--spacing--40);font-size:25px;font-style:normal;font-weight:600;text-transform:capitalize\">\u00bfPor qu\u00e9 elegir nuestro canal de aluminio difusor cuadrado LED de 20X23mm?<\/h2>\n\n\n\n<ul class=\"wp-block-list\">\n<li>Fuerte disipador de calor: El aluminio 6063-T5 evita que el LED se caliente demasiado, lo que lo hace durar m\u00e1s.<\/li>\n\n\n\n<li>Iluminaci\u00f3n sin puntos: El difusor opalino-esmerilado distribuye la luz de manera uniforme y suave.<\/li>\n\n\n\n<li>Cinta LED ancha y de doble fila que se adapta a tiras con un ancho interno de hasta 17mm.<\/li>\n\n\n\n<li>Fuerte y ordenado: Protege los LEDs del polvo y da\u00f1os.<\/li>\n\n\n\n<li>Puedes elegir entre acabados en plateado, negro o blanco.<\/li>\n\n\n\n<li>Viene con clips y tapas de extremo, lo que facilita el montaje.<\/li>\n<\/ul>\n<\/div>\n<\/div><\/div>\n\n\n\n<div class=\"wp-block-group is-vertical is-layout-flex wp-container-core-group-is-layout-d255d7c4 wp-block-group-is-layout-flex\" style=\"padding-top:var(--wp--preset--spacing--80);padding-bottom:var(--wp--preset--spacing--80)\">\n<hr class=\"wp-block-separator has-alpha-channel-opacity\"\/>\n\n\n\n<div class=\"wp-block-media-text has-media-on-the-right is-stacked-on-mobile\" style=\"grid-template-columns:auto 40%\"><div class=\"wp-block-media-text__content\">\n<h2 class=\"wp-block-heading\" style=\"padding-top:var(--wp--preset--spacing--40);padding-bottom:var(--wp--preset--spacing--40);font-size:25px;font-style:normal;font-weight:600;text-transform:capitalize\">Pasos de Instalaci\u00f3n<\/h2>\n\n\n\n<ul class=\"wp-block-list\">\n<li>Adjunta los clips de montaje a la superficie.<\/li>\n\n\n\n<li>Coloca tu tira LED dentro del canal de aluminio.<\/li>\n\n\n\n<li>Coloca el canal en los clips.<\/li>\n\n\n\n<li>Coloca las tapas de extremo y la cubierta del difusor para finalizar.<\/li>\n<\/ul>\n<\/div><figure class=\"wp-block-media-text__media\"><img loading=\"lazy\" decoding=\"async\" width=\"500\" height=\"500\" src=\"https:\/\/tangooled.com\/wp-content\/uploads\/2026\/01\/lp20b-ins.webp\" alt=\"led square diffuser aluminum channel 20x23mm inner 17mm\" class=\"wp-image-48329 size-full\" srcset=\"https:\/\/tangooled.com\/wp-content\/uploads\/2026\/01\/lp20b-ins.webp 500w, https:\/\/tangooled.com\/wp-content\/uploads\/2026\/01\/lp20b-ins-300x300.webp 300w, https:\/\/tangooled.com\/wp-content\/uploads\/2026\/01\/lp20b-ins-150x150.webp 150w\" sizes=\"auto, (max-width: 500px) 100vw, 500px\" \/><\/figure><\/div>\n<\/div>\n\n\n\n<div class=\"wp-block-group has-background is-vertical is-layout-flex wp-container-core-group-is-layout-b429018a wp-block-group-is-layout-flex\" style=\"background-color:#f1f1f1f2;padding-top:var(--wp--preset--spacing--70);padding-bottom:var(--wp--preset--spacing--70)\">\n<h2 class=\"wp-block-heading\" style=\"padding-top:var(--wp--preset--spacing--40);padding-bottom:var(--wp--preset--spacing--40);font-size:25px;font-style:normal;font-weight:600\">C\u00f3mo usar nuestro canal de aluminio LED<\/h2>\n\n\n\n<ul class=\"wp-block-list\">\n<li>Bajo los muebles: Un dise\u00f1o ordenado y una luz de trabajo brillante.<\/li>\n\n\n\n<li>Armarios y cl\u00f3sets: Luces de estante brillantes que son f\u00e1ciles de instalar.<\/li>\n\n\n\n<li>Luces de tira limpias y brillantes para tiendas y oficinas en paredes y techos.<\/li>\n\n\n\n<li>Vitrinas: Usa luz suave y uniforme para mostrar tus productos.<\/li>\n\n\n\n<li>Iluminaci\u00f3n de cove y acento: Resalta caracter\u00edsticas arquitect\u00f3nicas.<\/li>\n<\/ul>\n<\/div>\n\n\n\n<div class=\"wp-block-group is-vertical is-layout-flex wp-container-core-group-is-layout-d255d7c4 wp-block-group-is-layout-flex\" style=\"padding-top:var(--wp--preset--spacing--80);padding-bottom:var(--wp--preset--spacing--80)\">\n<h2 class=\"wp-block-heading\" style=\"padding-top:var(--wp--preset--spacing--40);padding-bottom:var(--wp--preset--spacing--40);font-size:25px;font-style:normal;font-weight:600;text-transform:capitalize\">Productos Relacionados Que Te Puede Gustar<\/h2>\n\n\n\n<ul class=\"wp-block-list\">\n<li><a href=\"https:\/\/tangooled.com\/es\/product\/black-led-diffuser-aluminum-channel-for-12mm-tape-lights\/\"><mark style=\"background-color:rgba(0, 0, 0, 0)\" class=\"has-inline-color has-vivid-red-color\">Canal de aluminio difusor LED negro para luces de cinta de 12 mm<\/mark><\/a><\/li>\n\n\n\n<li><a href=\"https:\/\/tangooled.com\/es\/product\/surface-mount-led-profile-with-frosted-diffuser-for-10mm-rope-lights\/\"><mark style=\"background-color:rgba(0, 0, 0, 0)\" class=\"has-inline-color has-vivid-red-color\">Perfil LED de montaje en superficie con difusor esmerilado para luces de cuerda de 10 mm<\/mark><\/a><\/li>\n\n\n\n<li><a href=\"https:\/\/tangooled.com\/es\/product\/recessed-aluminum-profile-17x8mm-for-led-strip-lighting\/\"><mark style=\"background-color:rgba(0, 0, 0, 0)\" class=\"has-inline-color has-vivid-red-color\">Perfil de aluminio empotrado 17x8mm para iluminaci\u00f3n con tiras LED<\/mark><\/a><\/li>\n\n\n\n<li><a href=\"https:\/\/tangooled.com\/es\/product\/17mm-led-strip-light-aluminum-channel-for-surface-mounting\/\"><mark style=\"background-color:rgba(0, 0, 0, 0)\" class=\"has-inline-color has-vivid-red-color\">Canal de aluminio para tira LED de 17 mm para montaje en superficie<\/mark><\/a><\/li>\n<\/ul>\n<\/div>\n\n\n\n<div class=\"wp-block-group has-background is-vertical is-layout-flex wp-container-core-group-is-layout-b429018a wp-block-group-is-layout-flex\" style=\"background-color:#f1f1f1f2;padding-top:var(--wp--preset--spacing--70);padding-bottom:var(--wp--preset--spacing--70)\">\n<h2 class=\"wp-block-heading\" style=\"padding-top:var(--wp--preset--spacing--40);padding-bottom:var(--wp--preset--spacing--40);font-size:25px;font-style:normal;font-weight:600\">Resumen<\/h2>\n\n\n\n<p style=\"padding-right:var(--wp--preset--spacing--50);padding-left:var(--wp--preset--spacing--50)\">Nuestro canal de aluminio difusor cuadrado LED de 20x23mm es la manera ideal de mantener tus luces de tira LED ordenadas, brillantes y seguras. Este canal LED puede ser utilizado para diversos prop\u00f3sitos, incluyendo iluminar hogares, negocios, etc.<\/p>\n<\/div>\n\n\n\n<p><\/p>","protected":false},"featured_media":14110,"template":"","meta":{"_acf_changed":true,"_seopress_robots_primary_cat":"none","_seopress_titles_title":"20x23mm LED Square Diffuser Aluminum Channel LP20B | TANGOOLED","_seopress_titles_desc":"Source this 20x23mm LED square diffuser aluminum channel. Featuring a 17mm inner width, it provides deep housing for high-density LED strips with a flat, modern finish.","_seopress_robots_index":""},"pcb-width":[229],"product-cat":[192],"class_list":{"0":"post-47891","1":"product","2":"type-product","3":"status-publish","4":"has-post-thumbnail","6":"pcb-width-15-20mm","7":"product-cat-surface-led-profile"},"acf":[],"_links":{"self":[{"href":"https:\/\/tangooled.com\/es\/wp-json\/wp\/v2\/product\/47891","targetHints":{"allow":["GET"]}}],"collection":[{"href":"https:\/\/tangooled.com\/es\/wp-json\/wp\/v2\/product"}],"about":[{"href":"https:\/\/tangooled.com\/es\/wp-json\/wp\/v2\/types\/product"}],"wp:featuredmedia":[{"embeddable":true,"href":"https:\/\/tangooled.com\/es\/wp-json\/wp\/v2\/media\/14110"}],"wp:attachment":[{"href":"https:\/\/tangooled.com\/es\/wp-json\/wp\/v2\/media?parent=47891"}],"wp:term":[{"taxonomy":"pcb-width","embeddable":true,"href":"https:\/\/tangooled.com\/es\/wp-json\/wp\/v2\/pcb-width?post=47891"},{"taxonomy":"product-cat","embeddable":true,"href":"https:\/\/tangooled.com\/es\/wp-json\/wp\/v2\/product-cat?post=47891"}],"curies":[{"name":"wp","href":"https:\/\/api.w.org\/{rel}","templated":true}]}}