{"id":47886,"date":"2026-01-13T02:00:37","date_gmt":"2026-01-13T10:00:37","guid":{"rendered":"https:\/\/tangooled.com\/?post_type=product&#038;p=47886"},"modified":"2026-01-29T22:05:52","modified_gmt":"2026-01-30T06:05:52","slug":"15x16mm-led-channel-with-half-round-diffuser-lp04","status":"publish","type":"product","link":"https:\/\/tangooled.com\/es\/product\/15x16mm-led-channel-with-half-round-diffuser-lp04\/","title":{"rendered":"Canal LED de 15x16mm con difusor semirredondo para tiras LED de 10mm"},"content":{"rendered":"<div class=\"wp-block-group is-vertical is-layout-flex wp-container-core-group-is-layout-d255d7c4 wp-block-group-is-layout-flex\" style=\"padding-top:var(--wp--preset--spacing--80);padding-bottom:var(--wp--preset--spacing--80)\">\n<p>El canal LED de 15x16mm con difusor en media ronda para tiras de 10mm est\u00e1 dise\u00f1ado para proporcionarte una luz suave, brillante y uniforme. Este canal LED de 15x16mm hace que tus tiras de 10mm parezcan una iluminaci\u00f3n limpia y profesional con un difusor curvado que reduce el deslumbramiento. Se ajusta bien y protege tus tiras LED mientras permite la salida de calor para que duren m\u00e1s.<\/p>\n<\/div>\n\n\n\n<div class=\"wp-block-group has-background\" style=\"background-color:#f1f1f1;padding-top:var(--wp--preset--spacing--80);padding-bottom:var(--wp--preset--spacing--80)\"><div class=\"wp-block-group__inner-container is-layout-constrained wp-block-group-is-layout-constrained\">\n<div class=\"wp-block-group is-vertical is-layout-flex wp-container-core-group-is-layout-8cf370e7 wp-block-group-is-layout-flex\">\n<h2 class=\"wp-block-heading\" style=\"padding-top:var(--wp--preset--spacing--40);padding-bottom:var(--wp--preset--spacing--40);font-size:25px;font-style:normal;font-weight:600;text-transform:capitalize\">Descripci\u00f3n general del canal LED de 15x16mm con difusor en media ronda <\/h2>\n\n\n\n<ul class=\"wp-block-list\">\n<li>El ancho interior es de 13.4mm, por lo tanto, se ajusta bien a tiras LED de 10mm. Esto incluye tiras SMD 5050, 2835 y COB.<\/li>\n\n\n\n<li>Difusor en media ronda: Nuestro difusor de policarbonato opal proporciona una luz suave y sin puntos, ideal para hogares y negocios.<\/li>\n\n\n\n<li>This product is strong and won&#8217;t rust because it is made of 6063-T5 anodized aluminum alloy.<\/li>\n\n\n\n<li>Tama\u00f1o peque\u00f1o: mide 16mm de ancho y 15mm de alto por fuera, por lo que se ajusta en espacios reducidos y ahorra espacio.<\/li>\n\n\n\n<li>Kit completo: incluye un canal, una lente difusora, dos clips de montaje de metal y dos tapas finales (una con un agujero para un cable).<\/li>\n<\/ul>\n<\/div>\n<\/div><\/div>\n\n\n\n<div class=\"wp-block-group is-vertical is-layout-flex wp-container-core-group-is-layout-d255d7c4 wp-block-group-is-layout-flex\" style=\"padding-top:var(--wp--preset--spacing--80);padding-bottom:var(--wp--preset--spacing--80)\">\n<hr class=\"wp-block-separator has-alpha-channel-opacity\"\/>\n\n\n\n<div class=\"wp-block-media-text has-media-on-the-right is-stacked-on-mobile\" style=\"grid-template-columns:auto 40%\"><div class=\"wp-block-media-text__content\">\n<h2 class=\"wp-block-heading\" style=\"padding-top:var(--wp--preset--spacing--40);padding-bottom:var(--wp--preset--spacing--40);font-size:25px;font-style:normal;font-weight:600;text-transform:capitalize\">Pasos para la instalaci\u00f3n<\/h2>\n\n\n\n<ul class=\"wp-block-list\">\n<li>Usa tornillos para fijar los clips de metal en la superficie.<\/li>\n\n\n\n<li>Coloca tu tira LED de 10mm dentro del canal de aluminio.<\/li>\n\n\n\n<li>Aseg\u00farate de que los clips de montaje sujeten bien el canal.<\/li>\n\n\n\n<li>Presiona el difusor en media ronda en el canal para obtener una luz suave y uniforme.<\/li>\n\n\n\n<li>Coloca las tapas finales para mantener los cables seguros y cerrar los extremos.<\/li>\n<\/ul>\n<\/div><figure class=\"wp-block-media-text__media\"><img loading=\"lazy\" decoding=\"async\" width=\"500\" height=\"500\" src=\"https:\/\/tangooled.com\/wp-content\/uploads\/2026\/01\/lp04-ins.webp\" alt=\"15x16mm led channel with half round diffuser for 10mm led strips\" class=\"wp-image-48325 size-full\" srcset=\"https:\/\/tangooled.com\/wp-content\/uploads\/2026\/01\/lp04-ins.webp 500w, https:\/\/tangooled.com\/wp-content\/uploads\/2026\/01\/lp04-ins-300x300.webp 300w, https:\/\/tangooled.com\/wp-content\/uploads\/2026\/01\/lp04-ins-150x150.webp 150w\" sizes=\"auto, (max-width: 500px) 100vw, 500px\" \/><\/figure><\/div>\n<\/div>\n\n\n\n<div class=\"wp-block-group has-background is-vertical is-layout-flex wp-container-core-group-is-layout-b429018a wp-block-group-is-layout-flex\" style=\"background-color:#f1f1f1f2;padding-top:var(--wp--preset--spacing--70);padding-bottom:var(--wp--preset--spacing--70)\">\n<h2 class=\"wp-block-heading\" style=\"padding-top:var(--wp--preset--spacing--40);padding-bottom:var(--wp--preset--spacing--40);font-size:25px;font-style:normal;font-weight:600\">Mejores aplicaciones<\/h2>\n\n\n\n<ul class=\"wp-block-list\">\n<li>Bright lighting under the kitchen cabinets that doesn&#8217;t make the countertops shine.<\/li>\n\n\n\n<li>Store shelves\u2014use bright, focused light to make things stand out.<\/li>\n\n\n\n<li>Architectural details\u2014indirect lighting for modern cove and wall designs.<\/li>\n\n\n\n<li>Armarios y closets: iluminaci\u00f3n ordenada y uniforme dentro del mobiliario.<\/li>\n\n\n\n<li>Los recintos de exhibici\u00f3n son elegantes y seguros para las tiras LED que son f\u00e1ciles de romper.<\/li>\n<\/ul>\n<\/div>\n\n\n\n<div class=\"wp-block-group is-vertical is-layout-flex wp-container-core-group-is-layout-d255d7c4 wp-block-group-is-layout-flex\" style=\"padding-top:var(--wp--preset--spacing--80);padding-bottom:var(--wp--preset--spacing--80)\">\n<h2 class=\"wp-block-heading\" style=\"padding-top:var(--wp--preset--spacing--40);padding-bottom:var(--wp--preset--spacing--40);font-size:25px;font-style:normal;font-weight:600;text-transform:capitalize\">Productos relacionados<\/h2>\n\n\n\n<ul class=\"wp-block-list\">\n<li>Echa un vistazo a la <a href=\"https:\/\/tangooled.com\/es\/product\/black-led-profile-with-black-diffuser-for-10mm-led-strip-light\/\"><mark style=\"background-color:rgba(0, 0, 0, 0)\" class=\"has-inline-color has-vivid-red-color\">Perfil LED negro con difusor negro para tira de LED de 10mm<\/mark><\/a> para una opci\u00f3n de acabado negro elegante.<\/li>\n\n\n\n<li>Prueba el <a href=\"https:\/\/tangooled.com\/es\/product\/surface-mount-led-profile-with-frosted-diffuser-for-10mm-rope-lights\/\"><mark style=\"background-color:rgba(0, 0, 0, 0)\" class=\"has-inline-color has-vivid-red-color\">Perfil LED de montaje en superficie con difusor mate para luces de cuerda de 10mm<\/mark><\/a> para configuraciones de luces de cuerda flexibles.<\/li>\n\n\n\n<li>Para necesidades m\u00e1s delgadas, consulta el <a href=\"https:\/\/tangooled.com\/es\/product\/led-light-diffuser-channel-aluminum-15x12mm-for-10mm-led-strips\/\"><mark style=\"background-color:rgba(0, 0, 0, 0)\" class=\"has-inline-color has-vivid-red-color\">Canal de difusor de luz LED de aluminio 15x12mm para tiras LED de 10mm<\/mark><\/a>.<\/li>\n\n\n\n<li>Explora la <a href=\"https:\/\/tangooled.com\/es\/product\/aluminum-led-strip-extrusion-diffuser-channel-for-5050-double-row-led-strip\/\"><mark style=\"background-color:rgba(0, 0, 0, 0)\" class=\"has-inline-color has-vivid-red-color\">Canal de difusor de extrusi\u00f3n de tira LED de aluminio para tira LED de doble fila 5050<\/mark><\/a> para compatibilidad con tiras LED de doble fila.<\/li>\n<\/ul>\n\n\n\n<p>Si deseas una iluminaci\u00f3n LED ordenada, robusta y uniforme que sea f\u00e1cil de instalar, este canal LED de 15x16mm con un difusor en media ronda para tiras LED de 10mm es una gran opci\u00f3n. El difusor en media ronda y una mejor estructura crean grandes efectos de iluminaci\u00f3n en cocinas, tiendas, mobiliario y m\u00e1s.<\/p>\n<\/div>\n\n\n\n<p><\/p>","protected":false},"featured_media":14104,"template":"","meta":{"_acf_changed":true,"_seopress_robots_primary_cat":"none","_seopress_titles_title":"15x16mm LED Channel with Half Round Diffuser LP04 | TANGOOLED","_seopress_titles_desc":"Source the 15x16mm LED channel. Features a unique half round diffuser for 10mm LED strips, providing professional heat dissipation and a sleek look.","_seopress_robots_index":""},"pcb-width":[229],"product-cat":[192],"class_list":{"0":"post-47886","1":"product","2":"type-product","3":"status-publish","4":"has-post-thumbnail","6":"pcb-width-15-20mm","7":"product-cat-surface-led-profile"},"acf":[],"_links":{"self":[{"href":"https:\/\/tangooled.com\/es\/wp-json\/wp\/v2\/product\/47886","targetHints":{"allow":["GET"]}}],"collection":[{"href":"https:\/\/tangooled.com\/es\/wp-json\/wp\/v2\/product"}],"about":[{"href":"https:\/\/tangooled.com\/es\/wp-json\/wp\/v2\/types\/product"}],"wp:featuredmedia":[{"embeddable":true,"href":"https:\/\/tangooled.com\/es\/wp-json\/wp\/v2\/media\/14104"}],"wp:attachment":[{"href":"https:\/\/tangooled.com\/es\/wp-json\/wp\/v2\/media?parent=47886"}],"wp:term":[{"taxonomy":"pcb-width","embeddable":true,"href":"https:\/\/tangooled.com\/es\/wp-json\/wp\/v2\/pcb-width?post=47886"},{"taxonomy":"product-cat","embeddable":true,"href":"https:\/\/tangooled.com\/es\/wp-json\/wp\/v2\/product-cat?post=47886"}],"curies":[{"name":"wp","href":"https:\/\/api.w.org\/{rel}","templated":true}]}}