{"id":47882,"date":"2026-01-13T01:55:44","date_gmt":"2026-01-13T09:55:44","guid":{"rendered":"https:\/\/tangooled.com\/?post_type=product&#038;p=47882"},"modified":"2026-01-21T23:31:24","modified_gmt":"2026-01-22T07:31:24","slug":"square-led-diffuser-channel-with-hidden-clips-for-surface-mount-lp03b","status":"publish","type":"product","link":"https:\/\/tangooled.com\/es\/product\/square-led-diffuser-channel-with-hidden-clips-for-surface-mount-lp03b\/","title":{"rendered":"canal difusor cuadrado LED con clips ocultos para montaje superficial"},"content":{"rendered":"<div class=\"wp-block-group is-vertical is-layout-flex wp-container-core-group-is-layout-d255d7c4 wp-block-group-is-layout-flex\" style=\"padding-top:var(--wp--preset--spacing--80);padding-bottom:var(--wp--preset--spacing--80)\">\n<p>The LP03B is a square LED diffuser channel with hidden mounting clips that looks nice and doesn&#8217;t have any hardware visible. It has an inner width of 16.2 mm, which makes it easier to install LED strips that are high-density or double-row. The square diffuser spreads light evenly and softly, which makes it great for modern offices and store displays. The mounting clips that come with it make it easy to set up quickly by letting you attach it to a surface that covers the screws. It lights up a room stylishly and professionally when you use matching end caps.<\/p>\n<\/div>\n\n\n\n<div class=\"wp-block-group has-background\" style=\"background-color:#f1f1f1;padding-top:var(--wp--preset--spacing--80);padding-bottom:var(--wp--preset--spacing--80)\"><div class=\"wp-block-group__inner-container is-layout-constrained wp-block-group-is-layout-constrained\">\n<div class=\"wp-block-group is-vertical is-layout-flex wp-container-core-group-is-layout-8cf370e7 wp-block-group-is-layout-flex\">\n<h2 class=\"wp-block-heading\" style=\"padding-top:var(--wp--preset--spacing--40);padding-bottom:var(--wp--preset--spacing--40);font-size:25px;font-style:normal;font-weight:600;text-transform:capitalize\">\u00bfPor qu\u00e9 elegir nuestro canal difusor LED cuadrado con clips ocultos?<\/h2>\n\n\n\n<ul class=\"wp-block-list\">\n<li>Forma Cuadrada Moderna: El aluminio cuadrado le da a tu accesorio de luz un aspecto limpio y nuevo.<\/li>\n\n\n\n<li>Clips that are hidden: Clips snap on and conceal behind the channel, so you can&#8217;t see any screws at all.<\/li>\n\n\n\n<li>Difusor de Luz Suave: La cubierta opalina permite que la luz se disperse de manera uniforme. Sin puntos brillantes ni manchas.<\/li>\n\n\n\n<li>Fuerte y Fresco: El aluminio anodizado 6063-T5 mantiene tus LEDs frescos y seguros.<\/li>\n\n\n\n<li>F\u00e1cil de Montar: El dise\u00f1o de montaje superficial funciona en paredes, techos, armarios y estantes.<\/li>\n\n\n\n<li>Kit Completo: Viene con todo lo que necesitas, como un canal, difusor, clips y tapas finales.<\/li>\n<\/ul>\n<\/div>\n<\/div><\/div>\n\n\n\n<div class=\"wp-block-group is-vertical is-layout-flex wp-container-core-group-is-layout-d255d7c4 wp-block-group-is-layout-flex\" style=\"padding-top:var(--wp--preset--spacing--80);padding-bottom:var(--wp--preset--spacing--80)\">\n<hr class=\"wp-block-separator has-alpha-channel-opacity\"\/>\n\n\n\n<div class=\"wp-block-media-text has-media-on-the-right is-stacked-on-mobile\" style=\"grid-template-columns:auto 40%\"><div class=\"wp-block-media-text__content\">\n<h2 class=\"wp-block-heading\" style=\"padding-top:var(--wp--preset--spacing--40);padding-bottom:var(--wp--preset--spacing--40);font-size:25px;font-style:normal;font-weight:600;text-transform:capitalize\">C\u00f3mo funciona nuestro canal difusor LED cuadrado<\/h2>\n\n\n\n<ul class=\"wp-block-list\">\n<li>Clips de Montaje Ocultos: Usa tornillos para fijar los clips ocultos a la superficie (madera, pared, techo).<\/li>\n\n\n\n<li>Coloca el canal: Coloca el canal difusor LED cuadrado sobre los clips.<\/li>\n\n\n\n<li>Agrega la Tira LED: Coloca tu tira LED en el canal.<\/li>\n\n\n\n<li>Coloca el Difusor: Presiona hacia abajo la cubierta opalina para permitir que la luz se disperse.<\/li>\n\n\n\n<li>Cubre los Extremos: Para terminar el aspecto y proteger el cableado, coloca las tapas finales.<\/li>\n<\/ul>\n<\/div><figure class=\"wp-block-media-text__media\"><img loading=\"lazy\" decoding=\"async\" width=\"500\" height=\"500\" src=\"https:\/\/tangooled.com\/wp-content\/uploads\/2026\/01\/lp03b-ins.webp\" alt=\"square led diffuser channel with hidden mounting clips for surface mounting\" class=\"wp-image-48316 size-full\" srcset=\"https:\/\/tangooled.com\/wp-content\/uploads\/2026\/01\/lp03b-ins.webp 500w, https:\/\/tangooled.com\/wp-content\/uploads\/2026\/01\/lp03b-ins-300x300.webp 300w, https:\/\/tangooled.com\/wp-content\/uploads\/2026\/01\/lp03b-ins-150x150.webp 150w\" sizes=\"auto, (max-width: 500px) 100vw, 500px\" \/><\/figure><\/div>\n<\/div>\n\n\n\n<div class=\"wp-block-group has-background is-vertical is-layout-flex wp-container-core-group-is-layout-b429018a wp-block-group-is-layout-flex\" style=\"background-color:#f1f1f1f2;padding-top:var(--wp--preset--spacing--70);padding-bottom:var(--wp--preset--spacing--70)\">\n<h2 class=\"wp-block-heading\" style=\"padding-top:var(--wp--preset--spacing--40);padding-bottom:var(--wp--preset--spacing--40);font-size:25px;font-style:normal;font-weight:600;text-transform:capitalize\">D\u00f3nde usar el canal LED con clips ocultos<\/h2>\n\n\n\n<ul class=\"wp-block-list\">\n<li>Agrega una luz de tarea brillante y limpia a la cocina y debajo de los armarios.<\/li>\n\n\n\n<li>Estantes y exhibiciones en tiendas: Usa l\u00edneas limpias para hacer que tus productos se destaquen.<\/li>\n\n\n\n<li>Espacio de oficina y trabajo: Luz ambiental suave para reducir el deslumbramiento.<\/li>\n\n\n\n<li>Acentos modernos y luz cove en las paredes y techos.<\/li>\n\n\n\n<li>Armarios y closets: luz ordenada y oculta dentro de espacios cerrados.<\/li>\n<\/ul>\n<\/div>\n\n\n\n<div class=\"wp-block-group is-vertical is-layout-flex wp-container-core-group-is-layout-d255d7c4 wp-block-group-is-layout-flex\" style=\"padding-top:var(--wp--preset--spacing--80);padding-bottom:var(--wp--preset--spacing--80)\">\n<h2 class=\"wp-block-heading\" style=\"padding-top:var(--wp--preset--spacing--40);padding-bottom:var(--wp--preset--spacing--40);font-size:25px;font-style:normal;font-weight:600;text-transform:capitalize\">Productos Relacionados Que Te Puede Gustar<\/h2>\n\n\n\n<ul class=\"wp-block-list\">\n<li>Mira nuestro <a href=\"https:\/\/tangooled.com\/es\/product\/black-led-diffuser-aluminum-channel-for-12mm-tape-lights\/\"><mark style=\"background-color:rgba(0, 0, 0, 0)\" class=\"has-inline-color has-vivid-red-color\">canal de aluminio difusor LED negro para luces de cinta de 12 mm<\/mark><\/a> para un acabado m\u00e1s oscuro.<\/li>\n\n\n\n<li>Para configuraciones de bajo perfil, prueba el <a href=\"https:\/\/tangooled.com\/es\/product\/25x6mm-low-profile-led-strip-channel-for-10mm-led-strip-light\/\"><mark style=\"background-color:rgba(0, 0, 0, 0)\" class=\"has-inline-color has-vivid-red-color\">Canal de tira LED de perfil bajo de 25x6 mm para luz LED de 10 mm<\/mark><\/a>.<\/li>\n\n\n\n<li>\u00bfNecesitas una opci\u00f3n delgada de montaje superficial? Consulta nuestro <a href=\"https:\/\/tangooled.com\/es\/product\/18x9mm-led-tape-light-profile-for-surface-installation\/\"><mark style=\"background-color:rgba(0, 0, 0, 0)\" class=\"has-inline-color has-vivid-red-color\">perfil de tira LED de 18x9mm para instalaci\u00f3n superficial<\/mark><\/a>.<\/li>\n\n\n\n<li>Para un aspecto esmerilado en luces de cuerda, prueba <a href=\"https:\/\/tangooled.com\/es\/product\/surface-mount-led-profile-with-frosted-diffuser-for-10mm-rope-lights\/\"><mark style=\"background-color:rgba(0, 0, 0, 0)\" class=\"has-inline-color has-vivid-red-color\">perfil LED de montaje superficial con difusor esmerilado para luces de cuerda de 10 mm<\/mark><\/a>.<\/li>\n\n\n\n<li>Explora nuestro<a href=\"https:\/\/tangooled.com\/es\/product\/square-led-diffuser-channel-with-hidden-mounting-clips-for-surface-mounting\/\"><mark style=\"background-color:rgba(0, 0, 0, 0)\" class=\"has-inline-color has-vivid-red-color\"> canal difusor LED cuadrado con clips de montaje ocultos para montaje superficial<\/mark><\/a> para especificaciones exactas y compra.<\/li>\n<\/ul>\n<\/div>\n\n\n\n<div class=\"wp-block-group has-background is-vertical is-layout-flex wp-container-core-group-is-layout-b429018a wp-block-group-is-layout-flex\" style=\"background-color:#f1f1f1f2;padding-top:var(--wp--preset--spacing--70);padding-bottom:var(--wp--preset--spacing--70)\">\n<h2 class=\"wp-block-heading\" style=\"padding-top:var(--wp--preset--spacing--40);padding-bottom:var(--wp--preset--spacing--40);font-size:25px;font-style:normal;font-weight:600\">Resumen<\/h2>\n\n\n\n<p style=\"padding-right:var(--wp--preset--spacing--50);padding-left:var(--wp--preset--spacing--50)\">El canal difusor LED cuadrado con clips de montaje ocultos es una elecci\u00f3n inteligente para una iluminaci\u00f3n que se ve bien, es resistente y f\u00e1cil de usar. Se adapta a muchas tiras LED, ofrece una iluminaci\u00f3n constante sin puntos y oculta el cableado para un aspecto de alta calidad. Tiene una forma cuadrada elegante y es f\u00e1cil de montar en cualquier superficie, lo que lo hace perfecto para cualquier proyecto en casa, oficina o tienda.<\/p>\n<\/div>\n\n\n\n<p><\/p>","protected":false},"featured_media":14100,"template":"","meta":{"_acf_changed":true,"_seopress_robots_primary_cat":"none","_seopress_titles_title":"Square LED Diffuser Channel with Hidden Clips LP03B | TANGOOLED","_seopress_titles_desc":"Source the square LED diffuser channel. Featuring hidden clips for a clean surface mount finish without visible brackets.","_seopress_robots_index":""},"pcb-width":[229],"product-cat":[192],"class_list":{"0":"post-47882","1":"product","2":"type-product","3":"status-publish","4":"has-post-thumbnail","6":"pcb-width-15-20mm","7":"product-cat-surface-led-profile"},"acf":[],"_links":{"self":[{"href":"https:\/\/tangooled.com\/es\/wp-json\/wp\/v2\/product\/47882","targetHints":{"allow":["GET"]}}],"collection":[{"href":"https:\/\/tangooled.com\/es\/wp-json\/wp\/v2\/product"}],"about":[{"href":"https:\/\/tangooled.com\/es\/wp-json\/wp\/v2\/types\/product"}],"wp:featuredmedia":[{"embeddable":true,"href":"https:\/\/tangooled.com\/es\/wp-json\/wp\/v2\/media\/14100"}],"wp:attachment":[{"href":"https:\/\/tangooled.com\/es\/wp-json\/wp\/v2\/media?parent=47882"}],"wp:term":[{"taxonomy":"pcb-width","embeddable":true,"href":"https:\/\/tangooled.com\/es\/wp-json\/wp\/v2\/pcb-width?post=47882"},{"taxonomy":"product-cat","embeddable":true,"href":"https:\/\/tangooled.com\/es\/wp-json\/wp\/v2\/product-cat?post=47882"}],"curies":[{"name":"wp","href":"https:\/\/api.w.org\/{rel}","templated":true}]}}