{"id":47879,"date":"2026-01-13T01:55:17","date_gmt":"2026-01-13T09:55:17","guid":{"rendered":"https:\/\/tangooled.com\/?post_type=product&#038;p=47879"},"modified":"2026-01-21T23:32:08","modified_gmt":"2026-01-22T07:32:08","slug":"aluminum-led-extrusion-for-5050-double-row-strips-lp03a","status":"publish","type":"product","link":"https:\/\/tangooled.com\/es\/product\/aluminum-led-extrusion-for-5050-double-row-strips-lp03a\/","title":{"rendered":"canal difusor de extrusi\u00f3n de aluminio LED para tiras de doble fila 5050"},"content":{"rendered":"<div class=\"wp-block-group is-vertical is-layout-flex wp-container-core-group-is-layout-d255d7c4 wp-block-group-is-layout-flex\" style=\"padding-top:var(--wp--preset--spacing--80);padding-bottom:var(--wp--preset--spacing--80)\">\n<p>Our LP03A is a high-quality aluminum LED extrusion for\u00a05050 strips of double rows. This diffuser channel has 16.2mm inner width\u00a0made to hold wider or high-density strips and let heat escape easily, which makes LEDs last longer. The curved diffuser of high quality makes sure that the glow is smooth and has no spots. The channel comes with clips and end caps that make it quick and easy to put up. This channel is great for lighting up your home, office, or store.<\/p>\n<\/div>\n\n\n\n<div class=\"wp-block-group has-background\" style=\"background-color:#f1f1f1;padding-top:var(--wp--preset--spacing--80);padding-bottom:var(--wp--preset--spacing--80)\"><div class=\"wp-block-group__inner-container is-layout-constrained wp-block-group-is-layout-constrained\">\n<div class=\"wp-block-group is-vertical is-layout-flex wp-container-core-group-is-layout-8cf370e7 wp-block-group-is-layout-flex\">\n<h2 class=\"wp-block-heading\" style=\"padding-top:var(--wp--preset--spacing--40);padding-bottom:var(--wp--preset--spacing--40);font-size:25px;font-style:normal;font-weight:600;text-transform:capitalize\">\u00bfPor qu\u00e9 elegir nuestra extrusi\u00f3n de aluminio LED para tiras 5050?<\/h2>\n\n\n\n<ul class=\"wp-block-list\">\n<li>Aluminio fuerte y ligero: Est\u00e1 hecho de aleaci\u00f3n de aluminio 6063-T5. Mantiene los LEDs a una temperatura adecuada.<\/li>\n\n\n\n<li>El difusor opal de PC ayuda a ocultar los puntos de los LEDs, brind\u00e1ndole una iluminaci\u00f3n suave y sin puntos.<\/li>\n\n\n\n<li>Se adapta a muchos tama\u00f1os diferentes: Funciona con tiras LED de doble fila 5050 y otras tiras anchas como 2835 y RGBW.<\/li>\n\n\n\n<li>F\u00e1cil de usar: Viene con tapas finales y clips de montaje para una instalaci\u00f3n sencilla.<\/li>\n\n\n\n<li>Se ve ordenado: El acabado limpio y plateado combina bien con interiores modernos.<\/li>\n<\/ul>\n<\/div>\n<\/div><\/div>\n\n\n\n<div class=\"wp-block-group is-vertical is-layout-flex wp-container-core-group-is-layout-d255d7c4 wp-block-group-is-layout-flex\" style=\"padding-top:var(--wp--preset--spacing--80);padding-bottom:var(--wp--preset--spacing--80)\">\n<hr class=\"wp-block-separator has-alpha-channel-opacity\"\/>\n\n\n\n<div class=\"wp-block-media-text has-media-on-the-right is-stacked-on-mobile\" style=\"grid-template-columns:auto 40%\"><div class=\"wp-block-media-text__content\">\n<h2 class=\"wp-block-heading\" style=\"padding-top:var(--wp--preset--spacing--40);padding-bottom:var(--wp--preset--spacing--40);font-size:25px;font-style:normal;font-weight:600;text-transform:capitalize\">Consejos de instalaci\u00f3n f\u00e1ciles y seguros<\/h2>\n\n\n\n<ul class=\"wp-block-list\">\n<li>Verifique el tama\u00f1o del canal y mida su tira LED.<\/li>\n\n\n\n<li>Adjunte los clips de montaje a la superficie.<\/li>\n\n\n\n<li>Inserte el canal de aluminio en los clips.<\/li>\n\n\n\n<li>Coloque su tira LED en el canal.<\/li>\n\n\n\n<li>Coloque la tapa en la parte superior del difusor.<\/li>\n\n\n\n<li>Coloque las tapas finales para que el cableado luzca bien.<\/li>\n<\/ul>\n<\/div><figure class=\"wp-block-media-text__media\"><img loading=\"lazy\" decoding=\"async\" width=\"500\" height=\"500\" src=\"https:\/\/tangooled.com\/wp-content\/uploads\/2026\/01\/lp03a-ins.webp\" alt=\"aluminum led strip extrusion diffuser channel for 5050 double row led strip\" class=\"wp-image-48307 size-full\" srcset=\"https:\/\/tangooled.com\/wp-content\/uploads\/2026\/01\/lp03a-ins.webp 500w, https:\/\/tangooled.com\/wp-content\/uploads\/2026\/01\/lp03a-ins-300x300.webp 300w, https:\/\/tangooled.com\/wp-content\/uploads\/2026\/01\/lp03a-ins-150x150.webp 150w\" sizes=\"auto, (max-width: 500px) 100vw, 500px\" \/><\/figure><\/div>\n<\/div>\n\n\n\n<div class=\"wp-block-group has-background is-vertical is-layout-flex wp-container-core-group-is-layout-b429018a wp-block-group-is-layout-flex\" style=\"background-color:#f1f1f1f2;padding-top:var(--wp--preset--spacing--70);padding-bottom:var(--wp--preset--spacing--70)\">\n<h2 class=\"wp-block-heading\" style=\"padding-top:var(--wp--preset--spacing--40);padding-bottom:var(--wp--preset--spacing--40);font-size:25px;font-style:normal;font-weight:600\">D\u00f3nde usar: Aplicaciones amplias<\/h2>\n\n\n\n<ul class=\"wp-block-list\">\n<li>Para una iluminaci\u00f3n potente debajo de los gabinetes de cocina<\/li>\n\n\n\n<li>Iluminaci\u00f3n para estanter\u00edas y armarios para hacer las cosas claras y brillantes<\/li>\n\n\n\n<li>Luces de covo y techo para un aspecto suave y atractivo<\/li>\n\n\n\n<li>Iluminaci\u00f3n para exhibiciones comerciales que muestran mejor su mercanc\u00eda<\/li>\n\n\n\n<li>Luces para oficinas y espacios de trabajo que hacen que el entorno sea brillante y uniforme<\/li>\n<\/ul>\n<\/div>\n\n\n\n<div class=\"wp-block-group is-vertical is-layout-flex wp-container-core-group-is-layout-d255d7c4 wp-block-group-is-layout-flex\" style=\"padding-top:var(--wp--preset--spacing--80);padding-bottom:var(--wp--preset--spacing--80)\">\n<h2 class=\"wp-block-heading\" style=\"padding-top:var(--wp--preset--spacing--40);padding-bottom:var(--wp--preset--spacing--40);font-size:25px;font-style:normal;font-weight:600;text-transform:capitalize\">Resumen<\/h2>\n\n\n\n<p>Nuestra extrusi\u00f3n de aluminio LED para tiras de doble fila 5050 es la mejor manera de hacer que sus luces LED se vean profesionales, brillen con intensidad y suavidad, y duren mucho tiempo. Elija nuestro kit para una instalaci\u00f3n f\u00e1cil, fuerte protecci\u00f3n contra el calor y un aspecto impresionante. Aprenda m\u00e1s sobre diferentes tipos de perfiles LED en nuestras p\u00e1ginas para <a href=\"https:\/\/tangooled.com\/es\/product\/black-aluminum-u-channel-profile-for-10mm-led-strips\/\"><mark style=\"background-color:rgba(0, 0, 0, 0)\" class=\"has-inline-color has-vivid-red-color\">perfil de canal de aluminio negro para tiras LED de 10 mm<\/mark><\/a> y <a href=\"https:\/\/tangooled.com\/es\/product\/led-light-diffuser-channel-aluminum-15x12mm-for-10mm-led-strips\/\"><mark style=\"background-color:rgba(0, 0, 0, 0)\" class=\"has-inline-color has-vivid-red-color\">canal difusor de luz LED de aluminio 15x12mm para tiras LED de 10mm<\/mark><\/a>.<\/p>\n<\/div>\n\n\n\n<p><\/p>","protected":false},"featured_media":14097,"template":"","meta":{"_acf_changed":true,"_seopress_robots_primary_cat":"none","_seopress_titles_title":"Aluminum LED Extrusion for 5050 Strips | LP03A | TANGOOLED","_seopress_titles_desc":"Source the aluminum LED extrusion. Specifically designed to accommodate 5050 double row LED strips with professional heat management.","_seopress_robots_index":""},"pcb-width":[229],"product-cat":[192],"class_list":{"0":"post-47879","1":"product","2":"type-product","3":"status-publish","4":"has-post-thumbnail","6":"pcb-width-15-20mm","7":"product-cat-surface-led-profile"},"acf":[],"_links":{"self":[{"href":"https:\/\/tangooled.com\/es\/wp-json\/wp\/v2\/product\/47879","targetHints":{"allow":["GET"]}}],"collection":[{"href":"https:\/\/tangooled.com\/es\/wp-json\/wp\/v2\/product"}],"about":[{"href":"https:\/\/tangooled.com\/es\/wp-json\/wp\/v2\/types\/product"}],"wp:featuredmedia":[{"embeddable":true,"href":"https:\/\/tangooled.com\/es\/wp-json\/wp\/v2\/media\/14097"}],"wp:attachment":[{"href":"https:\/\/tangooled.com\/es\/wp-json\/wp\/v2\/media?parent=47879"}],"wp:term":[{"taxonomy":"pcb-width","embeddable":true,"href":"https:\/\/tangooled.com\/es\/wp-json\/wp\/v2\/pcb-width?post=47879"},{"taxonomy":"product-cat","embeddable":true,"href":"https:\/\/tangooled.com\/es\/wp-json\/wp\/v2\/product-cat?post=47879"}],"curies":[{"name":"wp","href":"https:\/\/api.w.org\/{rel}","templated":true}]}}