{"id":47877,"date":"2026-01-13T01:51:25","date_gmt":"2026-01-13T09:51:25","guid":{"rendered":"https:\/\/tangooled.com\/?post_type=product&#038;p=47877"},"modified":"2026-02-02T22:27:41","modified_gmt":"2026-02-03T06:27:41","slug":"aluminum-u-channel-with-square-led-diffuser-inner-16mm-lp02b","status":"publish","type":"product","link":"https:\/\/tangooled.com\/es\/product\/aluminum-u-channel-with-square-led-diffuser-inner-16mm-lp02b\/","title":{"rendered":"Canal en U de aluminio con difusor cuadrado LED interno de 16mm LP02B"},"content":{"rendered":"<div class=\"wp-block-group is-vertical is-layout-flex wp-container-core-group-is-layout-d255d7c4 wp-block-group-is-layout-flex\" style=\"padding-top:var(--wp--preset--spacing--80);padding-bottom:var(--wp--preset--spacing--80)\">\n<p>Our u-shape aluminum channel with a square diffuser inner 16mm is a solid and reliable choice for your linear lighting projects. It features a broad inner width of 16.2 mm, which can hold LED strips that are up to 16 mm wide. It also includes a square diffuser, which spreads the light evenly and makes the channel look clean and modern. This profile comes with mounting clips and matching end caps that make it easy to put together in a professional way. Whether you&#8217;re a do-it-yourselfer or a pro, it makes homes, offices, or store displays look nice and finished.<\/p>\n<\/div>\n\n\n\n<div class=\"wp-block-group has-background\" style=\"background-color:#f1f1f1;padding-top:var(--wp--preset--spacing--80);padding-bottom:var(--wp--preset--spacing--80)\"><div class=\"wp-block-group__inner-container is-layout-constrained wp-block-group-is-layout-constrained\">\n<div class=\"wp-block-group is-vertical is-layout-flex wp-container-core-group-is-layout-8cf370e7 wp-block-group-is-layout-flex\">\n<h2 class=\"wp-block-heading\" style=\"padding-top:var(--wp--preset--spacing--40);padding-bottom:var(--wp--preset--spacing--40);font-size:25px;font-style:normal;font-weight:600;text-transform:capitalize\">Por qu\u00e9 elegir nuestro canal de aluminio en forma de U con difusor cuadrado<\/h2>\n\n\n\n<ul class=\"wp-block-list\">\n<li>Hecho de aluminio anodizado 6063-T5, que es resistente y duradero.<\/li>\n\n\n\n<li>Su difusor cuadrado est\u00e1 construido de policarbonato opalino y distribuye la luz de manera uniforme.<\/li>\n\n\n\n<li>La anchura interna de 16 mm es compatible con tiras LED m\u00e1s anchas, incluidas tiras de doble fila o tiras que pueden mojarse.<\/li>\n\n\n\n<li>Funciona como un disipador de calor para mantener sus LEDs frescos y aumentar su duraci\u00f3n.<\/li>\n\n\n\n<li>Viene con tapas finales y clips para montaje, lo que hace que la instalaci\u00f3n sea r\u00e1pida y f\u00e1cil.<\/li>\n<\/ul>\n<\/div>\n<\/div><\/div>\n\n\n\n<div class=\"wp-block-group is-vertical is-layout-flex wp-container-core-group-is-layout-d255d7c4 wp-block-group-is-layout-flex\" style=\"padding-top:var(--wp--preset--spacing--80);padding-bottom:var(--wp--preset--spacing--80)\">\n<hr class=\"wp-block-separator has-alpha-channel-opacity\"\/>\n\n\n\n<div class=\"wp-block-media-text has-media-on-the-right is-stacked-on-mobile\" style=\"grid-template-columns:auto 40%\"><div class=\"wp-block-media-text__content\">\n<h2 class=\"wp-block-heading\" style=\"padding-top:var(--wp--preset--spacing--40);padding-bottom:var(--wp--preset--spacing--40);font-size:25px;font-style:normal;font-weight:600;text-transform:capitalize\">C\u00f3mo instalar<\/h2>\n\n\n\n<ul class=\"wp-block-list\">\n<li>Adjunte los clips de montaje a la superficie donde desea la luz.<\/li>\n\n\n\n<li>Inserte el canal de aluminio en los clips.<\/li>\n\n\n\n<li>Coloque su tira LED en el canal.<\/li>\n\n\n\n<li>Coloque la tapa del difusor cuadrado.<\/li>\n\n\n\n<li>Agregue tapas finales en ambos extremos para que parezca limpio.<\/li>\n<\/ul>\n<\/div><figure class=\"wp-block-media-text__media\"><img loading=\"lazy\" decoding=\"async\" width=\"500\" height=\"500\" src=\"https:\/\/tangooled.com\/wp-content\/uploads\/2026\/01\/lp02b-ins.webp\" alt=\"u shape aluminum channel with square diffuser inner 16mm\" class=\"wp-image-48303 size-full\" srcset=\"https:\/\/tangooled.com\/wp-content\/uploads\/2026\/01\/lp02b-ins.webp 500w, https:\/\/tangooled.com\/wp-content\/uploads\/2026\/01\/lp02b-ins-300x300.webp 300w, https:\/\/tangooled.com\/wp-content\/uploads\/2026\/01\/lp02b-ins-150x150.webp 150w\" sizes=\"auto, (max-width: 500px) 100vw, 500px\" \/><\/figure><\/div>\n<\/div>\n\n\n\n<div class=\"wp-block-group has-background is-vertical is-layout-flex wp-container-core-group-is-layout-b429018a wp-block-group-is-layout-flex\" style=\"background-color:#f1f1f1f2;padding-top:var(--wp--preset--spacing--70);padding-bottom:var(--wp--preset--spacing--70)\">\n<h2 class=\"wp-block-heading\" style=\"padding-top:var(--wp--preset--spacing--40);padding-bottom:var(--wp--preset--spacing--40);font-size:25px;font-style:normal;font-weight:600;text-transform:capitalize\">D\u00f3nde usar el producto<\/h2>\n\n\n\n<ul class=\"wp-block-list\">\n<li>Iluminaci\u00f3n que va debajo de los gabinetes en cocinas o oficinas.<\/li>\n\n\n\n<li>Iluminaci\u00f3n para paredes, techos o estantes de exhibici\u00f3n en edificios.<\/li>\n\n\n\n<li>Iluminaci\u00f3n para tiendas para hacerlas m\u00e1s brillantes y mostrar la mercanc\u00eda.<\/li>\n\n\n\n<li>Iluminaci\u00f3n para garajes y talleres que pueden soportar mucho uso.<\/li>\n\n\n\n<li>Creaci\u00f3n de dispositivos de iluminaci\u00f3n lineales \u00fanicos para hogares u oficinas.<\/li>\n<\/ul>\n<\/div>\n\n\n\n<div class=\"wp-block-group is-vertical is-layout-flex wp-container-core-group-is-layout-d255d7c4 wp-block-group-is-layout-flex\" style=\"padding-top:var(--wp--preset--spacing--80);padding-bottom:var(--wp--preset--spacing--80)\">\n<h2 class=\"wp-block-heading\" style=\"padding-top:var(--wp--preset--spacing--40);padding-bottom:var(--wp--preset--spacing--40);font-size:25px;font-style:normal;font-weight:600;text-transform:capitalize\">Explora Productos Relacionados<\/h2>\n\n\n\n<ul class=\"wp-block-list\">\n<li>Para tiras m\u00e1s peque\u00f1as, consulte nuestra <a href=\"https:\/\/tangooled.com\/es\/product\/black-led-profile-with-black-diffuser-for-10mm-led-strip-light\/\"><mark style=\"background-color:rgba(0, 0, 0, 0)\" class=\"has-inline-color has-vivid-red-color\">perfil LED negro con difusor negro para tira LED de 10 mm<\/mark><\/a>.<\/li>\n\n\n\n<li>\u00bfNecesita un perfil para luces LED de 12 mm? Vea el <a href=\"https:\/\/tangooled.com\/es\/product\/black-led-diffuser-aluminum-channel-for-12mm-tape-lights\/\"><mark style=\"background-color:rgba(0, 0, 0, 0)\" class=\"has-inline-color has-vivid-red-color\">canal de aluminio difusor LED negro para luces de cinta de 12 mm<\/mark><\/a>.<\/li>\n\n\n\n<li>Para una opci\u00f3n de perfil m\u00e1s bajo, consulte el <a href=\"https:\/\/tangooled.com\/es\/product\/led-strip-light-channel-aluminum-profile-with-diffused-cover-6mm-height\/\"><mark style=\"background-color:rgba(0, 0, 0, 0)\" class=\"has-inline-color has-vivid-red-color\">Perfil de aluminio para canal de luz LED con cubierta difusa de 6 mm de altura<\/mark><\/a>.<\/li>\n<\/ul>\n<\/div>\n\n\n\n<p><\/p>","protected":false},"featured_media":14093,"template":"","meta":{"_acf_changed":true,"_seopress_robots_primary_cat":"none","_seopress_titles_title":"Aluminum U Channel with Square LED Diffuser Inner 16mm LP02B | TANGOOLED","_seopress_titles_desc":"Explore the LP02B aluminum U channel with a square LED diffuser. Designed with an inner 16mm width to accommodate various LED strips for a sleek, flat finish.","_seopress_robots_index":""},"pcb-width":[229],"product-cat":[192],"class_list":{"0":"post-47877","1":"product","2":"type-product","3":"status-publish","4":"has-post-thumbnail","6":"pcb-width-15-20mm","7":"product-cat-surface-led-profile"},"acf":[],"_links":{"self":[{"href":"https:\/\/tangooled.com\/es\/wp-json\/wp\/v2\/product\/47877","targetHints":{"allow":["GET"]}}],"collection":[{"href":"https:\/\/tangooled.com\/es\/wp-json\/wp\/v2\/product"}],"about":[{"href":"https:\/\/tangooled.com\/es\/wp-json\/wp\/v2\/types\/product"}],"wp:featuredmedia":[{"embeddable":true,"href":"https:\/\/tangooled.com\/es\/wp-json\/wp\/v2\/media\/14093"}],"wp:attachment":[{"href":"https:\/\/tangooled.com\/es\/wp-json\/wp\/v2\/media?parent=47877"}],"wp:term":[{"taxonomy":"pcb-width","embeddable":true,"href":"https:\/\/tangooled.com\/es\/wp-json\/wp\/v2\/pcb-width?post=47877"},{"taxonomy":"product-cat","embeddable":true,"href":"https:\/\/tangooled.com\/es\/wp-json\/wp\/v2\/product-cat?post=47877"}],"curies":[{"name":"wp","href":"https:\/\/api.w.org\/{rel}","templated":true}]}}