{"id":46008,"date":"2026-01-07T19:29:36","date_gmt":"2026-01-08T03:29:36","guid":{"rendered":"https:\/\/tangooled.com\/?post_type=product&#038;p=46008"},"modified":"2026-01-29T02:23:04","modified_gmt":"2026-01-29T10:23:04","slug":"led-profile-under-cabinet-corner-lighting-for-led-strip-12mm","status":"publish","type":"product","link":"https:\/\/tangooled.com\/es\/product\/led-profile-under-cabinet-corner-lighting-for-led-strip-12mm\/","title":{"rendered":"perfil LED para iluminaci\u00f3n de esquina bajo gabinete para tira LED de 12mm"},"content":{"rendered":"<div class=\"wp-block-group is-vertical is-layout-flex wp-container-core-group-is-layout-d255d7c4 wp-block-group-is-layout-flex\" style=\"padding-top:var(--wp--preset--spacing--80);padding-bottom:var(--wp--preset--spacing--80)\">\n<p>\u00a1Ilumina tu espacio con una iluminaci\u00f3n perfecta en las esquinas! Nuestro perfil LED de iluminaci\u00f3n en las esquinas de los gabinetes est\u00e1 dise\u00f1ado para encajar perfectamente en \u00e1ngulos de 90 grados, aprovechando al m\u00e1ximo el espacio de la esquina. El perfil tiene un dise\u00f1o compacto y triangular, con una altura de 14.3mm y una base de 29.1mm, y se adapta f\u00e1cilmente a una tira LED de hasta 12mm.<br>La instalaci\u00f3n es simple y limpia: el canal de aluminio se monta sobre la superficie utilizando soportes que se atornillan de forma segura a la superficie. Funciona bien en las esquinas de tu lugar de trabajo, cocina o gabinete. Mantiene la tira segura y permite que el calor escape f\u00e1cilmente. Di adi\u00f3s a las manchas oscuras y hola a una luz clara y suave que est\u00e1 exactamente orientada para iluminar donde m\u00e1s lo necesitas.<\/p>\n<\/div>\n\n\n\n<div class=\"wp-block-group has-background is-vertical is-layout-flex wp-container-core-group-is-layout-d255d7c4 wp-block-group-is-layout-flex\" style=\"background-color:#f1f1f1;padding-top:var(--wp--preset--spacing--80);padding-bottom:var(--wp--preset--spacing--80)\">\n<div class=\"wp-block-group is-vertical is-layout-flex wp-container-core-group-is-layout-8cf370e7 wp-block-group-is-layout-flex\">\n<h2 class=\"wp-block-heading\" style=\"padding-top:var(--wp--preset--spacing--40);padding-bottom:var(--wp--preset--spacing--40);font-size:25px;font-style:normal;font-weight:600;text-transform:capitalize\">\u00bfPor qu\u00e9 elegir nuestro perfil de iluminaci\u00f3n en las esquinas?<\/h2>\n\n\n\n<ul class=\"wp-block-list\">\n<li>Fits 12mm LED strip lights easily\u2014no squeezing or bending.<\/li>\n\n\n\n<li>The unique V-shape design makes it the perfect corner light for 90\u00b0 angles.<\/li>\n\n\n\n<li>Hecho de aluminio de alta calidad para mantener tus tiras LED frescas y durar mucho tiempo.<\/li>\n\n\n\n<li>Tiene un difusor esmerilado que dispersa la luz de manera uniforme y suave, sin manchas brillantes.<\/li>\n\n\n\n<li>Mantiene tus tiras LED a salvo del polvo y da\u00f1os en cocinas y talleres.<\/li>\n\n\n\n<li>Viene con clips y tapas de extremo que facilitan el ensamblaje.<\/li>\n<\/ul>\n<\/div>\n<\/div>\n\n\n\n<div class=\"wp-block-group is-vertical is-layout-flex wp-container-core-group-is-layout-d255d7c4 wp-block-group-is-layout-flex\" style=\"padding-top:var(--wp--preset--spacing--80);padding-bottom:var(--wp--preset--spacing--80)\">\n<hr class=\"wp-block-separator has-alpha-channel-opacity\"\/>\n\n\n\n<div class=\"wp-block-media-text has-media-on-the-right is-stacked-on-mobile\" style=\"grid-template-columns:auto 40%\"><div class=\"wp-block-media-text__content\">\n<h2 class=\"wp-block-heading\" style=\"padding-top:var(--wp--preset--spacing--40);padding-bottom:var(--wp--preset--spacing--40);font-size:25px;font-style:normal;font-weight:600;text-transform:capitalize\">Consejos para la instalaci\u00f3n<\/h2>\n\n\n\n<ul class=\"wp-block-list\">\n<li>Utiliza tiras LED de 12mm con al menos 120 LEDs por metro para una iluminaci\u00f3n m\u00e1s suave y sin puntos.<\/li>\n\n\n\n<li>Fija los clips de montaje a la esquina de tu gabinete, luego coloca el perfil LED en su lugar.<\/li>\n\n\n\n<li>Coloca tu tira LED en el canal antes de poner el difusor.<\/li>\n\n\n\n<li>Usa las tapas de extremo para mantener tus tiras seguras y asegurarte de que todas luzcan bien.<\/li>\n\n\n\n<li>Si deseas usarlo en ambientes h\u00famedos como cocinas, aseg\u00farate de usar tiras impermeables.<\/li>\n<\/ul>\n<\/div><figure class=\"wp-block-media-text__media\"><img loading=\"lazy\" decoding=\"async\" width=\"500\" height=\"499\" src=\"https:\/\/tangooled.com\/wp-content\/uploads\/2026\/01\/cd02-installation.jpg\" alt=\"perfil LED para iluminaci\u00f3n de esquina bajo gabinete para tira LED de 12mm\" class=\"wp-image-46020 size-full\" srcset=\"https:\/\/tangooled.com\/wp-content\/uploads\/2026\/01\/cd02-installation.jpg 500w, https:\/\/tangooled.com\/wp-content\/uploads\/2026\/01\/cd02-installation-300x300.jpg 300w, https:\/\/tangooled.com\/wp-content\/uploads\/2026\/01\/cd02-installation-150x150.jpg 150w\" sizes=\"auto, (max-width: 500px) 100vw, 500px\" \/><\/figure><\/div>\n<\/div>\n\n\n\n<div class=\"wp-block-group has-background is-vertical is-layout-flex wp-container-core-group-is-layout-b429018a wp-block-group-is-layout-flex\" style=\"background-color:#f1f1f1f2;padding-top:var(--wp--preset--spacing--70);padding-bottom:var(--wp--preset--spacing--70)\">\n<h2 class=\"wp-block-heading\" style=\"padding-top:var(--wp--preset--spacing--40);padding-bottom:var(--wp--preset--spacing--40);font-size:25px;font-style:normal;font-weight:600\">C\u00f3mo usar este perfil LED<\/h2>\n\n\n\n<p>Este perfil de iluminaci\u00f3n en las esquinas es ideal para iluminar el espacio debajo de los gabinetes y m\u00e1s en diversas situaciones:<\/p>\n\n\n\n<ul class=\"wp-block-list\">\n<li>Gabinetes de cocina: Para hacer m\u00e1s brillantes tus encimeras y superficies de trabajo, usa una luz suave y angulada.<\/li>\n\n\n\n<li>Closets y armarios: Encuentra ropa y otros objetos r\u00e1pida y f\u00e1cilmente, sin sombras.<\/li>\n\n\n\n<li>Taller y banco de trabajo: Puedes ver todo claramente mientras trabajas.<\/li>\n\n\n\n<li>Usa iluminaci\u00f3n de acento brillante y n\u00edtida para hacer que los productos resalten en exhibiciones y estantes.<\/li>\n<\/ul>\n<\/div>\n\n\n\n<div class=\"wp-block-group is-vertical is-layout-flex wp-container-core-group-is-layout-d255d7c4 wp-block-group-is-layout-flex\" style=\"padding-top:var(--wp--preset--spacing--80);padding-bottom:var(--wp--preset--spacing--80)\">\n<h2 class=\"wp-block-heading\" style=\"padding-top:var(--wp--preset--spacing--40);padding-bottom:var(--wp--preset--spacing--40);font-size:25px;font-style:normal;font-weight:600;text-transform:capitalize\">Aplicaciones del perfil LED de montaje en superficie<\/h2>\n\n\n\n<ul class=\"wp-block-list\">\n<li>Gabinetes de cocina: Para hacer m\u00e1s brillantes tus encimeras y superficies de trabajo, usa una luz suave y angulada.<\/li>\n\n\n\n<li>Closets y armarios: Encuentra ropa y otros objetos r\u00e1pida y f\u00e1cilmente, sin sombras.<\/li>\n\n\n\n<li>Taller y banco de trabajo: Puedes ver todo claramente mientras trabajas.<\/li>\n\n\n\n<li>Usa iluminaci\u00f3n de acento brillante y n\u00edtida para hacer que los productos resalten en exhibiciones y estantes.<\/li>\n<\/ul>\n<\/div>\n\n\n\n<div class=\"wp-block-group has-background is-vertical is-layout-flex wp-container-core-group-is-layout-b429018a wp-block-group-is-layout-flex\" style=\"background-color:#f1f1f1f2;padding-top:var(--wp--preset--spacing--70);padding-bottom:var(--wp--preset--spacing--70)\">\n<h2 class=\"wp-block-heading\" style=\"padding-top:var(--wp--preset--spacing--40);padding-bottom:var(--wp--preset--spacing--40);font-size:25px;font-style:normal;font-weight:600\">Productos relacionados<\/h2>\n\n\n\n<ul class=\"wp-block-list\">\n<li>Explora nuestro <mark style=\"background-color:rgba(0, 0, 0, 0)\" class=\"has-inline-color has-vivid-red-color\"><a href=\"https:\/\/tangooled.com\/es\/product\/surface-mount-led-profile-with-frosted-diffuser-for-10mm-rope-lights\/\">perfil LED de montaje superficial con difusor esmerilado para luces de cuerda de 10 mm<\/a><\/mark> para superficies planas.<\/li>\n\n\n\n<li>Mira nuestro <a href=\"https:\/\/tangooled.com\/es\/product\/cabinet-led-strip-channel-with-diffuser-for-double-led-strips\/\"><mark style=\"background-color:rgba(0, 0, 0, 0)\" class=\"has-inline-color has-vivid-red-color\">canal de tira LED para gabinete con difusor para tiras LED dobles<\/mark><\/a> para m\u00faltiples filas de luz.<\/li>\n\n\n\n<li>Encuentra opciones delgadas con <mark style=\"background-color:rgba(0, 0, 0, 0)\" class=\"has-inline-color has-vivid-red-color\"><a href=\"https:\/\/tangooled.com\/es\/product\/25x6mm-low-profile-led-strip-channel-for-10mm-led-strip-light\/\">Canal de tira LED de perfil bajo de 25x6 mm para luz LED de 10 mm<\/a><\/mark>.<\/li>\n<\/ul>\n<\/div>\n\n\n\n<div class=\"wp-block-group is-vertical is-layout-flex wp-container-core-group-is-layout-d255d7c4 wp-block-group-is-layout-flex\" style=\"padding-top:var(--wp--preset--spacing--80);padding-bottom:var(--wp--preset--spacing--80)\">\n<h2 class=\"wp-block-heading\" style=\"padding-top:var(--wp--preset--spacing--40);padding-bottom:var(--wp--preset--spacing--40);font-size:25px;font-style:normal;font-weight:600;text-transform:capitalize\">Aplicaciones del perfil LED de montaje en superficie<\/h2>\n\n\n\n<p>Nuestra iluminaci\u00f3n LED de perfil en las esquinas de los gabinetes te permite producir una iluminaci\u00f3n brillante, clara y suave debajo de los gabinetes, sin manchas oscuras ni bordes irregulares. Se ajusta perfectamente en las esquinas de los gabinetes y mantiene tu canal de tira LED de 12mm en su lugar. Agrega este perfil de esquina hoy para una instalaci\u00f3n f\u00e1cil y una iluminaci\u00f3n en las esquinas duradera y con estilo en cocinas, closets, talleres, estantes de venta y m\u00e1s.<\/p>\n<\/div>\n\n\n\n<p><\/p>","protected":false},"featured_media":14275,"template":"","meta":{"_acf_changed":true,"_seopress_robots_primary_cat":"none","_seopress_titles_title":"LED Profile for Under Cabinet Corner Lighting | TANGOOLED","_seopress_titles_desc":"Source the LED profile for under cabinet corner lighting. Specifically designed for 12mm strips to provide shadow-free illumination in kitchens & retail displays. T","_seopress_robots_index":""},"pcb-width":[229],"product-cat":[192],"class_list":{"0":"post-46008","1":"product","2":"type-product","3":"status-publish","4":"has-post-thumbnail","6":"pcb-width-15-20mm","7":"product-cat-surface-led-profile"},"acf":[],"_links":{"self":[{"href":"https:\/\/tangooled.com\/es\/wp-json\/wp\/v2\/product\/46008","targetHints":{"allow":["GET"]}}],"collection":[{"href":"https:\/\/tangooled.com\/es\/wp-json\/wp\/v2\/product"}],"about":[{"href":"https:\/\/tangooled.com\/es\/wp-json\/wp\/v2\/types\/product"}],"wp:featuredmedia":[{"embeddable":true,"href":"https:\/\/tangooled.com\/es\/wp-json\/wp\/v2\/media\/14275"}],"wp:attachment":[{"href":"https:\/\/tangooled.com\/es\/wp-json\/wp\/v2\/media?parent=46008"}],"wp:term":[{"taxonomy":"pcb-width","embeddable":true,"href":"https:\/\/tangooled.com\/es\/wp-json\/wp\/v2\/pcb-width?post=46008"},{"taxonomy":"product-cat","embeddable":true,"href":"https:\/\/tangooled.com\/es\/wp-json\/wp\/v2\/product-cat?post=46008"}],"curies":[{"name":"wp","href":"https:\/\/api.w.org\/{rel}","templated":true}]}}