{"id":46005,"date":"2026-01-07T18:55:58","date_gmt":"2026-01-08T02:55:58","guid":{"rendered":"https:\/\/tangooled.com\/?post_type=product&#038;p=46005"},"modified":"2026-02-02T22:17:38","modified_gmt":"2026-02-03T06:17:38","slug":"8mm-recessed-led-strip-light-mounting-channel-for-cabient-door","status":"publish","type":"product","link":"https:\/\/tangooled.com\/es\/product\/8mm-recessed-led-strip-light-mounting-channel-for-cabient-door\/","title":{"rendered":"Canal de montaje para tira LED empotrada de 8 mm para puerta de gabinete"},"content":{"rendered":"<div class=\"wp-block-group is-vertical is-layout-flex wp-container-core-group-is-layout-d255d7c4 wp-block-group-is-layout-flex\" style=\"padding-top:var(--wp--preset--spacing--80);padding-bottom:var(--wp--preset--spacing--80)\">\n<p>Our 8mm recessed cabinet door LED channel will make your cabinet doors glow. This thin profile features a 20.0mm flange width and a short 10.4mm depth, making it ideal for installing 8mm wide LED strip lights in very tight areas. To install, carve a groove into the furniture and then recess the channel entirely into it. This gives the lights a clean, flush-mount look without the bulkier lights protruding out. The profile&#8217;s built-in tilted design sends the light out, brilliantly lighting up the inside of the cabinet. It works great for closet doors, the edges of fine display cases, or thin shelves. It keeps heat in check and protects strips while giving off a gentle, professional, and clean glow.<\/p>\n<\/div>\n\n\n\n<div class=\"wp-block-group has-background is-vertical is-layout-flex wp-container-core-group-is-layout-d255d7c4 wp-block-group-is-layout-flex\" style=\"background-color:#f1f1f1;padding-top:var(--wp--preset--spacing--80);padding-bottom:var(--wp--preset--spacing--80)\">\n<div class=\"wp-block-group is-vertical is-layout-flex wp-container-core-group-is-layout-8cf370e7 wp-block-group-is-layout-flex\">\n<h2 class=\"wp-block-heading\" style=\"padding-top:var(--wp--preset--spacing--40);padding-bottom:var(--wp--preset--spacing--40);font-size:25px;font-style:normal;font-weight:600;text-transform:capitalize\">\u00bfPor qu\u00e9 elegir nuestro canal LED empotrado de 8 mm para puertas de armarios?<\/h2>\n\n\n\n<ul class=\"wp-block-list\">\n<li>Dise\u00f1o Empotrado: Coloque tiras LED en una ranura delgada en las puertas del armario para un aspecto limpio y sin bordes.<\/li>\n\n\n\n<li>Funciona con tiras LED de 8 mm: Funciona con luces de cinta LED populares SMD 3528, 2835 y COB.<\/li>\n\n\n\n<li>Difusi\u00f3n de Luz Suave: La cubierta difusora esmerilada distribuye la luz de manera uniforme, sin puntos ni zonas calientes.<\/li>\n\n\n\n<li>Mantiene sus LEDs seguros: El aluminio anodizado mantiene el polvo y el calor alejados de ellos.<\/li>\n\n\n\n<li>F\u00e1cil de cortar e instalar: Simplemente c\u00f3rtelo a la longitud adecuada y haga un surco para un ajuste f\u00e1cil.<\/li>\n\n\n\n<li>Kit Completo: Viene con un canal, un difusor y tapas finales con y sin agujeros para el cable.<\/li>\n<\/ul>\n<\/div>\n<\/div>\n\n\n\n<div class=\"wp-block-group is-vertical is-layout-flex wp-container-core-group-is-layout-d255d7c4 wp-block-group-is-layout-flex\" style=\"padding-top:var(--wp--preset--spacing--80);padding-bottom:var(--wp--preset--spacing--80)\">\n<hr class=\"wp-block-separator has-alpha-channel-opacity\"\/>\n\n\n\n<div class=\"wp-block-media-text has-media-on-the-right is-stacked-on-mobile\" style=\"grid-template-columns:auto 40%\"><div class=\"wp-block-media-text__content\">\n<h2 class=\"wp-block-heading\" style=\"padding-top:var(--wp--preset--spacing--40);padding-bottom:var(--wp--preset--spacing--40);font-size:25px;font-style:normal;font-weight:600;text-transform:capitalize\">Instalaci\u00f3n F\u00e1cil en 5 Pasos<\/h2>\n\n\n\n<ul class=\"wp-block-list\">\n<li>Utilice una fresadora para hacer un surco en la puerta o panel de su armario que tenga 12.5 mm de ancho y 8 mm de profundidad.<\/li>\n\n\n\n<li>Corte el perfil de aluminio y el difusor esmerilado a la longitud que desee.<\/li>\n\n\n\n<li>Ajuste el canal en el surco que hizo presion\u00e1ndolo o peg\u00e1ndolo.<\/li>\n\n\n\n<li>Coloque su tira LED de 8 mm en el canal de aluminio para asegurarse de que permanezca en su lugar.<\/li>\n\n\n\n<li>Coloque las tapas finales y ajuste la cubierta difusora para finalizar la apariencia.<\/li>\n<\/ul>\n<\/div><figure class=\"wp-block-media-text__media\"><img loading=\"lazy\" decoding=\"async\" width=\"500\" height=\"500\" src=\"https:\/\/tangooled.com\/wp-content\/uploads\/2026\/01\/cd01-ins.webp\" alt=\"Canal de montaje para tira LED empotrada de 8 mm para puerta de gabinete\" class=\"wp-image-46006 size-full\" srcset=\"https:\/\/tangooled.com\/wp-content\/uploads\/2026\/01\/cd01-ins.webp 500w, https:\/\/tangooled.com\/wp-content\/uploads\/2026\/01\/cd01-ins-300x300.webp 300w, https:\/\/tangooled.com\/wp-content\/uploads\/2026\/01\/cd01-ins-150x150.webp 150w\" sizes=\"auto, (max-width: 500px) 100vw, 500px\" \/><\/figure><\/div>\n<\/div>\n\n\n\n<div class=\"wp-block-group has-background is-vertical is-layout-flex wp-container-core-group-is-layout-b429018a wp-block-group-is-layout-flex\" style=\"background-color:#f1f1f1f2;padding-top:var(--wp--preset--spacing--70);padding-bottom:var(--wp--preset--spacing--70)\">\n<h2 class=\"wp-block-heading\" style=\"padding-top:var(--wp--preset--spacing--40);padding-bottom:var(--wp--preset--spacing--40);font-size:25px;font-style:normal;font-weight:600\">Escenarios de uso<\/h2>\n\n\n\n<ul class=\"wp-block-list\">\n<li>Iluminaci\u00f3n para puertas de armario de cocina: Da a las puertas del armario un bonito resplandor que facilita ver por la noche y se ve bien.<\/li>\n\n\n\n<li>Iluminaci\u00f3n para closets y armarios: Ilumina los estantes de ropa dentro de los armarios para que pueda ver f\u00e1cilmente las prendas.<\/li>\n\n\n\n<li>Iluminaci\u00f3n de acento para estanter\u00edas y cajones: La luz que es suave y uniforme hace que estanter\u00edas y cajones sean m\u00e1s luminosos.<\/li>\n\n\n\n<li>Iluminaci\u00f3n integrada en muebles: Funciona con muebles personalizados o trabajos de madera para darle un aspecto de alta gama.<\/li>\n<\/ul>\n<\/div>\n\n\n\n<div class=\"wp-block-group is-vertical is-layout-flex wp-container-core-group-is-layout-d255d7c4 wp-block-group-is-layout-flex\" style=\"padding-top:var(--wp--preset--spacing--80);padding-bottom:var(--wp--preset--spacing--80)\">\n<h2 class=\"wp-block-heading\" style=\"padding-top:var(--wp--preset--spacing--40);padding-bottom:var(--wp--preset--spacing--40);font-size:25px;font-style:normal;font-weight:600;text-transform:capitalize\">enlaces de productos relacionados<\/h2>\n\n\n\n<ul class=\"wp-block-list\">\n<li>Para una opci\u00f3n de canal difusor negro, vea <a href=\"https:\/\/tangooled.com\/es\/product\/black-led-profile-with-black-diffuser-for-10mm-led-strip-light\/\"><mark style=\"background-color:rgba(0, 0, 0, 0)\" class=\"has-inline-color has-vivid-red-color\">perfil LED negro con difusor negro para tira LED de 10 mm<\/mark><\/a>.<\/li>\n\n\n\n<li>Pruebe los relacionados <a href=\"https:\/\/tangooled.com\/es\/product\/led-strip-light-channel-aluminum-profile-with-diffused-cover-6mm-height\/\"><mark style=\"background-color:rgba(0, 0, 0, 0)\" class=\"has-inline-color has-vivid-red-color\">Perfil de aluminio para canal de luz LED con cubierta difusa de 6 mm de altura<\/mark><\/a> para instalaciones m\u00e1s delgadas.<\/li>\n\n\n\n<li>Explora nuestro <a href=\"https:\/\/tangooled.com\/es\/product\/recessed-led-aluminum-profile-up-and-down-lighting-channel-for-cabinet\/\"><mark style=\"background-color:rgba(0, 0, 0, 0)\" class=\"has-inline-color has-vivid-red-color\">canal de perfil de aluminio LED empotrado para iluminaci\u00f3n en armarios<\/mark><\/a> para m\u00e1s soluciones de iluminaci\u00f3n para armarios.<\/li>\n\n\n\n<li>Vea tambi\u00e9n nuestro <a href=\"https:\/\/tangooled.com\/es\/product\/10mm-led-profile-aluminum-channel-for-8mm-led-tape-lights\/\"><mark style=\"background-color:rgba(0, 0, 0, 0)\" class=\"has-inline-color has-vivid-red-color\">canal de aluminio de perfil LED de 10 mm para luces de cinta LED de 8 mm<\/mark><\/a> para un perfil ligeramente m\u00e1s grande.<\/li>\n<\/ul>\n<\/div>\n\n\n\n<p><\/p>","protected":false},"featured_media":14272,"template":"","meta":{"_acf_changed":true,"_seopress_robots_primary_cat":"none","_seopress_titles_title":"8mm Recessed Cabinet Door LED Channel | TANGOOLED","_seopress_titles_desc":"Source the 8mm recessed cabinet door LED channel. Ultra-slim aluminum mounting profile designed for seamless furniture integration & door frame lighting.","_seopress_robots_index":""},"pcb-width":[228],"product-cat":[193],"class_list":{"0":"post-46005","1":"product","2":"type-product","3":"status-publish","4":"has-post-thumbnail","6":"pcb-width-6-12mm","7":"product-cat-recessed-profile"},"acf":[],"_links":{"self":[{"href":"https:\/\/tangooled.com\/es\/wp-json\/wp\/v2\/product\/46005","targetHints":{"allow":["GET"]}}],"collection":[{"href":"https:\/\/tangooled.com\/es\/wp-json\/wp\/v2\/product"}],"about":[{"href":"https:\/\/tangooled.com\/es\/wp-json\/wp\/v2\/types\/product"}],"wp:featuredmedia":[{"embeddable":true,"href":"https:\/\/tangooled.com\/es\/wp-json\/wp\/v2\/media\/14272"}],"wp:attachment":[{"href":"https:\/\/tangooled.com\/es\/wp-json\/wp\/v2\/media?parent=46005"}],"wp:term":[{"taxonomy":"pcb-width","embeddable":true,"href":"https:\/\/tangooled.com\/es\/wp-json\/wp\/v2\/pcb-width?post=46005"},{"taxonomy":"product-cat","embeddable":true,"href":"https:\/\/tangooled.com\/es\/wp-json\/wp\/v2\/product-cat?post=46005"}],"curies":[{"name":"wp","href":"https:\/\/api.w.org\/{rel}","templated":true}]}}