{"id":46001,"date":"2026-01-07T18:52:46","date_gmt":"2026-01-08T02:52:46","guid":{"rendered":"https:\/\/tangooled.com\/?post_type=product&#038;p=46001"},"modified":"2026-02-02T22:19:27","modified_gmt":"2026-02-03T06:19:27","slug":"wood-cabinet-edge-led-strip-channel-under-shelf-lighting","status":"publish","type":"product","link":"https:\/\/tangooled.com\/es\/product\/wood-cabinet-edge-led-strip-channel-under-shelf-lighting\/","title":{"rendered":"canal de tira LED de borde de armario de madera para iluminaci\u00f3n debajo de estantes"},"content":{"rendered":"<div class=\"wp-block-group is-vertical is-layout-flex wp-container-core-group-is-layout-d255d7c4 wp-block-group-is-layout-flex\" style=\"padding-top:var(--wp--preset--spacing--80);padding-bottom:var(--wp--preset--spacing--80)\">\n<p>Nuestro canal LED para el borde de los armarios de madera est\u00e1 dise\u00f1ado para ajustarse en el borde de la estanter\u00eda. La luz apunta hacia abajo para iluminar el espacio debajo sin causar deslumbramiento. Este dise\u00f1o de iluminaci\u00f3n de armarios de madera maximiza el espacio en el borde, y la luz en \u00e1ngulo reduce efectivamente las sombras sobre los objetos debajo de la estanter\u00eda, lo que hace que todo el espacio sea m\u00e1s brillante y est\u00e9 m\u00e1s uniformemente iluminado. Esta es una forma inteligente y pr\u00e1ctica de iluminar las cosas dentro del armario y en la estanter\u00eda de exhibici\u00f3n.<\/p>\n<\/div>\n\n\n\n<div class=\"wp-block-group has-background is-vertical is-layout-flex wp-container-core-group-is-layout-d255d7c4 wp-block-group-is-layout-flex\" style=\"background-color:#f1f1f1;padding-top:var(--wp--preset--spacing--80);padding-bottom:var(--wp--preset--spacing--80)\">\n<div class=\"wp-block-group is-vertical is-layout-flex wp-container-core-group-is-layout-8cf370e7 wp-block-group-is-layout-flex\">\n<h2 class=\"wp-block-heading\" style=\"padding-top:var(--wp--preset--spacing--40);padding-bottom:var(--wp--preset--spacing--40);font-size:25px;font-style:normal;font-weight:600;text-transform:capitalize\">\u00bfPor qu\u00e9 elegir nuestro canal LED para el borde de armarios de madera?<\/h2>\n\n\n\n<p>Our product is a smart edge lighting channel that fits nicely on wooden shelves or cabinets. It holds your LED strips safely while making your space brighter and nicer. This is why it&#8217;s so great:<\/p>\n\n\n\n<ul class=\"wp-block-list\">\n<li>Se ajusta perfectamente en los bordes de los armarios de madera para un aspecto limpio.<\/li>\n\n\n\n<li>Proporciona luz brillante debajo de las estanter\u00edas para ayudarte a ver mejor.\u00a0<\/li>\n\n\n\n<li>Hecho de aluminio resistente que hace que las tiras LED duren m\u00e1s.<\/li>\n\n\n\n<li>Viene con un difusor de luz claro para una luz suave y uniforme.\u00a0<\/li>\n\n\n\n<li>F\u00e1cil de instalar con herramientas b\u00e1sicas.<\/li>\n\n\n\n<li>Funciona con muchos tipos diferentes de luces LED de tiras DC12V.<\/li>\n<\/ul>\n<\/div>\n<\/div>\n\n\n\n<div class=\"wp-block-group is-vertical is-layout-flex wp-container-core-group-is-layout-d255d7c4 wp-block-group-is-layout-flex\" style=\"padding-top:var(--wp--preset--spacing--80);padding-bottom:var(--wp--preset--spacing--80)\">\n<hr class=\"wp-block-separator has-alpha-channel-opacity\"\/>\n\n\n\n<div class=\"wp-block-media-text has-media-on-the-right is-stacked-on-mobile\" style=\"grid-template-columns:auto 40%\"><div class=\"wp-block-media-text__content\">\n<h2 class=\"wp-block-heading\" style=\"padding-top:var(--wp--preset--spacing--40);padding-bottom:var(--wp--preset--spacing--40);font-size:25px;font-style:normal;font-weight:600;text-transform:capitalize\">C\u00f3mo instalar<\/h2>\n\n\n\n<ul class=\"wp-block-list\">\n<li>Medir y cortar: Usa una cinta m\u00e9trica para averiguar cu\u00e1n largo es el borde de la estanter\u00eda y luego corta el perfil de aluminio a esa longitud.<\/li>\n\n\n\n<li>Adjuntar el perfil: Adjunta el perfil de aluminio a la parte inferior del borde de la estanter\u00eda. Aseg\u00farate de que est\u00e9 al ras con el borde frontal de la madera para un aspecto ordenado.<\/li>\n\n\n\n<li>Coloca la tira LED en su lugar: Retira el respaldo de la tira LED y p\u00e9gala firmemente al perfil de aluminio.<\/li>\n\n\n\n<li>Prueba e instala el difusor: para probar, conecta la tira LED a tu fuente de alimentaci\u00f3n, luego coloca la tapa difusora de pl\u00e1stico sobre el perfil para terminar.<\/li>\n<\/ul>\n<\/div><figure class=\"wp-block-media-text__media\"><img loading=\"lazy\" decoding=\"async\" width=\"500\" height=\"500\" src=\"https:\/\/tangooled.com\/wp-content\/uploads\/2026\/01\/lb06-ins.webp\" alt=\"canal de tira LED de borde de armario de madera para iluminaci\u00f3n debajo de estantes\" class=\"wp-image-46002 size-full\" srcset=\"https:\/\/tangooled.com\/wp-content\/uploads\/2026\/01\/lb06-ins.webp 500w, https:\/\/tangooled.com\/wp-content\/uploads\/2026\/01\/lb06-ins-300x300.webp 300w, https:\/\/tangooled.com\/wp-content\/uploads\/2026\/01\/lb06-ins-150x150.webp 150w\" sizes=\"auto, (max-width: 500px) 100vw, 500px\" \/><\/figure><\/div>\n<\/div>\n\n\n\n<div class=\"wp-block-group has-background is-vertical is-layout-flex wp-container-core-group-is-layout-b429018a wp-block-group-is-layout-flex\" style=\"background-color:#f1f1f1f2;padding-top:var(--wp--preset--spacing--70);padding-bottom:var(--wp--preset--spacing--70)\">\n<h2 class=\"wp-block-heading\" style=\"padding-top:var(--wp--preset--spacing--40);padding-bottom:var(--wp--preset--spacing--40);font-size:25px;font-style:normal;font-weight:600;text-transform:capitalize\">mejor manera de usar<\/h2>\n\n\n\n<ul class=\"wp-block-list\">\n<li>Iluminaci\u00f3n de trabajo debajo de los armarios que es lo suficientemente brillante para leer recetas, cortar alimentos y cocinar.<\/li>\n\n\n\n<li>Iluminaci\u00f3n para estanter\u00edas y exhibiciones: Ilumina tus libros, colecciones o art\u00edculos de almacenamiento con una luz suave.<\/li>\n\n\n\n<li>Iluminaci\u00f3n de estantes flotantes: Esta luz de moda oculta la fuente y crea un agradable efecto mural.<\/li>\n\n\n\n<li>Ilumina estantes oscuros en tu armario y vestidor para que sean m\u00e1s f\u00e1ciles de ver y se vean mejor.<\/li>\n<\/ul>\n<\/div>\n\n\n\n<div class=\"wp-block-group is-vertical is-layout-flex wp-container-core-group-is-layout-d255d7c4 wp-block-group-is-layout-flex\" style=\"padding-top:var(--wp--preset--spacing--80);padding-bottom:var(--wp--preset--spacing--80)\">\n<h2 class=\"wp-block-heading\" style=\"padding-top:var(--wp--preset--spacing--40);padding-bottom:var(--wp--preset--spacing--40);font-size:25px;font-style:normal;font-weight:600;text-transform:capitalize\">Productos relacionados que podr\u00edan gustarte<\/h2>\n\n\n\n<ul class=\"wp-block-list\">\n<li>Perfil LED negro con difusor negro para tira LED de 10 mm: <a href=\"https:\/\/tangooled.com\/es\/product\/black-led-profile-with-black-diffuser-for-10mm-led-strip-light\/\"><mark style=\"background-color:rgba(0, 0, 0, 0)\" class=\"has-inline-color has-vivid-red-color\">Ver producto<\/mark><\/a><\/li>\n\n\n\n<li>Perfil LED de montaje en superficie con difusor esmerilado para luces de cuerda de 10 mm: <a href=\"https:\/\/tangooled.com\/es\/product\/surface-mount-led-profile-with-frosted-diffuser-for-10mm-rope-lights\/\"><mark style=\"background-color:rgba(0, 0, 0, 0)\" class=\"has-inline-color has-vivid-red-color\">Ver producto<\/mark><\/a><\/li>\n\n\n\n<li>Canal difusor de luz LED de aluminio 15x12mm para tiras LED de 10 mm: <a href=\"https:\/\/tangooled.com\/es\/product\/led-light-diffuser-channel-aluminum-15x12mm-for-10mm-led-strips\/\"><mark style=\"background-color:rgba(0, 0, 0, 0)\" class=\"has-inline-color has-vivid-red-color\">Ver producto<\/mark><\/a><\/li>\n<\/ul>\n<\/div>\n\n\n\n<div class=\"wp-block-group has-background is-vertical is-layout-flex wp-container-core-group-is-layout-b429018a wp-block-group-is-layout-flex\" style=\"background-color:#f1f1f1f2;padding-top:var(--wp--preset--spacing--70);padding-bottom:var(--wp--preset--spacing--70)\">\n<h2 class=\"wp-block-heading\" style=\"padding-top:var(--wp--preset--spacing--40);padding-bottom:var(--wp--preset--spacing--40);font-size:25px;font-style:normal;font-weight:600;text-transform:capitalize\">resumen<\/h2>\n\n\n\n<p style=\"padding-right:var(--wp--preset--spacing--50);padding-left:var(--wp--preset--spacing--50)\">Instalar iluminaci\u00f3n de borde debajo de estantes de madera es f\u00e1cil con nuestro canal LED para el borde de armarios de madera. Funciona con la mayor\u00eda de las tiras LED que son de hasta 8 mm de ancho y se ajusta a maderas de 18 mm de grosor. El difusor esmerilado hace que la luz sea suave, uniforme y sin puntos, y el aluminio anodizado mantiene los LEDs frescos y seguros. Ideal para a\u00f1adir iluminaci\u00f3n de trabajo, ambiental y de acento a cocinas, estanter\u00edas de exhibici\u00f3n y estantes flotantes.<\/p>\n<\/div>\n\n\n\n<p><\/p>","protected":false},"featured_media":14191,"template":"","meta":{"_acf_changed":true,"_seopress_robots_primary_cat":"none","_seopress_titles_title":"Wood Cabinet Edge LED Channel | Under Shelf Lighting | TANGOOLED","_seopress_titles_desc":"Source the wood cabinet edge led channel. Specifically designed for integrated edge lighting in furniture and under shelf applications. Professional TANGOOLED quality.","_seopress_robots_index":""},"pcb-width":[228],"product-cat":[193],"class_list":{"0":"post-46001","1":"product","2":"type-product","3":"status-publish","4":"has-post-thumbnail","6":"pcb-width-6-12mm","7":"product-cat-recessed-profile"},"acf":[],"_links":{"self":[{"href":"https:\/\/tangooled.com\/es\/wp-json\/wp\/v2\/product\/46001","targetHints":{"allow":["GET"]}}],"collection":[{"href":"https:\/\/tangooled.com\/es\/wp-json\/wp\/v2\/product"}],"about":[{"href":"https:\/\/tangooled.com\/es\/wp-json\/wp\/v2\/types\/product"}],"wp:featuredmedia":[{"embeddable":true,"href":"https:\/\/tangooled.com\/es\/wp-json\/wp\/v2\/media\/14191"}],"wp:attachment":[{"href":"https:\/\/tangooled.com\/es\/wp-json\/wp\/v2\/media?parent=46001"}],"wp:term":[{"taxonomy":"pcb-width","embeddable":true,"href":"https:\/\/tangooled.com\/es\/wp-json\/wp\/v2\/pcb-width?post=46001"},{"taxonomy":"product-cat","embeddable":true,"href":"https:\/\/tangooled.com\/es\/wp-json\/wp\/v2\/product-cat?post=46001"}],"curies":[{"name":"wp","href":"https:\/\/api.w.org\/{rel}","templated":true}]}}