{"id":45993,"date":"2026-01-07T18:45:54","date_gmt":"2026-01-08T02:45:54","guid":{"rendered":"https:\/\/tangooled.com\/?post_type=product&#038;p=45993"},"modified":"2026-02-02T22:18:35","modified_gmt":"2026-02-03T06:18:35","slug":"cabinet-aluminum-channel-up-down-diffusers-lb04","status":"publish","type":"product","link":"https:\/\/tangooled.com\/es\/product\/cabinet-aluminum-channel-up-down-diffusers-lb04\/","title":{"rendered":"canal de aluminio para armario con difusores LED arriba y abajo lB04"},"content":{"rendered":"<div class=\"wp-block-group is-vertical is-layout-flex wp-container-core-group-is-layout-d255d7c4 wp-block-group-is-layout-flex\" style=\"padding-top:var(--wp--preset--spacing--80);padding-bottom:var(--wp--preset--spacing--80)\">\n<p>Haz que tu gabinete brille con el canal de aluminio LB04 con difusores arriba-abajo. Este canal de aluminio est\u00e1 dise\u00f1ado para proporcionar iluminaci\u00f3n bidireccional, proyectando un brillo suave y uniforme en ambas direcciones, hacia arriba y hacia abajo. Este canal de iluminaci\u00f3n arriba-abajo es perfecto para tu hogar o espacio comercial.<\/p>\n<\/div>\n\n\n\n<div class=\"wp-block-group has-background is-vertical is-layout-flex wp-container-core-group-is-layout-d255d7c4 wp-block-group-is-layout-flex\" style=\"background-color:#f1f1f1;padding-top:var(--wp--preset--spacing--80);padding-bottom:var(--wp--preset--spacing--80)\">\n<div class=\"wp-block-group is-vertical is-layout-flex wp-container-core-group-is-layout-8cf370e7 wp-block-group-is-layout-flex\">\n<h2 class=\"wp-block-heading\" style=\"padding-top:var(--wp--preset--spacing--40);padding-bottom:var(--wp--preset--spacing--40);font-size:25px;font-style:normal;font-weight:600;text-transform:capitalize\">\u00bfPor qu\u00e9 elegir el canal de aluminio LB04?<\/h2>\n\n\n\n<p>Este canal de aluminio para gabinete con difusores arriba-abajo es fuerte, f\u00e1cil de usar y tiene un aspecto genial. Ayuda a que tus luces de tira LED duren m\u00e1s al mantenerlas fr\u00edas. El canal de aluminio de alta calidad act\u00faa como disipador de calor y protege tus tiras.<\/p>\n\n\n\n<ul class=\"wp-block-list\">\n<li>Luz de doble cara: La luz brilla hacia arriba y hacia abajo al mismo tiempo. <\/li>\n\n\n\n<li>Material fuerte: Hecho de aluminio 6063-T5, que es fuerte y permite una buena dispersi\u00f3n del calor.<\/li>\n\n\n\n<li>Luz suave: Los difusores distribuyen la luz de manera uniforme y ocultan los puntos.<\/li>\n\n\n\n<li>F\u00e1cil de montar: dise\u00f1ado para ser montado en una superficie.<\/li>\n\n\n\n<li>Compatible con muchas tiras: Se puede usar con tiras LED de hasta 12 mm de ancho.<\/li>\n<\/ul>\n<\/div>\n<\/div>\n\n\n\n<div class=\"wp-block-group is-vertical is-layout-flex wp-container-core-group-is-layout-d255d7c4 wp-block-group-is-layout-flex\" style=\"padding-top:var(--wp--preset--spacing--80);padding-bottom:var(--wp--preset--spacing--80)\">\n<hr class=\"wp-block-separator has-alpha-channel-opacity\"\/>\n\n\n\n<div class=\"wp-block-media-text has-media-on-the-right is-stacked-on-mobile\" style=\"grid-template-columns:auto 40%\"><div class=\"wp-block-media-text__content\">\n<h2 class=\"wp-block-heading\" style=\"padding-top:var(--wp--preset--spacing--40);padding-bottom:var(--wp--preset--spacing--40);font-size:25px;font-style:normal;font-weight:600;text-transform:capitalize\">F\u00e1cil de instalar<\/h2>\n\n\n\n<p>Este canal de aluminio est\u00e1 dise\u00f1ado para montaje en panel con embutici\u00f3n. El panel de madera se puede embutir en este canal y fijar con tornillos.<\/p>\n<\/div><figure class=\"wp-block-media-text__media\"><img loading=\"lazy\" decoding=\"async\" width=\"500\" height=\"500\" src=\"https:\/\/tangooled.com\/wp-content\/uploads\/2026\/01\/lb04-ins.webp\" alt=\"lb04 cabinet aluminum channel with up and down led diffusers\" class=\"wp-image-45995 size-full\" srcset=\"https:\/\/tangooled.com\/wp-content\/uploads\/2026\/01\/lb04-ins.webp 500w, https:\/\/tangooled.com\/wp-content\/uploads\/2026\/01\/lb04-ins-300x300.webp 300w, https:\/\/tangooled.com\/wp-content\/uploads\/2026\/01\/lb04-ins-150x150.webp 150w\" sizes=\"auto, (max-width: 500px) 100vw, 500px\" \/><\/figure><\/div>\n<\/div>\n\n\n\n<div class=\"wp-block-group has-background is-vertical is-layout-flex wp-container-core-group-is-layout-b429018a wp-block-group-is-layout-flex\" style=\"background-color:#f1f1f1f2;padding-top:var(--wp--preset--spacing--70);padding-bottom:var(--wp--preset--spacing--70)\">\n<h2 class=\"wp-block-heading\" style=\"padding-top:var(--wp--preset--spacing--40);padding-bottom:var(--wp--preset--spacing--40);font-size:25px;font-style:normal;font-weight:600\">Ideal para muchos lugares<\/h2>\n\n\n\n<ul class=\"wp-block-list\">\n<li>Gabinetes de cocina para una luz de trabajo clara<\/li>\n\n\n\n<li>Estanter\u00edas para mostrar tus libros favoritos<\/li>\n\n\n\n<li>Armarios y closets para una f\u00e1cil visibilidad<\/li>\n\n\n\n<li>Exhibiciones comerciales para resaltar productos<\/li>\n<\/ul>\n\n\n\n<p style=\"padding-right:var(--wp--preset--spacing--50);padding-left:var(--wp--preset--spacing--50)\">Si buscas una opci\u00f3n similar, mira esto <a href=\"https:\/\/tangooled.com\/es\/product\/surface-mount-led-profile-with-frosted-diffuser-for-10mm-rope-lights\/\"><mark style=\"background-color:rgba(0, 0, 0, 0)\" class=\"has-inline-color has-vivid-red-color\">perfil de led de montaje en superficie con difusor esmerilado para luces de cuerda de 10 mm<\/mark><\/a>.<br>O consulta esto <a href=\"https:\/\/tangooled.com\/es\/product\/black-led-diffuser-aluminum-channel-for-12mm-tape-lights\/\"><mark style=\"background-color:rgba(0, 0, 0, 0)\" class=\"has-inline-color has-vivid-red-color\">canal de aluminio difusor de led negro para luces de cinta de 12 mm<\/mark><\/a> para acabado negro.<\/p>\n<\/div>\n\n\n\n<p><\/p>","protected":false},"featured_media":14182,"template":"","meta":{"_acf_changed":true,"_seopress_robots_primary_cat":"none","_seopress_titles_title":"Cabinet Aluminum Channel with Up and Down Diffusers LB04 | TANGOOLED","_seopress_titles_desc":"Source the cabinet aluminum channel with up and down LED diffusers for balanced ambient lighting. Our LB04 aluminum profile is for furniture & display cases.","_seopress_robots_index":""},"pcb-width":[228],"product-cat":[193],"class_list":{"0":"post-45993","1":"product","2":"type-product","3":"status-publish","4":"has-post-thumbnail","6":"pcb-width-6-12mm","7":"product-cat-recessed-profile"},"acf":[],"_links":{"self":[{"href":"https:\/\/tangooled.com\/es\/wp-json\/wp\/v2\/product\/45993","targetHints":{"allow":["GET"]}}],"collection":[{"href":"https:\/\/tangooled.com\/es\/wp-json\/wp\/v2\/product"}],"about":[{"href":"https:\/\/tangooled.com\/es\/wp-json\/wp\/v2\/types\/product"}],"wp:featuredmedia":[{"embeddable":true,"href":"https:\/\/tangooled.com\/es\/wp-json\/wp\/v2\/media\/14182"}],"wp:attachment":[{"href":"https:\/\/tangooled.com\/es\/wp-json\/wp\/v2\/media?parent=45993"}],"wp:term":[{"taxonomy":"pcb-width","embeddable":true,"href":"https:\/\/tangooled.com\/es\/wp-json\/wp\/v2\/pcb-width?post=45993"},{"taxonomy":"product-cat","embeddable":true,"href":"https:\/\/tangooled.com\/es\/wp-json\/wp\/v2\/product-cat?post=45993"}],"curies":[{"name":"wp","href":"https:\/\/api.w.org\/{rel}","templated":true}]}}