{"id":45991,"date":"2026-01-07T18:35:24","date_gmt":"2026-01-08T02:35:24","guid":{"rendered":"https:\/\/tangooled.com\/?post_type=product&#038;p=45991"},"modified":"2026-02-02T22:18:59","modified_gmt":"2026-02-03T06:18:59","slug":"cabinet-lighting-aluminum-led-diffuser-profile-lb03","status":"publish","type":"product","link":"https:\/\/tangooled.com\/es\/product\/cabinet-lighting-aluminum-led-diffuser-profile-lb03\/","title":{"rendered":"perfil de difusor LED de aluminio para iluminaci\u00f3n de armario con tiras de 12 mm"},"content":{"rendered":"<div class=\"wp-block-group is-vertical is-layout-flex wp-container-core-group-is-layout-d255d7c4 wp-block-group-is-layout-flex\" style=\"padding-top:var(--wp--preset--spacing--80);padding-bottom:var(--wp--preset--spacing--80)\">\n<p>This LB03 LED diffuser profile for 12mm strips is an excellent option to bring bright, clean light to your cabinets or shelves. This profile is composed of durable aluminum&nbsp;that dissipates&nbsp;heat well, thus your lights stay cool and last longer. It can hold LED strips up to 12mm wide. The profile has a diffuser that softens the light, eliminating harsh glare and unpleasant light dots. This gives you a smooth, professional glow. It&#8217;s the ideal choice for creating both a great look and lasting performance for your cabinet lighting.<\/p>\n<\/div>\n\n\n\n<div class=\"wp-block-group has-background is-vertical is-layout-flex wp-container-core-group-is-layout-d255d7c4 wp-block-group-is-layout-flex\" style=\"background-color:#f1f1f1;padding-top:var(--wp--preset--spacing--80);padding-bottom:var(--wp--preset--spacing--80)\">\n<div class=\"wp-block-group is-vertical is-layout-flex wp-container-core-group-is-layout-8cf370e7 wp-block-group-is-layout-flex\">\n<h2 class=\"wp-block-heading\" style=\"padding-top:var(--wp--preset--spacing--40);padding-bottom:var(--wp--preset--spacing--40);font-size:25px;font-style:normal;font-weight:600;text-transform:capitalize\">\u00bfPor qu\u00e9 elegir este perfil LED de gabinete para tiras de 12mm?<\/h2>\n\n\n\n<ul class=\"wp-block-list\">\n<li>Se adapta a m\u00faltiples tiras LED: Con un ancho interior de 12mm que permite tiras LED de 8mm a 12mm.<\/li>\n\n\n\n<li>\u2022 Strong Aluminum Material: Made with 6063-T5 aluminum to cool your strips well. This helps them last longer and stay safe.<\/li>\n\n\n\n<li>\u2022 Soft Light Diffuser: Comes with a frosted cover that spreads light nicely. No sharp spots or glare.<\/li>\n\n\n\n<li>\u2022 Easy to Fit: Works for both surface mount and recessed mounting in your cabinet or closet.<\/li>\n<\/ul>\n<\/div>\n<\/div>\n\n\n\n<div class=\"wp-block-group\" style=\"padding-top:var(--wp--preset--spacing--80);padding-bottom:var(--wp--preset--spacing--80)\"><div class=\"wp-block-group__inner-container is-layout-constrained wp-block-group-is-layout-constrained\">\n<div class=\"wp-block-media-text has-media-on-the-right is-stacked-on-mobile\" style=\"grid-template-columns:auto 40%\"><div class=\"wp-block-media-text__content\">\n<h2 class=\"wp-block-heading\" style=\"padding-top:var(--wp--preset--spacing--40);padding-bottom:var(--wp--preset--spacing--40);font-size:25px;font-style:normal;font-weight:600;text-transform:capitalize\">Consejos de instalaci\u00f3n<\/h2>\n\n\n\n<ul class=\"wp-block-list\">\n<li>Ensamblaje de la tira LED: Retira el respaldo de la tira LED (de hasta 12mm de ancho) y p\u00e9gala firmemente en el canal de aluminio.<\/li>\n\n\n\n<li>Instalaci\u00f3n del difusor: Haz clic en la cubierta esmerilada en el canal para mantener los LED seguros y asegurarte de que la luz se distribuya de manera uniforme.<\/li>\n\n\n\n<li>Preparando la ranura: Pre-corta una ranura en el panel de madera que tenga el mismo tama\u00f1o que la leng\u00fceta de montaje.<\/li>\n\n\n\n<li>Montaje empotrado: alinea la leng\u00fceta de montaje estriada con la ranura pre-cortada y presiona el perfil en la madera hasta que el reborde est\u00e9 al ras con la superficie.<\/li>\n\n\n\n<li>Cableado y alimentaci\u00f3n: Guia los cables por el gabinete y con\u00e9ctalos a la fuente de alimentaci\u00f3n y al controlador de acuerdo con las instrucciones de la tira LED.<\/li>\n<\/ul>\n<\/div><figure class=\"wp-block-media-text__media\"><img loading=\"lazy\" decoding=\"async\" width=\"622\" height=\"622\" src=\"https:\/\/tangooled.com\/wp-content\/uploads\/2026\/01\/lb03-ins-2.webp\" alt=\"perfil de difusor LED de aluminio para iluminaci\u00f3n de armario con tiras de 12 mm\" class=\"wp-image-46143 size-full\" srcset=\"https:\/\/tangooled.com\/wp-content\/uploads\/2026\/01\/lb03-ins-2.webp 622w, https:\/\/tangooled.com\/wp-content\/uploads\/2026\/01\/lb03-ins-2-300x300.webp 300w, https:\/\/tangooled.com\/wp-content\/uploads\/2026\/01\/lb03-ins-2-150x150.webp 150w\" sizes=\"auto, (max-width: 622px) 100vw, 622px\" \/><\/figure><\/div>\n<\/div><\/div>\n\n\n\n<div class=\"wp-block-group has-background is-vertical is-layout-flex wp-container-core-group-is-layout-b429018a wp-block-group-is-layout-flex\" style=\"background-color:#f1f1f1f2;padding-top:var(--wp--preset--spacing--70);padding-bottom:var(--wp--preset--spacing--70)\">\n<h2 class=\"wp-block-heading\" style=\"padding-top:var(--wp--preset--spacing--40);padding-bottom:var(--wp--preset--spacing--40);font-size:25px;font-style:normal;font-weight:600\">Usa este perfil difusor de tira LED para<\/h2>\n\n\n\n<ul class=\"wp-block-list\">\n<li>Iluminaci\u00f3n bajo el gabinete en cocinas o \u00e1reas de estudio.<\/li>\n\n\n\n<li>Estantes iluminados o armarios de vestuario.<\/li>\n\n\n\n<li>Iluminaci\u00f3n de acento en muebles (libreros, escritorios).<\/li>\n\n\n\n<li>Coves de pared y tiras de luz en techos.<\/li>\n<\/ul>\n<\/div>\n\n\n\n<div class=\"wp-block-group is-vertical is-layout-flex wp-container-core-group-is-layout-d255d7c4 wp-block-group-is-layout-flex\" style=\"padding-top:var(--wp--preset--spacing--80);padding-bottom:var(--wp--preset--spacing--80)\">\n<h2 class=\"wp-block-heading\" style=\"padding-top:var(--wp--preset--spacing--40);padding-bottom:var(--wp--preset--spacing--40);font-size:25px;font-style:normal;font-weight:600;text-transform:capitalize\">Productos relacionados de Tangooled<\/h2>\n\n\n\n<p>Si deseas un producto similar en negro o con otros tama\u00f1os, consulta nuestro <a href=\"https:\/\/tangooled.com\/es\/product\/black-led-profile-with-black-diffuser-for-10mm-led-strip-light\/\"><mark style=\"background-color:rgba(0, 0, 0, 0)\" class=\"has-inline-color has-vivid-red-color\">perfil LED negro con difusor negro para tira de luz LED de 10mm<\/mark><\/a> o <a href=\"https:\/\/tangooled.com\/es\/product\/25x6mm-low-profile-led-strip-channel-for-10mm-led-strip-light\/\"><mark style=\"background-color:rgba(0, 0, 0, 0)\" class=\"has-inline-color has-vivid-red-color\">Canal LED de perfil bajo 25x6mm para tira de luz LED de 10mm<\/mark><\/a>. Para un montaje en superficie suave, consulta nuestro<a href=\"https:\/\/tangooled.com\/es\/product\/surface-mount-led-profile-with-frosted-diffuser-for-10mm-rope-lights\/\"><mark style=\"background-color:rgba(0, 0, 0, 0)\" class=\"has-inline-color has-vivid-red-color\"> perfil LED de montaje superficial con difusor esmerilado para luces de cuerda de 10 mm<\/mark><\/a>.<\/p>\n\n\n\n<p>.<\/p>\n<\/div>\n\n\n\n<p><\/p>","protected":false},"featured_media":14179,"template":"","meta":{"_acf_changed":true,"_seopress_robots_primary_cat":"none","_seopress_titles_title":"Cabinet LED Diffuser Profile for 12mm Strips LB03 | TANGOOLED","_seopress_titles_desc":"TANGOO's cabinet LED diffuser profile LB03  is an aluminum channel designed for 12mm wide strips. Ideal for professional under-cabinet and shelf lighting projects.","_seopress_robots_index":""},"pcb-width":[228],"product-cat":[193],"class_list":{"0":"post-45991","1":"product","2":"type-product","3":"status-publish","4":"has-post-thumbnail","6":"pcb-width-6-12mm","7":"product-cat-recessed-profile"},"acf":[],"_links":{"self":[{"href":"https:\/\/tangooled.com\/es\/wp-json\/wp\/v2\/product\/45991","targetHints":{"allow":["GET"]}}],"collection":[{"href":"https:\/\/tangooled.com\/es\/wp-json\/wp\/v2\/product"}],"about":[{"href":"https:\/\/tangooled.com\/es\/wp-json\/wp\/v2\/types\/product"}],"wp:featuredmedia":[{"embeddable":true,"href":"https:\/\/tangooled.com\/es\/wp-json\/wp\/v2\/media\/14179"}],"wp:attachment":[{"href":"https:\/\/tangooled.com\/es\/wp-json\/wp\/v2\/media?parent=45991"}],"wp:term":[{"taxonomy":"pcb-width","embeddable":true,"href":"https:\/\/tangooled.com\/es\/wp-json\/wp\/v2\/pcb-width?post=45991"},{"taxonomy":"product-cat","embeddable":true,"href":"https:\/\/tangooled.com\/es\/wp-json\/wp\/v2\/product-cat?post=45991"}],"curies":[{"name":"wp","href":"https:\/\/api.w.org\/{rel}","templated":true}]}}