{"id":45987,"date":"2026-01-07T18:31:34","date_gmt":"2026-01-08T02:31:34","guid":{"rendered":"https:\/\/tangooled.com\/?post_type=product&#038;p=45987"},"modified":"2026-02-02T22:24:17","modified_gmt":"2026-02-03T06:24:17","slug":"recessed-up-and-down-led-lighting-channel-cabinet-lb02","status":"publish","type":"product","link":"https:\/\/tangooled.com\/es\/product\/recessed-up-and-down-led-lighting-channel-cabinet-lb02\/","title":{"rendered":"canal de iluminaci\u00f3n de perfil de aluminio LED empotrado arriba y abajo para gabinete"},"content":{"rendered":"<div class=\"wp-block-group is-vertical is-layout-flex wp-container-core-group-is-layout-d255d7c4 wp-block-group-is-layout-flex\" style=\"padding-top:var(--wp--preset--spacing--80);padding-bottom:var(--wp--preset--spacing--80)\">\n<p>Nuestro canal de iluminaci\u00f3n BP02 empotrado arriba-abajo proporcionar\u00e1 a sus gabinetes una iluminaci\u00f3n suave y elegante. Este canal de iluminaci\u00f3n para gabinetes ofrece un dise\u00f1o limpio y moderno. Est\u00e1 hecho de un aluminio resistente, que ayuda a mantener sus LEDs frescos y brillantes durante a\u00f1os. \u00daselo para que las luces de su gabinete se vean elegantes y funcionen mejor.<\/p>\n<\/div>\n\n\n\n<div class=\"wp-block-group has-background is-vertical is-layout-flex wp-container-core-group-is-layout-d255d7c4 wp-block-group-is-layout-flex\" style=\"background-color:#f1f1f1;padding-top:var(--wp--preset--spacing--80);padding-bottom:var(--wp--preset--spacing--80)\">\n<div class=\"wp-block-group is-vertical is-layout-flex wp-container-core-group-is-layout-8cf370e7 wp-block-group-is-layout-flex\">\n<h2 class=\"wp-block-heading\" style=\"padding-top:var(--wp--preset--spacing--40);padding-bottom:var(--wp--preset--spacing--40);font-size:25px;font-style:normal;font-weight:600;text-transform:capitalize\">\u00bfPor qu\u00e9 elegir nuestro canal de iluminaci\u00f3n empotrado LB02?<\/h2>\n\n\n\n<ul class=\"wp-block-list\">\n<li>Iluminaci\u00f3n arriba y abajo: Los focos iluminan hacia arriba y hacia abajo para brindarle tanto una luz de trabajo efectiva como una luz ambiental suave.<\/li>\n\n\n\n<li>Dise\u00f1o empotrado al ras: Se adapta perfectamente a un panel de gabinete de 18 mm de grosor para una apariencia ordenada.<\/li>\n\n\n\n<li>Canal de aluminio resistente: Esto mantiene los LEDs frescos y ayuda a que duren m\u00e1s.<\/li>\n\n\n\n<li>Luz sin puntos: El difusor esmerilado hace que la iluminaci\u00f3n sea suave y uniforme sin puntos brillantes.<\/li>\n\n\n\n<li>Cubierta protectora: Mantiene las tiras de LED seguras del polvo y golpes.<\/li>\n\n\n\n<li>F\u00e1cil de instalar: Solo haga una ranura, sujete la brida de montaje en la madera, luego agregue los LEDs y el difusor.<\/li>\n\n\n\n<li>Funciona con tiras LED populares: Funciona bien con LED flexibles 2835, 5050 y 5630.<\/li>\n<\/ul>\n<\/div>\n<\/div>\n\n\n\n<div class=\"wp-block-group is-vertical is-layout-flex wp-container-core-group-is-layout-d255d7c4 wp-block-group-is-layout-flex\" style=\"padding-top:var(--wp--preset--spacing--80);padding-bottom:var(--wp--preset--spacing--80)\">\n<hr class=\"wp-block-separator has-alpha-channel-opacity\"\/>\n\n\n\n<div class=\"wp-block-media-text has-media-on-the-right is-stacked-on-mobile\" style=\"grid-template-columns:auto 40%\"><div class=\"wp-block-media-text__content\">\n<h2 class=\"wp-block-heading\" style=\"padding-top:var(--wp--preset--spacing--40);padding-bottom:var(--wp--preset--spacing--40);font-size:25px;font-style:normal;font-weight:600;text-transform:capitalize\">Instrucciones de instalaci\u00f3n<\/h2>\n\n\n\n<ul class=\"wp-block-list\">\n<li>Corte una ranura en el lado de su panel de gabinete.<\/li>\n\n\n\n<li>Encaje la parte de la brida de montaje en la ranura.<\/li>\n\n\n\n<li>Coloque su tira LED dentro del canal.<\/li>\n\n\n\n<li>Coloque la cubierta difusora esmerilada.<\/li>\n\n\n\n<li>Adjunte los tapones finales para terminar la apariencia.<\/li>\n<\/ul>\n<\/div><figure class=\"wp-block-media-text__media\"><img loading=\"lazy\" decoding=\"async\" width=\"506\" height=\"506\" src=\"https:\/\/tangooled.com\/wp-content\/uploads\/2026\/01\/lb02-ins.webp\" alt=\"lb02 ins\" class=\"wp-image-46018 size-full\" srcset=\"https:\/\/tangooled.com\/wp-content\/uploads\/2026\/01\/lb02-ins.webp 506w, https:\/\/tangooled.com\/wp-content\/uploads\/2026\/01\/lb02-ins-300x300.webp 300w, https:\/\/tangooled.com\/wp-content\/uploads\/2026\/01\/lb02-ins-150x150.webp 150w\" sizes=\"auto, (max-width: 506px) 100vw, 506px\" \/><\/figure><\/div>\n<\/div>\n\n\n\n<div class=\"wp-block-group has-background is-vertical is-layout-flex wp-container-core-group-is-layout-b429018a wp-block-group-is-layout-flex\" style=\"background-color:#f1f1f1f2;padding-top:var(--wp--preset--spacing--70);padding-bottom:var(--wp--preset--spacing--70)\">\n<h2 class=\"wp-block-heading\" style=\"padding-top:var(--wp--preset--spacing--40);padding-bottom:var(--wp--preset--spacing--40);font-size:25px;font-style:normal;font-weight:600\">Productos relacionados para completar su iluminaci\u00f3n<\/h2>\n\n\n\n<p>Explore estos perfiles de canal de aluminio con difusores a juego para construir un sistema de iluminaci\u00f3n completo:<\/p>\n\n\n\n<ul class=\"wp-block-list\">\n<li><a href=\"https:\/\/tangooled.com\/es\/product\/black-led-profile-with-black-diffuser-for-10mm-led-strip-light\/\"><mark style=\"background-color:rgba(0, 0, 0, 0)\" class=\"has-inline-color has-vivid-red-color\">Perfil LED negro con difusor negro para tira de LED de 10mm<\/mark><\/a><\/li>\n\n\n\n<li><a href=\"https:\/\/tangooled.com\/es\/product\/cabinet-led-aluminum-profile-up-and-down-edge-lighting\/\"><mark style=\"background-color:rgba(0, 0, 0, 0)\" class=\"has-inline-color has-vivid-red-color\">Perfil de aluminio LED de gabinete para iluminaci\u00f3n de bordes arriba y abajo<\/mark><\/a><\/li>\n\n\n\n<li><a href=\"https:\/\/tangooled.com\/es\/product\/cabinet-led-strip-channel-with-diffuser-for-double-led-strips\/\"><mark style=\"background-color:rgba(0, 0, 0, 0)\" class=\"has-inline-color has-vivid-red-color\">Canal para tira LED de gabinete con difusor para tiras de LED dobles<\/mark><\/a><\/li>\n<\/ul>\n<\/div>\n\n\n\n<p><\/p>","protected":false},"featured_media":14171,"template":"","meta":{"_acf_changed":true,"_seopress_robots_primary_cat":"none","_seopress_titles_title":"Recessed Up and Down LED Profile for Cabinets LB02 | TANGOOLED","_seopress_titles_desc":"TANGOO's recessed aluminum LED profile LB02 features up and down lighting channels. Ideal for integrated cabinet lighting and architectural shadow-free effects.","_seopress_robots_index":""},"pcb-width":[228],"product-cat":[193],"class_list":{"0":"post-45987","1":"product","2":"type-product","3":"status-publish","4":"has-post-thumbnail","6":"pcb-width-6-12mm","7":"product-cat-recessed-profile"},"acf":[],"_links":{"self":[{"href":"https:\/\/tangooled.com\/es\/wp-json\/wp\/v2\/product\/45987","targetHints":{"allow":["GET"]}}],"collection":[{"href":"https:\/\/tangooled.com\/es\/wp-json\/wp\/v2\/product"}],"about":[{"href":"https:\/\/tangooled.com\/es\/wp-json\/wp\/v2\/types\/product"}],"wp:featuredmedia":[{"embeddable":true,"href":"https:\/\/tangooled.com\/es\/wp-json\/wp\/v2\/media\/14171"}],"wp:attachment":[{"href":"https:\/\/tangooled.com\/es\/wp-json\/wp\/v2\/media?parent=45987"}],"wp:term":[{"taxonomy":"pcb-width","embeddable":true,"href":"https:\/\/tangooled.com\/es\/wp-json\/wp\/v2\/pcb-width?post=45987"},{"taxonomy":"product-cat","embeddable":true,"href":"https:\/\/tangooled.com\/es\/wp-json\/wp\/v2\/product-cat?post=45987"}],"curies":[{"name":"wp","href":"https:\/\/api.w.org\/{rel}","templated":true}]}}