{"id":45952,"date":"2026-01-07T18:21:42","date_gmt":"2026-01-08T02:21:42","guid":{"rendered":"https:\/\/tangooled.com\/?post_type=product&#038;p=45952"},"modified":"2026-02-02T22:24:36","modified_gmt":"2026-02-03T06:24:36","slug":"double-led-strip-channel-cabinet-lighting-lb01","status":"publish","type":"product","link":"https:\/\/tangooled.com\/es\/product\/double-led-strip-channel-cabinet-lighting-lb01\/","title":{"rendered":"canal de tira LED para gabinete con difusor para tiras LED dobles"},"content":{"rendered":"<div class=\"wp-block-group is-vertical is-layout-flex wp-container-core-group-is-layout-d255d7c4 wp-block-group-is-layout-flex\" style=\"padding-top:var(--wp--preset--spacing--80);padding-bottom:var(--wp--preset--spacing--80)\">\n<p>\u00a1Consigue el canal de tira LED adecuado para tu gabinete con un difusor para tus tiras LED! El difusor en nuestro canal LED de alta calidad est\u00e1 dise\u00f1ado para que la iluminaci\u00f3n en tu gabinete se vea uniforme, brillante y limpia. Puede sostener dos tiras LED en direcci\u00f3n vertical, lo que hace que tus luces brillen sin manchas. Este producto es resistente, seguro y durar\u00e1 mucho tiempo en cocinas, closets y otros lugares.<\/p>\n<\/div>\n\n\n\n<div class=\"wp-block-group has-background is-vertical is-layout-flex wp-container-core-group-is-layout-d255d7c4 wp-block-group-is-layout-flex\" style=\"background-color:#f1f1f1;padding-top:var(--wp--preset--spacing--80);padding-bottom:var(--wp--preset--spacing--80)\">\n<div class=\"wp-block-group is-vertical is-layout-flex wp-container-core-group-is-layout-8cf370e7 wp-block-group-is-layout-flex\">\n<h2 class=\"wp-block-heading\" style=\"padding-top:var(--wp--preset--spacing--40);padding-bottom:var(--wp--preset--spacing--40);font-size:25px;font-style:normal;font-weight:600;text-transform:capitalize\">\u00bfPor qu\u00e9 elegir este canal de tira LED para gabinete LB01?<\/h2>\n\n\n\n<ul class=\"wp-block-list\">\n<li>Se adapta f\u00e1cilmente a tiras LED dobles: El canal de dise\u00f1o vertical con un ancho interior de 12.9 mm se adapta a dos tiras LED, como los modelos 5050 o 3528.<\/li>\n\n\n\n<li>Luz uniforme cada vez: El difusor hace que los puntos brillantes de cada LED sean menos duros, por lo que tu habitaci\u00f3n se ve limpia y brillante.<\/li>\n\n\n\n<li>Mantiene los LED frescos: El cuerpo de aluminio act\u00faa como un absorbente de calor. Mantiene las tiras LED frescas, lo que hace que duren m\u00e1s.<\/li>\n\n\n\n<li>Seguro y resistente: Protege tus tiras LED del polvo y los da\u00f1os.<\/li>\n<\/ul>\n<\/div>\n<\/div>\n\n\n\n<div class=\"wp-block-group is-vertical is-layout-flex wp-container-core-group-is-layout-d255d7c4 wp-block-group-is-layout-flex\" style=\"padding-top:var(--wp--preset--spacing--80);padding-bottom:var(--wp--preset--spacing--80)\">\n<hr class=\"wp-block-separator has-alpha-channel-opacity\"\/>\n\n\n\n<div class=\"wp-block-media-text has-media-on-the-right is-stacked-on-mobile\" style=\"grid-template-columns:auto 40%\"><div class=\"wp-block-media-text__content\">\n<h2 class=\"wp-block-heading\" style=\"padding-top:var(--wp--preset--spacing--40);padding-bottom:var(--wp--preset--spacing--40);font-size:25px;font-style:normal;font-weight:600;text-transform:capitalize\">C\u00f3mo utilizar este canal de tira LED para gabinete LB01<\/h2>\n\n\n\n<p>Este canal de tira LED para gabinete es la mejor opci\u00f3n para:<\/p>\n\n\n\n<ul class=\"wp-block-list\">\n<li>Iluminaci\u00f3n bajo gabinete: Perfecto para iluminar encimeras de cocina o espacios de trabajo sin deslumbrar.<\/li>\n\n\n\n<li>Iluminaci\u00f3n de salpicaderos: Agrega estilo y luz a los salpicaderos con un brillo ordenado y sin manchas.<\/li>\n\n\n\n<li>Iluminaci\u00f3n de armarios y vestidores: Ilumina tu ropa y estantes con luz suave y brillante.<\/li>\n\n\n\n<li>Iluminaci\u00f3n de estantes y vitrinas: Ideal para iluminar estantes o gabinetes en tiendas o hogares.<\/li>\n<\/ul>\n<\/div><figure class=\"wp-block-media-text__media\"><img loading=\"lazy\" decoding=\"async\" width=\"500\" height=\"500\" src=\"https:\/\/tangooled.com\/wp-content\/uploads\/2026\/01\/lb01-ins.webp\" alt=\"canal de tira LED para gabinete con difusor para tiras LED dobles\" class=\"wp-image-45982 size-full\" srcset=\"https:\/\/tangooled.com\/wp-content\/uploads\/2026\/01\/lb01-ins.webp 500w, https:\/\/tangooled.com\/wp-content\/uploads\/2026\/01\/lb01-ins-300x300.webp 300w, https:\/\/tangooled.com\/wp-content\/uploads\/2026\/01\/lb01-ins-150x150.webp 150w\" sizes=\"auto, (max-width: 500px) 100vw, 500px\" \/><\/figure><\/div>\n<\/div>\n\n\n\n<div class=\"wp-block-group has-background is-vertical is-layout-flex wp-container-core-group-is-layout-b429018a wp-block-group-is-layout-flex\" style=\"background-color:#f1f1f1f2;padding-top:var(--wp--preset--spacing--70);padding-bottom:var(--wp--preset--spacing--70)\">\n<h2 class=\"wp-block-heading\" style=\"padding-top:var(--wp--preset--spacing--40);padding-bottom:var(--wp--preset--spacing--40);font-size:25px;font-style:normal;font-weight:600\">Productos relacionados que podr\u00edan gustarte<\/h2>\n\n\n\n<ul class=\"wp-block-list\">\n<li><a href=\"https:\/\/tangooled.com\/es\/product\/black-led-profile-with-black-diffuser-for-10mm-led-strip-light\/\"><mark style=\"background-color:rgba(0, 0, 0, 0)\" class=\"has-inline-color has-vivid-red-color\">Perfil LED negro con difusor negro para tira de LED de 10mm<\/mark><\/a> \u2014 Sleek black anodized profile for 10mm LED strips.<\/li>\n\n\n\n<li><mark style=\"background-color:rgba(0, 0, 0, 0)\" class=\"has-inline-color has-vivid-red-color\"><a href=\"https:\/\/tangooled.com\/es\/product\/surface-mount-led-profile-with-frosted-diffuser-for-10mm-rope-lights\/\">Perfil LED de montaje en superficie con difusor esmerilado para luces de cuerda de 10 mm<\/a><\/mark> \u2014 Perfect surface-mounted channel for simple installs.<\/li>\n\n\n\n<li><mark style=\"background-color:rgba(0, 0, 0, 0)\" class=\"has-inline-color has-vivid-red-color\"><a href=\"https:\/\/tangooled.com\/es\/product\/led-profile-under-cabinet-corner-lighting-for-led-strip-12mm\/\">Iluminaci\u00f3n de esquina bajo gabinete con perfil LED para tiras LED de 12 mm<\/a><\/mark> \u2014 Ideal for slightly wider double LED strips.<\/li>\n\n\n\n<li><mark style=\"background-color:rgba(0, 0, 0, 0)\" class=\"has-inline-color has-vivid-red-color\"><a href=\"https:\/\/tangooled.com\/es\/product\/cabinet-led-aluminum-profile-up-down-edge-lighting-lb05\/\">Perfil de aluminio LED para iluminaci\u00f3n de borde hacia arriba y hacia abajo en gabinetes<\/a> <\/mark>\u2014 Creates stylish up\/down lighting effects in cabinets.<\/li>\n<\/ul>\n<\/div>\n\n\n\n<div class=\"wp-block-group is-vertical is-layout-flex wp-container-core-group-is-layout-d255d7c4 wp-block-group-is-layout-flex\" style=\"padding-top:var(--wp--preset--spacing--80);padding-bottom:var(--wp--preset--spacing--80)\">\n<h2 class=\"wp-block-heading\" style=\"padding-top:var(--wp--preset--spacing--40);padding-bottom:var(--wp--preset--spacing--40);font-size:25px;font-style:normal;font-weight:600;text-transform:capitalize\">Por qu\u00e9 nuestro canal de tira LED para gabinete es la mejor elecci\u00f3n<\/h2>\n\n\n\n<p>Si quieres una luz brillante, suave y uniforme en tu gabinete, este canal de tira LED con difusor es para ti. Se adapta a la mayor\u00eda de las tiras LED dobles con espacio adicional. El aluminio resistente al calor mantiene las luces frescas, y el difusor suaviza la luz. Esto mejora tu cocina y closet, con una hermosa luz que te encantar\u00e1.<\/p>\n<\/div>\n\n\n\n<p><\/p>","protected":false},"featured_media":14168,"template":"","meta":{"_acf_changed":true,"_seopress_robots_primary_cat":"none","_seopress_titles_title":"Double LED Strip Channel for Cabinet Lighting LB01 | TANGOOLED","_seopress_titles_desc":"TANGOO's cabinet LED strip channel LB01 is designed for double LED strips, providing high-lumen cabinet and task lighting.","_seopress_robots_index":""},"pcb-width":[228],"product-cat":[193],"class_list":{"0":"post-45952","1":"product","2":"type-product","3":"status-publish","4":"has-post-thumbnail","6":"pcb-width-6-12mm","7":"product-cat-recessed-profile"},"acf":[],"_links":{"self":[{"href":"https:\/\/tangooled.com\/es\/wp-json\/wp\/v2\/product\/45952","targetHints":{"allow":["GET"]}}],"collection":[{"href":"https:\/\/tangooled.com\/es\/wp-json\/wp\/v2\/product"}],"about":[{"href":"https:\/\/tangooled.com\/es\/wp-json\/wp\/v2\/types\/product"}],"wp:featuredmedia":[{"embeddable":true,"href":"https:\/\/tangooled.com\/es\/wp-json\/wp\/v2\/media\/14168"}],"wp:attachment":[{"href":"https:\/\/tangooled.com\/es\/wp-json\/wp\/v2\/media?parent=45952"}],"wp:term":[{"taxonomy":"pcb-width","embeddable":true,"href":"https:\/\/tangooled.com\/es\/wp-json\/wp\/v2\/pcb-width?post=45952"},{"taxonomy":"product-cat","embeddable":true,"href":"https:\/\/tangooled.com\/es\/wp-json\/wp\/v2\/product-cat?post=45952"}],"curies":[{"name":"wp","href":"https:\/\/api.w.org\/{rel}","templated":true}]}}