{"id":45924,"date":"2026-01-07T18:11:18","date_gmt":"2026-01-08T02:11:18","guid":{"rendered":"https:\/\/tangooled.com\/?post_type=product&#038;p=45924"},"modified":"2026-02-02T01:55:52","modified_gmt":"2026-02-02T09:55:52","slug":"curved-diffuser-flexible-led-channel-for-8mm-led-strips-bp03","status":"publish","type":"product","link":"https:\/\/tangooled.com\/es\/product\/curved-diffuser-flexible-led-channel-for-8mm-led-strips-bp03\/","title":{"rendered":"canal flexible de tiras LED con difusor curvado para tiras LED de 8mm"},"content":{"rendered":"<div class=\"wp-block-group is-vertical is-layout-flex wp-container-core-group-is-layout-d255d7c4 wp-block-group-is-layout-flex\" style=\"padding-top:var(--wp--preset--spacing--80);padding-bottom:var(--wp--preset--spacing--80)\">\n<p>Este canal LED difusor curvado BP03 es muy flexible y fue dise\u00f1ado para proporcionar una luz suave y brillante a superficies arquitect\u00f3nicas redondas, curvadas o en \u00e1ngulo. Se ajusta perfectamente a tiras de luz LED de 8mm de ancho, y su flexibilidad permite doblarlo y moldearlo a mano para adaptarse a cualquier contorno de dise\u00f1o \u00fanico. Esto lo hace ideal para instalaciones personalizadas.<\/p>\n\n\n\n<p>El canal resistente mantiene segura tu tira LED, y la cubierta difusora opalina que viene con \u00e9l es lo que hace que las luces se vean tan bien. Elimina los puntos calientes intensos y los puntos LED obvios, transformando la luz en un resplandor suave y limpio sin puntos. Esto lo convierte en una excelente opci\u00f3n para a\u00f1adir luz ambiental de alta gama y mejorar los aspectos decorativos donde se necesitan curvas precisas.<\/p>\n<\/div>\n\n\n\n<div class=\"wp-block-group has-background is-vertical is-layout-flex wp-container-core-group-is-layout-d255d7c4 wp-block-group-is-layout-flex\" style=\"background-color:#f1f1f1;padding-top:var(--wp--preset--spacing--80);padding-bottom:var(--wp--preset--spacing--80)\">\n<div class=\"wp-block-group is-vertical is-layout-flex wp-container-core-group-is-layout-8cf370e7 wp-block-group-is-layout-flex\">\n<h2 class=\"wp-block-heading\" style=\"padding-top:var(--wp--preset--spacing--40);padding-bottom:var(--wp--preset--spacing--40);font-size:25px;font-style:normal;font-weight:600;text-transform:capitalize\">\u00bfPor qu\u00e9 usar este canal LED difusor curvado BP03?<\/h2>\n\n\n\n<ul class=\"wp-block-list\">\n<li>F\u00e1cil de doblar: Puedes doblarlo para adaptarse a formas como arcos, c\u00edrculos o ondas.<\/li>\n\n\n\n<li>Difunde la luz suavemente: El difusor oculta los puntos LED, por lo que la luz es suave y uniforme.<\/li>\n\n\n\n<li>Protege las tiras LED: La carcasa de aluminio o silicona mantiene las tiras seguras y frescas.<\/li>\n\n\n\n<li>Se adapta a tiras LED de 8mm: Dise\u00f1ado para ajustarse perfectamente a LEDs de 8mm de ancho.<\/li>\n\n\n\n<li>F\u00e1cil de instalar: Viene con clips y tapas de extremo para un aspecto limpio.<\/li>\n\n\n\n<li>Duradero: Las LED viven m\u00e1s tiempo ya que disipan bien el calor.<\/li>\n<\/ul>\n<\/div>\n<\/div>\n\n\n\n<div class=\"wp-block-group is-vertical is-layout-flex wp-container-core-group-is-layout-d255d7c4 wp-block-group-is-layout-flex\" style=\"padding-top:var(--wp--preset--spacing--80);padding-bottom:var(--wp--preset--spacing--80)\">\n<hr class=\"wp-block-separator has-alpha-channel-opacity\"\/>\n\n\n\n<div class=\"wp-block-media-text has-media-on-the-right is-stacked-on-mobile\" style=\"grid-template-columns:auto 40%\"><div class=\"wp-block-media-text__content\">\n<h2 class=\"wp-block-heading\" style=\"padding-top:var(--wp--preset--spacing--40);padding-bottom:var(--wp--preset--spacing--40);font-size:25px;font-style:normal;font-weight:600;text-transform:capitalize\">C\u00f3mo usarlo<\/h2>\n\n\n\n<ul class=\"wp-block-list\">\n<li>Haz que el canal se ajuste a la curva que deseas.<\/li>\n\n\n\n<li>Fija los clips de montaje a tu superficie.<\/li>\n\n\n\n<li>Coloca el canal sobre los clips.<\/li>\n\n\n\n<li>Coloca tu tira LED de 8mm dentro.<\/li>\n\n\n\n<li>Coloca el difusor encima para dispersar la luz suavemente.<\/li>\n<\/ul>\n<\/div><figure class=\"wp-block-media-text__media\"><img loading=\"lazy\" decoding=\"async\" width=\"500\" height=\"500\" src=\"https:\/\/tangooled.com\/wp-content\/uploads\/2026\/01\/bp03-ins.webp\" alt=\"bp03 ins\" class=\"wp-image-46015 size-full\" srcset=\"https:\/\/tangooled.com\/wp-content\/uploads\/2026\/01\/bp03-ins.webp 500w, https:\/\/tangooled.com\/wp-content\/uploads\/2026\/01\/bp03-ins-300x300.webp 300w, https:\/\/tangooled.com\/wp-content\/uploads\/2026\/01\/bp03-ins-150x150.webp 150w\" sizes=\"auto, (max-width: 500px) 100vw, 500px\" \/><\/figure><\/div>\n<\/div>\n\n\n\n<div class=\"wp-block-group has-background is-vertical is-layout-flex wp-container-core-group-is-layout-b429018a wp-block-group-is-layout-flex\" style=\"background-color:#f1f1f1f2;padding-top:var(--wp--preset--spacing--70);padding-bottom:var(--wp--preset--spacing--70)\">\n<h2 class=\"wp-block-heading\" style=\"padding-top:var(--wp--preset--spacing--40);padding-bottom:var(--wp--preset--spacing--40);font-size:25px;font-style:normal;font-weight:600\">\u00bfD\u00f3nde se puede utilizar?<\/h2>\n\n\n\n<ul class=\"wp-block-list\">\n<li>Paredes curvadas o arcos para resaltar formas con luz.<\/li>\n\n\n\n<li>Espejos redondos o las esquinas de muebles para una iluminaci\u00f3n sutil.<\/li>\n\n\n\n<li>Tiras de luz curvadas personalizadas para mostradores de bar o recepciones.<\/li>\n\n\n\n<li>Exhibiciones comerciales que requieren una iluminaci\u00f3n suave y atractiva.<\/li>\n\n\n\n<li>Contornos curvados para islas de cocina o coves.<\/li>\n<\/ul>\n<\/div>\n\n\n\n<div class=\"wp-block-group is-vertical is-layout-flex wp-container-core-group-is-layout-d255d7c4 wp-block-group-is-layout-flex\" style=\"padding-top:var(--wp--preset--spacing--80);padding-bottom:var(--wp--preset--spacing--80)\">\n<h2 class=\"wp-block-heading\" style=\"padding-top:var(--wp--preset--spacing--40);padding-bottom:var(--wp--preset--spacing--40);font-size:25px;font-style:normal;font-weight:600;text-transform:capitalize\">Productos relacionados que puedes interesar<\/h2>\n\n\n\n<ul class=\"wp-block-list\">\n<li><a href=\"https:\/\/tangooled.com\/es\/product\/10mm-led-profile-aluminum-channel-for-8mm-led-tape-lights\/\"><mark style=\"background-color:rgba(0, 0, 0, 0)\" class=\"has-inline-color has-vivid-red-color\">Canal de aluminio para perfil LED de 10mm para luces de cinta LED de 8mm<\/mark><\/a> \u2014 A bigger channel for slightly wider strips.<\/li>\n\n\n\n<li><a href=\"https:\/\/tangooled.com\/es\/product\/led-strip-light-channel-aluminum-profile-with-diffused-cover-6mm-height\/\"><mark style=\"background-color:rgba(0, 0, 0, 0)\" class=\"has-inline-color has-vivid-red-color\">Perfil de aluminio para tira LED con cubierta difusora de 6mm de altura<\/mark><\/a> \u2014 Slim profile for tight spaces.<\/li>\n\n\n\n<li><a href=\"https:\/\/tangooled.com\/es\/product\/black-led-profile-with-black-diffuser-for-10mm-led-strip-light\/\"><mark style=\"background-color:rgba(0, 0, 0, 0)\" class=\"has-inline-color has-vivid-red-color\">Perfil LED negro con difusor negro para tira de LED de 10mm<\/mark><\/a> \u2014 Sleek black finish option for modern look.<\/li>\n\n\n\n<li><a href=\"https:\/\/tangooled.com\/es\/product\/17mm-led-strip-light-aluminum-channel-for-surface-mounting\/\"><mark style=\"background-color:rgba(0, 0, 0, 0)\" class=\"has-inline-color has-vivid-red-color\">Canal de aluminio para tira LED de 17mm para montaje en superficie<\/mark><\/a> \u2014 Wider surface mount channel for bigger projects.<\/li>\n<\/ul>\n<\/div>\n\n\n\n<p>Este canal de luz LED flexible para tiras LED de 8mm es f\u00e1cil de usar y a\u00f1ade una hermosa luz suave a cualquier superficie curva. Se adapta bien a tus LEDs y se ve incre\u00edble en cualquier proyecto residencial o comercial.<\/p>","protected":false},"featured_media":13116,"template":"","meta":{"_acf_changed":true,"_seopress_robots_primary_cat":"none","_seopress_titles_title":"Curved Diffuser Flexible LED Channel BP03 | TANGOOLED","_seopress_titles_desc":"TANGOO's BP03 is a flexible LED channel featuring a curved diffuser for shape lighting. Perfect for 8mm LED strips in curved furniture and architectural designs.","_seopress_robots_index":""},"pcb-width":[228],"product-cat":[203],"class_list":{"0":"post-45924","1":"product","2":"type-product","3":"status-publish","4":"has-post-thumbnail","6":"pcb-width-6-12mm","7":"product-cat-flexible-profile"},"acf":[],"_links":{"self":[{"href":"https:\/\/tangooled.com\/es\/wp-json\/wp\/v2\/product\/45924","targetHints":{"allow":["GET"]}}],"collection":[{"href":"https:\/\/tangooled.com\/es\/wp-json\/wp\/v2\/product"}],"about":[{"href":"https:\/\/tangooled.com\/es\/wp-json\/wp\/v2\/types\/product"}],"wp:featuredmedia":[{"embeddable":true,"href":"https:\/\/tangooled.com\/es\/wp-json\/wp\/v2\/media\/13116"}],"wp:attachment":[{"href":"https:\/\/tangooled.com\/es\/wp-json\/wp\/v2\/media?parent=45924"}],"wp:term":[{"taxonomy":"pcb-width","embeddable":true,"href":"https:\/\/tangooled.com\/es\/wp-json\/wp\/v2\/pcb-width?post=45924"},{"taxonomy":"product-cat","embeddable":true,"href":"https:\/\/tangooled.com\/es\/wp-json\/wp\/v2\/product-cat?post=45924"}],"curies":[{"name":"wp","href":"https:\/\/api.w.org\/{rel}","templated":true}]}}