{"id":44987,"date":"2026-01-04T20:08:39","date_gmt":"2026-01-05T04:08:39","guid":{"rendered":"https:\/\/tangooled.com\/?post_type=product&#038;p=44987"},"modified":"2026-01-29T18:40:05","modified_gmt":"2026-01-30T02:40:05","slug":"surface-mount-30mm-led-diffuser-channel-for-two-led-strips","status":"publish","type":"product","link":"https:\/\/tangooled.com\/es\/product\/surface-mount-30mm-led-diffuser-channel-for-two-led-strips\/","title":{"rendered":"canal difusor LED de montaje superficial de 30 mm para dos tiras LED"},"content":{"rendered":"<div class=\"wp-block-group\" style=\"padding-top:var(--wp--preset--spacing--80);padding-bottom:var(--wp--preset--spacing--80)\"><div class=\"wp-block-group__inner-container is-layout-constrained wp-block-group-is-layout-constrained\">\n<p>Our 30mm surface LED channel for two strips has external dimensions of 34.6mm x 23.8mm and will double the effect of your lights. This high-quality aluminum profile has a 31.0mm internal width, which makes it perfect for holding two 10mm wide LED strips next to each other. It&#8217;s easy to install: just drill through the special internal groove and use screws to attach the channel directly to the surface. After it is fastened, snap on the light diffuser to make a glow that is wide, smooth, and free of dots.<br>Este canal LED de 30 mm para dos tiras es ideal para cocinas, lugares de trabajo y tiendas.<\/p>\n<\/div><\/div>\n\n\n\n<div class=\"wp-block-group has-background\" style=\"background-color:#f2f2f2f2;padding-top:var(--wp--preset--spacing--80);padding-bottom:var(--wp--preset--spacing--80)\"><div class=\"wp-block-group__inner-container is-layout-constrained wp-block-group-is-layout-constrained\">\n<div class=\"wp-block-group is-vertical is-layout-flex wp-container-core-group-is-layout-8cf370e7 wp-block-group-is-layout-flex\">\n<h2 class=\"wp-block-heading\" style=\"padding-top:var(--wp--preset--spacing--40);padding-bottom:var(--wp--preset--spacing--40);font-size:25px;font-style:normal;font-weight:600;text-transform:capitalize\">\u00bfPor qu\u00e9 elegir nuestro canal LED de superficie de 30 mm para dos tiras?<\/h2>\n\n\n\n<ul class=\"wp-block-list\">\n<li>Puede sostener dos tiras LED de hasta 12mm de ancho.<\/li>\n\n\n\n<li>Fabricado con aluminio anodizado resistente que funciona como un disipador de calor.<\/li>\n\n\n\n<li>Tiene un difusor de policarbonato esmerilado que hace que las luces LED se vean como una l\u00ednea suave.<\/li>\n\n\n\n<li>Viene con todas las herramientas necesarias para instalarlo, incluidos tornillos de montaje&nbsp;y tapas finales.<\/li>\n\n\n\n<li>Ideal para montar en paredes, techos y gabinetes.<\/li>\n\n\n\n<li>Protege las tiras LED del polvo y del da\u00f1o.<\/li>\n<\/ul>\n<\/div>\n<\/div><\/div>\n\n\n\n<div class=\"wp-block-group\" style=\"padding-top:var(--wp--preset--spacing--80);padding-bottom:var(--wp--preset--spacing--80)\"><div class=\"wp-block-group__inner-container is-layout-constrained wp-block-group-is-layout-constrained\">\n<div class=\"wp-block-media-text has-media-on-the-right is-stacked-on-mobile\" style=\"padding-top:0;padding-bottom:0;grid-template-columns:auto 40%\"><div class=\"wp-block-media-text__content\">\n<h2 class=\"wp-block-heading\" style=\"font-size:25px;font-style:normal;font-weight:600;text-transform:capitalize\">C\u00f3mo instalar el canal LED de superficie de 30 mm para dos tiras<\/h2>\n\n\n\n<ul class=\"wp-block-list\">\n<li>Usa tornillos para fijar el canal directamente a la superficie&nbsp;donde deseas.<\/li>\n\n\n\n<li>Coloca dos tiras LED en el canal una al lado de la otra. Aseg\u00farate de que el adhesivo de la cinta LED sea fuerte.<\/li>\n\n\n\n<li>Para que la luz sea uniforme, coloca la cubierta difusora.<\/li>\n\n\n\n<li>Conecta tus tiras LED al controlador LED o a la fuente de alimentaci\u00f3n.<\/li>\n\n\n\n<li>Put on end caps to keep the ends safe and make it look like it&#8217;s done.<\/li>\n<\/ul>\n<\/div><figure class=\"wp-block-media-text__media\"><img loading=\"lazy\" decoding=\"async\" width=\"750\" height=\"750\" src=\"https:\/\/tangooled.com\/wp-content\/uploads\/2026\/01\/fp31-ins.webp\" alt=\"surface mount 30mm led diffuser channel for two led strips\" class=\"wp-image-45239 size-full\" srcset=\"https:\/\/tangooled.com\/wp-content\/uploads\/2026\/01\/fp31-ins.webp 750w, https:\/\/tangooled.com\/wp-content\/uploads\/2026\/01\/fp31-ins-300x300.webp 300w, https:\/\/tangooled.com\/wp-content\/uploads\/2026\/01\/fp31-ins-150x150.webp 150w\" sizes=\"auto, (max-width: 750px) 100vw, 750px\" \/><\/figure><\/div>\n<\/div><\/div>\n\n\n\n<div class=\"wp-block-group has-background\" style=\"background-color:#f2f2f2;padding-top:var(--wp--preset--spacing--80);padding-bottom:var(--wp--preset--spacing--80)\"><div class=\"wp-block-group__inner-container is-layout-constrained wp-block-group-is-layout-constrained\">\n<h2 class=\"wp-block-heading\" style=\"padding-top:var(--wp--preset--spacing--40);padding-bottom:var(--wp--preset--spacing--40);font-size:25px;font-style:normal;font-weight:600;text-transform:capitalize\">Funciona para muchas aplicaciones<\/h2>\n\n\n\n<p>Funciona bien para muchas necesidades de iluminaci\u00f3n:<\/p>\n\n\n\n<ul class=\"wp-block-list\">\n<li>Iluminaci\u00f3n debajo de los gabinetes de cocina<\/li>\n\n\n\n<li>Iluminaci\u00f3n de covas y arquitect\u00f3nica<\/li>\n\n\n\n<li>Iluminaci\u00f3n para exhibiciones y tiendas<\/li>\n\n\n\n<li>Iluminaci\u00f3n para armarios y vestidores<\/li>\n\n\n\n<li>Iluminaci\u00f3n general en la habitaci\u00f3n<\/li>\n<\/ul>\n<\/div><\/div>\n\n\n\n<div class=\"wp-block-group\" style=\"padding-top:var(--wp--preset--spacing--80);padding-bottom:var(--wp--preset--spacing--80)\"><div class=\"wp-block-group__inner-container is-layout-constrained wp-block-group-is-layout-constrained\">\n<h2 class=\"wp-block-heading\" style=\"padding-top:var(--wp--preset--spacing--40);padding-bottom:var(--wp--preset--spacing--40);font-size:25px;font-style:normal;font-weight:600;text-transform:capitalize\">\u00bfQu\u00e9 hay en la caja?<\/h2>\n\n\n\n<ul class=\"wp-block-list\">\n<li>Canal de Aluminio (secciones de 2.5m)<\/li>\n\n\n\n<li>Cubierta Difusora de Policarbonato Esmerilado<\/li>\n\n\n\n<li>Tapas Finales (planas + con agujero para cable)<\/li>\n\n\n\n<li>Tornillos de Montaje para instalaci\u00f3n<\/li>\n<\/ul>\n<\/div><\/div>\n\n\n\n<div class=\"wp-block-group has-background\" style=\"background-color:#f2f2f2f2;padding-top:var(--wp--preset--spacing--80);padding-bottom:var(--wp--preset--spacing--80)\"><div class=\"wp-block-group__inner-container is-layout-constrained wp-block-group-is-layout-constrained\">\n<h2 class=\"wp-block-heading\" style=\"font-size:25px;font-style:normal;font-weight:600\">Productos Relacionados Que Te Puede Gustar<\/h2>\n\n\n\n<ul class=\"wp-block-list\">\n<li><a href=\"https:\/\/tangooled.com\/es\/product\/black-led-diffuser-aluminum-channel-for-12mm-tape-lights\/\"><mark style=\"background-color:rgba(0, 0, 0, 0)\" class=\"has-inline-color has-vivid-red-color\">Canal de aluminio difusor LED negro para luces de cinta de 12 mm<\/mark><\/a> \u2013 A sleek black profile matching 12mm strips.<\/li>\n\n\n\n<li><a href=\"https:\/\/tangooled.com\/es\/product\/surface-mount-led-profile-with-frosted-diffuser-for-10mm-rope-lights\/\"><mark style=\"background-color:rgba(0, 0, 0, 0)\" class=\"has-inline-color has-vivid-red-color\">Perfil LED de montaje en superficie con difusor esmerilado para luces de cuerda de 10 mm<\/mark><\/a> \u2013 Ideal for thinner rope-style LED lights.<\/li>\n\n\n\n<li><mark style=\"background-color:rgba(0, 0, 0, 0)\" class=\"has-inline-color has-vivid-red-color\"><a href=\"https:\/\/tangooled.com\/es\/product\/17mm-led-strip-light-aluminum-channel-for-surface-mounting\/\">Canal de aluminio para tira LED de 17 mm para montaje en superficie<\/a> <\/mark>\u2013 A narrower surface profile for single strips.<\/li>\n<\/ul>\n\n\n\n<p>Explora m\u00e1s soluciones de iluminaci\u00f3n en nuestra <a href=\"https:\/\/tangooled.com\/es\/led-profiles\/\"><mark style=\"background-color:rgba(0, 0, 0, 0)\" class=\"has-inline-color has-vivid-red-color\">colecci\u00f3n de Perfiles de Aluminio LED<\/mark><\/a> para brillo perfecto e instalaciones ordenadas.<\/p>\n<\/div><\/div>\n\n\n\n<div class=\"wp-block-group\" style=\"padding-top:var(--wp--preset--spacing--80);padding-bottom:var(--wp--preset--spacing--80)\"><div class=\"wp-block-group__inner-container is-layout-constrained wp-block-group-is-layout-constrained\">\n<p>Nuestro canal difusor LED de montaje superficial de 30 mm para dos tiras LED es una soluci\u00f3n de iluminaci\u00f3n brillante, uniforme y profesional que es f\u00e1cil de instalar y dura mucho tiempo. \u00a1\u00dasalo para iluminaci\u00f3n arquitect\u00f3nica, exhibiciones minoristas o luz ambiental en tu pr\u00f3ximo proyecto!<\/p>\n<\/div><\/div>","protected":false},"featured_media":14014,"template":"","meta":{"_acf_changed":true,"_seopress_robots_primary_cat":"none","_seopress_titles_title":"Aluminum 30mm Surface LED Channel for Two Strips | TANGOOLED","_seopress_titles_desc":"Source the 30mm surface LED channel. This wide aluminum profile fits two LED strips for high-output lighting and superior thermal management.","_seopress_robots_index":""},"pcb-width":[229],"product-cat":[192],"class_list":{"0":"post-44987","1":"product","2":"type-product","3":"status-publish","4":"has-post-thumbnail","6":"pcb-width-15-20mm","7":"product-cat-surface-led-profile"},"acf":[],"_links":{"self":[{"href":"https:\/\/tangooled.com\/es\/wp-json\/wp\/v2\/product\/44987","targetHints":{"allow":["GET"]}}],"collection":[{"href":"https:\/\/tangooled.com\/es\/wp-json\/wp\/v2\/product"}],"about":[{"href":"https:\/\/tangooled.com\/es\/wp-json\/wp\/v2\/types\/product"}],"wp:featuredmedia":[{"embeddable":true,"href":"https:\/\/tangooled.com\/es\/wp-json\/wp\/v2\/media\/14014"}],"wp:attachment":[{"href":"https:\/\/tangooled.com\/es\/wp-json\/wp\/v2\/media?parent=44987"}],"wp:term":[{"taxonomy":"pcb-width","embeddable":true,"href":"https:\/\/tangooled.com\/es\/wp-json\/wp\/v2\/pcb-width?post=44987"},{"taxonomy":"product-cat","embeddable":true,"href":"https:\/\/tangooled.com\/es\/wp-json\/wp\/v2\/product-cat?post=44987"}],"curies":[{"name":"wp","href":"https:\/\/api.w.org\/{rel}","templated":true}]}}