{"id":44985,"date":"2026-01-04T20:03:41","date_gmt":"2026-01-05T04:03:41","guid":{"rendered":"https:\/\/tangooled.com\/?post_type=product&#038;p=44985"},"modified":"2026-01-29T18:25:37","modified_gmt":"2026-01-30T02:25:37","slug":"25mm-u-shape-led-mounting-channel-for-15mm-double-row-led-strip-lights","status":"publish","type":"product","link":"https:\/\/tangooled.com\/es\/product\/25mm-u-shape-led-mounting-channel-for-15mm-double-row-led-strip-lights\/","title":{"rendered":"Canal de montaje LED en forma de U de 25 mm para luces de tira LED de doble fila de 15 mm"},"content":{"rendered":"<div class=\"wp-block-group\" style=\"padding-top:var(--wp--preset--spacing--80);padding-bottom:var(--wp--preset--spacing--80)\"><div class=\"wp-block-group__inner-container is-layout-constrained wp-block-group-is-layout-constrained\">\n<p>Nuestro canal LED en forma de U de 25 mm har\u00e1 que tus proyectos luzcan profesionales al encajar perfectamente y emitir la mayor cantidad de luz. Este alojamiento en forma de U est\u00e1 hecho de aleaci\u00f3n de aluminio 6063-T5, que es el mismo material con el que se construyen los aviones. Mantiene tus LEDs seguros, frescos y protegidos.<br>El canal U tiene un gran ancho interno de 25 mm, lo que lo hace ideal para tiras LED de doble fila de 15 mm como las 5050, 2835 o tipos COB. Adem\u00e1s, su dise\u00f1o permite una f\u00e1cil conexi\u00f3n a cualquier superficie plana. Este canal vers\u00e1til hace un excelente trabajo al ocultar cables antiest\u00e9ticos, por lo que tus luces se ver\u00e1n muy limpias, elegantes y modernas.<\/p>\n<\/div><\/div>\n\n\n\n<div class=\"wp-block-group has-background\" style=\"background-color:#f2f2f2f2;padding-top:var(--wp--preset--spacing--80);padding-bottom:var(--wp--preset--spacing--80)\"><div class=\"wp-block-group__inner-container is-layout-constrained wp-block-group-is-layout-constrained\">\n<div class=\"wp-block-group is-vertical is-layout-flex wp-container-core-group-is-layout-8cf370e7 wp-block-group-is-layout-flex\">\n<h2 class=\"wp-block-heading\" style=\"padding-top:var(--wp--preset--spacing--40);padding-bottom:var(--wp--preset--spacing--40);font-size:25px;font-style:normal;font-weight:600;text-transform:capitalize\">\u00bfPor qu\u00e9 elegir este canal LED en forma de U de 25 mm?<\/h2>\n\n\n\n<ul class=\"wp-block-list\">\n<li>Funciona con tiras de doble fila amplias: Esto es genial para varias luces de tira LED y tiras LED de doble fila.<\/li>\n\n\n\n<li>Luz suave con difusor: La lente difusora esmerilada que viene con \u00e9l hace que tus luces LED brillen de manera uniforme, sin puntos calientes.<\/li>\n\n\n\n<li>Protege y enfr\u00eda: El aluminio es un buen disipador de calor. Evita que tus LEDs se calienten demasiado y prolonga su vida \u00fatil.<\/li>\n\n\n\n<li>Kit completo: Viene con el canal de aluminio, tapa difusora a presionar, clips de montaje y tapas de extremo con y sin agujeros para cables.<\/li>\n\n\n\n<li>F\u00e1cil de instalar: Puedes usar los clips o la cinta que viene con \u00e9l para adjuntarlo a cualquier superficie, incluida una barra de armario, debajo de un gabinete o estantes de exhibici\u00f3n.<\/li>\n<\/ul>\n<\/div>\n<\/div><\/div>\n\n\n\n<div class=\"wp-block-group\" style=\"padding-top:var(--wp--preset--spacing--80);padding-bottom:var(--wp--preset--spacing--80)\"><div class=\"wp-block-group__inner-container is-layout-constrained wp-block-group-is-layout-constrained\">\n<div class=\"wp-block-media-text has-media-on-the-right is-stacked-on-mobile\" style=\"padding-top:0;padding-bottom:0;grid-template-columns:auto 40%\"><div class=\"wp-block-media-text__content\">\n<h2 class=\"wp-block-heading\" style=\"font-size:25px;font-style:normal;font-weight:600;text-transform:capitalize\">\u00bfC\u00f3mo utilizar el canal LED en forma de U de 25 mm?<\/h2>\n\n\n\n<ul class=\"wp-block-list\">\n<li>Corta a medida: Usa una sierra de arco para obtener la longitud correcta.<\/li>\n\n\n\n<li>Adjunta los clips: Usa tornillos o cinta para sujetar los clips de montaje de acero a tu superficie.<\/li>\n\n\n\n<li>Coloca la tira LED: Pon tu tira de cinta LED de doble fila dentro.<\/li>\n\n\n\n<li>Coloca el difusor: Usa la lente esmerilada para cubrirlo y hacer que la luz sea uniforme y sin puntos.<\/li>\n\n\n\n<li>Coloca las tapas de extremo: Cierra ambos extremos, uno con un agujero para cables y otro s\u00f3lido.<\/li>\n<\/ul>\n<\/div><figure class=\"wp-block-media-text__media\"><img loading=\"lazy\" decoding=\"async\" width=\"500\" height=\"500\" src=\"https:\/\/tangooled.com\/wp-content\/uploads\/2026\/01\/fp25-ins.webp\" alt=\"25mm u shape led mounting channel for 15mm double row led strip lights\" class=\"wp-image-45238 size-full\" srcset=\"https:\/\/tangooled.com\/wp-content\/uploads\/2026\/01\/fp25-ins.webp 500w, https:\/\/tangooled.com\/wp-content\/uploads\/2026\/01\/fp25-ins-300x300.webp 300w, https:\/\/tangooled.com\/wp-content\/uploads\/2026\/01\/fp25-ins-150x150.webp 150w\" sizes=\"auto, (max-width: 500px) 100vw, 500px\" \/><\/figure><\/div>\n<\/div><\/div>\n\n\n\n<div class=\"wp-block-group has-background\" style=\"background-color:#f2f2f2;padding-top:var(--wp--preset--spacing--80);padding-bottom:var(--wp--preset--spacing--80)\"><div class=\"wp-block-group__inner-container is-layout-constrained wp-block-group-is-layout-constrained\">\n<h2 class=\"wp-block-heading\" style=\"padding-top:var(--wp--preset--spacing--40);padding-bottom:var(--wp--preset--spacing--40);font-size:25px;font-style:normal;font-weight:600;text-transform:capitalize\">Usos comunes del canal de montaje LED en forma de U de 25 mm<\/h2>\n\n\n\n<ul class=\"wp-block-list\">\n<li>Iluminaci\u00f3n debajo de gabinetes: Ilumina cocinas, estaciones de trabajo o closets.<\/li>\n\n\n\n<li>Iluminaci\u00f3n para exhibiciones comerciales: Ilumina estantes, gabinetes y vitrinas.<\/li>\n\n\n\n<li>Iluminaci\u00f3n arquitect\u00f3nica en c\u00fapulas: Usa perfiles de barra LED lineales para crear efectos ambientales.<\/li>\n\n\n\n<li>Iluminaci\u00f3n para oficinas y talleres: iluminaci\u00f3n de tarea brillante y limpia.<\/li>\n\n\n\n<li>Barras de luz DIY: Crea tus propios perfiles de aluminio que se adhieren a una superficie plana.<\/li>\n\n\n\n<li>Armarios y estanter\u00edas: Usa iluminaci\u00f3n suave en estantes para mostrar tus cosas.<\/li>\n<\/ul>\n<\/div><\/div>\n\n\n\n<div class=\"wp-block-group\" style=\"padding-top:var(--wp--preset--spacing--80);padding-bottom:var(--wp--preset--spacing--80)\"><div class=\"wp-block-group__inner-container is-layout-constrained wp-block-group-is-layout-constrained\">\n<h2 class=\"wp-block-heading\" style=\"padding-top:var(--wp--preset--spacing--40);padding-bottom:var(--wp--preset--spacing--40);font-size:25px;font-style:normal;font-weight:600;text-transform:capitalize\">Productos relacionados<\/h2>\n\n\n\n<ul class=\"wp-block-list\">\n<li>Consulta este <a href=\"https:\/\/tangooled.com\/es\/product\/black-aluminum-u-channel-profile-for-10mm-led-strips\/\"><mark style=\"background-color:rgba(0, 0, 0, 0)\" class=\"has-inline-color has-vivid-red-color\">Canal U de aluminio negro para tiras LED de 10 mm<\/mark><\/a> para aplicaciones LED m\u00e1s delgadas.<\/li>\n\n\n\n<li>Explora nuestro <a href=\"https:\/\/tangooled.com\/es\/product\/22x15mm-led-light-channel-aluminum-extrusion-for-flexible-strips\/\"><mark style=\"background-color:rgba(0, 0, 0, 0)\" class=\"has-inline-color has-vivid-red-color\">Extrusi\u00f3n de aluminio de canal de luz LED de 22x15 mm para tiras flexibles<\/mark><\/a> si necesitas opciones para otros anchos.<\/li>\n\n\n\n<li>Si deseas una instalaci\u00f3n de perfil bajo, ve el <a href=\"https:\/\/tangooled.com\/es\/product\/25x6mm-low-profile-led-strip-channel-for-10mm-led-strip-light\/\"><mark style=\"background-color:rgba(0, 0, 0, 0)\" class=\"has-inline-color has-vivid-red-color\">Canal de tira LED de perfil bajo de 25x6 mm para tira LED de 10 mm<\/mark><\/a>.<\/li>\n\n\n\n<li>Descubre m\u00e1s sobre <a href=\"https:\/\/tangooled.com\/es\/product\/led-strip-light-channel-aluminum-profile-with-diffused-cover-6mm-height\/\"><mark style=\"background-color:rgba(0, 0, 0, 0)\" class=\"has-inline-color has-vivid-red-color\">Perfil de aluminio para tira LED con cubierta difusora de 6mm de altura<\/mark><\/a>.<\/li>\n<\/ul>\n<\/div><\/div>\n\n\n\n<div class=\"wp-block-group has-background\" style=\"background-color:#f2f2f2f2;padding-top:var(--wp--preset--spacing--80);padding-bottom:var(--wp--preset--spacing--80)\"><div class=\"wp-block-group__inner-container is-layout-constrained wp-block-group-is-layout-constrained\">\n<p style=\"padding-right:var(--wp--preset--spacing--50);padding-left:var(--wp--preset--spacing--50)\">el canal LED en forma de U de 25 mm es un perfil de LED de montaje superficial y est\u00e1 dise\u00f1ado para durar. Te ofrece una luz de perfil lineal de LED elegante y a prueba de polvo. Puedes usarlo en cocinas, lugares de trabajo o cualquier otro tipo de iluminaci\u00f3n arquitect\u00f3nica que elijas.<\/p>\n<\/div><\/div>\n\n\n\n<p><\/p>","protected":false},"featured_media":14010,"template":"","meta":{"_acf_changed":true,"_seopress_robots_primary_cat":"none","_seopress_titles_title":"Aluminum 25mm U Shape LED Channel For Strip Lights | TANGOOLED","_seopress_titles_desc":"Source the 25mm U shape LED channel profile for strip lights. It fits 15mm double row LED strips, providing high brightness and professional heat dissipation.","_seopress_robots_index":""},"pcb-width":[229],"product-cat":[192],"class_list":{"0":"post-44985","1":"product","2":"type-product","3":"status-publish","4":"has-post-thumbnail","6":"pcb-width-15-20mm","7":"product-cat-surface-led-profile"},"acf":[],"_links":{"self":[{"href":"https:\/\/tangooled.com\/es\/wp-json\/wp\/v2\/product\/44985","targetHints":{"allow":["GET"]}}],"collection":[{"href":"https:\/\/tangooled.com\/es\/wp-json\/wp\/v2\/product"}],"about":[{"href":"https:\/\/tangooled.com\/es\/wp-json\/wp\/v2\/types\/product"}],"wp:featuredmedia":[{"embeddable":true,"href":"https:\/\/tangooled.com\/es\/wp-json\/wp\/v2\/media\/14010"}],"wp:attachment":[{"href":"https:\/\/tangooled.com\/es\/wp-json\/wp\/v2\/media?parent=44985"}],"wp:term":[{"taxonomy":"pcb-width","embeddable":true,"href":"https:\/\/tangooled.com\/es\/wp-json\/wp\/v2\/pcb-width?post=44985"},{"taxonomy":"product-cat","embeddable":true,"href":"https:\/\/tangooled.com\/es\/wp-json\/wp\/v2\/product-cat?post=44985"}],"curies":[{"name":"wp","href":"https:\/\/api.w.org\/{rel}","templated":true}]}}