{"id":44979,"date":"2026-01-04T19:51:09","date_gmt":"2026-01-05T03:51:09","guid":{"rendered":"https:\/\/tangooled.com\/?post_type=product&#038;p=44979"},"modified":"2026-01-21T23:55:22","modified_gmt":"2026-01-22T07:55:22","slug":"22x10mm-led-profile-light-channel-for-15mm-flexible-led-strips","status":"publish","type":"product","link":"https:\/\/tangooled.com\/es\/product\/22x10mm-led-profile-light-channel-for-15mm-flexible-led-strips\/","title":{"rendered":"Canal de luz LED de perfil de 22x10mm para tiras LED flexibles de 15mm"},"content":{"rendered":"<div class=\"wp-block-group\" style=\"padding-top:var(--wp--preset--spacing--80);padding-bottom:var(--wp--preset--spacing--80)\"><div class=\"wp-block-group__inner-container is-layout-constrained wp-block-group-is-layout-constrained\">\n<p>Nuestro canal de perfil LED de 22x10mm es una excelente opci\u00f3n para tus tiras LED flexibles de 15mm. Con un ancho exterior de 22mm y una altura de 10mm, ofrece una gran protecci\u00f3n, mejor disipaci\u00f3n de calor y una difusi\u00f3n de luz suave y sin puntos. Este canal de perfil LED har\u00e1 que tus luces de tira LED se vean limpias y profesionales, adem\u00e1s de mejorar su funcionamiento y prolongar su vida \u00fatil.<\/p>\n<\/div><\/div>\n\n\n\n<div class=\"wp-block-group has-background\" style=\"background-color:#f2f2f2f2;padding-top:var(--wp--preset--spacing--80);padding-bottom:var(--wp--preset--spacing--80)\"><div class=\"wp-block-group__inner-container is-layout-constrained wp-block-group-is-layout-constrained\">\n<div class=\"wp-block-group is-vertical is-layout-flex wp-container-core-group-is-layout-8cf370e7 wp-block-group-is-layout-flex\">\n<h2 class=\"wp-block-heading\" style=\"padding-top:var(--wp--preset--spacing--40);padding-bottom:var(--wp--preset--spacing--40);font-size:25px;font-style:normal;font-weight:600;text-transform:capitalize\">\u00bfPor qu\u00e9 elegir nuestro canal de luz de perfil LED de 22x10mm?<\/h2>\n\n\n\n<ul class=\"wp-block-list\">\n<li>Funciona con tiras LED que tienen 15mm de ancho, como Philips Hue, COB, SMD, RGBW, y m\u00e1s.<\/li>\n\n\n\n<li>Fabricado en aluminio anodizado 6063-T5 para una excelente disipaci\u00f3n de calor.<\/li>\n\n\n\n<li>Equipado con difusores de policarbonato esmerilado o claro que suavizan la luz.<\/li>\n\n\n\n<li>F\u00e1cil de lograr una instalaci\u00f3n de montaje en superficie con clips de montaje met\u00e1licos.<\/li>\n\n\n\n<li>Disponible en acabados plateado, negro y blanco.<\/li>\n\n\n\n<li>Viene en longitudes de 1m, 2m y 3m para tama\u00f1os de proyecto flexibles.<\/li>\n<\/ul>\n<\/div>\n<\/div><\/div>\n\n\n\n<div class=\"wp-block-group\" style=\"padding-top:var(--wp--preset--spacing--80);padding-bottom:var(--wp--preset--spacing--80)\"><div class=\"wp-block-group__inner-container is-layout-constrained wp-block-group-is-layout-constrained\">\n<div class=\"wp-block-media-text has-media-on-the-right is-stacked-on-mobile\" style=\"padding-top:0;padding-bottom:0;grid-template-columns:auto 40%\"><div class=\"wp-block-media-text__content\">\n<h2 class=\"wp-block-heading\" style=\"padding-top:var(--wp--preset--spacing--40);padding-bottom:var(--wp--preset--spacing--40);font-size:25px;font-style:normal;font-weight:600;text-transform:capitalize\">Qu\u00e9 incluye el paquete<\/h2>\n\n\n\n<p>Cada kit incluye un canal de aluminio de 22x10mm y un difusor de policarbonato en el estilo que elijas (opal, esmerilado o claro).<\/p>\n\n\n\n<ul class=\"wp-block-list\">\n<li>2 clips de montaje met\u00e1licos por cada metro.&nbsp;<\/li>\n\n\n\n<li>2 tapas de extremo (una con un agujero para el cable y una s\u00f3lida para una apariencia limpia).<\/li>\n<\/ul>\n<\/div><figure class=\"wp-block-media-text__media\"><img loading=\"lazy\" decoding=\"async\" width=\"500\" height=\"500\" src=\"https:\/\/tangooled.com\/wp-content\/uploads\/2026\/01\/fp20a-ins.webp\" alt=\"22x10mm led profile light channel for 15mm flexible led strips\" class=\"wp-image-45228 size-full\" srcset=\"https:\/\/tangooled.com\/wp-content\/uploads\/2026\/01\/fp20a-ins.webp 500w, https:\/\/tangooled.com\/wp-content\/uploads\/2026\/01\/fp20a-ins-300x300.webp 300w, https:\/\/tangooled.com\/wp-content\/uploads\/2026\/01\/fp20a-ins-150x150.webp 150w\" sizes=\"auto, (max-width: 500px) 100vw, 500px\" \/><\/figure><\/div>\n<\/div><\/div>\n\n\n\n<div class=\"wp-block-group has-background\" style=\"background-color:#f2f2f2;padding-top:var(--wp--preset--spacing--80);padding-bottom:var(--wp--preset--spacing--80)\"><div class=\"wp-block-group__inner-container is-layout-constrained wp-block-group-is-layout-constrained\">\n<h2 class=\"wp-block-heading\" style=\"padding-top:var(--wp--preset--spacing--40);padding-bottom:var(--wp--preset--spacing--40);font-size:25px;font-style:normal;font-weight:600;text-transform:capitalize\">C\u00f3mo usar el canal de luz de perfil LED de 22x10mm<\/h2>\n\n\n\n<p>Este canal de luz de 22x10mm es ideal para muchos proyectos de iluminaci\u00f3n:<\/p>\n\n\n\n<ul class=\"wp-block-list\">\n<li>Iluminaci\u00f3n bajo el gabinete: ilumina las superficies de trabajo de manera uniforme y brillante sin sombras ni deslumbramientos.<\/li>\n\n\n\n<li>Iluminaci\u00f3n de coves y paredes para arquitectura: Agrega l\u00edneas y acentos modernos a casas o oficinas.<\/li>\n\n\n\n<li>Estantes de exhibici\u00f3n minorista: Usa iluminaci\u00f3n limpia y uniforme para atraer la atenci\u00f3n a la mercanc\u00eda.<\/li>\n\n\n\n<li>Iluminaci\u00f3n general de tareas: Genial para barras de luz en mostradores, estaciones de trabajo y espacios de trabajo.<\/li>\n<\/ul>\n<\/div><\/div>\n\n\n\n<div class=\"wp-block-group\" style=\"padding-top:var(--wp--preset--spacing--80);padding-bottom:var(--wp--preset--spacing--80)\"><div class=\"wp-block-group__inner-container is-layout-constrained wp-block-group-is-layout-constrained\">\n<h2 class=\"wp-block-heading\" style=\"padding-top:var(--wp--preset--spacing--40);padding-bottom:var(--wp--preset--spacing--40);font-size:25px;font-style:normal;font-weight:600;text-transform:capitalize\">Consulta otros perfiles compatibles<\/h2>\n\n\n\n<ul class=\"wp-block-list\">\n<li><a href=\"https:\/\/tangooled.com\/es\/product\/black-led-profile-with-black-diffuser-for-10mm-led-strip-light\/\"><mark style=\"background-color:rgba(0, 0, 0, 0)\" class=\"has-inline-color has-vivid-red-color\">Perfil LED negro con difusor negro para luz de tira LED de 10mm<\/mark><\/a><\/li>\n\n\n\n<li><a href=\"https:\/\/tangooled.com\/es\/product\/led-strip-light-channel-aluminum-profile-with-diffused-cover-6mm-height\/\"><mark style=\"background-color:rgba(0, 0, 0, 0)\" class=\"has-inline-color has-vivid-red-color\">Perfil de aluminio para canal de luz LED con cubierta difusa de 6 mm de altura<\/mark><\/a><\/li>\n\n\n\n<li><a href=\"https:\/\/tangooled.com\/es\/product\/surface-mount-led-profile-with-frosted-diffuser-for-10mm-rope-lights\/\"><mark style=\"background-color:rgba(0, 0, 0, 0)\" class=\"has-inline-color has-vivid-red-color\">Perfil LED de montaje en superficie con difusor esmerilado para luces de cuerda de 10 mm<\/mark><\/a><\/li>\n<\/ul>\n<\/div><\/div>\n\n\n\n<div class=\"wp-block-group has-background\" style=\"background-color:#f2f2f2f2;padding-top:var(--wp--preset--spacing--80);padding-bottom:var(--wp--preset--spacing--80)\"><div class=\"wp-block-group__inner-container is-layout-constrained wp-block-group-is-layout-constrained\">\n<h2 class=\"wp-block-heading\" style=\"padding-top:var(--wp--preset--spacing--40);padding-bottom:var(--wp--preset--spacing--40);font-size:25px;font-style:normal;font-weight:600;text-transform:capitalize\">resumen<\/h2>\n\n\n\n<p style=\"padding-right:var(--wp--preset--spacing--50);padding-left:var(--wp--preset--spacing--50)\">El canal de luz de perfil LED de 22x10mm para tiras LED flexibles de 15mm es una alternativa inteligente y \u00fatil para cualquiera que requiera una vivienda LED profesional y duradera. Este sistema de perfil de extrusi\u00f3n de aluminio convierte una tira LED en una hermosa fuente de luz duradera. Ofrece protecci\u00f3n contra el polvo y el calor.<\/p>\n<\/div><\/div>\n\n\n\n<p><\/p>","protected":false},"featured_media":13990,"template":"","meta":{"_acf_changed":true,"_seopress_robots_primary_cat":"none","_seopress_titles_title":"Aluminum 22x10mm LED Profile Light Channel | TANGOOLED","_seopress_titles_desc":"Source the 22x10mm LED profile light channel. Designed for 15mm wide flexible LED strips, this aluminum housing offers superior heat dissipation for high-output lighting.","_seopress_robots_index":""},"pcb-width":[229],"product-cat":[192],"class_list":{"0":"post-44979","1":"product","2":"type-product","3":"status-publish","4":"has-post-thumbnail","6":"pcb-width-15-20mm","7":"product-cat-surface-led-profile"},"acf":[],"_links":{"self":[{"href":"https:\/\/tangooled.com\/es\/wp-json\/wp\/v2\/product\/44979","targetHints":{"allow":["GET"]}}],"collection":[{"href":"https:\/\/tangooled.com\/es\/wp-json\/wp\/v2\/product"}],"about":[{"href":"https:\/\/tangooled.com\/es\/wp-json\/wp\/v2\/types\/product"}],"wp:featuredmedia":[{"embeddable":true,"href":"https:\/\/tangooled.com\/es\/wp-json\/wp\/v2\/media\/13990"}],"wp:attachment":[{"href":"https:\/\/tangooled.com\/es\/wp-json\/wp\/v2\/media?parent=44979"}],"wp:term":[{"taxonomy":"pcb-width","embeddable":true,"href":"https:\/\/tangooled.com\/es\/wp-json\/wp\/v2\/pcb-width?post=44979"},{"taxonomy":"product-cat","embeddable":true,"href":"https:\/\/tangooled.com\/es\/wp-json\/wp\/v2\/product-cat?post=44979"}],"curies":[{"name":"wp","href":"https:\/\/api.w.org\/{rel}","templated":true}]}}