{"id":44702,"date":"2026-01-03T02:17:12","date_gmt":"2026-01-03T10:17:12","guid":{"rendered":"https:\/\/tangooled.com\/?post_type=product&#038;p=44702"},"modified":"2026-02-02T22:33:55","modified_gmt":"2026-02-03T06:33:55","slug":"aluminum-profile-with-60-degree-lens-led-diffuser","status":"publish","type":"product","link":"https:\/\/tangooled.com\/es\/product\/aluminum-profile-with-60-degree-lens-led-diffuser\/","title":{"rendered":"perfil de aluminio con difusor LED de lente de 60 grados"},"content":{"rendered":"<div class=\"wp-block-group\" style=\"padding-top:var(--wp--preset--spacing--80);padding-bottom:var(--wp--preset--spacing--80)\"><div class=\"wp-block-group__inner-container is-layout-constrained wp-block-group-is-layout-constrained\">\n<p>Nuestro perfil de aluminio con difusor LED de lente de 60 grados es ideal para que sus luces LED se vean ordenadas y funcionen mejor. Ayuda a que su luz brille en el \u00e1rea adecuada con un haz enfocado de 60 grados. Este producto es fuerte, seguro y f\u00e1cil de usar en paredes, techos o armarios. \u00a1Se puede utilizar en hogares, oficinas, tiendas y m\u00e1s!<\/p>\n<\/div><\/div>\n\n\n\n<div class=\"wp-block-group has-background\" style=\"background-color:#f2f2f2f2;padding-top:var(--wp--preset--spacing--80);padding-bottom:var(--wp--preset--spacing--80)\"><div class=\"wp-block-group__inner-container is-layout-constrained wp-block-group-is-layout-constrained\">\n<div class=\"wp-block-group is-vertical is-layout-flex wp-container-core-group-is-layout-8cf370e7 wp-block-group-is-layout-flex\">\n<h2 class=\"wp-block-heading\" style=\"padding-top:var(--wp--preset--spacing--40);padding-bottom:var(--wp--preset--spacing--40);font-size:25px;font-style:normal;font-weight:600;text-transform:capitalize\">\u00bfPor qu\u00e9 elegir nuestro difusor LED de perfil con lente de 60 grados?<\/h2>\n\n\n\n<ul class=\"wp-block-list\">\n<li>Haz de luz enfocado: La lente especial de 60 grados hace que la luz brille con una distribuci\u00f3n clara y uniforme. No m\u00e1s luz dura o desigual.<\/li>\n\n\n\n<li>Cuerpo de aluminio resistente: Fabricado con aluminio 6063-T5 que mantiene sus tiras LED frescas y seguras.<\/li>\n\n\n\n<li>Difusores claros y suaves: Elija entre cubiertas de difusores esmeriladas o claras. Puede elegir luz suave o luz clara seg\u00fan sus necesidades.<\/li>\n\n\n\n<li>Se adapta a muchas tiras LED: Funciona con tiras LED que tienen hasta 12 mm de ancho y muchos otros tipos.<\/li>\n\n\n\n<li>F\u00e1cil de montar: Se puede colocar en paredes, techos o superficies empotradas.<\/li>\n\n\n\n<li>Protege sus LED: Mantiene sus LED a salvo del polvo y los da\u00f1os.<\/li>\n<\/ul>\n<\/div>\n<\/div><\/div>\n\n\n\n<div class=\"wp-block-group\" style=\"padding-top:var(--wp--preset--spacing--80);padding-bottom:var(--wp--preset--spacing--80)\"><div class=\"wp-block-group__inner-container is-layout-constrained wp-block-group-is-layout-constrained\">\n<div class=\"wp-block-media-text has-media-on-the-right is-stacked-on-mobile\" style=\"padding-top:0;padding-bottom:0;grid-template-columns:auto 40%\"><div class=\"wp-block-media-text__content\">\n<h2 class=\"wp-block-heading\" style=\"font-size:25px;font-style:normal;font-weight:600;text-transform:capitalize\">\u00bfC\u00f3mo usar este perfil LED con lente de 60 grados?<\/h2>\n\n\n\n<ul class=\"wp-block-list\">\n<li>Utilice una sierra de arco o un cortador de metal para cortar el canal de aluminio y el difusor a la longitud correcta.<\/li>\n\n\n\n<li>Instale de forma segura la tira LED en el canal, conecte los cables y verifique la luz para asegurarse de que funcione.<\/li>\n\n\n\n<li>Utilice los clips de montaje para sujetar el canal a su pared o techo.<\/li>\n\n\n\n<li>Complete la instalaci\u00f3n encajando el difusor y colocando los tapones finales.<\/li>\n<\/ul>\n<\/div><figure class=\"wp-block-media-text__media\"><img loading=\"lazy\" decoding=\"async\" width=\"500\" height=\"500\" src=\"https:\/\/tangooled.com\/wp-content\/uploads\/2026\/01\/fp08-ins.webp\" alt=\"aluminum profile with 60 degree lens led diffuser\" class=\"wp-image-44704 size-full\" srcset=\"https:\/\/tangooled.com\/wp-content\/uploads\/2026\/01\/fp08-ins.webp 500w, https:\/\/tangooled.com\/wp-content\/uploads\/2026\/01\/fp08-ins-300x300.webp 300w, https:\/\/tangooled.com\/wp-content\/uploads\/2026\/01\/fp08-ins-150x150.webp 150w\" sizes=\"auto, (max-width: 500px) 100vw, 500px\" \/><\/figure><\/div>\n<\/div><\/div>\n\n\n\n<div class=\"wp-block-group has-background\" style=\"background-color:#f2f2f2;padding-top:var(--wp--preset--spacing--80);padding-bottom:var(--wp--preset--spacing--80)\"><div class=\"wp-block-group__inner-container is-layout-constrained wp-block-group-is-layout-constrained\">\n<h2 class=\"wp-block-heading\" style=\"padding-top:var(--wp--preset--spacing--40);padding-bottom:var(--wp--preset--spacing--40);font-size:25px;font-style:normal;font-weight:600;text-transform:capitalize\">Formas para sus necesidades de iluminaci\u00f3n<\/h2>\n\n\n\n<ul class=\"wp-block-list\">\n<li>La iluminaci\u00f3n de acento puede usarse para destacar mesas, fotograf\u00edas o estanter\u00edas.<\/li>\n\n\n\n<li>Luminosidad de paredes: \u00daselo para iluminar paredes de manera uniforme sin que se vean demasiado brillantes.<\/li>\n\n\n\n<li>Techos: Use montajes empotrados para una apariencia elegante.<\/li>\n\n\n\n<li>\u00daselo en tiendas, lugares de trabajo y vitrinas para dar un aspecto profesional a la iluminaci\u00f3n.<\/li>\n<\/ul>\n<\/div><\/div>\n\n\n\n<div class=\"wp-block-group\" style=\"padding-top:var(--wp--preset--spacing--80);padding-bottom:var(--wp--preset--spacing--80)\"><div class=\"wp-block-group__inner-container is-layout-constrained wp-block-group-is-layout-constrained\">\n<h2 class=\"wp-block-heading\" style=\"padding-top:var(--wp--preset--spacing--60);padding-bottom:var(--wp--preset--spacing--60);font-size:25px;font-style:normal;font-weight:600;text-transform:capitalize\">\u00bfQu\u00e9 hace que este art\u00edculo se destaque?<\/h2>\n\n\n\n<h3 class=\"wp-block-heading\" style=\"padding-top:var(--wp--preset--spacing--40);padding-bottom:var(--wp--preset--spacing--40);font-size:20px;font-style:normal;font-weight:600;text-transform:capitalize\">Lente de 60 grados para una mejor luz<\/h3>\n\n\n\n<p>The special 60 degree lens diffuser keeps the light beam bright but concentrated. It gives a wide and soft look, which is great for many uses \u2013 like showing off art on walls or lighting up shelves.<\/p>\n\n\n\n<h3 class=\"wp-block-heading\" style=\"font-size:20px;font-style:normal;font-weight:600;text-transform:capitalize\">Diferentes opciones de difusor<\/h3>\n\n\n\n<ul class=\"wp-block-list\">\n<li>Difusor mate de PC opaco: ideal para iluminar una estanter\u00eda o mostrar arte en las paredes.<\/li>\n\n\n\n<li>Difusor semitransparente de PC: para una luz m\u00e1s clara con menos deslumbramiento.<\/li>\n\n\n\n<li>Lente clara: ideal para haces de luz n\u00edtidos y enfocados.<\/li>\n<\/ul>\n<\/div><\/div>\n\n\n\n<div class=\"wp-block-group has-background\" style=\"background-color:#f2f2f2f2;padding-top:var(--wp--preset--spacing--80);padding-bottom:var(--wp--preset--spacing--80)\"><div class=\"wp-block-group__inner-container is-layout-constrained wp-block-group-is-layout-constrained\">\n<h2 class=\"wp-block-heading\" style=\"font-size:25px;font-style:normal;font-weight:600\">Ver productos similares<\/h2>\n\n\n\n<ul class=\"wp-block-list\">\n<li>Para versiones negras, consulta <a href=\"https:\/\/tangooled.com\/es\/product\/black-led-profile-with-black-diffuser-for-10mm-led-strip-light\/\"><mark style=\"background-color:rgba(0, 0, 0, 0)\" class=\"has-inline-color has-vivid-red-color\">Perfil LED negro con difusor negro<\/mark><\/a> para tiras m\u00e1s peque\u00f1as<\/li>\n\n\n\n<li>Para tiras m\u00e1s peque\u00f1as, prueba <a href=\"https:\/\/tangooled.com\/es\/product\/led-strip-light-channel-aluminum-profile-with-diffused-cover-6mm-height\/\"><mark style=\"background-color:rgba(0, 0, 0, 0)\" class=\"has-inline-color has-vivid-red-color\">Perfil de canal de luz LED de aluminio de 6 mm de altura<\/mark><\/a><\/li>\n\n\n\n<li>Para montajes en superficie con cubiertas esmeriladas, consulta<a href=\"https:\/\/tangooled.com\/es\/product\/surface-mount-led-profile-with-frosted-diffuser-for-10mm-rope-lights\/\"><mark style=\"background-color:rgba(0, 0, 0, 0)\" class=\"has-inline-color has-vivid-red-color\"> Perfil LED de montaje en superficie con difusor esmerilado<\/mark><\/a><\/li>\n<\/ul>\n<\/div><\/div>\n\n\n\n<div class=\"wp-block-group\" style=\"padding-top:var(--wp--preset--spacing--80);padding-bottom:var(--wp--preset--spacing--80)\"><div class=\"wp-block-group__inner-container is-layout-constrained wp-block-group-is-layout-constrained\">\n<h2 class=\"wp-block-heading\" style=\"padding-top:var(--wp--preset--spacing--40);padding-bottom:var(--wp--preset--spacing--40);font-size:25px;font-style:normal;font-weight:600\">Resumen<\/h2>\n\n\n\n<p>Si necesita una luz agradable, potente y enfocada para tiras LED, nuestro perfil de aluminio con un difusor LED de lente de 60 grados es la mejor soluci\u00f3n. Mantiene los LED frescos, distribuye la luz de manera uniforme y puede utilizarse de muchas maneras diferentes. \u00a1Cons\u00edguelo hoy para hacer que su proyecto de iluminaci\u00f3n luzca bien y funcione correctamente!<\/p>\n<\/div><\/div>\n\n\n\n<p><\/p>","protected":false},"featured_media":14217,"template":"","meta":{"_acf_changed":true,"_seopress_robots_primary_cat":"none","_seopress_titles_title":"60 Degree Lens Diffuser LED Profile Aluminum Channel | TANGOOLED","_seopress_titles_desc":"Source the FP08 60 degree lens diffuser LED aluminum profile. Designed for focused wall washing and accent lighting with precision beam control.","_seopress_robots_index":""},"pcb-width":[228],"product-cat":[201],"class_list":{"0":"post-44702","1":"product","2":"type-product","3":"status-publish","4":"has-post-thumbnail","6":"pcb-width-6-12mm","7":"product-cat-optic-lens-profile"},"acf":[],"_links":{"self":[{"href":"https:\/\/tangooled.com\/es\/wp-json\/wp\/v2\/product\/44702","targetHints":{"allow":["GET"]}}],"collection":[{"href":"https:\/\/tangooled.com\/es\/wp-json\/wp\/v2\/product"}],"about":[{"href":"https:\/\/tangooled.com\/es\/wp-json\/wp\/v2\/types\/product"}],"wp:featuredmedia":[{"embeddable":true,"href":"https:\/\/tangooled.com\/es\/wp-json\/wp\/v2\/media\/14217"}],"wp:attachment":[{"href":"https:\/\/tangooled.com\/es\/wp-json\/wp\/v2\/media?parent=44702"}],"wp:term":[{"taxonomy":"pcb-width","embeddable":true,"href":"https:\/\/tangooled.com\/es\/wp-json\/wp\/v2\/pcb-width?post=44702"},{"taxonomy":"product-cat","embeddable":true,"href":"https:\/\/tangooled.com\/es\/wp-json\/wp\/v2\/product-cat?post=44702"}],"curies":[{"name":"wp","href":"https:\/\/api.w.org\/{rel}","templated":true}]}}