{"id":44700,"date":"2026-01-03T02:13:17","date_gmt":"2026-01-03T10:13:17","guid":{"rendered":"https:\/\/tangooled.com\/?post_type=product&#038;p=44700"},"modified":"2026-01-21T02:14:32","modified_gmt":"2026-01-21T10:14:32","slug":"25x14m-surface-mounted-led-light-aluminum-profile","status":"publish","type":"product","link":"https:\/\/tangooled.com\/es\/product\/25x14m-surface-mounted-led-light-aluminum-profile\/","title":{"rendered":"Perfil de aluminio para luz LED montado en superficie de 25x14m"},"content":{"rendered":"<div class=\"wp-block-group\" style=\"padding-top:var(--wp--preset--spacing--80);padding-bottom:var(--wp--preset--spacing--80)\"><div class=\"wp-block-group__inner-container is-layout-constrained wp-block-group-is-layout-constrained\">\n<p>Mejora tus proyectos de iluminaci\u00f3n con este perfil LED montado en superficie de 25x14m, dise\u00f1ado espec\u00edficamente para aplicaciones de montaje limpio. Su exterior redondeado y acanalado mide 25.8mm de ancho y 13.9mm de alto, ofreciendo una carcasa robusta pero elegante para tus luces. El canal interno de 12.2mm proporciona suficiente espacio para que las tiras est\u00e1ndar se mantengan protegidas y frescas. La instalaci\u00f3n es simple y segura usando los clips de montaje dedicados, permiti\u00e9ndote fijar el perfil directamente a techos o paredes para un acabado profesional. Es la elecci\u00f3n perfecta para conseguir una iluminaci\u00f3n suave y sin puntos en cualquier espacio moderno.<\/p>\n<\/div><\/div>\n\n\n\n<div class=\"wp-block-group has-background\" style=\"background-color:#f2f2f2f2;padding-top:var(--wp--preset--spacing--80);padding-bottom:var(--wp--preset--spacing--80)\"><div class=\"wp-block-group__inner-container is-layout-constrained wp-block-group-is-layout-constrained\">\n<div class=\"wp-block-group is-vertical is-layout-flex wp-container-core-group-is-layout-8cf370e7 wp-block-group-is-layout-flex\">\n<h2 class=\"wp-block-heading\" style=\"padding-top:var(--wp--preset--spacing--40);padding-bottom:var(--wp--preset--spacing--40);font-size:25px;font-style:normal;font-weight:600;text-transform:capitalize\">\u00bfPor qu\u00e9 elegir nuestro perfil LED montado en superficie de 25x14m?<\/h2>\n\n\n\n<ul class=\"wp-block-list\">\n<li>Hecho de aluminio 6063-T5 de alta calidad. Esto lo hace fuerte y ayuda a disipar el calor de las tiras LED.<\/li>\n\n\n\n<li>Viene con un difusor mate que se inserta para hacer la luz suave, uniforme y sin puntos.<\/li>\n\n\n\n<li>Montaje en superficie f\u00e1cil con clips y tapas de extremo para un acabado limpio.<\/li>\n\n\n\n<li>Duradero y elegante: El acabado anodizado evita la oxidaci\u00f3n y se ve moderno en plata, negro o blanco.<\/li>\n\n\n\n<li>Protege tus LEDs: Mantiene las tiras a salvo de suciedad, polvo y golpes.<\/li>\n\n\n\n<li>Perfect for different uses \u2014 from kitchens to shops, offices, and furniture.<\/li>\n<\/ul>\n<\/div>\n<\/div><\/div>\n\n\n\n<div class=\"wp-block-group\" style=\"padding-top:var(--wp--preset--spacing--80);padding-bottom:var(--wp--preset--spacing--80)\"><div class=\"wp-block-group__inner-container is-layout-constrained wp-block-group-is-layout-constrained\">\n<div class=\"wp-block-media-text has-media-on-the-right is-stacked-on-mobile\" style=\"padding-top:0;padding-bottom:0;grid-template-columns:auto 40%\"><div class=\"wp-block-media-text__content\">\n<h2 class=\"wp-block-heading\" style=\"font-size:25px;font-style:normal;font-weight:600;text-transform:capitalize\">Instalaci\u00f3n simple en 4 pasos<\/h2>\n\n\n\n<ul class=\"wp-block-list\">\n<li>Fija los clips a tu pared o superficie con tornillos.<\/li>\n\n\n\n<li>Coloca tu tira LED dentro del canal de aluminio.<\/li>\n\n\n\n<li>Encaja el perfil en los clips.<\/li>\n\n\n\n<li>Coloca el difusor encaj\u00e1ndolo en la parte superior para una luz brillante y uniforme.<\/li>\n<\/ul>\n<\/div><figure class=\"wp-block-media-text__media\"><img loading=\"lazy\" decoding=\"async\" width=\"500\" height=\"500\" src=\"https:\/\/tangooled.com\/wp-content\/uploads\/2026\/01\/fp07-ins.webp\" alt=\"Perfil de aluminio para luz LED montado en superficie de 25x14m\" class=\"wp-image-44701 size-full\" srcset=\"https:\/\/tangooled.com\/wp-content\/uploads\/2026\/01\/fp07-ins.webp 500w, https:\/\/tangooled.com\/wp-content\/uploads\/2026\/01\/fp07-ins-300x300.webp 300w, https:\/\/tangooled.com\/wp-content\/uploads\/2026\/01\/fp07-ins-150x150.webp 150w\" sizes=\"auto, (max-width: 500px) 100vw, 500px\" \/><\/figure><\/div>\n<\/div><\/div>\n\n\n\n<div class=\"wp-block-group has-background\" style=\"background-color:#f2f2f2;padding-top:var(--wp--preset--spacing--80);padding-bottom:var(--wp--preset--spacing--80)\"><div class=\"wp-block-group__inner-container is-layout-constrained wp-block-group-is-layout-constrained\">\n<h2 class=\"wp-block-heading\" style=\"padding-top:var(--wp--preset--spacing--40);padding-bottom:var(--wp--preset--spacing--40);font-size:25px;font-style:normal;font-weight:600;text-transform:capitalize\">\u00bfD\u00f3nde puedes usar este perfil LED montado en superficie de 25x14m?<\/h2>\n\n\n\n<p>Aqu\u00ed hay algunas ideas principales que muestran lo bien que funciona:<\/p>\n\n\n\n<ul class=\"wp-block-list\">\n<li>Iluminaci\u00f3n bajo armario: Proporciona luz clara y brillante para encimeras de cocina o superficies de trabajo.<\/li>\n\n\n\n<li>Iluminaci\u00f3n de c\u00fapula en el techo: \u00dasalo a lo largo de los bordes para crear un suave resplandor en salas de estar u oficinas.<\/li>\n\n\n\n<li>Displays minoristas: Ilumina estantes o productos con l\u00edneas de luz perfectas.<\/li>\n\n\n\n<li>Iluminaci\u00f3n de oficina: Luz brillante y focalizada sobre escritorios o en pasillos.<\/li>\n\n\n\n<li>Armarios y muebles: Integra en armarios, estanter\u00edas o gabinetes para una iluminaci\u00f3n ordenada.<\/li>\n\n\n\n<li>Acentos arquitect\u00f3nicos: Destaca paredes, esquinas o nichos con tiras de luz ordenadas.<\/li>\n<\/ul>\n<\/div><\/div>\n\n\n\n<div class=\"wp-block-group\" style=\"padding-top:var(--wp--preset--spacing--80);padding-bottom:var(--wp--preset--spacing--80)\"><div class=\"wp-block-group__inner-container is-layout-constrained wp-block-group-is-layout-constrained\">\n<h2 class=\"wp-block-heading\" style=\"padding-top:var(--wp--preset--spacing--40);padding-bottom:var(--wp--preset--spacing--40);font-size:25px;font-style:normal;font-weight:600;text-transform:capitalize\">Productos relacionados para revisar<\/h2>\n\n\n\n<ul class=\"wp-block-list\">\n<li><a href=\"https:\/\/tangooled.com\/es\/product\/black-led-profile-with-black-diffuser-for-10mm-led-strip-light\/\"><mark style=\"background-color:rgba(0, 0, 0, 0)\" class=\"has-inline-color has-vivid-red-color\">Perfil LED negro con difusor negro para luz de tira LED de 10mm<\/mark><\/a> &#8211; A sleek choice for slim strips. <\/li>\n\n\n\n<li><a href=\"https:\/\/tangooled.com\/es\/product\/led-strip-light-channel-aluminum-profile-with-diffused-cover-6mm-height\/\"><mark style=\"background-color:rgba(0, 0, 0, 0)\" class=\"has-inline-color has-vivid-red-color\">Perfil de aluminio para canal de luz LED con cubierta difusa de 6 mm de altura<\/mark><\/a> \u2013 Another profile for tight spaces.<\/li>\n\n\n\n<li><a href=\"https:\/\/tangooled.com\/es\/product\/25x6mm-low-profile-led-strip-channel-for-10mm-led-strip-light\/\"><mark style=\"background-color:rgba(0, 0, 0, 0)\" class=\"has-inline-color has-vivid-red-color\">Canal de tira LED de perfil bajo de 25x6 mm para luz LED de 10 mm<\/mark><\/a> \u2013 Slim, perfect for narrow spots.<\/li>\n<\/ul>\n\n\n\n<p>Bring your LED lighting to life with our reliable 25x14m surface mounted LED profile! It\u2019s the easy, smart way to make LED strip lighting look professional and work better.<\/p>\n<\/div><\/div>\n\n\n\n<p><\/p>","protected":false},"featured_media":13333,"template":"","meta":{"_acf_changed":true,"_seopress_robots_primary_cat":"none","_seopress_titles_title":"Aluminum 25x14mm Surface Mounted LED Profile | TANGOOLED","_seopress_titles_desc":"Source the FP07 25x14mm surface mounted LED profile. This large aluminum channel is perfect for wide strips, providing superior heat dissipation and dot-free lighting.","_seopress_robots_index":""},"pcb-width":[228],"product-cat":[192],"class_list":{"0":"post-44700","1":"product","2":"type-product","3":"status-publish","4":"has-post-thumbnail","6":"pcb-width-6-12mm","7":"product-cat-surface-led-profile"},"acf":[],"_links":{"self":[{"href":"https:\/\/tangooled.com\/es\/wp-json\/wp\/v2\/product\/44700","targetHints":{"allow":["GET"]}}],"collection":[{"href":"https:\/\/tangooled.com\/es\/wp-json\/wp\/v2\/product"}],"about":[{"href":"https:\/\/tangooled.com\/es\/wp-json\/wp\/v2\/types\/product"}],"wp:featuredmedia":[{"embeddable":true,"href":"https:\/\/tangooled.com\/es\/wp-json\/wp\/v2\/media\/13333"}],"wp:attachment":[{"href":"https:\/\/tangooled.com\/es\/wp-json\/wp\/v2\/media?parent=44700"}],"wp:term":[{"taxonomy":"pcb-width","embeddable":true,"href":"https:\/\/tangooled.com\/es\/wp-json\/wp\/v2\/pcb-width?post=44700"},{"taxonomy":"product-cat","embeddable":true,"href":"https:\/\/tangooled.com\/es\/wp-json\/wp\/v2\/product-cat?post=44700"}],"curies":[{"name":"wp","href":"https:\/\/api.w.org\/{rel}","templated":true}]}}