{"id":44692,"date":"2026-01-03T02:00:39","date_gmt":"2026-01-03T10:00:39","guid":{"rendered":"https:\/\/tangooled.com\/?post_type=product&#038;p=44692"},"modified":"2026-01-29T17:50:45","modified_gmt":"2026-01-30T01:50:45","slug":"25x6mm-low-profile-led-strip-channel-for-10mm-led-strip-light","status":"publish","type":"product","link":"https:\/\/tangooled.com\/es\/product\/25x6mm-low-profile-led-strip-channel-for-10mm-led-strip-light\/","title":{"rendered":"Canal LED de perfil bajo 25x6mm para tira de luz LED de 10mm"},"content":{"rendered":"<div class=\"wp-block-group\" style=\"padding-top:var(--wp--preset--spacing--80);padding-bottom:var(--wp--preset--spacing--80)\"><div class=\"wp-block-group__inner-container is-layout-constrained wp-block-group-is-layout-constrained\">\n<p>Tus luces se ver\u00e1n limpias y profesionales con el canal LED de perfil bajo de 25x6mm. Esta delgada extrusi\u00f3n de aluminio est\u00e1 compuesta de aluminio anodizado, que es un robusto disipador de calor que mantiene tus tiras LED frescas y las hace durar m\u00e1s. El canal es del tama\u00f1o adecuado para espacios peque\u00f1os como estantes y armarios de cocina. Puede sostener tiras LED que tienen hasta 10mm de ancho, tales como SMD 5050, 2835, y COB. Protege las tiras, oculta el cableado y cuenta con un difusor opalino que distribuye la luz uniformemente, haci\u00e9ndola lucir suave y profesional. Esta extrusi\u00f3n LED de superficie viene con una cubierta difusora, clips de montaje y tapas finales para que puedas instalarla f\u00e1cilmente y conseguir un aspecto profesional r\u00e1pidamente.<\/p>\n<\/div><\/div>\n\n\n\n<div class=\"wp-block-group has-background\" style=\"background-color:#f2f2f2f2;padding-top:var(--wp--preset--spacing--80);padding-bottom:var(--wp--preset--spacing--80)\"><div class=\"wp-block-group__inner-container is-layout-constrained wp-block-group-is-layout-constrained\">\n<div class=\"wp-block-group is-vertical is-layout-flex wp-container-core-group-is-layout-8cf370e7 wp-block-group-is-layout-flex\">\n<h2 class=\"wp-block-heading\" style=\"padding-top:var(--wp--preset--spacing--40);padding-bottom:var(--wp--preset--spacing--40);font-size:25px;font-style:normal;font-weight:600;text-transform:capitalize\">Caracter\u00edsticas Clave<\/h2>\n\n\n\n<ul class=\"wp-block-list\">\n<li>Dise\u00f1o muy delgado: Solo tiene 25mm de ancho y 6mm de alto, por lo que puede caber en espacios peque\u00f1os.<\/li>\n\n\n\n<li>Compatible con tiras LED de 10mm, como las 5050, 2835, y la cinta Philips Hue.<\/li>\n\n\n\n<li>Cuenta con un disipador de calor de aluminio para evitar que los LEDs se calienten demasiado.&nbsp;<\/li>\n\n\n\n<li>Presenta un difusor opalino que proporciona una l\u00ednea de luz suave sin deslumbramiento.<\/li>\n\n\n\n<li>Viene con clips, cubiertas difusoras y tapas finales para una instalaci\u00f3n f\u00e1cil.<\/li>\n<\/ul>\n<\/div>\n<\/div><\/div>\n\n\n\n<div class=\"wp-block-group\" style=\"padding-top:var(--wp--preset--spacing--80);padding-bottom:var(--wp--preset--spacing--80)\"><div class=\"wp-block-group__inner-container is-layout-constrained wp-block-group-is-layout-constrained\">\n<div class=\"wp-block-media-text has-media-on-the-right is-stacked-on-mobile\" style=\"padding-top:0;padding-bottom:0;grid-template-columns:auto 40%\"><div class=\"wp-block-media-text__content\">\n<h2 class=\"wp-block-heading\" style=\"font-size:25px;font-style:normal;font-weight:600;text-transform:capitalize\">C\u00f3mo usarlo<\/h2>\n\n\n\n<ul class=\"wp-block-list\">\n<li>Coloca los clips de montaje de metal en la superficie.<\/li>\n\n\n\n<li>Coloca el canal de aluminio en los clips.<\/li>\n\n\n\n<li>Coloca tu tira LED de 10mm dentro del canal.<\/li>\n\n\n\n<li>Coloca la cubierta difusora opalina.<\/li>\n\n\n\n<li>Usa las tapas finales para terminar los bordes y hacer que se vean bien.<\/li>\n<\/ul>\n<\/div><figure class=\"wp-block-media-text__media\"><img loading=\"lazy\" decoding=\"async\" width=\"500\" height=\"500\" src=\"https:\/\/tangooled.com\/wp-content\/uploads\/2026\/01\/fp05-ins.webp\" alt=\"Canal de perfil LED de 25x6mm para luz de tira LED de 10mm\" class=\"wp-image-44693 size-full\" srcset=\"https:\/\/tangooled.com\/wp-content\/uploads\/2026\/01\/fp05-ins.webp 500w, https:\/\/tangooled.com\/wp-content\/uploads\/2026\/01\/fp05-ins-300x300.webp 300w, https:\/\/tangooled.com\/wp-content\/uploads\/2026\/01\/fp05-ins-150x150.webp 150w\" sizes=\"auto, (max-width: 500px) 100vw, 500px\" \/><\/figure><\/div>\n<\/div><\/div>\n\n\n\n<div class=\"wp-block-group has-background\" style=\"background-color:#f2f2f2;padding-top:var(--wp--preset--spacing--80);padding-bottom:var(--wp--preset--spacing--80)\"><div class=\"wp-block-group__inner-container is-layout-constrained wp-block-group-is-layout-constrained\">\n<h2 class=\"wp-block-heading\" style=\"padding-top:var(--wp--preset--spacing--40);padding-bottom:var(--wp--preset--spacing--40);font-size:25px;font-style:normal;font-weight:600;text-transform:capitalize\">\u00bfQu\u00e9 incluye tu kit?<\/h2>\n\n\n\n<ul class=\"wp-block-list\">\n<li>Una pieza de canales de aluminio de perfil bajo&nbsp;<\/li>\n\n\n\n<li>Una pieza de cubiertas difusoras opalinas<\/li>\n\n\n\n<li>Dos clips de montaje de metal&nbsp;<\/li>\n\n\n\n<li>Dos tapas finales (una con un agujero y una s\u00f3lida)<\/li>\n<\/ul>\n\n\n\n<p>Este kit todo en uno tiene todo lo que necesitas para instalar r\u00e1pidamente y crear un acabado suave sin piezas adicionales.<\/p>\n<\/div><\/div>\n\n\n\n<div class=\"wp-block-group\" style=\"padding-top:var(--wp--preset--spacing--80);padding-bottom:var(--wp--preset--spacing--80)\"><div class=\"wp-block-group__inner-container is-layout-constrained wp-block-group-is-layout-constrained\">\n<h2 class=\"wp-block-heading\" style=\"padding-top:var(--wp--preset--spacing--40);padding-bottom:var(--wp--preset--spacing--40);font-size:25px;font-style:normal;font-weight:600;text-transform:capitalize\">Ideas de Instalaci\u00f3n para Tu Proyecto<\/h2>\n\n\n\n<p>Nuestro canal LED de perfil bajo funciona bien en muchos lugares:<\/p>\n\n\n\n<ul class=\"wp-block-list\">\n<li>Bajo los armarios de cocina: Ofrece una luz continua y fuerte para cocinar.<\/li>\n\n\n\n<li>En armarios y guardarropas: Luz que es f\u00e1cil de alcanzar y limpiar en lugares dif\u00edciles de acceder.<\/li>\n\n\n\n<li>Vitrinas y estantes: Ideal para iluminar tiendas o hogares.<\/li>\n\n\n\n<li>Iluminaci\u00f3n de coves y arquitect\u00f3nica: moderniza techos y paredes.<\/li>\n<\/ul>\n<\/div><\/div>\n\n\n\n<div class=\"wp-block-group has-background\" style=\"background-color:#f2f2f2f2;padding-top:var(--wp--preset--spacing--80);padding-bottom:var(--wp--preset--spacing--80)\"><div class=\"wp-block-group__inner-container is-layout-constrained wp-block-group-is-layout-constrained\">\n<h2 class=\"wp-block-heading\" style=\"font-size:25px;font-style:normal;font-weight:600\">Productos Relacionados Que Te Puede Gustar<\/h2>\n\n\n\n<ul class=\"wp-block-list\">\n<li>Para un look m\u00e1s oscuro, echa un vistazo a nuestro <a href=\"https:\/\/tangooled.com\/es\/product\/black-led-profile-with-black-diffuser-for-10mm-led-strip-light\/\"><mark style=\"background-color:rgba(0, 0, 0, 0)\" class=\"has-inline-color has-vivid-red-color\">perfil LED negro con difusor negro para tira LED de 10 mm<\/mark><\/a>.<\/li>\n\n\n\n<li>\u00bfNecesitas un canal para tiras m\u00e1s anchas? Consulta <a href=\"https:\/\/tangooled.com\/es\/product\/black-led-diffuser-aluminum-channel-for-12mm-tape-lights\/\"><mark style=\"background-color:rgba(0, 0, 0, 0)\" class=\"has-inline-color has-vivid-red-color\">canal de aluminio difusor LED negro para luces de cinta de 12 mm<\/mark><\/a>.<\/li>\n\n\n\n<li>Prueba nuestra <a href=\"https:\/\/tangooled.com\/es\/product\/surface-mount-led-profile-with-frosted-diffuser-for-10mm-rope-lights\/\"><mark style=\"background-color:rgba(0, 0, 0, 0)\" class=\"has-inline-color has-vivid-red-color\">perfil LED de montaje superficial con difusor esmerilado para luces de cuerda de 10 mm <\/mark><\/a>para un estilo y tama\u00f1o similares<\/li>\n<\/ul>\n<\/div><\/div>\n\n\n\n<p><\/p>","protected":false},"featured_media":13304,"template":"","meta":{"_acf_changed":true,"_seopress_robots_primary_cat":"none","_seopress_titles_title":"25x6mm Aluminum Low Profile LED Channel for 10mm Strips | TANGOOLED","_seopress_titles_desc":"The FP05 is a 25x6mm low profile LED channel designed for 10mm LED strips. Its ultra-slim aluminum design is perfect for surface-mounted lighting with a minimalist look.","_seopress_robots_index":""},"pcb-width":[228],"product-cat":[192],"class_list":{"0":"post-44692","1":"product","2":"type-product","3":"status-publish","4":"has-post-thumbnail","6":"pcb-width-6-12mm","7":"product-cat-surface-led-profile"},"acf":[],"_links":{"self":[{"href":"https:\/\/tangooled.com\/es\/wp-json\/wp\/v2\/product\/44692","targetHints":{"allow":["GET"]}}],"collection":[{"href":"https:\/\/tangooled.com\/es\/wp-json\/wp\/v2\/product"}],"about":[{"href":"https:\/\/tangooled.com\/es\/wp-json\/wp\/v2\/types\/product"}],"wp:featuredmedia":[{"embeddable":true,"href":"https:\/\/tangooled.com\/es\/wp-json\/wp\/v2\/media\/13304"}],"wp:attachment":[{"href":"https:\/\/tangooled.com\/es\/wp-json\/wp\/v2\/media?parent=44692"}],"wp:term":[{"taxonomy":"pcb-width","embeddable":true,"href":"https:\/\/tangooled.com\/es\/wp-json\/wp\/v2\/pcb-width?post=44692"},{"taxonomy":"product-cat","embeddable":true,"href":"https:\/\/tangooled.com\/es\/wp-json\/wp\/v2\/product-cat?post=44692"}],"curies":[{"name":"wp","href":"https:\/\/api.w.org\/{rel}","templated":true}]}}