{"id":44689,"date":"2026-01-03T01:56:11","date_gmt":"2026-01-03T09:56:11","guid":{"rendered":"https:\/\/tangooled.com\/?post_type=product&#038;p=44689"},"modified":"2026-01-29T17:46:02","modified_gmt":"2026-01-30T01:46:02","slug":"led-light-diffuser-channel-aluminum-15x12mm-for-10mm-led-strips","status":"publish","type":"product","link":"https:\/\/tangooled.com\/es\/product\/led-light-diffuser-channel-aluminum-15x12mm-for-10mm-led-strips\/","title":{"rendered":"canal difusor de luz LED de aluminio 15x12mm para tiras LED de 10mm"},"content":{"rendered":"<div class=\"wp-block-group\" style=\"padding-top:var(--wp--preset--spacing--80);padding-bottom:var(--wp--preset--spacing--80)\"><div class=\"wp-block-group__inner-container is-layout-constrained wp-block-group-is-layout-constrained\">\n<p>Si deseas una iluminaci\u00f3n LED limpia y sin puntos, nuestro canal difusor de luz LED de 15x12mm es la opci\u00f3n ideal. Este canal est\u00e1 hecho de una extrusi\u00f3n de aluminio anodizado resistente y viene con un difusor de policarbonato opal. Ofrece un aspecto profesional y una salida de luz uniforme sin puntos LED. La mayor\u00eda de las tiras LED t\u00edpicas de hasta 10mm de ancho, como SMD2835 y tiras LED COB, encajar\u00e1n bien en este canal difusor de luz LED de 15x12mm.&nbsp;<\/p>\n<\/div><\/div>\n\n\n\n<div class=\"wp-block-group has-background\" style=\"background-color:#f2f2f2f2;padding-top:var(--wp--preset--spacing--80);padding-bottom:var(--wp--preset--spacing--80)\"><div class=\"wp-block-group__inner-container is-layout-constrained wp-block-group-is-layout-constrained\">\n<div class=\"wp-block-group is-vertical is-layout-flex wp-container-core-group-is-layout-8cf370e7 wp-block-group-is-layout-flex\">\n<h2 class=\"wp-block-heading\" style=\"padding-top:var(--wp--preset--spacing--40);padding-bottom:var(--wp--preset--spacing--40);font-size:25px;font-style:normal;font-weight:600;text-transform:capitalize\">\u00bfPor qu\u00e9 elegir nuestro canal difusor de luz LED de 15x12mm?<\/h2>\n\n\n\n<ul class=\"wp-block-list\">\n<li>Iluminaci\u00f3n sin puntos: La tapa difusora opal suaviza la luz y oculta los chips LED, brind\u00e1ndote un resplandor suave y uniforme.<\/li>\n\n\n\n<li>Excelente disipaci\u00f3n del calor: Hecho de aluminio anodizado 6063-T5, aleja el calor de tu cinta LED para mantenerla fresca y prolongar su vida \u00fatil.<\/li>\n\n\n\n<li>Protege tu tira LED: Mantiene el polvo, la humedad y da\u00f1os f\u00edsicos alejados de las luces.<\/li>\n\n\n\n<li>F\u00e1cil de instalar: Viene con tapas de extremo, clips de montaje y una cubierta que se coloca f\u00e1cilmente.<\/li>\n\n\n\n<li>Perfil elegante: El perfil delgado de 15x12mm se ajusta perfectamente en espacios reducidos sin afectar la calidad de la luz.<\/li>\n\n\n\n<li>Montaje flexible: Puedes instalarlo en una superficie o en una pared o mueble, lo cual es ideal para dise\u00f1os modernos y simples.<\/li>\n<\/ul>\n<\/div>\n<\/div><\/div>\n\n\n\n<div class=\"wp-block-group\" style=\"padding-top:var(--wp--preset--spacing--80);padding-bottom:var(--wp--preset--spacing--80)\"><div class=\"wp-block-group__inner-container is-layout-constrained wp-block-group-is-layout-constrained\">\n<div class=\"wp-block-media-text has-media-on-the-right is-stacked-on-mobile\" style=\"padding-top:0;padding-bottom:0;grid-template-columns:auto 40%\"><div class=\"wp-block-media-text__content\">\n<h2 class=\"wp-block-heading\" style=\"font-size:25px;font-style:normal;font-weight:600;text-transform:capitalize\">Instalaci\u00f3n &amp; Compatibilidad<\/h2>\n\n\n\n<ul class=\"wp-block-list\">\n<li>Funciona con todas las luces de cinta est\u00e1ndar de hasta 10 mm de ancho, incluyendo tiras LED SMD 3528, 5050 y COB.<\/li>\n\n\n\n<li>C\u00f3mo montar: Utiliza las tapas y soportes de montaje incluidos. Funciona bien en montajes de superficie o en ranuras fresadas para dise\u00f1os de canal LED sin moldura.<\/li>\n\n\n\n<li>Difumina la iluminaci\u00f3n: Para la mejor iluminaci\u00f3n LED sin puntos, utiliza tiras LED de alta densidad (120+ LEDs\/m) con este canal.<\/li>\n\n\n\n<li>Accesorios incluidos: Incluye tapas de extremo a juego para sellar el perfil; una tapa cuenta con un agujero pre perforado para una gesti\u00f3n de cables sin problemas.<\/li>\n<\/ul>\n<\/div><figure class=\"wp-block-media-text__media\"><img loading=\"lazy\" decoding=\"async\" width=\"500\" height=\"500\" src=\"https:\/\/tangooled.com\/wp-content\/uploads\/2026\/01\/ifp04-ins.webp\" alt=\"canal difusor de luz LED de aluminio 15x12mm para tiras LED de 10mm\" class=\"wp-image-44690 size-full\" srcset=\"https:\/\/tangooled.com\/wp-content\/uploads\/2026\/01\/ifp04-ins.webp 500w, https:\/\/tangooled.com\/wp-content\/uploads\/2026\/01\/ifp04-ins-300x300.webp 300w, https:\/\/tangooled.com\/wp-content\/uploads\/2026\/01\/ifp04-ins-150x150.webp 150w\" sizes=\"auto, (max-width: 500px) 100vw, 500px\" \/><\/figure><\/div>\n<\/div><\/div>\n\n\n\n<div class=\"wp-block-group has-background\" style=\"background-color:#f2f2f2;padding-top:var(--wp--preset--spacing--80);padding-bottom:var(--wp--preset--spacing--80)\"><div class=\"wp-block-group__inner-container is-layout-constrained wp-block-group-is-layout-constrained\">\n<h2 class=\"wp-block-heading\" style=\"padding-top:var(--wp--preset--spacing--40);padding-bottom:var(--wp--preset--spacing--40);font-size:25px;font-style:normal;font-weight:600;text-transform:capitalize\">Usos ideales para nuestro canal difusor de luz LED de 15x12mm<\/h2>\n\n\n\n<p>Nuestro canal es excelente para muchas tareas de iluminaci\u00f3n, como:<\/p>\n\n\n\n<ul class=\"wp-block-list\">\n<li>Iluminaci\u00f3n de acento que sale de la pared en casas y negocios.<\/li>\n\n\n\n<li>Iluminaci\u00f3n para tareas que es uniforme debajo de armarios y en la cocina.<\/li>\n\n\n\n<li>Iluminaci\u00f3n de exhibici\u00f3n en tiendas que hace brillar los productos.<\/li>\n\n\n\n<li>Iluminaci\u00f3n de acento en coves y techos en negocios.<\/li>\n\n\n\n<li>Iluminaci\u00f3n para closets y vestidores que es est\u00e9tica y limpia.<\/li>\n\n\n\n<li>Perfiles de iluminaci\u00f3n arquitect\u00f3nica que necesitan un acabado suave.<\/li>\n\n\n\n<li>Iluminaci\u00f3n para estantes y trabajos en madera que proporciona un aspecto elegante y empotrado.<\/li>\n<\/ul>\n<\/div><\/div>\n\n\n\n<div class=\"wp-block-group\" style=\"padding-top:var(--wp--preset--spacing--80);padding-bottom:var(--wp--preset--spacing--80)\"><div class=\"wp-block-group__inner-container is-layout-constrained wp-block-group-is-layout-constrained\">\n<h2 class=\"wp-block-heading\" style=\"padding-top:var(--wp--preset--spacing--40);padding-bottom:var(--wp--preset--spacing--40);font-size:25px;font-style:normal;font-weight:600;text-transform:capitalize\">Productos relacionados que te podr\u00edan gustar:<\/h2>\n\n\n\n<ul class=\"wp-block-list\">\n<li><a href=\"https:\/\/tangooled.com\/es\/product\/black-led-diffuser-aluminum-channel-for-12mm-tape-lights\/\"><mark style=\"background-color:rgba(0, 0, 0, 0)\" class=\"has-inline-color has-vivid-red-color\">Canal de aluminio difusor LED negro para luces de cinta de 12 mm<\/mark><\/a><\/li>\n\n\n\n<li><a href=\"https:\/\/tangooled.com\/es\/product\/surface-mount-led-profile-with-frosted-diffuser-for-10mm-rope-lights\/\"><mark style=\"background-color:rgba(0, 0, 0, 0)\" class=\"has-inline-color has-vivid-red-color\">Perfil LED de montaje en superficie con difusor esmerilado para luces de cuerda de 10 mm<\/mark><\/a><\/li>\n\n\n\n<li><a href=\"https:\/\/tangooled.com\/es\/product\/led-light-diffuser-channel-aluminum-15x12mm-for-10mm-led-strips\/\"><mark style=\"background-color:rgba(0, 0, 0, 0)\" class=\"has-inline-color has-vivid-red-color\">Canal difusor de luz LED de aluminio 15x12mm para tiras LED de 10mm<\/mark><\/a><\/li>\n<\/ul>\n<\/div><\/div>\n\n\n\n<div class=\"wp-block-group has-background\" style=\"background-color:#f2f2f2f2;padding-top:var(--wp--preset--spacing--80);padding-bottom:var(--wp--preset--spacing--80)\"><div class=\"wp-block-group__inner-container is-layout-constrained wp-block-group-is-layout-constrained\">\n<h2 class=\"wp-block-heading\" style=\"padding-top:var(--wp--preset--spacing--40);padding-bottom:var(--wp--preset--spacing--40);font-size:25px;font-style:normal;font-weight:600\">Resumen<\/h2>\n\n\n\n<p style=\"padding-right:var(--wp--preset--spacing--50);padding-left:var(--wp--preset--spacing--50)\">The 15x12mm LED light diffuser channel is a sleek, durable, and adaptable aluminum profile that will enhance the appearance of any lighting project. Not only does this linear lighting solution protect your LED strips from dust and damage, but it also ensures they remain functional for a long time by letting heat escape easily. It\u00a0is great for use as an under-cabinet light channel and retail shelf lighting.<\/p>\n<\/div><\/div>\n\n\n\n<p><\/p>","protected":false},"featured_media":13322,"template":"","meta":{"_acf_changed":true,"_seopress_robots_primary_cat":"none","_seopress_titles_title":"Aluminum LED Light Diffuser Channel 15x12mm | TANGOOLED","_seopress_titles_desc":"Source the IFP04 LED light diffuser channel in a 15x12mm size. This aluminum profile fits 10mm strips, providing a clean look and high-quality heat dissipation.","_seopress_robots_index":""},"pcb-width":[228],"product-cat":[192],"class_list":{"0":"post-44689","1":"product","2":"type-product","3":"status-publish","4":"has-post-thumbnail","6":"pcb-width-6-12mm","7":"product-cat-surface-led-profile"},"acf":[],"_links":{"self":[{"href":"https:\/\/tangooled.com\/es\/wp-json\/wp\/v2\/product\/44689","targetHints":{"allow":["GET"]}}],"collection":[{"href":"https:\/\/tangooled.com\/es\/wp-json\/wp\/v2\/product"}],"about":[{"href":"https:\/\/tangooled.com\/es\/wp-json\/wp\/v2\/types\/product"}],"wp:featuredmedia":[{"embeddable":true,"href":"https:\/\/tangooled.com\/es\/wp-json\/wp\/v2\/media\/13322"}],"wp:attachment":[{"href":"https:\/\/tangooled.com\/es\/wp-json\/wp\/v2\/media?parent=44689"}],"wp:term":[{"taxonomy":"pcb-width","embeddable":true,"href":"https:\/\/tangooled.com\/es\/wp-json\/wp\/v2\/pcb-width?post=44689"},{"taxonomy":"product-cat","embeddable":true,"href":"https:\/\/tangooled.com\/es\/wp-json\/wp\/v2\/product-cat?post=44689"}],"curies":[{"name":"wp","href":"https:\/\/api.w.org\/{rel}","templated":true}]}}