{"id":44685,"date":"2026-01-03T01:51:51","date_gmt":"2026-01-03T09:51:51","guid":{"rendered":"https:\/\/tangooled.com\/?post_type=product&#038;p=44685"},"modified":"2026-01-29T22:32:27","modified_gmt":"2026-01-30T06:32:27","slug":"black-aluminum-u-channel-profile-for-10mm-led-strips","status":"publish","type":"product","link":"https:\/\/tangooled.com\/es\/product\/black-aluminum-u-channel-profile-for-10mm-led-strips\/","title":{"rendered":"perfil de canal U de aluminio negro para tiras LED de 10 mm"},"content":{"rendered":"<div class=\"wp-block-group\" style=\"padding-top:var(--wp--preset--spacing--80);padding-bottom:var(--wp--preset--spacing--80)\"><div class=\"wp-block-group__inner-container is-layout-constrained wp-block-group-is-layout-constrained\">\n<p>Nuestro perfil de canal U de aluminio negro IFP03 est\u00e1 hecho justo para tus tiras LED de 10 mm. Esta pista de aluminio negra en forma de U protege de manera segura tus luces del polvo, suciedad y da\u00f1os, mientras act\u00faa como un disipador de calor para ayudar a que tus LEDs duren m\u00e1s. Su dise\u00f1o de montaje en superficie facilita la instalaci\u00f3n directamente sobre superficies planas como paredes, estantes o gabinetes. Este canal LED negro es la opci\u00f3n perfecta para quienes buscan una luz ordenada, brillante y suave para sus proyectos en casa o en la oficina.<\/p>\n<\/div><\/div>\n\n\n\n<div class=\"wp-block-group has-background\" style=\"background-color:#f2f2f2f2;padding-top:var(--wp--preset--spacing--80);padding-bottom:var(--wp--preset--spacing--80)\"><div class=\"wp-block-group__inner-container is-layout-constrained wp-block-group-is-layout-constrained\">\n<div class=\"wp-block-group is-vertical is-layout-flex wp-container-core-group-is-layout-8cf370e7 wp-block-group-is-layout-flex\">\n<h2 class=\"wp-block-heading\" style=\"padding-top:var(--wp--preset--spacing--40);padding-bottom:var(--wp--preset--spacing--40);font-size:25px;font-style:normal;font-weight:600;text-transform:capitalize\">\u00bfPor qu\u00e9 usar nuestro canal U de aluminio negro para LED?<\/h2>\n\n\n\n<ul class=\"wp-block-list\">\n<li>Forma: El canal tiene un perfil en forma de U delgado y elegante. Su dise\u00f1o de bajo perfil crea l\u00edneas de luz limpias y simples que se adaptan a cualquier estilo arquitect\u00f3nico moderno.<\/li>\n\n\n\n<li>Material y acabado: Fabricado con aleaci\u00f3n de aluminio extruido 6063 con un acabado anodizado negro de alta calidad. Esto asegura una excelente disipaci\u00f3n del calor, lo que prolonga la vida \u00fatil de los LEDs.<\/li>\n\n\n\n<li>Opciones de acabado: Adem\u00e1s del negro, este canal tambi\u00e9n est\u00e1 disponible en blanco y plateado para complementar cualquier decoraci\u00f3n.<\/li>\n\n\n\n<li>Compatibilidad: Funciona con la mayor\u00eda de las luces LED de cinta que tienen un ancho de hasta 10 mm.<\/li>\n\n\n\n<li>Kit completo de accesorios: Cada canal viene con tapas de extremo a juego y clips de montaje para una instalaci\u00f3n r\u00e1pida y f\u00e1cil.<\/li>\n<\/ul>\n<\/div>\n<\/div><\/div>\n\n\n\n<div class=\"wp-block-group\" style=\"padding-top:var(--wp--preset--spacing--80);padding-bottom:var(--wp--preset--spacing--80)\"><div class=\"wp-block-group__inner-container is-layout-constrained wp-block-group-is-layout-constrained\">\n<div class=\"wp-block-media-text has-media-on-the-right is-stacked-on-mobile\" style=\"padding-top:0;padding-bottom:0;grid-template-columns:auto 40%\"><div class=\"wp-block-media-text__content\">\n<h2 class=\"wp-block-heading\" style=\"font-size:25px;font-style:normal;font-weight:600;text-transform:capitalize\">C\u00f3mo instalarlo f\u00e1cilmente<\/h2>\n\n\n\n<ul class=\"wp-block-list\">\n<li>Corta el canal U de aluminio negro a la longitud correcta.<\/li>\n\n\n\n<li>Usa tornillos o clips de montaje para mantener el canal de superficie en su lugar.<\/li>\n\n\n\n<li>Coloca tu tira LED de 10 mm de ancho en el canal.<\/li>\n\n\n\n<li>Para hacer la luz m\u00e1s suave y difundirla, coloca la cubierta difusora.<\/li>\n\n\n\n<li>Para finalizar el aspecto y proteger los cables, coloca las tapas de extremo.<\/li>\n<\/ul>\n<\/div><figure class=\"wp-block-media-text__media\"><img loading=\"lazy\" decoding=\"async\" width=\"500\" height=\"500\" src=\"https:\/\/tangooled.com\/wp-content\/uploads\/2026\/01\/ifp03-ins.webp\" alt=\"perfil de canal de aluminio negro para tiras LED de 10 mm\" class=\"wp-image-44687 size-full\" srcset=\"https:\/\/tangooled.com\/wp-content\/uploads\/2026\/01\/ifp03-ins.webp 500w, https:\/\/tangooled.com\/wp-content\/uploads\/2026\/01\/ifp03-ins-300x300.webp 300w, https:\/\/tangooled.com\/wp-content\/uploads\/2026\/01\/ifp03-ins-150x150.webp 150w\" sizes=\"auto, (max-width: 500px) 100vw, 500px\" \/><\/figure><\/div>\n<\/div><\/div>\n\n\n\n<div class=\"wp-block-group has-background\" style=\"background-color:#f2f2f2;padding-top:var(--wp--preset--spacing--80);padding-bottom:var(--wp--preset--spacing--80)\"><div class=\"wp-block-group__inner-container is-layout-constrained wp-block-group-is-layout-constrained\">\n<h2 class=\"wp-block-heading\" style=\"padding-top:var(--wp--preset--spacing--40);padding-bottom:var(--wp--preset--spacing--40);font-size:25px;font-style:normal;font-weight:600;text-transform:capitalize\">\u00bfD\u00f3nde usarlo?<\/h2>\n\n\n\n<p>\u00a1Nuestro canal U de aluminio negro puede encajar en muchos lugares diferentes de iluminaci\u00f3n! Aqu\u00ed hay algunas sugerencias:<\/p>\n\n\n\n<ul class=\"wp-block-list\">\n<li>Iluminaci\u00f3n bajo el gabinete: Haz que la cocina o la oficina sean m\u00e1s brillantes y mant\u00e9n la limpieza.<\/li>\n\n\n\n<li>Iluminaci\u00f3n indirecta: Ilumina paredes o techos de manera sutil.<\/li>\n\n\n\n<li>Iluminaci\u00f3n de estantes: Ilumina libros u otras cosas para que se destaquen.<\/li>\n\n\n\n<li>Lights in the closet and wardrobe:\u00a0 Make it easy to\u00a0find things.<\/li>\n\n\n\n<li>Vitrinas: Mant\u00e9n tus cosas favoritas seguras y bien iluminadas.<\/li>\n<\/ul>\n<\/div><\/div>\n\n\n\n<div class=\"wp-block-group\" style=\"padding-top:var(--wp--preset--spacing--80);padding-bottom:var(--wp--preset--spacing--80)\"><div class=\"wp-block-group__inner-container is-layout-constrained wp-block-group-is-layout-constrained\">\n<h2 class=\"wp-block-heading\" style=\"padding-top:var(--wp--preset--spacing--40);padding-bottom:var(--wp--preset--spacing--40);font-size:25px;font-style:normal;font-weight:600;text-transform:capitalize\">what&#8217;s in a kit?<\/h2>\n\n\n\n<ul class=\"wp-block-list\">\n<li>1 x Canal U de aluminio negro<\/li>\n\n\n\n<li>1 x Difusor opalino esmerilado<\/li>\n\n\n\n<li>2 tapas de extremo <\/li>\n\n\n\n<li>2 clips de montaje <\/li>\n<\/ul>\n<\/div><\/div>\n\n\n\n<div class=\"wp-block-group has-background\" style=\"background-color:#f2f2f2f2;padding-top:var(--wp--preset--spacing--80);padding-bottom:var(--wp--preset--spacing--80)\"><div class=\"wp-block-group__inner-container is-layout-constrained wp-block-group-is-layout-constrained\">\n<h2 class=\"wp-block-heading\" style=\"font-size:25px;font-style:normal;font-weight:600\">Perfiles LED relacionados que te podr\u00edan gustar<\/h2>\n\n\n\n<ul class=\"wp-block-list\">\n<li>Echa un vistazo a la <a href=\"https:\/\/tangooled.com\/es\/product\/black-led-profile-with-black-diffuser-for-10mm-led-strip-light\/\"><mark style=\"background-color:rgba(0, 0, 0, 0)\" class=\"has-inline-color has-vivid-red-color\">Perfil LED negro con difusor negro para tira de LED de 10mm <\/mark><\/a>para m\u00e1s opciones de estilo.<\/li>\n\n\n\n<li>\u00bfNecesitas una opci\u00f3n m\u00e1s ancha? Consulta el<a href=\"https:\/\/tangooled.com\/es\/product\/black-led-diffuser-aluminum-channel-for-12mm-tape-lights\/\"><mark style=\"background-color:rgba(0, 0, 0, 0)\" class=\"has-inline-color has-vivid-red-color\"> Canal de aluminio difusor LED negro para luces de cinta de 12mm<\/mark><\/a>.<\/li>\n\n\n\n<li>Explorar <a href=\"https:\/\/tangooled.com\/es\/product\/led-strip-light-channel-aluminum-profile-with-diffused-cover-6mm-height\/\"><mark style=\"background-color:rgba(0, 0, 0, 0)\" class=\"has-inline-color has-vivid-red-color\">Perfil de aluminio para tira LED con cubierta difusora de 6mm de altura<\/mark><\/a> para instalaciones vers\u00e1tiles.<\/li>\n\n\n\n<li>Para dise\u00f1os ultra delgados, explora el <a href=\"https:\/\/tangooled.com\/es\/product\/surface-mount-led-profile-with-frosted-diffuser-for-10mm-rope-lights\/\"><mark style=\"background-color:rgba(0, 0, 0, 0)\" class=\"has-inline-color has-vivid-red-color\">Perfil LED de montaje en superficie con difusor mate para luces de cuerda de 10mm<\/mark><\/a> para mantener tu iluminaci\u00f3n al ras y refinada.<\/li>\n<\/ul>\n<\/div><\/div>\n\n\n\n<div class=\"wp-block-group\" style=\"padding-top:var(--wp--preset--spacing--80);padding-bottom:var(--wp--preset--spacing--80)\"><div class=\"wp-block-group__inner-container is-layout-constrained wp-block-group-is-layout-constrained\">\n<h2 class=\"wp-block-heading\" style=\"padding-top:var(--wp--preset--spacing--40);padding-bottom:var(--wp--preset--spacing--40);font-size:25px;font-style:normal;font-weight:600;text-transform:capitalize\">Resumen<\/h2>\n\n\n\n<p>Our black aluminum U channel is the best way to\u00a0display\u00a0your 10mm LED profile strips in a clean, safe style. It has a smooth black finish, makes your lights last longer, and covers surface-mount LED strips so they glow evenly. Get the black aluminum U channel profile for 10mm LED strips today and let your project glow with smooth, bright light!<\/p>\n<\/div><\/div>\n\n\n\n<p><\/p>","protected":false},"featured_media":40747,"template":"","meta":{"_acf_changed":true,"_seopress_robots_primary_cat":"none","_seopress_titles_title":"Black Aluminum U Channel for 10mm LED Strips | TANGOOLED","_seopress_titles_desc":"Source the IFP03 black aluminum U channel profile. Perfect for 10mm LED strips, offering a sleek housing and excellent heat dissipation for modern lighting projects.","_seopress_robots_index":""},"pcb-width":[228],"product-cat":[192],"class_list":{"0":"post-44685","1":"product","2":"type-product","3":"status-publish","4":"has-post-thumbnail","6":"pcb-width-6-12mm","7":"product-cat-surface-led-profile"},"acf":[],"_links":{"self":[{"href":"https:\/\/tangooled.com\/es\/wp-json\/wp\/v2\/product\/44685","targetHints":{"allow":["GET"]}}],"collection":[{"href":"https:\/\/tangooled.com\/es\/wp-json\/wp\/v2\/product"}],"about":[{"href":"https:\/\/tangooled.com\/es\/wp-json\/wp\/v2\/types\/product"}],"wp:featuredmedia":[{"embeddable":true,"href":"https:\/\/tangooled.com\/es\/wp-json\/wp\/v2\/media\/40747"}],"wp:attachment":[{"href":"https:\/\/tangooled.com\/es\/wp-json\/wp\/v2\/media?parent=44685"}],"wp:term":[{"taxonomy":"pcb-width","embeddable":true,"href":"https:\/\/tangooled.com\/es\/wp-json\/wp\/v2\/pcb-width?post=44685"},{"taxonomy":"product-cat","embeddable":true,"href":"https:\/\/tangooled.com\/es\/wp-json\/wp\/v2\/product-cat?post=44685"}],"curies":[{"name":"wp","href":"https:\/\/api.w.org\/{rel}","templated":true}]}}