{"id":44683,"date":"2026-01-03T01:46:21","date_gmt":"2026-01-03T09:46:21","guid":{"rendered":"https:\/\/tangooled.com\/?post_type=product&#038;p=44683"},"modified":"2026-01-31T07:33:26","modified_gmt":"2026-01-31T15:33:26","slug":"surface-mount-led-profile-with-frosted-diffuser-for-10mm-rope-lights","status":"publish","type":"product","link":"https:\/\/tangooled.com\/es\/product\/surface-mount-led-profile-with-frosted-diffuser-for-10mm-rope-lights\/","title":{"rendered":"perfil de led de montaje en superficie con difusor esmerilado para luces de cuerda de 10 mm"},"content":{"rendered":"<div class=\"wp-block-group\" style=\"padding-top:var(--wp--preset--spacing--80);padding-bottom:var(--wp--preset--spacing--80)\"><div class=\"wp-block-group__inner-container is-layout-constrained wp-block-group-is-layout-constrained\">\n<p>Nuestro perfil de LED de montaje en superficie FP04 con difusor esmerilado har\u00e1 que sus luces LED brillen de manera intensa y suave. Este canal de aluminio con difusor esmerilado est\u00e1 dise\u00f1ado espec\u00edficamente para luces de cuerda de 10 mm y tiras de LED, asegurando un ajuste perfecto para la iluminaci\u00f3n lineal. La cubierta de difusor esmerilado en el canal de aluminio protege la tira de LED, permitiendo que el calor se disipe m\u00e1s f\u00e1cilmente, y proporciona una luz suave, uniforme y sin puntos. La instalaci\u00f3n es simple y f\u00e1cil. Puede usar clips o cinta adhesiva para montarlo en una superficie. El perfil es ideal para iluminar techos, paredes o debajo de armarios.<\/p>\n<\/div><\/div>\n\n\n\n<div class=\"wp-block-group has-background\" style=\"background-color:#f2f2f2f2;padding-top:var(--wp--preset--spacing--80);padding-bottom:var(--wp--preset--spacing--80)\"><div class=\"wp-block-group__inner-container is-layout-constrained wp-block-group-is-layout-constrained\">\n<div class=\"wp-block-group is-vertical is-layout-flex wp-container-core-group-is-layout-8cf370e7 wp-block-group-is-layout-flex\">\n<h2 class=\"wp-block-heading\" style=\"padding-top:var(--wp--preset--spacing--40);padding-bottom:var(--wp--preset--spacing--40);font-size:25px;font-style:normal;font-weight:600;text-transform:capitalize\">\u00bfPor qu\u00e9 elegir nuestro perfil de LED con difusor esmerilado?<\/h2>\n\n\n\n<ul class=\"wp-block-list\">\n<li>Luz suave y uniforme: El difusor opalino (esmerilado) hace que los puntos LED se vean como una l\u00ednea brillante.<\/li>\n\n\n\n<li>Carcasa de aluminio resistente: El cuerpo de aluminio anodizado es de alta calidad y funciona como un disipador de calor. Mantiene sus tiras de LED frescas y las hace durar m\u00e1s.<\/li>\n\n\n\n<li>Ajuste perfecto: Estos est\u00e1n hechos para tiras de LED y luces de cuerda que son de 10 mm de ancho, como las populares SMD 5050, 2835, 3528 y COB.<\/li>\n\n\n\n<li>F\u00e1cil de montar: Viene con clips, tornillos y tapas finales para que lo instale en superficies planas como paredes o detr\u00e1s de armarios.<\/li>\n\n\n\n<li>Diferentes colores: Puede elegir entre acabados en plata, negro o blanco para complementar el estilo de su hogar o proyecto.<\/li>\n<\/ul>\n<\/div>\n<\/div><\/div>\n\n\n\n<div class=\"wp-block-group\" style=\"padding-top:var(--wp--preset--spacing--80);padding-bottom:var(--wp--preset--spacing--80)\"><div class=\"wp-block-group__inner-container is-layout-constrained wp-block-group-is-layout-constrained\">\n<div class=\"wp-block-media-text has-media-on-the-right is-stacked-on-mobile\" style=\"padding-top:0;padding-bottom:0;grid-template-columns:auto 40%\"><div class=\"wp-block-media-text__content\">\n<h2 class=\"wp-block-heading\" style=\"font-size:25px;font-style:normal;font-weight:600;text-transform:capitalize\">Gu\u00eda de instalaci\u00f3n f\u00e1cil<\/h2>\n\n\n\n<ul class=\"wp-block-list\">\n<li>Corte y mida el perfil a la longitud que desee.<\/li>\n\n\n\n<li>Coloque clips de montaje seguros en su techo, pared o armario.<\/li>\n\n\n\n<li>Inserte el perfil de aluminio en los clips.<\/li>\n\n\n\n<li>Coloque su tira de LED o luz de cuerda de 10 mm en el canal.<\/li>\n\n\n\n<li>Para hacer que la luz se distribuya de manera uniforme, coloque la cubierta de difusor esmerilado en la parte superior.<\/li>\n\n\n\n<li>Coloque las tapas finales para completar una instalaci\u00f3n ordenada.<\/li>\n<\/ul>\n<\/div><figure class=\"wp-block-media-text__media\"><img loading=\"lazy\" decoding=\"async\" width=\"500\" height=\"500\" src=\"https:\/\/tangooled.com\/wp-content\/uploads\/2026\/01\/fp04-ins.webp\" alt=\"perfil de led de montaje en superficie con difusor esmerilado para luces de cuerda de 10 mm\" class=\"wp-image-44684 size-full\" srcset=\"https:\/\/tangooled.com\/wp-content\/uploads\/2026\/01\/fp04-ins.webp 500w, https:\/\/tangooled.com\/wp-content\/uploads\/2026\/01\/fp04-ins-300x300.webp 300w, https:\/\/tangooled.com\/wp-content\/uploads\/2026\/01\/fp04-ins-150x150.webp 150w\" sizes=\"auto, (max-width: 500px) 100vw, 500px\" \/><\/figure><\/div>\n<\/div><\/div>\n\n\n\n<div class=\"wp-block-group has-background\" style=\"background-color:#f2f2f2;padding-top:var(--wp--preset--spacing--80);padding-bottom:var(--wp--preset--spacing--80)\"><div class=\"wp-block-group__inner-container is-layout-constrained wp-block-group-is-layout-constrained\">\n<h2 class=\"wp-block-heading\" style=\"padding-top:var(--wp--preset--spacing--40);padding-bottom:var(--wp--preset--spacing--40);font-size:25px;font-style:normal;font-weight:600;text-transform:capitalize\">\u00bfQu\u00e9 incluye?<\/h2>\n\n\n\n<ul class=\"wp-block-list\">\n<li>Canal de perfil de LED de aluminio<\/li>\n\n\n\n<li>Difusor esmerilado a presi\u00f3n&nbsp;<\/li>\n\n\n\n<li>Clips y tornillos de montaje&nbsp;<\/li>\n\n\n\n<li>Tapas finales (una con un agujero para un cable y una s\u00f3lida)<\/li>\n<\/ul>\n<\/div><\/div>\n\n\n\n<div class=\"wp-block-group\" style=\"padding-top:var(--wp--preset--spacing--80);padding-bottom:var(--wp--preset--spacing--80)\"><div class=\"wp-block-group__inner-container is-layout-constrained wp-block-group-is-layout-constrained\">\n<h2 class=\"wp-block-heading\" style=\"padding-top:var(--wp--preset--spacing--40);padding-bottom:var(--wp--preset--spacing--40);font-size:25px;font-style:normal;font-weight:600;text-transform:capitalize\">\u00bfD\u00f3nde usar este perfil de LED de montaje en superficie?<\/h2>\n\n\n\n<ul class=\"wp-block-list\">\n<li>La iluminaci\u00f3n bajo el armario es ideal para estantes y encimeras de cocina.<\/li>\n\n\n\n<li>La iluminaci\u00f3n en armarios y closets ilumina \u00e1reas de almacenamiento oscuras.&nbsp;<\/li>\n\n\n\n<li>La iluminaci\u00f3n de acento en coves y techos a\u00f1ade luz suave e indirecta a las habitaciones.&nbsp;<\/li>\n\n\n\n<li>Los escaparates utilizan luz uniforme para hacer que los productos destaquen.&nbsp;<\/li>\n\n\n\n<li>La iluminaci\u00f3n de estanter\u00edas y escaleras a\u00f1ade estilo y seguridad con un brillo lineal.<\/li>\n<\/ul>\n<\/div><\/div>\n\n\n\n<div class=\"wp-block-group has-background\" style=\"background-color:#f2f2f2f2;padding-top:var(--wp--preset--spacing--80);padding-bottom:var(--wp--preset--spacing--80)\"><div class=\"wp-block-group__inner-container is-layout-constrained wp-block-group-is-layout-constrained\">\n<h2 class=\"wp-block-heading\" style=\"font-size:25px;font-style:normal;font-weight:600\">Enlaces internos relacionados<\/h2>\n\n\n\n<ul class=\"wp-block-list\">\n<li>Echa un vistazo a la <a href=\"https:\/\/tangooled.com\/es\/product\/black-led-profile-with-black-diffuser-for-10mm-led-strip-light\/\"><mark style=\"background-color:rgba(0, 0, 0, 0)\" class=\"has-inline-color has-vivid-red-color\">perfil LED negro con difusor negro para tira LED de 10 mm<\/mark><\/a> \u2014 great if you want a dark finish.<\/li>\n\n\n\n<li>Para perfiles m\u00e1s delgados, vea el <a href=\"https:\/\/tangooled.com\/es\/product\/led-strip-light-channel-aluminum-profile-with-diffused-cover-6mm-height\/\"><mark style=\"background-color:rgba(0, 0, 0, 0)\" class=\"has-inline-color has-vivid-red-color\">Perfil de aluminio para canal de luz LED con cubierta difusa de 6 mm de altura<\/mark><\/a>.<\/li>\n\n\n\n<li>Para iluminaci\u00f3n de armarios, pruebe el <a href=\"https:\/\/tangooled.com\/es\/product\/cabinet-led-strip-channel-with-diffuser-for-double-led-strips\/\"><mark style=\"background-color:rgba(0, 0, 0, 0)\" class=\"has-inline-color has-vivid-red-color\">canal de tira LED para armarios con difusor para tiras de LED dobles<\/mark><\/a>.<\/li>\n\n\n\n<li>Descubra m\u00e1s perfiles como el <a href=\"https:\/\/tangooled.com\/es\/product\/25x6mm-low-profile-led-strip-channel-for-10mm-led-strip-light\/\"><mark style=\"background-color:rgba(0, 0, 0, 0)\" class=\"has-inline-color has-vivid-red-color\">canal de tira LED de perfil bajo 25x6mm para luz de tira LED de 10 mm.<\/mark><\/a><\/li>\n<\/ul>\n<\/div><\/div>\n\n\n\n<div class=\"wp-block-group\" style=\"padding-top:var(--wp--preset--spacing--80);padding-bottom:var(--wp--preset--spacing--80)\"><div class=\"wp-block-group__inner-container is-layout-constrained wp-block-group-is-layout-constrained\">\n<h2 class=\"wp-block-heading\" style=\"padding-top:var(--wp--preset--spacing--40);padding-bottom:var(--wp--preset--spacing--40);font-size:25px;font-style:normal;font-weight:600;text-transform:capitalize\">resumen<\/h2>\n\n\n\n<p>Our surface mount LED profile with frosted diffuser for 10mm rope lights is a great way to make your LED strip lighting look better and last longer. It spreads light evenly, reduces heat, and is easy to install, so it&#8217;s great for both residential and business projects.<\/p>\n<\/div><\/div>\n\n\n\n<p><\/p>","protected":false},"featured_media":13301,"template":"","meta":{"_acf_changed":true,"_seopress_robots_primary_cat":"none","_seopress_titles_title":"LED Profile with Frosted Diffuser | Surface Mount | TANGOOLED","_seopress_titles_desc":"Source the FP04 surface mount LED profile with frosted diffuser. Designed for 10mm rope lights to provide smooth, dot-free illumination for modern interiors.","_seopress_robots_index":""},"pcb-width":[228],"product-cat":[192],"class_list":{"0":"post-44683","1":"product","2":"type-product","3":"status-publish","4":"has-post-thumbnail","6":"pcb-width-6-12mm","7":"product-cat-surface-led-profile"},"acf":[],"_links":{"self":[{"href":"https:\/\/tangooled.com\/es\/wp-json\/wp\/v2\/product\/44683","targetHints":{"allow":["GET"]}}],"collection":[{"href":"https:\/\/tangooled.com\/es\/wp-json\/wp\/v2\/product"}],"about":[{"href":"https:\/\/tangooled.com\/es\/wp-json\/wp\/v2\/types\/product"}],"wp:featuredmedia":[{"embeddable":true,"href":"https:\/\/tangooled.com\/es\/wp-json\/wp\/v2\/media\/13301"}],"wp:attachment":[{"href":"https:\/\/tangooled.com\/es\/wp-json\/wp\/v2\/media?parent=44683"}],"wp:term":[{"taxonomy":"pcb-width","embeddable":true,"href":"https:\/\/tangooled.com\/es\/wp-json\/wp\/v2\/pcb-width?post=44683"},{"taxonomy":"product-cat","embeddable":true,"href":"https:\/\/tangooled.com\/es\/wp-json\/wp\/v2\/product-cat?post=44683"}],"curies":[{"name":"wp","href":"https:\/\/api.w.org\/{rel}","templated":true}]}}