{"id":44679,"date":"2026-01-03T01:39:43","date_gmt":"2026-01-03T09:39:43","guid":{"rendered":"https:\/\/tangooled.com\/?post_type=product&#038;p=44679"},"modified":"2026-01-29T17:30:56","modified_gmt":"2026-01-30T01:30:56","slug":"led-strip-light-channel-aluminum-profile-with-diffused-cover-6mm-height","status":"publish","type":"product","link":"https:\/\/tangooled.com\/es\/product\/led-strip-light-channel-aluminum-profile-with-diffused-cover-6mm-height\/","title":{"rendered":"Perfil de aluminio para canal de luz LED con cubierta difusa de 6 mm de altura"},"content":{"rendered":"<div class=\"wp-block-group\" style=\"padding-top:var(--wp--preset--spacing--80);padding-bottom:var(--wp--preset--spacing--80)\"><div class=\"wp-block-group__inner-container is-layout-constrained wp-block-group-is-layout-constrained\">\n<p>Nuestro canal de tira LED ultra delgado FP03 con cubierta difusa mejorar\u00e1 tu iluminaci\u00f3n. Este perfil de aluminio delgado es adecuado para tiras LED de hasta 10 mm de ancho. Solo tiene 6.0 mm de alto y 15.2 mm de ancho por fuera, y tiene un canal interior de 11.2 mm que permite que se sit\u00fae bajo. El robusto canal de aluminio y la cubierta difusa protegen la tira, ayudan a enfriarla m\u00e1s r\u00e1pido y aseguran que la salida sea suave, uniforme y libre de puntos. Puedes instalar f\u00e1cilmente este canal atornill\u00e1ndolo o peg\u00e1ndolo a cualquier superficie plana. Esto lo hace muy flexible. Este canal es una excelente opci\u00f3n para hogares, negocios o minoristas que desean iluminaci\u00f3n lineal que luzca limpia, moderna y de alta calidad.<\/p>\n<\/div><\/div>\n\n\n\n<div class=\"wp-block-group has-background\" style=\"background-color:#f2f2f2f2;padding-top:var(--wp--preset--spacing--80);padding-bottom:var(--wp--preset--spacing--80)\"><div class=\"wp-block-group__inner-container is-layout-constrained wp-block-group-is-layout-constrained\">\n<div class=\"wp-block-group is-vertical is-layout-flex wp-container-core-group-is-layout-8cf370e7 wp-block-group-is-layout-flex\">\n<h2 class=\"wp-block-heading\" style=\"padding-top:var(--wp--preset--spacing--40);padding-bottom:var(--wp--preset--spacing--40);font-size:25px;font-style:normal;font-weight:600;text-transform:capitalize\">\u00bfPor qu\u00e9 elegir nuestro canal de tira LED con cubierta difusa?<\/h2>\n\n\n\n<ul class=\"wp-block-list\">\n<li>Slim Design: Only 6mm tall, so it&#8217;s great for places where you want tidy, clean lighting.<\/li>\n\n\n\n<li>El disipador de calor est\u00e1 hecho de aluminio 6063. Mantiene tus tiras LED fr\u00edas para que duren m\u00e1s.<\/li>\n\n\n\n<li>Luz suave: La cubierta de policarbonato esmerilada suaviza la luz, eliminando los puntos brillantes y proporcionando un hermoso brillo.<\/li>\n\n\n\n<li>Protege tus LEDs: Evita que el polvo y la suciedad se acumulen en tus tiras LED.<\/li>\n\n\n\n<li>F\u00e1cil de usar: Viene con clips y tapas de extremo que facilitan su instalaci\u00f3n.<\/li>\n\n\n\n<li>Compatible con la mayor\u00eda de las tiras: Dise\u00f1ado para tiras LED de 10 a 12 mm de ancho.<\/li>\n<\/ul>\n<\/div>\n<\/div><\/div>\n\n\n\n<div class=\"wp-block-group\" style=\"padding-top:var(--wp--preset--spacing--80);padding-bottom:var(--wp--preset--spacing--80)\"><div class=\"wp-block-group__inner-container is-layout-constrained wp-block-group-is-layout-constrained\">\n<div class=\"wp-block-media-text has-media-on-the-right is-stacked-on-mobile\" style=\"padding-top:0;padding-bottom:0;grid-template-columns:auto 40%\"><div class=\"wp-block-media-text__content\">\n<h2 class=\"wp-block-heading\" style=\"font-size:25px;font-style:normal;font-weight:600;text-transform:capitalize\">C\u00f3mo instalar tu canal de tira LED con cubierta difusa<\/h2>\n\n\n\n<ul class=\"wp-block-list\">\n<li>Verifica el ancho de tu tira LED para asegurarte de que encaje en el canal (no m\u00e1s de 10 mm).<\/li>\n\n\n\n<li>Usa clips de montaje para asegurar el perfil de aluminio a las superficies.<\/li>\n\n\n\n<li>Coloca la tira LED dentro del canal. La parte posterior adhesiva la mantiene en su lugar.<\/li>\n\n\n\n<li>Para completarlo, coloca o desliza la cubierta difusora esmerilada.<\/li>\n\n\n\n<li>Usa tapas de extremo para cerrar los extremos.<\/li>\n<\/ul>\n<\/div><figure class=\"wp-block-media-text__media\"><img loading=\"lazy\" decoding=\"async\" width=\"500\" height=\"500\" src=\"https:\/\/tangooled.com\/wp-content\/uploads\/2026\/01\/fp03-ins.webp\" alt=\"canal de aluminio difusor de led negro para luces de cinta de 12 mm\" class=\"wp-image-44680 size-full\" srcset=\"https:\/\/tangooled.com\/wp-content\/uploads\/2026\/01\/fp03-ins.webp 500w, https:\/\/tangooled.com\/wp-content\/uploads\/2026\/01\/fp03-ins-300x300.webp 300w, https:\/\/tangooled.com\/wp-content\/uploads\/2026\/01\/fp03-ins-150x150.webp 150w\" sizes=\"auto, (max-width: 500px) 100vw, 500px\" \/><\/figure><\/div>\n<\/div><\/div>\n\n\n\n<div class=\"wp-block-group has-background\" style=\"background-color:#f2f2f2;padding-top:var(--wp--preset--spacing--80);padding-bottom:var(--wp--preset--spacing--80)\"><div class=\"wp-block-group__inner-container is-layout-constrained wp-block-group-is-layout-constrained\">\n<h2 class=\"wp-block-heading\" style=\"padding-top:var(--wp--preset--spacing--40);padding-bottom:var(--wp--preset--spacing--40);font-size:25px;font-style:normal;font-weight:600;text-transform:capitalize\">D\u00f3nde usar este canal de tira LED con cubierta difusa<\/h2>\n\n\n\n<ul class=\"wp-block-list\">\n<li>Iluminaci\u00f3n para la cocina y debajo de los armarios: Usa luz clara y suave que se adapte a espacios peque\u00f1os para iluminar tus encimeras.<\/li>\n\n\n\n<li>Vitrinas y estanter\u00edas: Perfecto para estanter\u00edas de vidrio o madera, esta luz resalta los productos con una luz brillante y constante y un estilo elegante.<\/li>\n\n\n\n<li>Iluminaci\u00f3n para el mobiliario: Puedes integrar tu luz dentro de bibliotecas, mesas o armarios para que luzcan bien y funcionen bien.<\/li>\n\n\n\n<li>Luces de cove y acentos: Agrega l\u00edneas de luz suave y discreta a las paredes o al techo para mantener tu espacio moderno y actual.<\/li>\n<\/ul>\n<\/div><\/div>\n\n\n\n<div class=\"wp-block-group\" style=\"padding-top:var(--wp--preset--spacing--80);padding-bottom:var(--wp--preset--spacing--80)\"><div class=\"wp-block-group__inner-container is-layout-constrained wp-block-group-is-layout-constrained\">\n<h2 class=\"wp-block-heading\" style=\"padding-top:var(--wp--preset--spacing--40);padding-bottom:var(--wp--preset--spacing--40);font-size:25px;font-style:normal;font-weight:600;text-transform:capitalize\">What\u2019s Inside the Box?<\/h2>\n\n\n\n<ul class=\"wp-block-list\">\n<li>1x canal de tira LED de aluminio (puedes elegir la longitud que desees)&nbsp;<\/li>\n\n\n\n<li>1x cubierta difusa esmerilada&nbsp;<\/li>\n\n\n\n<li>2x clips de montaje por cada metro<\/li>\n\n\n\n<li>2x tapas de extremo (una con un agujero para cables y una s\u00f3lida) <\/li>\n<\/ul>\n<\/div><\/div>\n\n\n\n<div class=\"wp-block-group has-background\" style=\"background-color:#f2f2f2f2;padding-top:var(--wp--preset--spacing--40);padding-bottom:var(--wp--preset--spacing--40)\"><div class=\"wp-block-group__inner-container is-layout-constrained wp-block-group-is-layout-constrained\">\n<p style=\"padding-right:var(--wp--preset--spacing--50);padding-left:var(--wp--preset--spacing--50)\">Este canal de tira LED con una cubierta difusa es una excelente opci\u00f3n para tus aplicaciones de cinta LED delgada. Mantiene las cosas seguras, las enfr\u00eda y proporciona una luz suave y brillante. Este producto es muy f\u00e1cil de instalar y ofrece iluminaci\u00f3n de calidad profesional para armarios, estanter\u00edas o muebles.<\/p>\n<\/div><\/div>\n\n\n\n<p><\/p>","protected":false},"featured_media":13249,"template":"","meta":{"_acf_changed":true,"_seopress_robots_primary_cat":"none","_seopress_titles_title":"LED Strip Channel with Diffused Cover | 6mm Ultra-Slim | TANGOOLED","_seopress_titles_desc":"Source the FP03 LED strip channel with diffused cover. Features a 6mm ultra-slim aluminum profile for discrete surface mounting in furniture and cabinets.","_seopress_robots_index":""},"pcb-width":[228],"product-cat":[192],"class_list":{"0":"post-44679","1":"product","2":"type-product","3":"status-publish","4":"has-post-thumbnail","6":"pcb-width-6-12mm","7":"product-cat-surface-led-profile"},"acf":[],"_links":{"self":[{"href":"https:\/\/tangooled.com\/es\/wp-json\/wp\/v2\/product\/44679","targetHints":{"allow":["GET"]}}],"collection":[{"href":"https:\/\/tangooled.com\/es\/wp-json\/wp\/v2\/product"}],"about":[{"href":"https:\/\/tangooled.com\/es\/wp-json\/wp\/v2\/types\/product"}],"wp:featuredmedia":[{"embeddable":true,"href":"https:\/\/tangooled.com\/es\/wp-json\/wp\/v2\/media\/13249"}],"wp:attachment":[{"href":"https:\/\/tangooled.com\/es\/wp-json\/wp\/v2\/media?parent=44679"}],"wp:term":[{"taxonomy":"pcb-width","embeddable":true,"href":"https:\/\/tangooled.com\/es\/wp-json\/wp\/v2\/pcb-width?post=44679"},{"taxonomy":"product-cat","embeddable":true,"href":"https:\/\/tangooled.com\/es\/wp-json\/wp\/v2\/product-cat?post=44679"}],"curies":[{"name":"wp","href":"https:\/\/api.w.org\/{rel}","templated":true}]}}