{"id":44676,"date":"2026-01-03T01:31:00","date_gmt":"2026-01-03T09:31:00","guid":{"rendered":"https:\/\/tangooled.com\/?post_type=product&#038;p=44676"},"modified":"2026-01-29T23:29:11","modified_gmt":"2026-01-30T07:29:11","slug":"black-led-diffuser-aluminum-channel-for-12mm-tape-lights","status":"publish","type":"product","link":"https:\/\/tangooled.com\/es\/product\/black-led-diffuser-aluminum-channel-for-12mm-tape-lights\/","title":{"rendered":"canal de aluminio difusor LED negro para luces de cinta de 12 mm"},"content":{"rendered":"<div class=\"wp-block-group\" style=\"padding-top:var(--wp--preset--spacing--80);padding-bottom:var(--wp--preset--spacing--80)\"><div class=\"wp-block-group__inner-container is-layout-constrained wp-block-group-is-layout-constrained\">\n<p>Nuestro canal difusor LED negro para tiras de 12mm es una excelente opci\u00f3n para iluminaci\u00f3n lineal moderna. El exterior de este fuerte perfil de aluminio mide 17.2mm de ancho y 15.3mm de alto, mientras que el interior es de 12.2mm, que se adapta a la mayor\u00eda de las luces de cinta de 12mm. Protege tus tiras LED y es importante para el enfriamiento, lo que hace que duren m\u00e1s. Este canal es f\u00e1cil de fijar a cualquier superficie plana con cinta adhesiva o clips de montaje. La cubierta difusora negra ahumada hace que la salida de luz sea suave, suave y uniforme. Este canal LED negro te ayudar\u00e1 a configurar luces inteligentes que se ven elegantes, limpias y elegantes.<\/p>\n<\/div><\/div>\n\n\n\n<div class=\"wp-block-group has-background\" style=\"background-color:#f2f2f2f2;padding-top:var(--wp--preset--spacing--80);padding-bottom:var(--wp--preset--spacing--80)\"><div class=\"wp-block-group__inner-container is-layout-constrained wp-block-group-is-layout-constrained\">\n<div class=\"wp-block-group is-vertical is-layout-flex wp-container-core-group-is-layout-8cf370e7 wp-block-group-is-layout-flex\">\n<h2 class=\"wp-block-heading\" style=\"padding-top:var(--wp--preset--spacing--40);padding-bottom:var(--wp--preset--spacing--40);font-size:25px;font-style:normal;font-weight:600;text-transform:capitalize\">\u00bfPor qu\u00e9 elegir nuestro canal difusor LED negro para luces de cinta de 12mm?<\/h2>\n\n\n\n<ul class=\"wp-block-list\">\n<li>Se adapta perfectamente a las luces de tira LED de 12mm<\/li>\n\n\n\n<li>El aluminio fuerte mantiene las luces seguras y frescas<\/li>\n\n\n\n<li>El acabado negro se ve genial y se adapta a muchos espacios<\/li>\n\n\n\n<li>La cubierta difusora hace que la luz sea suave y uniforme<\/li>\n\n\n\n<li>Se puede montar en superficie o empotrar para instalaciones limpias<\/li>\n<\/ul>\n<\/div>\n\n\n\n<p style=\"padding-top:var(--wp--preset--spacing--40);padding-right:var(--wp--preset--spacing--50);padding-bottom:var(--wp--preset--spacing--40);padding-left:var(--wp--preset--spacing--50)\">Este canal difusor LED negro de aluminio hace que tu luz brille suavemente. El perfil de la luz de cinta de 12mm se adapta perfectamente en su interior. El acabado negro oculta el canal y mantiene tu espacio elegante. Montalo en la pared o esc\u00f3ndelo en la pared de yeso para un aspecto ordenado. Es un canal de superficie, por lo que se puede agregar f\u00e1cilmente en cualquier lugar.<\/p>\n<\/div><\/div>\n\n\n\n<div class=\"wp-block-group\" style=\"padding-top:var(--wp--preset--spacing--80);padding-bottom:var(--wp--preset--spacing--80)\"><div class=\"wp-block-group__inner-container is-layout-constrained wp-block-group-is-layout-constrained\">\n<div class=\"wp-block-media-text has-media-on-the-right is-stacked-on-mobile\" style=\"padding-top:0;padding-bottom:0;grid-template-columns:auto 40%\"><div class=\"wp-block-media-text__content\">\n<h2 class=\"wp-block-heading\" style=\"font-size:25px;font-style:normal;font-weight:600;text-transform:capitalize\">C\u00f3mo instalar tu canal difusor LED negro de aluminio<\/h2>\n\n\n\n<ul class=\"wp-block-list\">\n<li>Elige el lugar donde quieres una luz ordenada.<\/li>\n\n\n\n<li>Usa los clips para fijar el canal de aluminio directamente a tu superficie.<\/li>\n\n\n\n<li>Coloca tu luz de cinta LED de 12mm en el canal.<\/li>\n\n\n\n<li>Coloca la cubierta difusora negra. La luz brillar\u00e1 suavemente.<\/li>\n\n\n\n<li>Para un acabado impecable, a\u00f1ade tapas de extremo.<\/li>\n<\/ul>\n<\/div><figure class=\"wp-block-media-text__media\"><img loading=\"lazy\" decoding=\"async\" width=\"500\" height=\"500\" src=\"https:\/\/tangooled.com\/wp-content\/uploads\/2026\/01\/fp02-ins.webp\" alt=\"canal de aluminio difusor de led negro para luces de cinta de 12 mm\" class=\"wp-image-44677 size-full\" srcset=\"https:\/\/tangooled.com\/wp-content\/uploads\/2026\/01\/fp02-ins.webp 500w, https:\/\/tangooled.com\/wp-content\/uploads\/2026\/01\/fp02-ins-300x300.webp 300w, https:\/\/tangooled.com\/wp-content\/uploads\/2026\/01\/fp02-ins-150x150.webp 150w\" sizes=\"auto, (max-width: 500px) 100vw, 500px\" \/><\/figure><\/div>\n<\/div><\/div>\n\n\n\n<div class=\"wp-block-group has-background\" style=\"background-color:#f2f2f2;padding-top:var(--wp--preset--spacing--80);padding-bottom:var(--wp--preset--spacing--80)\"><div class=\"wp-block-group__inner-container is-layout-constrained wp-block-group-is-layout-constrained\">\n<h2 class=\"wp-block-heading\" style=\"padding-top:var(--wp--preset--spacing--40);padding-bottom:var(--wp--preset--spacing--40);font-size:25px;font-style:normal;font-weight:600;text-transform:capitalize\">\u00bfPara qu\u00e9 puedes usar esto?<\/h2>\n\n\n\n<p>Puedes usar este canal difusor LED negro de aluminio en muchos lugares:<\/p>\n\n\n\n<ul class=\"wp-block-list\">\n<li>iluminaci\u00f3n de trabajo brillante debajo de los gabinetes de cocina&nbsp;<\/li>\n\n\n\n<li>iluminaci\u00f3n de salpicaderos para hacer brillar tus paredes&nbsp;<\/li>\n\n\n\n<li>acentos suaves y brillantes en estanter\u00edas y muebles<\/li>\n\n\n\n<li>iluminaci\u00f3n de coves para luces de techo suaves<\/li>\n\n\n\n<li>armarios y closets para iluminar rincones oscuros<\/li>\n<\/ul>\n<\/div><\/div>\n\n\n\n<div class=\"wp-block-group\" style=\"padding-top:var(--wp--preset--spacing--80);padding-bottom:var(--wp--preset--spacing--80)\"><div class=\"wp-block-group__inner-container is-layout-constrained wp-block-group-is-layout-constrained\">\n<h2 class=\"wp-block-heading\" style=\"padding-top:var(--wp--preset--spacing--40);padding-bottom:var(--wp--preset--spacing--40);font-size:25px;font-style:normal;font-weight:600;text-transform:capitalize\">resumen<\/h2>\n\n\n\n<p>If you want tidy and safe LED lighting, our black LED diffuser aluminum channel for 12mm tape light profile is the ideal choice. It keeps your lights safe, puts forth soft, steady light, and looks excellent in any room. You can use it as a surface mount channel or put it into walls or furniture for a stylish look. It&#8217;s great for cove lighting, accent lighting, under-cabinet lighting, and more. Also explore these for more ideas: <a href=\"https:\/\/tangooled.com\/es\/product\/black-led-profile-with-black-diffuser-for-10mm-led-strip-light\/\"><mark style=\"background-color:rgba(0, 0, 0, 0)\" class=\"has-inline-color has-vivid-red-color\">Perfil LED negro con difusor negro para tira de LED de 10mm<\/mark><\/a>, <a href=\"https:\/\/tangooled.com\/es\/product\/surface-mount-led-profile-with-frosted-diffuser-for-10mm-rope-lights\/\"><mark style=\"background-color:rgba(0, 0, 0, 0)\" class=\"has-inline-color has-vivid-red-color\">Perfil LED de montaje en superficie con difusor esmerilado para luces de cuerda de 10 mm<\/mark><\/a>, <a href=\"https:\/\/tangooled.com\/es\/product\/25mm-u-shape-led-mounting-channel-for-15mm-double-row-led-strip-lights\/\"><mark style=\"background-color:rgba(0, 0, 0, 0)\" class=\"has-inline-color has-vivid-red-color\">Canal de montaje LED en forma de U de 25mm para luces de tira LED de doble fila de 15mm<\/mark><\/a>.<\/p>\n<\/div><\/div>\n\n\n\n<p><\/p>","protected":false},"featured_media":37468,"template":"","meta":{"_acf_changed":true,"_seopress_robots_primary_cat":"none","_seopress_titles_title":"Black Diffuser LED Channel | Fits 12mm Tape Lights | TANGOOLED","_seopress_titles_desc":"Source the black diffuser LED channel. Engineered for 12mm tape lights to create a professional \"blackout\" aesthetic for commercial and retail lighting.","_seopress_robots_index":""},"pcb-width":[228],"product-cat":[192],"class_list":{"0":"post-44676","1":"product","2":"type-product","3":"status-publish","4":"has-post-thumbnail","6":"pcb-width-6-12mm","7":"product-cat-surface-led-profile"},"acf":[],"_links":{"self":[{"href":"https:\/\/tangooled.com\/es\/wp-json\/wp\/v2\/product\/44676","targetHints":{"allow":["GET"]}}],"collection":[{"href":"https:\/\/tangooled.com\/es\/wp-json\/wp\/v2\/product"}],"about":[{"href":"https:\/\/tangooled.com\/es\/wp-json\/wp\/v2\/types\/product"}],"wp:featuredmedia":[{"embeddable":true,"href":"https:\/\/tangooled.com\/es\/wp-json\/wp\/v2\/media\/37468"}],"wp:attachment":[{"href":"https:\/\/tangooled.com\/es\/wp-json\/wp\/v2\/media?parent=44676"}],"wp:term":[{"taxonomy":"pcb-width","embeddable":true,"href":"https:\/\/tangooled.com\/es\/wp-json\/wp\/v2\/pcb-width?post=44676"},{"taxonomy":"product-cat","embeddable":true,"href":"https:\/\/tangooled.com\/es\/wp-json\/wp\/v2\/product-cat?post=44676"}],"curies":[{"name":"wp","href":"https:\/\/api.w.org\/{rel}","templated":true}]}}