{"id":43526,"date":"2025-12-30T02:06:06","date_gmt":"2025-12-30T10:06:06","guid":{"rendered":"https:\/\/tangooled.com\/?post_type=product&#038;p=43526"},"modified":"2026-02-02T22:31:40","modified_gmt":"2026-02-03T06:31:40","slug":"wide-slim-surface-mount-led-channel-35x13mm-s3513","status":"publish","type":"product","link":"https:\/\/tangooled.com\/es\/product\/wide-slim-surface-mount-led-channel-35x13mm-s3513\/","title":{"rendered":"Canal LED delgado de montaje en superficie de 35x13mm de ancho"},"content":{"rendered":"<div class=\"wp-block-group is-vertical is-layout-flex wp-container-core-group-is-layout-d255d7c4 wp-block-group-is-layout-flex\" style=\"padding-top:var(--wp--preset--spacing--80);padding-bottom:var(--wp--preset--spacing--80)\">\n<p>Nuestro canal LED delgado de montaje en superficie de 35x13mm es una excelente manera de iluminar cualquier habitaci\u00f3n. Hecho de aluminio anodizado duradero, este perfil act\u00faa como un fuerte alojamiento que mantiene tus luces LED con un aspecto limpio y n\u00edtido. El dise\u00f1o s\u00f3lido facilita la salida del calor, lo que protege tus tiras LED para que duren m\u00e1s y funcionen mejor. El canal es lo suficientemente ancho para acomodar tiras LED de hasta 26.5 mm, lo que lo hace compatible con luces COB o incluso tiras LED de alta densidad de doble fila.<br>This profile is a popular choice if you want to give your lighting a professional touch. It works well in all kinds of places, like homes, offices, and store displays. For a smooth, dotless glow, it\u2019s an ideal choice for under-cabinet lighting, cove lighting, or simply mounting it directly onto walls and ceilings.<\/p>\n<\/div>\n\n\n\n<div class=\"wp-block-group has-background is-vertical is-layout-flex wp-container-core-group-is-layout-d255d7c4 wp-block-group-is-layout-flex\" style=\"background-color:#f1f1f1;padding-top:var(--wp--preset--spacing--80);padding-bottom:var(--wp--preset--spacing--80)\">\n<div class=\"wp-block-group is-vertical is-layout-flex wp-container-core-group-is-layout-8cf370e7 wp-block-group-is-layout-flex\">\n<h2 class=\"wp-block-heading\" style=\"padding-top:var(--wp--preset--spacing--40);padding-bottom:var(--wp--preset--spacing--40);font-size:25px;font-style:normal;font-weight:600;text-transform:capitalize\">\u00bfPor qu\u00e9 elegir el canal LED de montaje en superficie de 35x13mm?<\/h2>\n\n\n\n<ul class=\"wp-block-list\">\n<li>El dise\u00f1o limpio y elegante oculta la cinta LED y los cables.<\/li>\n\n\n\n<li>El fuerte perfil de aluminio&nbsp;mantiene las tiras frescas, lo que hace que los LEDs duren m\u00e1s.<\/li>\n\n\n\n<li>La difusi\u00f3n de la luz hace que la iluminaci\u00f3n lineal sea suave y uniforme, sin puntos calientes.<\/li>\n\n\n\n<li>Mantiene las tiras LED a salvo de suciedad, polvo y contacto.<\/li>\n\n\n\n<li>It&#8217;s easy to attach to the surface with clips or adhesive.<\/li>\n\n\n\n<li>Ideal para iluminaci\u00f3n de acento, iluminaci\u00f3n ambiental o iluminaci\u00f3n de tareas.<\/li>\n<\/ul>\n<\/div>\n<\/div>\n\n\n\n<div class=\"wp-block-group\" style=\"padding-top:var(--wp--preset--spacing--60);padding-bottom:var(--wp--preset--spacing--60)\"><div class=\"wp-block-group__inner-container is-layout-constrained wp-block-group-is-layout-constrained\">\n<div class=\"wp-block-media-text has-media-on-the-right is-stacked-on-mobile\" style=\"grid-template-columns:auto 40%\"><div class=\"wp-block-media-text__content\">\n<h2 class=\"wp-block-heading\" style=\"padding-top:var(--wp--preset--spacing--40);padding-bottom:var(--wp--preset--spacing--40);font-size:25px;font-style:normal;font-weight:600;text-transform:capitalize\">C\u00f3mo instalar este canal<\/h2>\n\n\n\n<ul class=\"wp-block-list\">\n<li>Usa cinta o clips de montaje para asegurar la extrusi\u00f3n en su lugar en una superficie limpia y seca.<\/li>\n\n\n\n<li>Coloca la tira de luz LED dentro del canal de aluminio.<\/li>\n\n\n\n<li>Coloca la cubierta difusa de \u00f3palo sobre el difusor.<\/li>\n\n\n\n<li>Para mantener la tira y los cables seguros, coloca tapas en los extremos.<\/li>\n<\/ul>\n<\/div><figure class=\"wp-block-media-text__media\"><img loading=\"lazy\" decoding=\"async\" width=\"500\" height=\"500\" src=\"https:\/\/tangooled.com\/wp-content\/uploads\/2025\/12\/s3513-ins.webp\" alt=\"35x13mm surface mounting led extrusion channel\" class=\"wp-image-44670 size-full\" srcset=\"https:\/\/tangooled.com\/wp-content\/uploads\/2025\/12\/s3513-ins.webp 500w, https:\/\/tangooled.com\/wp-content\/uploads\/2025\/12\/s3513-ins-300x300.webp 300w, https:\/\/tangooled.com\/wp-content\/uploads\/2025\/12\/s3513-ins-150x150.webp 150w\" sizes=\"auto, (max-width: 500px) 100vw, 500px\" \/><\/figure><\/div>\n<\/div><\/div>\n\n\n\n<div class=\"wp-block-group has-background\" style=\"background-color:#f1f1f1f2;padding-top:var(--wp--preset--spacing--80);padding-bottom:var(--wp--preset--spacing--80)\"><div class=\"wp-block-group__inner-container is-layout-constrained wp-block-group-is-layout-constrained\">\n<h2 class=\"wp-block-heading\" style=\"padding-top:var(--wp--preset--spacing--40);padding-bottom:var(--wp--preset--spacing--40);font-size:25px;font-style:normal;font-weight:600\">D\u00f3nde usar este canal LED delgado de 35x13mm<\/h2>\n\n\n\n<p>Este alojamiento LED funciona bien en muchos lugares. Aqu\u00ed est\u00e1n las formas m\u00e1s comunes de usarlo:<\/p>\n\n\n\n<ul class=\"wp-block-list\">\n<li>Colocando luces debajo de gabinetes o armarios: Esto elimina el deslumbramiento y hace que los lugares de trabajo y estantes sean m\u00e1s brillantes.<\/li>\n\n\n\n<li>Iluminaci\u00f3n de cove para arquitectura: A\u00f1ade l\u00edneas n\u00edtidas de luz para dar un aspecto moderno.<\/li>\n\n\n\n<li>Exhibiciones y estantes de tiendas: La luz uniforme y llamativa hace que los productos resalten.<\/li>\n\n\n\n<li>Iluminaci\u00f3n de oficinas o lugares de trabajo: Este tipo de iluminaci\u00f3n proporciona una luz brillante y limpia, perfecta para estaciones de trabajo o \u00e1reas de trabajo.<\/li>\n\n\n\n<li>Colocando luces en la pared o el techo: Esto hace que los proyectos de iluminaci\u00f3n lineal se vean m\u00e1s profesionales.<\/li>\n<\/ul>\n<\/div><\/div>\n\n\n\n<div class=\"wp-block-group is-vertical is-layout-flex wp-container-core-group-is-layout-d255d7c4 wp-block-group-is-layout-flex\" style=\"padding-top:var(--wp--preset--spacing--80);padding-bottom:var(--wp--preset--spacing--80)\">\n<p>Para complementar el canal de extrusi\u00f3n de 35x13mm, quiz\u00e1s desees explorar el <a href=\"https:\/\/tangooled.com\/es\/product\/black-led-diffuser-aluminum-channel-for-12mm-tape-lights\/\"><mark style=\"background-color:rgba(0, 0, 0, 0)\" class=\"has-inline-color has-vivid-red-color\">canal de aluminio difusor LED negro para luces de cinta de 12 mm<\/mark><\/a> o el <a href=\"https:\/\/tangooled.com\/es\/product\/surface-mount-led-profile-with-frosted-diffuser-for-10mm-rope-lights\/\"><mark style=\"background-color:rgba(0, 0, 0, 0)\" class=\"has-inline-color has-vivid-red-color\">perfil LED de montaje superficial con difusor esmerilado para luces de cuerda de 10 mm<\/mark><\/a>. Estos pueden ser excelentes para tiras LED m\u00e1s peque\u00f1as o especiales.<\/p>\n<\/div>\n\n\n\n<div class=\"wp-block-group has-background\" style=\"background-color:#f1f1f1;padding-top:var(--wp--preset--spacing--80);padding-bottom:var(--wp--preset--spacing--80)\"><div class=\"wp-block-group__inner-container is-layout-constrained wp-block-group-is-layout-constrained\">\n<h2 class=\"wp-block-heading\" style=\"padding-top:var(--wp--preset--spacing--40);padding-bottom:var(--wp--preset--spacing--40);font-size:25px;font-style:normal;font-weight:600;text-transform:capitalize\">Resumen<\/h2>\n\n\n\n<p style=\"padding-right:var(--wp--preset--spacing--50);padding-left:var(--wp--preset--spacing--50)\">El canal de montaje en superficie de 35x13mm es una excelente manera de hacer que tus tiras LED se vean&nbsp;limpias y profesionales. Este canal no solo es duradero y elegante, sino que tambi\u00e9n se puede utilizar para una amplia gama de prop\u00f3sitos, incluyendo iluminaci\u00f3n ambiental, de tareas y lineal arquitect\u00f3nica. \u00bfEst\u00e1s listo para actualizar tu espacio? \u00a1Consulta nuestra gama completa de canales de extrusi\u00f3n LED para encontrar el que mejor se adapte a tu proyecto!<\/p>\n<\/div><\/div>\n\n\n\n<p><\/p>","protected":false},"featured_media":33381,"template":"","meta":{"_acf_changed":false,"_seopress_robots_primary_cat":"none","_seopress_titles_title":"Wide Slim Surface Mount LED Channel 35x13mm | TANGOOLED","_seopress_titles_desc":"Source this wide slim surface mount LED channel with a 35x13mm low-profile design. Ideal for sleek linear lighting where space is limited but a wide light-emitting surface is required.","_seopress_robots_index":""},"pcb-width":[230],"product-cat":[192],"class_list":{"0":"post-43526","1":"product","2":"type-product","3":"status-publish","4":"has-post-thumbnail","6":"pcb-width-20-25mm","7":"product-cat-surface-led-profile"},"acf":[],"_links":{"self":[{"href":"https:\/\/tangooled.com\/es\/wp-json\/wp\/v2\/product\/43526","targetHints":{"allow":["GET"]}}],"collection":[{"href":"https:\/\/tangooled.com\/es\/wp-json\/wp\/v2\/product"}],"about":[{"href":"https:\/\/tangooled.com\/es\/wp-json\/wp\/v2\/types\/product"}],"wp:featuredmedia":[{"embeddable":true,"href":"https:\/\/tangooled.com\/es\/wp-json\/wp\/v2\/media\/33381"}],"wp:attachment":[{"href":"https:\/\/tangooled.com\/es\/wp-json\/wp\/v2\/media?parent=43526"}],"wp:term":[{"taxonomy":"pcb-width","embeddable":true,"href":"https:\/\/tangooled.com\/es\/wp-json\/wp\/v2\/pcb-width?post=43526"},{"taxonomy":"product-cat","embeddable":true,"href":"https:\/\/tangooled.com\/es\/wp-json\/wp\/v2\/product-cat?post=43526"}],"curies":[{"name":"wp","href":"https:\/\/api.w.org\/{rel}","templated":true}]}}